{"id":2267,"date":"2022-08-18T16:13:45","date_gmt":"2022-08-18T13:13:45","guid":{"rendered":"https:\/\/rocketplay-game.com\/indian-dreaming\/"},"modified":"2022-10-31T17:39:11","modified_gmt":"2022-10-31T14:39:11","slug":"indian-dreaming","status":"publish","type":"page","link":"https:\/\/rocketplay-game.com\/da\/slots\/indian-dreaming\/","title":{"rendered":"Anmeldelse af Indian Dreaming slot"},"content":{"rendered":"<p>Indian Dreaming pokiemaskine er inspireret af indianernes kultur og traditioner. Det er en video slot lanceret af Aristocrat Studio, en spil og softwareudvikler fra Danmark.<\/p>\n<p>Spillet har 9 linjer, der vil hj\u00e6lpe dig med at vinde. Selve spillemaskinen blev udgivet tilbage i 1999, og den nyder stadig stor popularitet og k\u00e6rlighed blandt spillerne. Alt sammen takket v\u00e6re hyppige og h\u00f8je udbetalinger og gratis spins-funktionen, som kan give op til 45 bonusser.<\/p>\n<p>Du kan slutte dig til stammen og blive side om side med h\u00f8vdingen i dette eventyr. Sigt efter at vinde dobbelte udbetalinger, n\u00e5r et bestemt symbol er indlejret i din kombination p\u00e5 hjulene.<\/p>\n<p>Grafikken virker m\u00e5ske lidt for\u00e6ldet for dig, men for retro fans er dette slot pr\u00e6cis hvad du har brug for. Derudover kan spilleautomaten tilbyde dig en fast jackpot p\u00e5 9.000 m\u00f8nter. Derfor anbefaler vi Indian Dreaming download.<\/p>\n<p style=\"text-align: center;\"><img loading=\"lazy\" decoding=\"async\" class=\"aligncenter wp-image-335 size-full\" src=\"https:\/\/rocketplay-game.com\/wp-content\/uploads\/2022\/08\/indian-dreaming-logo.png\" alt=\"indian dreaming logo\" width=\"730\" height=\"564\" srcset=\"https:\/\/rocketplay-game.com\/wp-content\/uploads\/2022\/08\/indian-dreaming-logo.png 730w, https:\/\/rocketplay-game.com\/wp-content\/uploads\/2022\/08\/indian-dreaming-logo-300x232.png 300w\" sizes=\"auto, (max-width: 730px) 100vw, 730px\" \/><\/p>\n<h2>Indiske dr\u00f8mmesymboler og v\u00e6rdier<\/h2>\n<p>N\u00e5r du spiller gratis pokies Indian Dreaming, vil du st\u00f8de p\u00e5 to kategorier af symboler. Den f\u00f8rste kategori omfatter symboler som en \u00f8kse, en totemp\u00e6l, en b\u00f8ffel og en h\u00f8vding. Lederen er det mest v\u00e6rdifulde symbol i denne kategori. Jackpotudbetalingen p\u00e5 9.000 m\u00f8nter venter p\u00e5 dig, hvis du samler 5 ledere p\u00e5 hjulet p\u00e5 en gang.<\/p>\n<p>Den n\u00e6ste kategori er low-level karakterer. De er repr\u00e6senteret af pokerv\u00e6rdierne A, Q, K og tallene 10 og 9. Det dyreste symbol i denne kategori, esset, giver op til 200 m\u00f8nter, hvis det er muligt at samle en femmer. Det afh\u00e6nger naturligvis af, om betalingslinjen var aktiv p\u00e5 det p\u00e5g\u00e6ldende tidspunkt.<\/p>\n<p>Hvis vi taler om scatter-symbolet, er dets billede en dr\u00f8mmefanger.<\/p>\n<p>Tabet af tre scatter-symboler giver spilleren 10 gratis spins. Fire symboler vil allerede give dig 15 gratis spins, og hvis du er heldig og fem symboler falder ud, venter der 20 spins p\u00e5 dig.<\/p>\n<p>Derudover vil du modtage endnu en 3x multiplikator for enhver m\u00e5de at vinde p\u00e5, som du laver i en r\u00e6kke bonusspins, hvis du finder tre scattersymboler. Denne funktion kan \u00f8ges til en 15x multiplikator, hvis du f\u00e5r fem scatters.<\/p>\n<h2>Indian Dreaming Slot RTP\/Volatilitet<\/h2>\n<p>Spillemaskinen har en ret god udbetalingsprocent. Du kan finde indsatsmuligheder med en lavere procentdel og ogs\u00e5 en h\u00f8jere. Indian Dreaming slot til Android vil gl\u00e6de dig med en RTP p\u00e5 94%, hvilket vil give dig en god chance for at vinde dine indsatser. Desuden er der mange symboler og gratis spins, som desuden vil hj\u00e6lpe dig t\u00e6ttere p\u00e5 den l\u00e6nge ventede gevinst.<\/p>\n<p>Med alt dette er det v\u00e6rd at bem\u00e6rke, at volatiliteten i dette slot betragtes som gennemsnitlig, s\u00e5 enhver spiller kan pr\u00f8ve lykken. Sammen med s\u00e5danne volatilitets- og RTP-indikatorer har du alle chancer og endnu flere for at f\u00e5 en god og behagelig udbetaling, hvilket helt sikkert vil give dig ikke kun positive f\u00f8lelser, men ogs\u00e5 blokere dine indsatser.<\/p>\n<p style=\"text-align: center;\"><img loading=\"lazy\" decoding=\"async\" class=\"aligncenter wp-image-338 size-large\" src=\"https:\/\/rocketplay-game.com\/wp-content\/uploads\/2022\/08\/indian-dreaming-1024x576.png\" alt=\"indian dreaming\" width=\"1024\" height=\"576\" srcset=\"https:\/\/rocketplay-game.com\/wp-content\/uploads\/2022\/08\/indian-dreaming-1024x576.png 1024w, https:\/\/rocketplay-game.com\/wp-content\/uploads\/2022\/08\/indian-dreaming-300x169.png 300w, https:\/\/rocketplay-game.com\/wp-content\/uploads\/2022\/08\/indian-dreaming-768x432.png 768w, https:\/\/rocketplay-game.com\/wp-content\/uploads\/2022\/08\/indian-dreaming-1536x864.png 1536w, https:\/\/rocketplay-game.com\/wp-content\/uploads\/2022\/08\/indian-dreaming.png 1920w\" sizes=\"auto, (max-width: 1024px) 100vw, 1024px\" \/><\/p>\n<h2>Spil Indian Dreaming p\u00e5 mobil<\/h2>\n<p>Med den stigende popularitet af mobilspil i online casinoer frigiver virksomhederne i stigende grad deres spil ikke kun til station\u00e6re computere, men ogs\u00e5 til kunder, der bruger en telefon eller tablet. Hvis spillet umiddelbart kun blev udgivet p\u00e5 en computer, arbejder studierne i dette tilf\u00e6lde p\u00e5 at tilpasse spillet, fordi en stor procentdel af alle spillere er mobilspillere.<\/p>\n<p>Aristocrat studiet gjorde det samme, s\u00e5 du kan nemt spille Indian Dreaming online dette slot fra den mobile rigtige penge version af hjemmesiden. Det vil bekvemt tilpasse sig til din telefonsk\u00e6rm af enhver st\u00f8rrelse. Takket v\u00e6re dette vil du v\u00e6re i stand til at tilbringe tid i dit yndlings slot n\u00e5r som helst, n\u00e5r det passer dig.<\/p>\n<h2>Ofte stillede sp\u00f8rgsm\u00e5l om Indian Dreaming<\/h2>\n<h3>Er det muligt at spille slotspillet gratis?<\/h3>\n<p>Aristocrat firmaet tilf\u00f8jer demo-tilstand i mange af deres slots, fordi mange spillere takket v\u00e6re det kan stifte bekendtskab med alle funktioner og gameplay, mens de ikke risikerer deres egne penge og oplever ikke mindre behagelige f\u00f8lelser. Efter demo-tilstanden kan du altid skifte til den fuldgyldige tilstand med rigtige indsatser og gevinster.<\/p>\n<h3>Er denne spilleautomat progressiv?<\/h3>\n<p>Indian Dreaming slot med rigtige penge har sin egen jackpot, som er beregnet til 9.000 m\u00f8nter og aktiveres takket v\u00e6re 5 symboler af lederen p\u00e5 hjulene. Det er dog v\u00e6rd at bem\u00e6rke, at dette ikke er en progressiv jackpot. Derfor kan spilleautomaten ikke betragtes som progressiv. Jackpotten er fast her, og du har en masse chancer for at f\u00e5 den.<\/p>\n<h3>Hvad er variationen af indsatser i spillemaskinen?<\/h3>\n<p>Spilleautomaten har en r\u00e6kke af det bel\u00f8b, som du kan satse, fra 0,09 m\u00f8nter og slutter med en maksimal indsats p\u00e5 90 m\u00f8nter. Og der er ogs\u00e5 multipliers i spillet. Derfor kan du p\u00e5 trods af de sm\u00e5 indsatser f\u00e5 gode udbetalinger, n\u00e5r hjulene afslutter deres rotation.<\/p>\n<p><strong>Anmeldelser om slots:<\/strong><\/p>\n<ul>\n<li><a href=\"https:\/\/rocketplay-game.com\/da\/slots\/book-of-ra-deluxe\/\">Book Of Ra Deluxe<\/a><\/li>\n<li><a href=\"https:\/\/rocketplay-game.com\/da\/slots\/king-of-the-nile\/\">King Of The Nile<\/a><\/li>\n<li><a href=\"https:\/\/rocketplay-game.com\/da\/slots\/hit-gold-hold-and-win\/\">Hit Gold! Hold and Win<\/a><\/li>\n<\/ul>\n","protected":false},"excerpt":{"rendered":"<p>Indian Dreaming pokiemaskine er inspireret af indianernes kultur og traditioner. Det er en video slot lanceret af Aristocrat Studio, en spil og softwareudvikler fra Danmark. Spillet har 9 linjer, der vil hj\u00e6lpe dig med at vinde. Selve spillemaskinen blev udgivet tilbage i 1999, og den nyder stadig stor popularitet og k\u00e6rlighed blandt spillerne. Alt sammen&#8230;<\/p>\n","protected":false},"author":1,"featured_media":0,"parent":2298,"menu_order":0,"comment_status":"closed","ping_status":"closed","template":"page-with-slot.php","meta":{"_acf_changed":false,"_kad_post_transparent":"default","_kad_post_title":"default","_kad_post_layout":"default","_kad_post_sidebar_id":"","_kad_post_content_style":"default","_kad_post_vertical_padding":"default","_kad_post_feature":"","_kad_post_feature_position":"","_kad_post_header":false,"_kad_post_footer":false,"footnotes":""},"class_list":["post-2267","page","type-page","status-publish","hentry"],"acf":[],"rttpg_featured_image_url":null,"rttpg_author":{"display_name":"Tom","author_link":"https:\/\/rocketplay-game.com\/da\/author\/pemvas95n89x\/"},"rttpg_comment":0,"rttpg_category":null,"rttpg_excerpt":"Indian Dreaming pokiemaskine er inspireret af indianernes kultur og traditioner. Det er en video slot lanceret af Aristocrat Studio, en spil og softwareudvikler fra Danmark. Spillet har 9 linjer, der vil hj\u00e6lpe dig med at vinde. Selve spillemaskinen blev udgivet tilbage i 1999, og den nyder stadig stor popularitet og k\u00e6rlighed blandt spillerne. Alt sammen...","_links":{"self":[{"href":"https:\/\/rocketplay-game.com\/da\/wp-json\/wp\/v2\/pages\/2267","targetHints":{"allow":["GET"]}}],"collection":[{"href":"https:\/\/rocketplay-game.com\/da\/wp-json\/wp\/v2\/pages"}],"about":[{"href":"https:\/\/rocketplay-game.com\/da\/wp-json\/wp\/v2\/types\/page"}],"author":[{"embeddable":true,"href":"https:\/\/rocketplay-game.com\/da\/wp-json\/wp\/v2\/users\/1"}],"replies":[{"embeddable":true,"href":"https:\/\/rocketplay-game.com\/da\/wp-json\/wp\/v2\/comments?post=2267"}],"version-history":[{"count":2,"href":"https:\/\/rocketplay-game.com\/da\/wp-json\/wp\/v2\/pages\/2267\/revisions"}],"predecessor-version":[{"id":2271,"href":"https:\/\/rocketplay-game.com\/da\/wp-json\/wp\/v2\/pages\/2267\/revisions\/2271"}],"up":[{"embeddable":true,"href":"https:\/\/rocketplay-game.com\/da\/wp-json\/wp\/v2\/pages\/2298"}],"wp:attachment":[{"href":"https:\/\/rocketplay-game.com\/da\/wp-json\/wp\/v2\/media?parent=2267"}],"curies":[{"name":"wp","href":"https:\/\/api.w.org\/{rel}","templated":true}]}}