{"id":2277,"date":"2022-08-18T17:57:39","date_gmt":"2022-08-18T14:57:39","guid":{"rendered":"https:\/\/rocketplay-game.com\/book-of-ra-deluxe\/"},"modified":"2023-01-17T22:25:26","modified_gmt":"2023-01-17T19:25:26","slug":"book-of-ra-deluxe","status":"publish","type":"page","link":"https:\/\/rocketplay-game.com\/da\/slots\/book-of-ra-deluxe\/","title":{"rendered":"Anmeldelse af Book of Ra Deluxe slot"},"content":{"rendered":"<p>Book of Ra Deluxe slot er blevet et klassisk eksempel p\u00e5, hvor meget et spil kan blive elsket af brugerne. Temaet og plottet tager brugerne til det gamle Egypten. Farver, musikalsk akkompagnement og design er lavet under hensyntagen til alle de sm\u00e5 ting, der fuldt ud formidler stilen og stemningen i den \u00e6ra og det sted, hvor handlingen foreg\u00e5r. Vi bringer til din opm\u00e6rksomhed en kort Book of Ra Deluxe anmeldelse, som vil hj\u00e6lpe dig med at forst\u00e5 essensen af processen.<\/p>\n<p style=\"text-align: center;\"><img loading=\"lazy\" decoding=\"async\" class=\"aligncenter wp-image-368 size-full\" src=\"https:\/\/rocketplay-game.com\/wp-content\/uploads\/2022\/08\/book-of-ra-deluxe-logo.jpeg\" alt=\"Book of Ra Deluxe logo\" width=\"770\" height=\"462\" srcset=\"https:\/\/rocketplay-game.com\/wp-content\/uploads\/2022\/08\/book-of-ra-deluxe-logo.jpeg 770w, https:\/\/rocketplay-game.com\/wp-content\/uploads\/2022\/08\/book-of-ra-deluxe-logo-300x180.jpeg 300w, https:\/\/rocketplay-game.com\/wp-content\/uploads\/2022\/08\/book-of-ra-deluxe-logo-768x461.jpeg 768w\" sizes=\"auto, (max-width: 770px) 100vw, 770px\" \/><\/p>\n<h2>Book of Ra Deluxe slot RTP, detaljer og indsatsgr\u00e6nser<\/h2>\n<p>Den maksimale indsats pr. vindende kombination er 18 DKK. Der er ogs\u00e5 et &#8220;chance spil&#8221; tilg\u00e6ngeligt i spilleautomaten, som giver dig mulighed for at tage en fuld risiko. Alle indsatsbel\u00f8b er tilg\u00e6ngelige for dette &#8211; fra minimum til maksimum.<\/p>\n<p>En anden fordel ved automaten er, at der er gratis spins til r\u00e5dighed. F\u00f8r det vil en karakter blive tilf\u00e6ldigt valgt. Uanset i hvilken position den falder ud, vil gevinsterne blive krediteret.<\/p>\n<table border=\"0\" cellspacing=\"0\" cellpadding=\"0\">\n<colgroup>\n<col \/>\n<col \/> <\/colgroup>\n<tbody>\n<tr>\n<td>Egenskaber<\/td>\n<td>Detaljer<\/td>\n<\/tr>\n<tr>\n<td>Antal hjul<\/td>\n<td>5<\/td>\n<\/tr>\n<tr>\n<td>Antal r\u00e6kker<\/td>\n<td>3<\/td>\n<\/tr>\n<tr>\n<td>Udbetalingslinjer<\/td>\n<td>9<\/td>\n<\/tr>\n<tr>\n<td>Mindste indsats<\/td>\n<td>0,20 m\u00f8nter<\/td>\n<\/tr>\n<tr>\n<td>Maksimal indsats<\/td>\n<td>18 pengesedler<\/td>\n<\/tr>\n<tr>\n<td>Maksimale bel\u00f8nninger<\/td>\n<td>faktor 10014,1<\/td>\n<\/tr>\n<tr>\n<td>Mobile version<\/td>\n<td>+<\/td>\n<\/tr>\n<tr>\n<td>Volatilitet<\/td>\n<td>h\u00f8j<\/td>\n<\/tr>\n<tr>\n<td>Udvikler<\/td>\n<td>Novomatic<\/td>\n<\/tr>\n<tr>\n<td>RTP<\/td>\n<td>92,13%<\/td>\n<\/tr>\n<\/tbody>\n<\/table>\n<p>Online casinoet pr\u00e6senterer to metoder til lancering &#8211; Book of Ra Deluxe demo og for rigtige penge.<\/p>\n<p>Demoversionen er en god mulighed for at l\u00e6re spillets proces at kende, dykke ned i dets essens, l\u00e6re reglerne og finesser og udvikle din egen strategi. Der bliver ikke brugt en eneste krone, selv hvis du taber. Book of Ra Deluxe online gratis spil er velegnet til begyndere og til dem, der lige er begyndt at komme ind i spilprocessen. Ideel til introduktion, men ikke nok til udvikling og langsigtet perspektiv.<\/p>\n<h2>Tema &#8211; afd\u00e6k faraonernes sande skatte<\/h2>\n<p>Book of Ra kan spilles online fra enhver tilg\u00e6ngelig gadget med internetadgang. Book of Ra Deluxe Android, Windows eller iOS er lige s\u00e5 velegnet til et fejlfrit spil. P\u00e5 maskinens arbejdssk\u00e6rm ser spilleren et felt med 5 hjul i 3 r\u00e6kker. Det er muligt at lancere 9 vindende linjer. Kombinationen best\u00e5r af forskellige tegn. Dybest set pr\u00e6senterer spillet typiske egyptiske billeder. Men et s\u00e6rligt tegn er opdagelsesrejsende i en hat. En linje med 2-5 s\u00e5danne billeder vil give en h\u00f8j omkostning. Hver bruger kan beregne oddsene for, hvor meget du kan tjene med Book of Ra online ved at kigge p\u00e5 resultattavlen:<\/p>\n<ul>\n<li>Hvis 5 Explorers vises p\u00e5 den samme linje p\u00e5 samme tid, vil udbetalingsbel\u00f8bet blive ganget med 5000 gange den oprindelige indsats;<\/li>\n<li>For 5 faraoer vil spilleren \u00f8ge indsatsbel\u00f8bet med 2000 gange;<\/li>\n<li>5 Horus vil give en gevinst p\u00e5 750 gange mere end det, der er sat p\u00e5 spil;<\/li>\n<li>Hvis du samler 5 kortfarver, vil indsatsen blive ganget med 100-150 gange;<\/li>\n<li>Tilstedev\u00e6relsen af en scatter (wild symbol) p\u00e5 linjen i m\u00e6ngden af 5 stykker vil \u00f8ge det udbetalte depositum med 1800 gange!<\/li>\n<\/ul>\n<p>Wild-symbolet kan lande p\u00e5 alle linjerne. I dette tilf\u00e6lde tager det rollen som joker og kan erstatte ethvert andet tegn. S\u00e5 det er meget nemmere at samle en vindende kombination, og du kan tage flere odds for det. Bogikonet i Book of Rams spiller rollen som wild og scatter p\u00e5 samme tid. Spilleren vil vinde, s\u00e5 l\u00e6nge mindst 3 symboler vises p\u00e5 hjulet i en hvilken som helst position i et spin.<\/p>\n<p>Funktionen med at kombinere scatter og wilds i \u00e9t tegn g\u00f8r det muligt at undg\u00e5 at blokere den vindende kombination. Derudover kan du takket v\u00e6re slotspillets &#8220;dobbelt chance&#8221;-funktion fordoble jackpottens bel\u00f8b. Men samtidig er der en stor chance for at tabe.<\/p>\n<p style=\"text-align: center;\"><img loading=\"lazy\" decoding=\"async\" class=\"aligncenter wp-image-369 size-full\" src=\"https:\/\/rocketplay-game.com\/wp-content\/uploads\/2022\/08\/book-of-ra-deluxe-slot.jpeg\" alt=\"Book of Ra Deluxe slot\" width=\"770\" height=\"462\" srcset=\"https:\/\/rocketplay-game.com\/wp-content\/uploads\/2022\/08\/book-of-ra-deluxe-slot.jpeg 770w, https:\/\/rocketplay-game.com\/wp-content\/uploads\/2022\/08\/book-of-ra-deluxe-slot-300x180.jpeg 300w, https:\/\/rocketplay-game.com\/wp-content\/uploads\/2022\/08\/book-of-ra-deluxe-slot-768x461.jpeg 768w\" sizes=\"auto, (max-width: 770px) 100vw, 770px\" \/><\/p>\n<h2>Book of Ra Deluxe-bonusfunktioner<\/h2>\n<p>Maskinen har indbringende bonusser og kampagner, der vil hj\u00e6lpe med at bringe gevinsterne t\u00e6ttere p\u00e5. For det f\u00f8rste er det Book of Ra Deluxe gratis spins uden indskud. F\u00f8r man starter gratis spins, bliver spillerne bedt om at v\u00e6lge et bonussymbol, som bestemmes automatisk. Det forts\u00e6tter ogs\u00e5 med at fungere som et standard basissymbol, n\u00e5r en linje er aktiveret.<\/p>\n<p>For det andet kan brugerne, efter at have modtaget en vindende kombination, drage fordel af risikable runder, som vil fordoble deres gevinster i tilf\u00e6lde af et vellykket resultat. For at g\u00f8re dette skal spillerne v\u00e6lge den rigtige farve for kortfarven.<\/p>\n<h2>Ofte stillede sp\u00f8rgsm\u00e5l om Book of Ra Deluxe<\/h2>\n<h3>Er der bonusspil?<\/h3>\n<p>Det giver mulighed for levering af et bonusspil. Dette sker, hvis spilleren har mindst 3 scatters i et spin.<\/p>\n<h3>Er der en mobilversion?<\/h3>\n<p>Ja, mobilversionen er tilg\u00e6ngelig for alle spillere. For at kunne bruge den skal du have en smartphone med internetadgang. Fra en mobiltelefon kan du bes\u00f8ge spilleautomaten via en browser eller en applikation.<\/p>\n<h3>Hvordan opn\u00e5r man en sejr i spillet?<\/h3>\n<p>Som med alle andre lignende hasardspil skal du v\u00e6re heldig for at vinde. Men udover dette bliver opm\u00e6rksomhed og forsigtighed vigtige faktorer. L\u00e6r reglerne godt, pr\u00f8v den gratis version, og v\u00e6r aktiv.<\/p>\n<p><strong>Anmeldelser om slots:<\/strong><\/p>\n<ul>\n<li><a href=\"https:\/\/rocketplay-game.com\/da\/slots\/king-of-the-nile\/\">King Of The Nile<\/a><\/li>\n<li><a href=\"https:\/\/rocketplay-game.com\/da\/slots\/wolf-treasure\/\">Wolf Treasure<\/a><\/li>\n<\/ul>\n","protected":false},"excerpt":{"rendered":"<p>Book of Ra Deluxe slot er blevet et klassisk eksempel p\u00e5, hvor meget et spil kan blive elsket af brugerne. Temaet og plottet tager brugerne til det gamle Egypten. Farver, musikalsk akkompagnement og design er lavet under hensyntagen til alle de sm\u00e5 ting, der fuldt ud formidler stilen og stemningen i den \u00e6ra og det&#8230;<\/p>\n","protected":false},"author":1,"featured_media":0,"parent":2298,"menu_order":0,"comment_status":"closed","ping_status":"closed","template":"page-with-slot.php","meta":{"_acf_changed":false,"_kad_post_transparent":"default","_kad_post_title":"default","_kad_post_layout":"default","_kad_post_sidebar_id":"","_kad_post_content_style":"default","_kad_post_vertical_padding":"default","_kad_post_feature":"","_kad_post_feature_position":"","_kad_post_header":false,"_kad_post_footer":false,"footnotes":""},"class_list":["post-2277","page","type-page","status-publish","hentry"],"acf":[],"rttpg_featured_image_url":null,"rttpg_author":{"display_name":"Tom","author_link":"https:\/\/rocketplay-game.com\/da\/author\/pemvas95n89x\/"},"rttpg_comment":0,"rttpg_category":null,"rttpg_excerpt":"Book of Ra Deluxe slot er blevet et klassisk eksempel p\u00e5, hvor meget et spil kan blive elsket af brugerne. Temaet og plottet tager brugerne til det gamle Egypten. Farver, musikalsk akkompagnement og design er lavet under hensyntagen til alle de sm\u00e5 ting, der fuldt ud formidler stilen og stemningen i den \u00e6ra og det...","_links":{"self":[{"href":"https:\/\/rocketplay-game.com\/da\/wp-json\/wp\/v2\/pages\/2277","targetHints":{"allow":["GET"]}}],"collection":[{"href":"https:\/\/rocketplay-game.com\/da\/wp-json\/wp\/v2\/pages"}],"about":[{"href":"https:\/\/rocketplay-game.com\/da\/wp-json\/wp\/v2\/types\/page"}],"author":[{"embeddable":true,"href":"https:\/\/rocketplay-game.com\/da\/wp-json\/wp\/v2\/users\/1"}],"replies":[{"embeddable":true,"href":"https:\/\/rocketplay-game.com\/da\/wp-json\/wp\/v2\/comments?post=2277"}],"version-history":[{"count":2,"href":"https:\/\/rocketplay-game.com\/da\/wp-json\/wp\/v2\/pages\/2277\/revisions"}],"predecessor-version":[{"id":2279,"href":"https:\/\/rocketplay-game.com\/da\/wp-json\/wp\/v2\/pages\/2277\/revisions\/2279"}],"up":[{"embeddable":true,"href":"https:\/\/rocketplay-game.com\/da\/wp-json\/wp\/v2\/pages\/2298"}],"wp:attachment":[{"href":"https:\/\/rocketplay-game.com\/da\/wp-json\/wp\/v2\/media?parent=2277"}],"curies":[{"name":"wp","href":"https:\/\/api.w.org\/{rel}","templated":true}]}}