{"id":2283,"date":"2022-10-03T13:58:41","date_gmt":"2022-10-03T10:58:41","guid":{"rendered":"https:\/\/rocketplay-game.com\/queen-and-dragons\/"},"modified":"2022-10-31T17:37:07","modified_gmt":"2022-10-31T14:37:07","slug":"queen-and-dragons","status":"publish","type":"page","link":"https:\/\/rocketplay-game.com\/da\/slots\/queen-and-dragons\/","title":{"rendered":"Anmeldelse af Queen and the Dragons online slot"},"content":{"rendered":"<p><img loading=\"lazy\" decoding=\"async\" class=\"size-medium wp-image-511 alignleft\" src=\"https:\/\/rocketplay-game.com\/wp-content\/uploads\/2022\/10\/queenandthedragons-223x300.jpeg\" alt=\"Queen And The Dragons\" width=\"223\" height=\"300\" srcset=\"https:\/\/rocketplay-game.com\/wp-content\/uploads\/2022\/10\/queenandthedragons-223x300.jpeg 223w, https:\/\/rocketplay-game.com\/wp-content\/uploads\/2022\/10\/queenandthedragons.jpeg 432w\" sizes=\"auto, (max-width: 223px) 100vw, 223px\" \/><\/p>\n<p>Mekanisk gangster Rocket Play Queen and the Dragons slot fra udvikleren IGT giver dig mulighed for at spille et tr\u00e6ningsspil uden indsatser.<\/p>\n<p>Rocket Play Queen and the Dragons slot online simulator har f\u00f8lgende parametre: 96,47 procent afkast, fem cirkulerende skiver, 25 udbetalingsretninger, prisvolatilitet af spillet er ukendt. Der er ingen ekstra runder i slotspillet, og der er ingen multipliers og bel\u00f8nninger. Wild- og Scatter-billeder bruges i gameplayet. Enarmede bandit Queen and the Dragons har auto og instant spins mekanismer. Antallet af indskud varierer fra $0,25 til $125.<\/p>\n<p>Spiltjenesteudbyderen IG Tech lokker deltagerne til at tr\u00e6de ind i en magisk fantasiverden med Queen and the Dragons-simulationen, der ledsages af dejlige videoer. Denne ejendommelige spillemaskine vil gl\u00e6de dig med tilstedev\u00e6relsen af fantastiske drager, en periode med fortrinsvis oms\u00e6tning og en betydelig indkomst.<\/p>\n<h2>Slotsfunktioner og symboler<\/h2>\n<p>Rocket Play Queen and the Dragons slotspil har en triviel konfiguration &#8211; et 5&#215;3 spillefelt og 25 garanterede udbetalingsretninger. Den mekaniske bandit underst\u00f8tter indgange fra 0,25 til 125 m\u00f8nter eller i en tilsvarende valuta, der er praktisk for spilleren. N\u00e5r man skaber et skema med fem Wild-billeder, er det muligt at f\u00e5 den maksimale fortjeneste for dette slot &#8211; x16 fra inputbel\u00f8bet. 96,47% er afkastprocenten.<\/p>\n<p>Spilleautomaten har en tr\u00e6ningsperiode, ingen live betting og sin egen <a href=\"https:\/\/rocketplay-game.com\/da\/mobile-version\/\">mobilapplikation<\/a>. Hovedpersonerne i denne fantasy-spilverden er en kejserinde med r\u00f8dt h\u00e5r og dragepupiller. For at aktivere spilhandlingen skal du beslutte dig for indbetalingsbel\u00f8bet og klikke p\u00e5 &#8220;Start&#8221;.<\/p>\n<p>Hvis du holder fingeren p\u00e5 denne tast i et par sekunder, starter den automatiske spilmekanisme. Betalinger modtages allerede fra de f\u00f8rste omdrejninger, hvis du skal have et skema med 2 dyre (dronning og drager) eller 3 budgettegn (kortfarver) side om side p\u00e5 en dynamisk linje.<\/p>\n<p>Efter at have gennemf\u00f8rt Rocket Play Queen and the Dragons slot gennemgang, ser vi, at designet af platformen for spillet er uh\u00f8jtidelig; der er kun hjul p\u00e5 den. Men billederne og de ledsagende elementer er pr\u00e6senteret kunstnerisk, hvilket giver et varigt indtryk.<\/p>\n<p>Det musikalske arrangement underst\u00f8tter den magiske retning af spillet. N\u00e5r man skaber et vinderskema, reinkarneres alle dets dele i en tegneseriekopi, hvilket g\u00f8r det muligt at l\u00e6re karaktererne bedre at kende. Vi l\u00e6rte, at en bl\u00e5 drage bor i vandet, og en gr\u00f8n drage bor i bjergene.<\/p>\n<h2>Queen and the Dragons bonusrunder<\/h2>\n<p>I Queen and the Dragons, s\u00e5vel som i andre slots, er der Wild- og Scatter-symboler. Wild-tegnet har en tendens til at erstatte alle andre figurer i profitable ordninger. Og hvis 3 scatter symboler rammer, starter fem Rocket Play Queen and the Dragons <a href=\"https:\/\/rocketplay-game.com\/da\/free-spins\/\">gratis spins<\/a>, som er den eneste bel\u00f8nning for denne enarmede bandit.<\/p>\n<p>Men dette kan kompenseres ved, at f\u00f8r de gratis cykler kan deltageren selv s\u00f8ge efter en kampagne &#8211; indkomstmultiplikatorer fra x1 til x5. Jo h\u00f8jere forholdet er, jo mindre sandsynligt er det, at det sker. Hver freelance scatter p\u00e5 banen introducerer tre yderligere begr\u00e6nsede spins i spillet; deres antal er ikke begr\u00e6nset.<\/p>\n<p>Queen and the Dragons er en stereotypisk mekanisk gangster med fem spinningcirkler, en magisk historie og uh\u00f8jtidelige omgivelser. Der er ikke nok incitamentsmuligheder i det, men multipliers vil hj\u00e6lpe med pr\u00e6ferentiel oms\u00e6tning. Moderne spilleautomater er lavet med cool ekstraudstyr, der er kedeligt, og Queen and Dragons er et underholdningsspil uden dikkedarer, der giver dig mulighed for at slappe af.<\/p>\n<p style=\"text-align: center;\"><img loading=\"lazy\" decoding=\"async\" class=\"aligncenter wp-image-512 size-full\" src=\"https:\/\/rocketplay-game.com\/wp-content\/uploads\/2022\/10\/queen_and_dragons.jpeg\" alt=\"queen and dragons\" width=\"680\" height=\"511\" srcset=\"https:\/\/rocketplay-game.com\/wp-content\/uploads\/2022\/10\/queen_and_dragons.jpeg 680w, https:\/\/rocketplay-game.com\/wp-content\/uploads\/2022\/10\/queen_and_dragons-300x225.jpeg 300w, https:\/\/rocketplay-game.com\/wp-content\/uploads\/2022\/10\/queen_and_dragons-600x450.jpeg 600w\" sizes=\"auto, (max-width: 680px) 100vw, 680px\" \/><\/p>\n<h2>OFTE STILLEDE SP\u00d8RGSM\u00c5L<\/h2>\n<h3>Er det gratis at spille?<\/h3>\n<p>Selvf\u00f8lgelig har denne simulator en tr\u00e6ningstur, som du kan spille uden nogen forpligtelse. Til din information giver IGT&#8217;s webstudie adgang til tr\u00e6ningsspil p\u00e5 alle websteder.<\/p>\n<h3>Kan man spille p\u00e5 mobilen?<\/h3>\n<p>Ved at downloade mobilapplikationen &#8220;Queen and Dragons&#8221; bliver spillet tilg\u00e6ngeligt p\u00e5 alle gadgets.<\/p>\n<h3>Hvad er RTP?<\/h3>\n<p>Procentdelen af kompensationen fra spillet kaldes RTP. Spilleplatformen Queen and the Dragons har et afkast p\u00e5 96,47%; i den n\u00e6rmeste fremtid vil denne enarmede gangster overtage 3,53 procent af alle spillerens kontante indskud.<\/p>\n<h3>Hvad er volatilitet?<\/h3>\n<p>Slot volatiliteten er en parameter, der viser, hvor ofte og hvor meget du kan vinde p\u00e5 en bestemt simulator. Mekaniske gangstere med et lavt niveau af volatilitet giver spillerne mulighed for at f\u00e5 beskedne, men konstante udbytter.<\/p>\n","protected":false},"excerpt":{"rendered":"<p>Mekanisk gangster Rocket Play Queen and the Dragons slot fra udvikleren IGT giver dig mulighed for at spille et tr\u00e6ningsspil uden indsatser. Rocket Play Queen and the Dragons slot online simulator har f\u00f8lgende parametre: 96,47 procent afkast, fem cirkulerende skiver, 25 udbetalingsretninger, prisvolatilitet af spillet er ukendt. Der er ingen ekstra runder i slotspillet, og&#8230;<\/p>\n","protected":false},"author":1,"featured_media":0,"parent":2298,"menu_order":0,"comment_status":"closed","ping_status":"closed","template":"page-with-slot.php","meta":{"_acf_changed":false,"_kad_post_transparent":"default","_kad_post_title":"default","_kad_post_layout":"default","_kad_post_sidebar_id":"","_kad_post_content_style":"default","_kad_post_vertical_padding":"default","_kad_post_feature":"","_kad_post_feature_position":"","_kad_post_header":false,"_kad_post_footer":false,"footnotes":""},"class_list":["post-2283","page","type-page","status-publish","hentry"],"acf":[],"rttpg_featured_image_url":null,"rttpg_author":{"display_name":"Tom","author_link":"https:\/\/rocketplay-game.com\/da\/author\/pemvas95n89x\/"},"rttpg_comment":0,"rttpg_category":null,"rttpg_excerpt":"Mekanisk gangster Rocket Play Queen and the Dragons slot fra udvikleren IGT giver dig mulighed for at spille et tr\u00e6ningsspil uden indsatser. Rocket Play Queen and the Dragons slot online simulator har f\u00f8lgende parametre: 96,47 procent afkast, fem cirkulerende skiver, 25 udbetalingsretninger, prisvolatilitet af spillet er ukendt. Der er ingen ekstra runder i slotspillet, og...","_links":{"self":[{"href":"https:\/\/rocketplay-game.com\/da\/wp-json\/wp\/v2\/pages\/2283","targetHints":{"allow":["GET"]}}],"collection":[{"href":"https:\/\/rocketplay-game.com\/da\/wp-json\/wp\/v2\/pages"}],"about":[{"href":"https:\/\/rocketplay-game.com\/da\/wp-json\/wp\/v2\/types\/page"}],"author":[{"embeddable":true,"href":"https:\/\/rocketplay-game.com\/da\/wp-json\/wp\/v2\/users\/1"}],"replies":[{"embeddable":true,"href":"https:\/\/rocketplay-game.com\/da\/wp-json\/wp\/v2\/comments?post=2283"}],"version-history":[{"count":2,"href":"https:\/\/rocketplay-game.com\/da\/wp-json\/wp\/v2\/pages\/2283\/revisions"}],"predecessor-version":[{"id":2286,"href":"https:\/\/rocketplay-game.com\/da\/wp-json\/wp\/v2\/pages\/2283\/revisions\/2286"}],"up":[{"embeddable":true,"href":"https:\/\/rocketplay-game.com\/da\/wp-json\/wp\/v2\/pages\/2298"}],"wp:attachment":[{"href":"https:\/\/rocketplay-game.com\/da\/wp-json\/wp\/v2\/media?parent=2283"}],"curies":[{"name":"wp","href":"https:\/\/api.w.org\/{rel}","templated":true}]}}