{"id":2287,"date":"2022-10-03T13:50:30","date_gmt":"2022-10-03T10:50:30","guid":{"rendered":"https:\/\/rocketplay-game.com\/hit-gold-hold-and-win\/"},"modified":"2022-10-31T17:35:22","modified_gmt":"2022-10-31T14:35:22","slug":"hit-gold-hold-and-win","status":"publish","type":"page","link":"https:\/\/rocketplay-game.com\/da\/slots\/hit-gold-hold-and-win\/","title":{"rendered":"Hit The Gold! Hold And Win"},"content":{"rendered":"<p><img loading=\"lazy\" decoding=\"async\" class=\"size-medium wp-image-507 alignleft\" src=\"https:\/\/rocketplay-game.com\/wp-content\/uploads\/2022\/10\/hit-the-gold-hold-and-win-300x232.png\" alt=\"Hit The Gold! Hold And Win\" width=\"300\" height=\"232\" srcset=\"https:\/\/rocketplay-game.com\/wp-content\/uploads\/2022\/10\/hit-the-gold-hold-and-win-300x232.png 300w, https:\/\/rocketplay-game.com\/wp-content\/uploads\/2022\/10\/hit-the-gold-hold-and-win.png 320w\" sizes=\"auto, (max-width: 300px) 100vw, 300px\" \/>Simulator Rocket Play Hit the Gold! Hold and Win slot er et sp\u00e6ndende koncept, som den verdensber\u00f8mte spilteknologiskaber Booongo har f\u00f8rt ud i livet i juni 2021. Udviklerne har udforsket processen med guldminedrift i spillet. Hovedpersonerne i manuskriptet er en minearbejder og hans hund, som leder efter en guldmine. Deltagerne i gameplayet fors\u00f8ger at hj\u00e6lpe hovedpersonen ved hj\u00e6lp af de centrale spiltegn. Tjek reglerne for bettingspillet og pr\u00f8v at spille et \u00f8velsesspil uden at risikere dine penge.<\/p>\n<h2>Afkastprocent og varians<\/h2>\n<p>Rocket Play har vundet guld! Hold and Win online slot tiltr\u00e6kker med en r\u00e6kke parametre. Spillet har et afkast p\u00e5 95,66 procent. Simulatoren fra Booongo indeholder fem cirkulerende cirkler og femogtyve kompensationsretninger. Den maksimale gevinstgr\u00e6nse er x2000 indbetalingsbel\u00f8b. Der er udviklet en variant af HTML5 til <a href=\"https:\/\/rocketplay-game.com\/da\/mobile-version\/\">mobile applikationer<\/a>, hvilket g\u00f8r det muligt at deltage i spillet fra enhver b\u00e6rbar enhed.<\/p>\n<p>Rocket Play Hit the Gold! Hold and Win slotspil b\u00f8r v\u00e6re af interesse for potentielle internetspillere. Platformen har en r\u00e6kke tegn, der vil hj\u00e6lpe brugeren med at vinde. L\u00e6r dem at kende:<\/p>\n<ul>\n<li>Hund, ven og beskytter af hovedpersonen.<\/li>\n<li>Sands\u00e6k.<\/li>\n<li>Gyldne fragmenter.<\/li>\n<li>Kylo til guldgravning;<\/li>\n<li>De latinske bogstaver A, K, Q og J!<\/li>\n<\/ul>\n<p>Deltageren i spilhandlingen udarbejder et skema fra disse betegnelser for at opn\u00e5 multiplikatorer. For at f\u00e5 et godt overskud fra denne legeplads skal du bruge de vigtigste tegn p\u00e5 spilleautomater. Der er en masse tegn som dette:<\/p>\n<ul>\n<li>Scatter billede &#8211; jernbaneskinner;<\/li>\n<li>Wild-tegn &#8211; guldminearbejder;<\/li>\n<li>Bonustegnet er en guldchip.<\/li>\n<\/ul>\n<p>Scatter-symbolet vises p\u00e5 de tre midterste hjul, som omfatter en begivenhed for at udvinde spincyklusser uden indsatser (Rocket Play Hit the Gold! Hold and Win-bonus) i gameplayet.<\/p>\n<h2>Funktioner af gameplayet<\/h2>\n<p>For at spille spillet p\u00e5 simulatorer er aktivering ikke p\u00e5kr\u00e6vet. Til dette er der en tr\u00e6ningsrunde, der bruges af begyndere i starten. I denne runde tr\u00e6ffer de nyankomne spillere endelig selv et valg, om de vil spille eller ej. Potentielle spillere, der \u00f8nsker at drage fordel af spilproceduren, skal aktivere og indtaste bel\u00f8bet p\u00e5 deres konto. Dern\u00e6st kommer vi ind i et seri\u00f8st spil med v\u00e6ddem\u00e5l.<\/p>\n<p>Genstarten \u00e5bnes, n\u00e5r der er tre guldbarrer p\u00e5 spilplatformen. Nu f\u00e5r du otte ekstra runder. N\u00e5r der kommer seks guldstykker mere p\u00e5 samme sted, kommer <a href=\"https:\/\/rocketplay-game.com\/da\/bonus\/\">bonusspillet<\/a> i spil med output af tre genstarter. Det er Rocket Play Hit the Gold! Hold og vind slot bonus. En enkelt guldbarre svarer til at genstarte tromlen. I pr\u00e6mierunden vises der p\u00e5 spillepladen et bel\u00f8nningsciffer, som bringer en stor gevinst i spil. N\u00e5r du har samlet femten bonushieroglyffer, er det virkelig muligt at f\u00e5 fat i en uhyrlig jackpot.<\/p>\n<p style=\"text-align: center;\"><img loading=\"lazy\" decoding=\"async\" class=\"aligncenter wp-image-508 size-full\" src=\"https:\/\/rocketplay-game.com\/wp-content\/uploads\/2022\/10\/hit-the-gold-hold-and-win.jpeg\" alt=\"Hit The Gold! Hold And Win\" width=\"730\" height=\"487\" srcset=\"https:\/\/rocketplay-game.com\/wp-content\/uploads\/2022\/10\/hit-the-gold-hold-and-win.jpeg 730w, https:\/\/rocketplay-game.com\/wp-content\/uploads\/2022\/10\/hit-the-gold-hold-and-win-300x200.jpeg 300w\" sizes=\"auto, (max-width: 730px) 100vw, 730px\" \/><\/p>\n<h2>Ekspertudtalelse<\/h2>\n<p>Den enarmede tyvekn\u00e6gt blev opfundet og f\u00f8rt ud i livet af den kendte virksomhed Booongo. Det forts\u00e6tter temaet om guldgravere og fans af Aztec Gold-spilplatformen. Ved at dreje tromlen p\u00e5 spillepladsen Strike Gold er der mulighed for at f\u00e5 en god fortjeneste. Denne simulator er kendt for gode afkast, sp\u00e6ndende bel\u00f8nninger og kraftige multipliers.<\/p>\n<p>Hvis du bruger Rocket Play Hit the Gold! Hold and Win slot anmeldelse, g\u00f8r webdesignet af simulatoren et levende indtryk, og skarpe billeder tiltr\u00e6kker spillerne. Et sp\u00e6ndende scenarie, et tilg\u00e6ngeligt gameplay og lokkende pointsystemer tiltr\u00e6kker alle potentielle spilleres interesse.<\/p>\n<p>Hvis du ikke \u00f8nsker at risikere din \u00f8konomi, kan du pr\u00f8ve demo-versionen. P\u00e5 den m\u00e5de vil du studere apparatets funktion og forst\u00e5 spillets detaljer. F\u00f8rst n\u00e5r du f\u00f8ler dig sikker, kan du placere indsatser og k\u00e6mpe for gevinster for rigtige penge.<\/p>\n","protected":false},"excerpt":{"rendered":"<p>Simulator Rocket Play Hit the Gold! Hold and Win slot er et sp\u00e6ndende koncept, som den verdensber\u00f8mte spilteknologiskaber Booongo har f\u00f8rt ud i livet i juni 2021. Udviklerne har udforsket processen med guldminedrift i spillet. Hovedpersonerne i manuskriptet er en minearbejder og hans hund, som leder efter en guldmine. Deltagerne i gameplayet fors\u00f8ger at hj\u00e6lpe&#8230;<\/p>\n","protected":false},"author":1,"featured_media":0,"parent":2298,"menu_order":0,"comment_status":"closed","ping_status":"closed","template":"page-with-slot.php","meta":{"_acf_changed":false,"_kad_post_transparent":"default","_kad_post_title":"default","_kad_post_layout":"default","_kad_post_sidebar_id":"","_kad_post_content_style":"default","_kad_post_vertical_padding":"default","_kad_post_feature":"","_kad_post_feature_position":"","_kad_post_header":false,"_kad_post_footer":false,"footnotes":""},"class_list":["post-2287","page","type-page","status-publish","hentry"],"acf":[],"rttpg_featured_image_url":null,"rttpg_author":{"display_name":"Tom","author_link":"https:\/\/rocketplay-game.com\/da\/author\/pemvas95n89x\/"},"rttpg_comment":0,"rttpg_category":null,"rttpg_excerpt":"Simulator Rocket Play Hit the Gold! Hold and Win slot er et sp\u00e6ndende koncept, som den verdensber\u00f8mte spilteknologiskaber Booongo har f\u00f8rt ud i livet i juni 2021. Udviklerne har udforsket processen med guldminedrift i spillet. Hovedpersonerne i manuskriptet er en minearbejder og hans hund, som leder efter en guldmine. Deltagerne i gameplayet fors\u00f8ger at hj\u00e6lpe...","_links":{"self":[{"href":"https:\/\/rocketplay-game.com\/da\/wp-json\/wp\/v2\/pages\/2287","targetHints":{"allow":["GET"]}}],"collection":[{"href":"https:\/\/rocketplay-game.com\/da\/wp-json\/wp\/v2\/pages"}],"about":[{"href":"https:\/\/rocketplay-game.com\/da\/wp-json\/wp\/v2\/types\/page"}],"author":[{"embeddable":true,"href":"https:\/\/rocketplay-game.com\/da\/wp-json\/wp\/v2\/users\/1"}],"replies":[{"embeddable":true,"href":"https:\/\/rocketplay-game.com\/da\/wp-json\/wp\/v2\/comments?post=2287"}],"version-history":[{"count":2,"href":"https:\/\/rocketplay-game.com\/da\/wp-json\/wp\/v2\/pages\/2287\/revisions"}],"predecessor-version":[{"id":2291,"href":"https:\/\/rocketplay-game.com\/da\/wp-json\/wp\/v2\/pages\/2287\/revisions\/2291"}],"up":[{"embeddable":true,"href":"https:\/\/rocketplay-game.com\/da\/wp-json\/wp\/v2\/pages\/2298"}],"wp:attachment":[{"href":"https:\/\/rocketplay-game.com\/da\/wp-json\/wp\/v2\/media?parent=2287"}],"curies":[{"name":"wp","href":"https:\/\/api.w.org\/{rel}","templated":true}]}}