{"id":2292,"date":"2022-10-03T13:39:15","date_gmt":"2022-10-03T10:39:15","guid":{"rendered":"https:\/\/rocketplay-game.com\/elvis-frog-vegas\/"},"modified":"2026-02-27T23:29:47","modified_gmt":"2026-02-27T20:29:47","slug":"elvis-frog-vegas","status":"publish","type":"page","link":"https:\/\/rocketplay-game.com\/da\/slots\/elvis-frog-vegas\/","title":{"rendered":"Anmeldelse af spilleautomaten Elvis Frog In Vegas"},"content":{"rendered":"<p><img loading=\"lazy\" decoding=\"async\" class=\"alignleft wp-image-503 size-medium\" src=\"https:\/\/rocketplay-game.com\/wp-content\/uploads\/2022\/10\/elvis-frog-rocketplay-202x300.png\" alt=\"Elvis Frog Rocketplay\" width=\"202\" height=\"300\" srcset=\"https:\/\/rocketplay-game.com\/wp-content\/uploads\/2022\/10\/elvis-frog-rocketplay-202x300.png 202w, https:\/\/rocketplay-game.com\/wp-content\/uploads\/2022\/10\/elvis-frog-rocketplay.png 389w\" sizes=\"auto, (max-width: 202px) 100vw, 202px\" \/><\/p>\n<p>Du kan lave et testfors\u00f8g p\u00e5 Rocket Play Elvis Frog in Vegas slot uden at investere. Rocket Play Elvis Frog in Vegas slotspillet er kendt for sin 96 procent afkastprocent. Den har ogs\u00e5 fem cirkulerende skiver og femogtyve kompensationsretninger. Der er et pr\u00e6miespil, pr\u00e6ferentielle oms\u00e6tninger og Wild- og Scatter-symboler, men ingen multiplikator.<\/p>\n<p>Legepladsen har en automatisk tilstand og en aktiv kampagnemekanisme. I simulatoren er fr\u00f8en hovedpersonen. N\u00e5r du kaster dig ud i dette spil, vil du bes\u00f8ge Las Vegas, til fr\u00f8en Elvis&#8217; optr\u00e6den, hvor han optr\u00e6der med rock and roll. N\u00e5r du har det sjovt fra hjertet, kan du samle et p\u00e6nt bel\u00f8b, der ganges med to og et halvt tusind gange dit bidrag.<\/p>\n<h2>RTP &amp; Volatilitet<\/h2>\n<p>Efter Rocket Play Elvis Frog in Vegas slot gennemgang, har feltet 5 spinnende skiver og 25 profitlinjer. For at vinde, skal du line op i r\u00e6kkef\u00f8lgen af scoren fra 3 eller flere tilsvarende tegn. Efter at have foretaget et input fra to og en halv til femogtyve EUR for fremme, kan du deltage i gameplayet p\u00e5 enhver gadget. Simulatoren har en lav grad af finansiel risiko; afkastprocenten er 96, og den maksimale udbetaling for en kampagne kan v\u00e6re to og et halvt tusinde gange mere end din indbetaling.<\/p>\n<h2>S\u00e5dan spiller du<\/h2>\n<p>Hovedtegnet i Rocket Play Elvis Frog in Vegas online slot simulator er Elvis Frog, som erstatter alle andre tegn for at samle det vindende skema. Hvis det virker i en kampagne, f\u00e5r du ekstra ture. M\u00f8nttegnet (guldm\u00f8nt) falder ud i hovedspillet og under grace cykler. N\u00e5r det n\u00f8dvendige antal af disse tegn er dannet, f\u00e5r du \u00e9n garanteret pr\u00e6mie.<\/p>\n<p>Fem ekstra cyklusser uden indsatser bliver tilg\u00e6ngelige for dig, som igen kan indg\u00e5 i spillet, n\u00e5r der vises 3 stjernetegn mere. I yderligere cyklusser vises muligheden Blazing Reels, hvilket betyder, at der vises et stort symbol, n\u00e5r du kombinerer 2,3 og 4 hjul. Det kan give dig en god gevinst. Coin Respin &#8211; denne funktion startes, n\u00e5r mindst 6 kontantm\u00f8nter vises p\u00e5 spillepladen, som tager deres plads. Og andre vinduer er tomme. Over tid vil tre genstarter v\u00e6re tilg\u00e6ngelige for dig for at fylde de tomme vinduer med m\u00f8nter.<\/p>\n<p>I det \u00f8jeblik m\u00f8nten falder ind i vinduet, vender genstarterne tilbage til deres startpositioner. Denne proces forts\u00e6tter, indtil alle tomme felter er fyldt. I sidste ende overf\u00f8res bel\u00f8bet for alle m\u00f8nter til din indbetaling. I l\u00f8bet af denne spillestilling kan du v\u00e6re heldig nok til at vinde en af pr\u00e6mierne, hvoraf den vigtigste er Mega. Du kan vinde den tilbage, hvis alle de tomme vinduer er fyldt med guldm\u00f8nter. Det er en underholdende platform at spille p\u00e5 med et anst\u00e6ndigt webdesign, gode funktioner og tilfredsstillende udbetalinger.<\/p>\n<p style=\"text-align: center;\"><img loading=\"lazy\" decoding=\"async\" class=\"aligncenter wp-image-504 size-full\" src=\"https:\/\/rocketplay-game.com\/wp-content\/uploads\/2022\/10\/elvis-frog-in-vegas.jpeg\" alt=\"Elvis Frog In Vegas\" width=\"736\" height=\"248\" srcset=\"https:\/\/rocketplay-game.com\/wp-content\/uploads\/2022\/10\/elvis-frog-in-vegas.jpeg 736w, https:\/\/rocketplay-game.com\/wp-content\/uploads\/2022\/10\/elvis-frog-in-vegas-300x101.jpeg 300w\" sizes=\"auto, (max-width: 736px) 100vw, 736px\" \/><\/p>\n<h2>OFTE STILLEDE SP\u00d8RGSM\u00c5L<\/h2>\n<h3>Hvilke bonusser tilbyder slotspillet?<\/h3>\n<p>Rocket Play Elvis Frog in Vegas gratis spins er et s\u00e6rligt tilbud. Det best\u00e5r i at f\u00e5 en chance for en gambler til at spille ekstra runder gratis. Baseret p\u00e5 alle vinderkombinationer l\u00e6gges de endelige gevinster sammen. De modtagne penge kan bruges efter eget valg &#8211; s\u00e6t dem p\u00e5 udbetaling eller forts\u00e6t med at placere indsatser.<\/p>\n<h3>Hvad er fordelene ved bonusser?<\/h3>\n<p>Spilleautomater med overraskelser er popul\u00e6re blandt b\u00e5de begyndere og professionelle spillere. Deres eftersp\u00f8rgsel skyldes en r\u00e6kke fordele. Den f\u00f8rste blandt dem er indf\u00f8relsen af zest i gameplayet. Det bliver mere sp\u00e6ndende. Den anden fordel er en stigning i chancerne for at modtage et stort bel\u00f8b. For eksempel kan der i Rocket Play Elvis Frog in Vegas bonussen blandt gratis spins falde et par vinderkombinationer med en stor gevinst ud.<\/p>\n<p><strong>L\u00e6s ogs\u00e5 om:<\/strong><\/p>\n<ul>\n<li><a href=\"https:\/\/rocketplay-game.com\/slots\/hit-gold-hold-and-win\/\">Hit Gold! Hold And Win<\/a><\/li>\n<li><a href=\"https:\/\/rocketplay-game.com\/slots\/queen-and-dragons\/\">Queen and the Dragons<\/a><\/li>\n<\/ul>\n","protected":false},"excerpt":{"rendered":"<p>Du kan lave et testfors\u00f8g p\u00e5 Rocket Play Elvis Frog in Vegas slot uden at investere. Rocket Play Elvis Frog in Vegas slotspillet er kendt for sin 96 procent afkastprocent. Den har ogs\u00e5 fem cirkulerende skiver og femogtyve kompensationsretninger. Der er et pr\u00e6miespil, pr\u00e6ferentielle oms\u00e6tninger og Wild- og Scatter-symboler, men ingen multiplikator. Legepladsen har en&#8230;<\/p>\n","protected":false},"author":1,"featured_media":0,"parent":2298,"menu_order":0,"comment_status":"closed","ping_status":"closed","template":"page-with-slot.php","meta":{"_acf_changed":false,"_kad_post_transparent":"default","_kad_post_title":"default","_kad_post_layout":"default","_kad_post_sidebar_id":"","_kad_post_content_style":"default","_kad_post_vertical_padding":"default","_kad_post_feature":"","_kad_post_feature_position":"","_kad_post_header":false,"_kad_post_footer":false,"footnotes":""},"class_list":["post-2292","page","type-page","status-publish","hentry"],"acf":[],"rttpg_featured_image_url":null,"rttpg_author":{"display_name":"Tom","author_link":"https:\/\/rocketplay-game.com\/da\/author\/pemvas95n89x\/"},"rttpg_comment":0,"rttpg_category":null,"rttpg_excerpt":"Du kan lave et testfors\u00f8g p\u00e5 Rocket Play Elvis Frog in Vegas slot uden at investere. Rocket Play Elvis Frog in Vegas slotspillet er kendt for sin 96 procent afkastprocent. Den har ogs\u00e5 fem cirkulerende skiver og femogtyve kompensationsretninger. Der er et pr\u00e6miespil, pr\u00e6ferentielle oms\u00e6tninger og Wild- og Scatter-symboler, men ingen multiplikator. Legepladsen har en...","_links":{"self":[{"href":"https:\/\/rocketplay-game.com\/da\/wp-json\/wp\/v2\/pages\/2292","targetHints":{"allow":["GET"]}}],"collection":[{"href":"https:\/\/rocketplay-game.com\/da\/wp-json\/wp\/v2\/pages"}],"about":[{"href":"https:\/\/rocketplay-game.com\/da\/wp-json\/wp\/v2\/types\/page"}],"author":[{"embeddable":true,"href":"https:\/\/rocketplay-game.com\/da\/wp-json\/wp\/v2\/users\/1"}],"replies":[{"embeddable":true,"href":"https:\/\/rocketplay-game.com\/da\/wp-json\/wp\/v2\/comments?post=2292"}],"version-history":[{"count":3,"href":"https:\/\/rocketplay-game.com\/da\/wp-json\/wp\/v2\/pages\/2292\/revisions"}],"predecessor-version":[{"id":10263,"href":"https:\/\/rocketplay-game.com\/da\/wp-json\/wp\/v2\/pages\/2292\/revisions\/10263"}],"up":[{"embeddable":true,"href":"https:\/\/rocketplay-game.com\/da\/wp-json\/wp\/v2\/pages\/2298"}],"wp:attachment":[{"href":"https:\/\/rocketplay-game.com\/da\/wp-json\/wp\/v2\/media?parent=2292"}],"curies":[{"name":"wp","href":"https:\/\/api.w.org\/{rel}","templated":true}]}}