{"id":2295,"date":"2022-10-03T13:29:24","date_gmt":"2022-10-03T10:29:24","guid":{"rendered":"https:\/\/rocketplay-game.com\/cash-pig\/"},"modified":"2022-10-31T17:25:47","modified_gmt":"2022-10-31T14:25:47","slug":"cash-pig","status":"publish","type":"page","link":"https:\/\/rocketplay-game.com\/da\/slots\/cash-pig\/","title":{"rendered":"Cash Pig hos RocketPlay"},"content":{"rendered":"<p>Rocket Play Cash Pig slot er en nyopst\u00e5et legeplads fra Booming Games&#8217; udviklingsteam. Hun startede i 2021. Denne platform omfatter muligheden for et tr\u00e6ningsspil uden nogen forpligtelse. Denne legeplads er kendetegnet ved ekstrem prisvolatilitet. Inkluderer 5 skiver og 4 retninger. Det har op til tredive rentable ordninger og en eksorbitant multiplikator &#8211; 8 tusind.<\/p>\n<p>Den nylige fremkomst af Rocket Play Cash Pig online slot forhindrer ikke udviklingen af dens popularitet. De, der kan lide at gemme alt i en kande, vil kunne lide denne underholdning. Rentabelt bidrager finanser til alle slags objekter. Selvf\u00f8lgelig er der en mulighed for at lide et tab, men du kan ogs\u00e5 f\u00e5 en stor jackpot, s\u00e5 fifty-fifty.<\/p>\n<p>N\u00e5r du f\u00f8rst har besluttet dig, vil du finde styrken i dig selv til at \u00f8ge st\u00f8rrelsen af dine bidrag takket v\u00e6re den \u00f8gede volatilitet i prispolitikken for de genstande, du har samlet i kassen. S\u00e5 jo mere du har akkumuleret, jo mere indbringende er din fortjeneste. Dit maksimale udbytte er i dette tilf\u00e6lde bel\u00f8bet af bidraget med en multiplikator p\u00e5 8 tusind. Den h\u00f8jeste indsats er trods alt 54 m\u00f8nter. Men for den mindste indsats (0,3 m\u00f8nter) &#8211; dette er ogs\u00e5 en god indkomst.<\/p>\n<p style=\"text-align: center;\"><img loading=\"lazy\" decoding=\"async\" class=\"aligncenter wp-image-500 size-full\" src=\"https:\/\/rocketplay-game.com\/wp-content\/uploads\/2022\/10\/cash-pig.jpeg\" alt=\"cash pig\" width=\"730\" height=\"500\" srcset=\"https:\/\/rocketplay-game.com\/wp-content\/uploads\/2022\/10\/cash-pig.jpeg 730w, https:\/\/rocketplay-game.com\/wp-content\/uploads\/2022\/10\/cash-pig-300x205.jpeg 300w\" sizes=\"auto, (max-width: 730px) 100vw, 730px\" \/><\/p>\n<p>&nbsp;<\/p>\n<h2>S\u00e5dan spiller du Cash Pig<\/h2>\n<p>Hvis Rocket Play Cash Pig slot gennemgang udf\u00f8res, er spillepladsen designet i et diskret farveskema. Udtryksfuld tegning vil ikke efterlade ubem\u00e6rket noget element. Rotationselementer venter p\u00e5 dig p\u00e5 de mest us\u00e6dvanlige steder: p\u00e5 taget af sky toppen, p\u00e5 toppen af Eiffelt\u00e5rnet, i kurven af en sv\u00e6vende ballon og omkring landskabet af en solid metropol. Her er en platform for dig til at tjene penge. Sats, spin og tag risici. En komfortabel koordineringskonsol vil hj\u00e6lpe dig:<\/p>\n<p>Billedet af en cirkul\u00e6r pil p\u00e5 den gr\u00f8nne knap betyder starten p\u00e5 Rocket Play Cash Pig <a href=\"https:\/\/rocketplay-game.com\/da\/free-spins\/\">gratis spins<\/a>.<\/p>\n<ul>\n<li>Nedenfor vises en sk\u00e6rm med dine kontooplysninger.<\/li>\n<li>I n\u00e6rheden er der et plustegn, som er ansvarlig for lyden, oph\u00f8r af musikalsk akkompagnement, den maksimale indbetaling af penge med et enkelt klik og indf\u00f8relsen af halvtreds automatiske omdrejninger i spillet.<\/li>\n<li>Lidt l\u00e6ngere v\u00e6k er skjoldet til justering af m\u00e6ngden af input.<\/li>\n<li>Der er et nyhedsikon \u00f8verst p\u00e5 spilplatformen for at f\u00e5 kendskab til spilbetingelser, inputst\u00f8rrelser osv.<\/li>\n<li>Ved at installere en mobilapplikation til spilplatformen er det muligt at deltage i spillet fra en hvilken som helst gadget, du ejer, p\u00e5 et sted, der er bekvemt for dig.<\/li>\n<\/ul>\n<h2>Cash Pig-bonusfunktioner<\/h2>\n<p>Spillet har tredive profitable muligheder. De kan ikke kun v\u00e6re placeret i en eller anden retning, men ogs\u00e5 i en hvilken som helst form. For at f\u00e5 en profitabel mulighed skal du samle fra 3 til 5 tilsvarende tegn. Symboler at holde \u00f8je med:<\/p>\n<ul>\n<li>Grise-tegnet er en sparegris, hvilket betyder, at den tidligere m\u00f8ntopsparing overf\u00f8res til din indbetaling.<\/li>\n<li>En flaske champagne p\u00e5 en eller fem skiver giver dig ekstra omdrejninger.<\/li>\n<li>Wild-tegnet er en solid diamant, der kan erstatte hvert billede for at danne et profitabelt skema.<\/li>\n<\/ul>\n<p>Der er en Rocket Play Cash Pig-bonus til dig. Denne legeplads har tre incitamentrunder:<\/p>\n<ul>\n<li>Stor opgradering. Kommer uventet i spil og forvandler simple tegn til v\u00e6rdifulde tegn.<\/li>\n<li>Mindre eliminator. Kommer ogs\u00e5 uventet og eliminerer budgetskilte fra legepladsen.<\/li>\n<li>Spareb\u00f8sse. Kommer ind i spillet, n\u00e5r der falder seks eller flere m\u00f8nter ud. Derefter begynder 3 perioder at sl\u00e5 rod, p\u00e5 skift n\u00e5r den n\u00e6ste m\u00f8nt dukker op. Det er godt, at en separat m\u00f8nt giver overskud.<\/li>\n<\/ul>\n<h2>OFTE STILLEDE SP\u00d8RGSM\u00c5L<\/h2>\n<h3>Hvordan vinder man penge?<\/h3>\n<p>For at deltage i Rocket Play Cash Pig slotspillet skal du aktivere din konto og foretage en indbetaling.<\/p>\n<h3>Hvordan spiller man Cash Pig uden investering?<\/h3>\n<p>Der er tr\u00e6ningsrunder p\u00e5 denne spilplatform uden nogen forpligtelse.<\/p>\n<h3>Har denne platform en stor bank, og er det muligt at h\u00e6ve den?<\/h3>\n<p>P\u00e5 dette websted er der en god jackpot med en multiplikator p\u00e5 8 tusind.<\/p>\n<h3>Hvad er afkastprocenten for denne underholdning?<\/h3>\n<p>Perspektiverne for gevinst er ret store. Tilbagef\u00f8rselsraten p\u00e5 denne legeplads er meget h\u00f8j &#8211; 96,03%.<\/p>\n","protected":false},"excerpt":{"rendered":"<p>Rocket Play Cash Pig slot er en nyopst\u00e5et legeplads fra Booming Games&#8217; udviklingsteam. Hun startede i 2021. Denne platform omfatter muligheden for et tr\u00e6ningsspil uden nogen forpligtelse. Denne legeplads er kendetegnet ved ekstrem prisvolatilitet. Inkluderer 5 skiver og 4 retninger. Det har op til tredive rentable ordninger og en eksorbitant multiplikator &#8211; 8 tusind. Den&#8230;<\/p>\n","protected":false},"author":1,"featured_media":0,"parent":2298,"menu_order":0,"comment_status":"closed","ping_status":"closed","template":"page-with-slot.php","meta":{"_acf_changed":false,"_kad_post_transparent":"default","_kad_post_title":"default","_kad_post_layout":"default","_kad_post_sidebar_id":"","_kad_post_content_style":"default","_kad_post_vertical_padding":"default","_kad_post_feature":"","_kad_post_feature_position":"","_kad_post_header":false,"_kad_post_footer":false,"footnotes":""},"class_list":["post-2295","page","type-page","status-publish","hentry"],"acf":[],"rttpg_featured_image_url":null,"rttpg_author":{"display_name":"Tom","author_link":"https:\/\/rocketplay-game.com\/da\/author\/pemvas95n89x\/"},"rttpg_comment":0,"rttpg_category":null,"rttpg_excerpt":"Rocket Play Cash Pig slot er en nyopst\u00e5et legeplads fra Booming Games&#8217; udviklingsteam. Hun startede i 2021. Denne platform omfatter muligheden for et tr\u00e6ningsspil uden nogen forpligtelse. Denne legeplads er kendetegnet ved ekstrem prisvolatilitet. Inkluderer 5 skiver og 4 retninger. Det har op til tredive rentable ordninger og en eksorbitant multiplikator &#8211; 8 tusind. Den...","_links":{"self":[{"href":"https:\/\/rocketplay-game.com\/da\/wp-json\/wp\/v2\/pages\/2295","targetHints":{"allow":["GET"]}}],"collection":[{"href":"https:\/\/rocketplay-game.com\/da\/wp-json\/wp\/v2\/pages"}],"about":[{"href":"https:\/\/rocketplay-game.com\/da\/wp-json\/wp\/v2\/types\/page"}],"author":[{"embeddable":true,"href":"https:\/\/rocketplay-game.com\/da\/wp-json\/wp\/v2\/users\/1"}],"replies":[{"embeddable":true,"href":"https:\/\/rocketplay-game.com\/da\/wp-json\/wp\/v2\/comments?post=2295"}],"version-history":[{"count":3,"href":"https:\/\/rocketplay-game.com\/da\/wp-json\/wp\/v2\/pages\/2295\/revisions"}],"predecessor-version":[{"id":3179,"href":"https:\/\/rocketplay-game.com\/da\/wp-json\/wp\/v2\/pages\/2295\/revisions\/3179"}],"up":[{"embeddable":true,"href":"https:\/\/rocketplay-game.com\/da\/wp-json\/wp\/v2\/pages\/2298"}],"wp:attachment":[{"href":"https:\/\/rocketplay-game.com\/da\/wp-json\/wp\/v2\/media?parent=2295"}],"curies":[{"name":"wp","href":"https:\/\/api.w.org\/{rel}","templated":true}]}}