{"id":2298,"date":"2022-08-18T17:06:40","date_gmt":"2022-08-18T14:06:40","guid":{"rendered":"https:\/\/rocketplay-game.com\/slots\/"},"modified":"2022-10-31T17:24:14","modified_gmt":"2022-10-31T14:24:14","slug":"slots","status":"publish","type":"page","link":"https:\/\/rocketplay-game.com\/da\/slots\/","title":{"rendered":"Anmeldelse af RocketPlay Slots"},"content":{"rendered":"<p>Hver gang et nyt slotspil udkommer p\u00e5 markedet, og faktisk f\u00f8r det udkommer, offentligg\u00f8r online casinoer og uafh\u00e6ngige virksomheder deres anmeldelser baseret p\u00e5 spillernes feedback, kommentarer og meninger. Anmeldelser kan findes online for alle spilleautomater, der nogensinde er blevet udgivet eller er ved at blive udgivet. Vi anmelder spilleautomater ud fra mange kriterier s\u00e5som antallet af hjul og betalingslinjer, jackpotst\u00f8rrelse, symboler p\u00e5 hjulene og s\u00e6rlige funktioner, og vi er opm\u00e6rksomme p\u00e5, hvem der har lavet spilleautomaten.<\/p>\n<p>Hvis du ikke er helt ny p\u00e5 online casinospilscenen, ved du m\u00e5ske, at du kan spille online spilleautomater ikke kun for rigtige penge, men ogs\u00e5 gratis og for sjov. Dette er ideelt for spillerne, da de kan afpr\u00f8ve spilleautomaterne, f\u00f8r de bruger deres egne spillepenge. Anmeldelser vil hj\u00e6lpe dig med at forst\u00e5 alt om slots, og hvad andre synes om dem, og det gratis spil vil hj\u00e6lpe dig med at \u00f8ve dig, indtil du er komfortabel nok til at pr\u00f8ve det for rigtige penge.<\/p>\n<p>Antallet af online spilleautomater stiger dag for dag, og nu er der hundredvis, hvis ikke tusindvis af spil at v\u00e6lge imellem, hvilket kan v\u00e6re forvirrende! Slots anmeldelser giver spillerne en fornemmelse af spillet, temaet, grafikken, heltene og hvor let det er at vinde. Du vil blive overrasket over, hvad du kan finde ud af om et slotspil ved at l\u00e6se dets anmeldelse.<\/p>\n<p>Hvordan online casinoer fungerer, hvordan de tjener penge, og hvor meget spillerne taber, fort\u00e6ller RocketPlay<\/p>\n<p><img loading=\"lazy\" decoding=\"async\" class=\"aligncenter wp-image-346 size-large\" style=\"text-align: center; font-family: var(--global-body-font-family);\" src=\"https:\/\/rocketplay-game.com\/wp-content\/uploads\/2022\/08\/slots-online-1024x576.jpg\" alt=\"slots online\" width=\"1024\" height=\"576\" srcset=\"https:\/\/rocketplay-game.com\/wp-content\/uploads\/2022\/08\/slots-online-1024x576.jpg 1024w, https:\/\/rocketplay-game.com\/wp-content\/uploads\/2022\/08\/slots-online-300x169.jpg 300w, https:\/\/rocketplay-game.com\/wp-content\/uploads\/2022\/08\/slots-online-768x432.jpg 768w, https:\/\/rocketplay-game.com\/wp-content\/uploads\/2022\/08\/slots-online-1536x864.jpg 1536w, https:\/\/rocketplay-game.com\/wp-content\/uploads\/2022\/08\/slots-online.jpg 1920w\" sizes=\"auto, (max-width: 1024px) 100vw, 1024px\" \/><\/p>\n<h2>De bedste online slots anmeldelser<\/h2>\n<p>N\u00e5r du har l\u00e6st en god online slots anmeldelse, vil du v\u00e6re klar til at hoppe direkte ind i det gennempr\u00f8vede slotspil, som ikke kun vil give dig masser af sjov, men ogs\u00e5 give dig chancen for at akkumulere nogle tiltr\u00e6ngte gevinster!<\/p>\n<h2>Bonusfunktioner og softwareudviklere<\/h2>\n<p>Hvis du er en erfaren spilleautomat entusiast, kan du sikkert fort\u00e6lle hvilke spil der er lavet af hvilke designere bare ved at se p\u00e5 spillets udseende og struktur. For dem, der ikke er s\u00e5 eksperter endnu, tilbyder slot anmeldelser alle detaljerne om slotkonfigurationen, m\u00f8ntv\u00e6rdien, antallet af betalingslinjer og hvor meget der kan vindes fra hvert symbol, n\u00e5r det rammer hjulene. Anmeldelser af spilleautomater fort\u00e6ller ogs\u00e5 om den progressive jackpot, du kan vinde, dens st\u00f8rrelse og andre interessante oplysninger, s\u00e5som om spilleautomaten har autoplay eller en gambling-funktion, der kan tilf\u00f8je et helt nyt niveau til din spiloplevelse.<\/p>\n<h2>De bedste udbydere af software til spilleautomater<\/h2>\n<p>Microgaming er en af de \u00e6ldste udbydere af online spilleautomater og har v\u00e6ret i drift siden 1994. De er ansvarlige for s\u00e5danne ikoniske spil som Thunderstruck, Avalon, Game of Thrones og Jurassic World. L\u00e6s mere om denne udbyder p\u00e5 vores side om Microgaming casinoer.<\/p>\n<p><strong>Anmeldelser om slots:<\/strong><\/p>\n<ul>\n<li><a href=\"https:\/\/rocketplay-game.com\/da\/slots\/mega-moolah\/\">Mega Moolah<\/a><\/li>\n<li><a href=\"https:\/\/rocketplay-game.com\/da\/slots\/money-train-2\/\">Money Train 2<\/a><\/li>\n<li><a href=\"https:\/\/rocketplay-game.com\/da\/slots\/book-of-ra-deluxe\/\">Book of Ra Deluxe<\/a><\/li>\n<li><a href=\"https:\/\/rocketplay-game.com\/da\/slots\/cash-pig\/\">Cash Pig<\/a><\/li>\n<\/ul>\n","protected":false},"excerpt":{"rendered":"<p>Hver gang et nyt slotspil udkommer p\u00e5 markedet, og faktisk f\u00f8r det udkommer, offentligg\u00f8r online casinoer og uafh\u00e6ngige virksomheder deres anmeldelser baseret p\u00e5 spillernes feedback, kommentarer og meninger. Anmeldelser kan findes online for alle spilleautomater, der nogensinde er blevet udgivet eller er ved at blive udgivet. Vi anmelder spilleautomater ud fra mange kriterier s\u00e5som antallet&#8230;<\/p>\n","protected":false},"author":1,"featured_media":0,"parent":0,"menu_order":0,"comment_status":"closed","ping_status":"closed","template":"page-with-slot.php","meta":{"_acf_changed":false,"_kad_post_transparent":"default","_kad_post_title":"default","_kad_post_layout":"default","_kad_post_sidebar_id":"","_kad_post_content_style":"default","_kad_post_vertical_padding":"default","_kad_post_feature":"","_kad_post_feature_position":"","_kad_post_header":false,"_kad_post_footer":false,"footnotes":""},"class_list":["post-2298","page","type-page","status-publish","hentry"],"acf":[],"rttpg_featured_image_url":null,"rttpg_author":{"display_name":"Tom","author_link":"https:\/\/rocketplay-game.com\/da\/author\/pemvas95n89x\/"},"rttpg_comment":0,"rttpg_category":null,"rttpg_excerpt":"Hver gang et nyt slotspil udkommer p\u00e5 markedet, og faktisk f\u00f8r det udkommer, offentligg\u00f8r online casinoer og uafh\u00e6ngige virksomheder deres anmeldelser baseret p\u00e5 spillernes feedback, kommentarer og meninger. Anmeldelser kan findes online for alle spilleautomater, der nogensinde er blevet udgivet eller er ved at blive udgivet. Vi anmelder spilleautomater ud fra mange kriterier s\u00e5som antallet...","_links":{"self":[{"href":"https:\/\/rocketplay-game.com\/da\/wp-json\/wp\/v2\/pages\/2298","targetHints":{"allow":["GET"]}}],"collection":[{"href":"https:\/\/rocketplay-game.com\/da\/wp-json\/wp\/v2\/pages"}],"about":[{"href":"https:\/\/rocketplay-game.com\/da\/wp-json\/wp\/v2\/types\/page"}],"author":[{"embeddable":true,"href":"https:\/\/rocketplay-game.com\/da\/wp-json\/wp\/v2\/users\/1"}],"replies":[{"embeddable":true,"href":"https:\/\/rocketplay-game.com\/da\/wp-json\/wp\/v2\/comments?post=2298"}],"version-history":[{"count":2,"href":"https:\/\/rocketplay-game.com\/da\/wp-json\/wp\/v2\/pages\/2298\/revisions"}],"predecessor-version":[{"id":2300,"href":"https:\/\/rocketplay-game.com\/da\/wp-json\/wp\/v2\/pages\/2298\/revisions\/2300"}],"wp:attachment":[{"href":"https:\/\/rocketplay-game.com\/da\/wp-json\/wp\/v2\/media?parent=2298"}],"curies":[{"name":"wp","href":"https:\/\/api.w.org\/{rel}","templated":true}]}}