{"id":2303,"date":"2022-08-11T20:51:13","date_gmt":"2022-08-11T17:51:13","guid":{"rendered":"https:\/\/rocketplay-game.com\/promo-code\/"},"modified":"2022-10-31T17:21:33","modified_gmt":"2022-10-31T14:21:33","slug":"promo-code","status":"publish","type":"page","link":"https:\/\/rocketplay-game.com\/da\/promo-code\/","title":{"rendered":"Promokode RocketPlay 2023"},"content":{"rendered":"<p><img loading=\"lazy\" decoding=\"async\" class=\" wp-image-300 aligncenter\" src=\"https:\/\/rocketplay-game.com\/wp-content\/uploads\/2022\/08\/rocketplay-casino-bonuses-300x125.jpg\" alt=\"promo code\" width=\"624\" height=\"260\" srcset=\"https:\/\/rocketplay-game.com\/wp-content\/uploads\/2022\/08\/rocketplay-casino-bonuses-300x125.jpg 300w, https:\/\/rocketplay-game.com\/wp-content\/uploads\/2022\/08\/rocketplay-casino-bonuses.jpg 700w\" sizes=\"auto, (max-width: 624px) 100vw, 624px\" \/><\/p>\n<p><a href=\"https:\/\/rocketplay-game.com\/da\/\">RocketPlay<\/a> casino kampagnekode er en almindelig praksis for Dansk online casino stamkunder. Selv om det er nemt for alle nye brugere at beslutte sig for at registrere sig i dette eller hint online casino, hvis der er en promokode med gode bonusser til et langt spil for rigtige penge.<\/p>\n<p>Du kan finde en kampagnekode p\u00e5 online casinoets officielle sider i sociale netv\u00e6rk eller p\u00e5 den officielle hjemmeside, eller p\u00e5 siderne i sociale netv\u00e6rk og p\u00e5 siderne for online casino partnere. Normalt udvider partnercasinoet selv oplysninger om behagelige bonusser og opfordrer derved brugerne til at registrere sig p\u00e5 casinoets hjemmeside.<\/p>\n<h2>Hvordan f\u00e5r man en promokode?<\/h2>\n<p>Selvom casinoet uddeler en hel del promokoder til nye og faste brugere, kan de alle f\u00e5s p\u00e5 denne m\u00e5de. F\u00f8rst og fremmest skal du registrere eller bekr\u00e6fte tilstedev\u00e6relsen af en registrering p\u00e5 online casinoets officielle hjemmeside. F\u00f8r du modtager denne eller hin bonus med en kampagnekode, skal du sikre dig, at den passer til spilleren og virkelig vil hj\u00e6lpe ham med at f\u00e5 succes i spillet om virtuelle eller rigtige penge.<\/p>\n<p>Hvordan f\u00e5r man RocketPlay promokode 2023? Hvis brugeren har registreret sig, skal han indtaste et login og password for at komme ind p\u00e5 sin egen konto, g\u00e5 til profilen og derefter til afsnittet med bonustilbud. Derefter skal du kontrollere den bonus, du er interesseret i, og bekr\u00e6fte din hensigt om at indtaste et bestemt kodeord.<\/p>\n<p>De brugere, der lige har registreret deres egen konto, kan f\u00e5 en RocketPlay no deposit promo kode og 25 gratis spins. For at blive ejer af et s\u00e5dant antal gratis spins skal du indtaste RocketPlay bonuskoden ROCKET i det s\u00e6rlige felt og bekr\u00e6fte modtagelsen af bonussen. Der er dog ingen grund til at vente l\u00e6nge p\u00e5 at f\u00e5 den 50xV gennemspilningsbonus, da brugeren kun har 1 dag til at aktivere bonustilbuddet og kun 5 dage til at bruge de 25 gratis spins. Det ser ud til, at reglerne er enkle, men det er ikke alle brugere, der form\u00e5r at aktivere og oprette en bonus i tide.<\/p>\n<p>Hvis der er tale om 25 gratis spins for at oprette et nyt musiknummer p\u00e5 RocketPlay casino site, hvor kan de s\u00e5 bruges? Der er en begr\u00e6nset liste over slots, der kan kr\u00e6ve gratis spins. F\u00f8rst og fremmest er der tale om en af de popul\u00e6re slots fra den globale spil softwareudbyder BGaming, nemlig West Town. Hvad er kendt om dette slot? RTP-indikatoren er 96,95%. Dette er en ret h\u00f8j procentdel af indsatser, der returneres til spilleren fra et bestemt slot. Hvis spilleren har erfaring med at spille slots for rigtige penge, s\u00e5 ligner West Town spillemaskinen meget en anden ret popul\u00e6r spillemaskine inden for gambling &#8211; Dead Or Alive.<\/p>\n<h2>Andre RocketPlay bonusser<\/h2>\n<p>Udover RocketPlay bonuskode uden indskud uden indskudskode kan du f\u00e5 andre bonusser for at registrere dig eller downloade en mobilapplikation p\u00e5 RocketPlays hjemmeside. kun nye brugere, der ikke tidligere har spillet slots eller andre online gambling spil p\u00e5 RocketPlay casino hjemmeside kan modtage en bonus ved registrering, s\u00e5 bonussen for at downloade mobilapplikationen kan modtages af alle brugere, der har givet til at downloade den. Det kan selvf\u00f8lgelig b\u00e5de v\u00e6re nye brugere, der lige har registreret sig, og spillere, der har spillet slots p\u00e5 casinosiden siden dens start.<\/p>\n<p>P\u00e5 trods af at en hel del casino bonusser kan opn\u00e5s for at udf\u00f8re en eller anden handling, i stedet for at genopfylde spillekontoen, uden at indbetale penge, er det usandsynligt at brugeren ikke kan aktivere bonustilbuddet. Hvis spilleren accepterer at tage imod denne eller hin bonus, b\u00f8r han se, hvilke betingelser der er for aktivering af den. St\u00f8rrelsen af indskuddet varierer fra bonus til bonus.<\/p>\n<p>I form af en bonus kan du ikke kun t\u00e6lle gratis spins, gratis spins af tromlen, men ogs\u00e5 rigtige penge, som derefter kan investeres i spillet for rigtige penge. St\u00f8rrelsen af gevinsten afh\u00e6nger af betingelserne for at modtage en bestemt bonus og st\u00f8rrelsen af den indbetaling, som brugeren vil have p\u00e5 hovedkontoen for at aktivere bonustilbuddet.<\/p>\n<p><img loading=\"lazy\" decoding=\"async\" class=\" wp-image-301 aligncenter\" src=\"https:\/\/rocketplay-game.com\/wp-content\/uploads\/2022\/08\/b5cafdb1ad0027f89a28ea8aa9901b83-300x144.jpg\" alt=\"promo code rocketplay\" width=\"652\" height=\"313\" srcset=\"https:\/\/rocketplay-game.com\/wp-content\/uploads\/2022\/08\/b5cafdb1ad0027f89a28ea8aa9901b83-300x144.jpg 300w, https:\/\/rocketplay-game.com\/wp-content\/uploads\/2022\/08\/b5cafdb1ad0027f89a28ea8aa9901b83-768x370.jpg 768w, https:\/\/rocketplay-game.com\/wp-content\/uploads\/2022\/08\/b5cafdb1ad0027f89a28ea8aa9901b83.jpg 800w\" sizes=\"auto, (max-width: 652px) 100vw, 652px\" \/><\/p>\n<h2>OFTE STILLEDE SP\u00d8RGSM\u00c5L<\/h2>\n<h3>Kan en bruger af online casino RocketPlay bonuskode kun oprette en ny musikoptagelse?<\/h3>\n<p>P\u00e5 partnersiderne tilbyder online casinoer mange andre tilbud, der kan v\u00e6re velegnede til de brugere, der allerede har gennemg\u00e5et registreringsprocessen, s\u00e5 de beh\u00f8ver ikke at registrere sig igen. Der er promo-koder til at aktivere bonusser for et bestemt antal gratis spins, som 20 ekstra gratis spins for at spille for rigtige penge i en bestemt online casino slot. Derudover kan du f\u00e5 en bonus p\u00e5 125%, hvis du indtaster en s\u00e6rlig bonuskode. Der er ogs\u00e5 en kampagnekode til at aktivere en 100% bonus ved f\u00f8rste indbetaling. 100 gratis spins, eller gratis spins af hjulet i slots, tilf\u00f8jes til den 100% bonus.<\/p>\n<h3>Hvilke bonusser er tilg\u00e6ngelige p\u00e5 RocketPlay casinoets hjemmeside?<\/h3>\n<p>P\u00e5 hjemmesiden for Dansk online casino kan du finde mange nyttige og behagelige bonusser til nye og regelm\u00e6ssige brugere, kendere af online gambling. Generelt kan alle bonusser opdeles i to grupper &#8211; indskud og ikke indskud. Dette er en ganske praktisk fordeling, is\u00e6r for nye brugere. N\u00e5r alt kommer til alt, er der bonusser, som kun kan opn\u00e5s for registrering, downloading af mobilapplikationen, og der er bonusser for at foretage den f\u00f8rste, anden eller tredje indbetaling. Fordelen ved bonusser uden indskud er, at du kan spille slots for rigtige penge uden at bruge indskudsmidler. Selvom indskudsmidlerne stadig vil v\u00e6re n\u00f8dvendige for at aktivere et eller andet bonustilbud.<\/p>\n","protected":false},"excerpt":{"rendered":"<p>RocketPlay casino kampagnekode er en almindelig praksis for Dansk online casino stamkunder. Selv om det er nemt for alle nye brugere at beslutte sig for at registrere sig i dette eller hint online casino, hvis der er en promokode med gode bonusser til et langt spil for rigtige penge. Du kan finde en kampagnekode p\u00e5&#8230;<\/p>\n","protected":false},"author":1,"featured_media":0,"parent":0,"menu_order":0,"comment_status":"closed","ping_status":"closed","template":"","meta":{"_acf_changed":false,"_kad_post_transparent":"default","_kad_post_title":"default","_kad_post_layout":"default","_kad_post_sidebar_id":"","_kad_post_content_style":"default","_kad_post_vertical_padding":"default","_kad_post_feature":"","_kad_post_feature_position":"","_kad_post_header":false,"_kad_post_footer":false,"footnotes":""},"class_list":["post-2303","page","type-page","status-publish","hentry"],"acf":[],"rttpg_featured_image_url":null,"rttpg_author":{"display_name":"Tom","author_link":"https:\/\/rocketplay-game.com\/da\/author\/pemvas95n89x\/"},"rttpg_comment":0,"rttpg_category":null,"rttpg_excerpt":"RocketPlay casino kampagnekode er en almindelig praksis for Dansk online casino stamkunder. Selv om det er nemt for alle nye brugere at beslutte sig for at registrere sig i dette eller hint online casino, hvis der er en promokode med gode bonusser til et langt spil for rigtige penge. Du kan finde en kampagnekode p\u00e5...","_links":{"self":[{"href":"https:\/\/rocketplay-game.com\/da\/wp-json\/wp\/v2\/pages\/2303","targetHints":{"allow":["GET"]}}],"collection":[{"href":"https:\/\/rocketplay-game.com\/da\/wp-json\/wp\/v2\/pages"}],"about":[{"href":"https:\/\/rocketplay-game.com\/da\/wp-json\/wp\/v2\/types\/page"}],"author":[{"embeddable":true,"href":"https:\/\/rocketplay-game.com\/da\/wp-json\/wp\/v2\/users\/1"}],"replies":[{"embeddable":true,"href":"https:\/\/rocketplay-game.com\/da\/wp-json\/wp\/v2\/comments?post=2303"}],"version-history":[{"count":2,"href":"https:\/\/rocketplay-game.com\/da\/wp-json\/wp\/v2\/pages\/2303\/revisions"}],"predecessor-version":[{"id":2307,"href":"https:\/\/rocketplay-game.com\/da\/wp-json\/wp\/v2\/pages\/2303\/revisions\/2307"}],"wp:attachment":[{"href":"https:\/\/rocketplay-game.com\/da\/wp-json\/wp\/v2\/media?parent=2303"}],"curies":[{"name":"wp","href":"https:\/\/api.w.org\/{rel}","templated":true}]}}