{"id":2320,"date":"2022-06-13T18:04:06","date_gmt":"2022-06-13T15:04:06","guid":{"rendered":"https:\/\/rocketplay-game.com\/bingo\/"},"modified":"2022-10-31T17:14:13","modified_gmt":"2022-10-31T14:14:13","slug":"bingo","status":"publish","type":"page","link":"https:\/\/rocketplay-game.com\/da\/bingo\/","title":{"rendered":"S\u00e5dan spiller du bingo p\u00e5 RocketPlay Casino"},"content":{"rendered":"<p>Hvis du aldrig har spillet <a href=\"https:\/\/rocketplay-game.com\/da\/\">RocketPlay<\/a> gratis online bingo f\u00f8r, kan du stadig nemt forst\u00e5 spillets regler, da bingo er et simpelt jackpotspil med mange mennesker, der konkurrerer i hver hest om en (eller flere) vinderpr\u00e6mier. Der er dog flere forskellige formater, som dette spil kan spilles i, og hver enkelt bruger lidt forskellige regler.<\/p>\n<p>I dette spil k\u00f8ber spillerne kort med et gitter p\u00e5 fem gange fem. Femten tal er knyttet til hver af de fem kolonner, og normalt er hver kolonne forbundet med et af bogstaverne B-I-N-G-O. F.eks. indeholder B tallene 1-15, I tallene 16-30 osv. Kortene indeholder tilf\u00e6ldigt tildelte numre i hver kolonne fra det relevante interval. I mange varianter af RocketPlay online bingo anmeldelse gives det midterste felt til spillerne i begyndelsen af spillet som et &#8220;gratis felt&#8221;, hvilket prim\u00e6rt tjener til at fremskynde spillet p\u00e5 en eller anden m\u00e5de.<\/p>\n<p><img loading=\"lazy\" decoding=\"async\" class=\"aligncenter wp-image-220\" src=\"https:\/\/rocketplay-game.com\/wp-content\/uploads\/2022\/06\/rocketplaycasino-300x113.webp\" alt=\"\" width=\"800\" height=\"300\" srcset=\"https:\/\/rocketplay-game.com\/wp-content\/uploads\/2022\/06\/rocketplaycasino-300x113.webp 300w, https:\/\/rocketplay-game.com\/wp-content\/uploads\/2022\/06\/rocketplaycasino-1024x384.webp 1024w, https:\/\/rocketplay-game.com\/wp-content\/uploads\/2022\/06\/rocketplaycasino-768x288.webp 768w, https:\/\/rocketplay-game.com\/wp-content\/uploads\/2022\/06\/rocketplaycasino.webp 1140w\" sizes=\"auto, (max-width: 800px) 100vw, 800px\" \/><\/p>\n<p>V\u00e6rten annoncerer tallene et efter et, og spillerne markerer de tilsvarende felter p\u00e5 deres kort, n\u00e5r tallene stemmer overens. M\u00e5let med spillet er at v\u00e6re den f\u00f8rste spiller, der udfylder de tal, der kr\u00e6ves til et bestemt spil. Oftest skal spillerne udfylde en vandret, lodret eller diagonal r\u00e6kke med fem felter i tr\u00e6k. Forskellige andre brikker er ogs\u00e5 mulige: rhomber, fire hj\u00f8rner, rammer, bogstaver, fuld d\u00e6kning af felterne (den s\u00e5kaldte &#8220;blackout&#8221;). Generelt kan alle brikker anvendes, s\u00e5 l\u00e6nge spillerne forst\u00e5r, hvad der kr\u00e6ves for at opn\u00e5 en gevinst. Traditionelt set skal spilleren, n\u00e5r han eller hun har lukket sin brik, r\u00e5be &#8220;BINGO!&#8221;, hvorefter v\u00e6rten bekr\u00e6fter spillerens billet, og spilleren modtager en pr\u00e6mie for det p\u00e5g\u00e6ldende spil eller den p\u00e5g\u00e6ldende brik.<\/p>\n<p>I store dele af verden, is\u00e6r i Danmark, er en variant af spillet kaldet 90-Ball Bingo prim\u00e6rt udbredt. I dette tilf\u00e6lde modtager spillerne kort med tre r\u00e6kker og ni kolonner. Der vil dog kun v\u00e6re fem numre pr. kolonne (de resterende felter vil v\u00e6re tomme), hvilket betyder, at hver spillers kort vil indeholde 15 numre. Tallene i hver kolonne er forbundet med forskellige grupper af ca. ti tal: den f\u00f8rste kolonne kan kun indeholde tallene 1-9, den anden kolonne kan indeholde tallene 10-19, og den niende kolonne vil indeholde tallene 80-90.<\/p>\n<p>I det almindelige RocketPlay online bingo bonusspil uddeles der tre forskellige pr\u00e6mier. Den f\u00f8rste, mindste pr\u00e6mie gives til vinderen af &#8220;en linje&#8221;, som er den f\u00f8rste spiller, der g\u00e6tter alle fem tal p\u00e5 en vandret linje p\u00e5 sit kort. Den anden forel\u00f8bige pr\u00e6mie gives til den spiller, der udfylder to linjer (ti felter i alt &#8211; de s\u00e5kaldte spots). Endelig g\u00e5r den store pr\u00e6mie til den f\u00f8rste spiller (eller spillere), der f\u00e5r et &#8220;fuldt hus&#8221; ved at krydse alle 15 tal p\u00e5 sit kort korrekt.<\/p>\n<p>Andre versioner af spillet er ogs\u00e5 almindelige, selv om de er mindre popul\u00e6re end de to hovedvarianter. 80-ball RocketPlay bingospil online kort bruger en fire gange fire figurer, men dette spil er mere et 75-ball spil, hvor m\u00e5let for spillere, der \u00f8nsker at vinde en pr\u00e6mie, ofte er at d\u00e6kke alle linjer eller brikker. En version af dette spil, 30-Ball, er en &#8220;hurtig&#8221; version af spillet: spillerne f\u00e5r normalt et tre-mod-tre-kort, og den f\u00f8rste person, der udfylder hele kortet, vinder den kegles pr\u00e6mie.<\/p>\n<h2>Udfyldelse af dit virtuelle kort<\/h2>\n<p>RocketPlay play bingo online blev lanceret i slutningen af halvfemserne, og de f\u00f8rste versioner af spillet dukkede op p\u00e5 nettet omkring 1996. Mange af disse spil var gratis, nogle gav pr\u00e6mier (normalt ikke i kontant form) til vinderne. Bingo med rigtige penge begyndte f\u00f8rst for alvor at sprede sig online, efter at mange andre former for online gambling, s\u00e5som online poker, blev en succes i det f\u00f8rste \u00e5rti af det 21. \u00e5rhundrede.<\/p>\n<p>I dag kan spillerne v\u00e6lge mellem snesevis af velrenommerede, p\u00e5lidelige og popul\u00e6re websteder, s\u00e5som RocketPlay online bingo Danmark.<\/p>\n<p>De mest popul\u00e6re formater er med 75 og 90 kugler. Fordelingen af de enkelte spiltyper afh\u00e6nger af, hvilke regioner et bestemt websted er rettet mod: s\u00e5 hvis webstedets hovedpublikum er amerikanere eller canadiere, vil B-I-N-G-O-formatet sandsynligvis v\u00e6re dominerende.<\/p>\n<p>De fleste softwaresystemer indeholder f\u00e6lles funktioner, som spillerne kan bruge til at organisere deres spil bedre. Og mens hver spiller normalt har mulighed for at markere kortene manuelt (hvilket g\u00f8r spillet t\u00e6ttere p\u00e5 live-tilstand), findes der ogs\u00e5 en &#8220;autolabel&#8221;-funktion, der g\u00f8r dette arbejde automatisk &#8211; en funktion, der is\u00e6r er nyttig, n\u00e5r man spiller med mange kort.<\/p>\n<p>Apropos dem, der spiller med for mange kort og ikke kan holde styr p\u00e5 dem alle sammen, s\u00e5 er der sider, der tilbyder m\u00e5der at markere dine n\u00f8glehandlinger p\u00e5, n\u00e5r du vinder en con. Normalt tilbydes en vis sorteringsmekanisme, der flytter dine mest succesfulde kort til toppen, s\u00e5 du straks kan se, hvor t\u00e6t du er p\u00e5 at danne en vinderbrik.<\/p>\n<p><img loading=\"lazy\" decoding=\"async\" class=\"aligncenter wp-image-219\" src=\"https:\/\/rocketplay-game.com\/wp-content\/uploads\/2022\/06\/2832_rocketplay-game-selection-300x176.webp\" alt=\"\" width=\"800\" height=\"471\" srcset=\"https:\/\/rocketplay-game.com\/wp-content\/uploads\/2022\/06\/2832_rocketplay-game-selection-300x176.webp 300w, https:\/\/rocketplay-game.com\/wp-content\/uploads\/2022\/06\/2832_rocketplay-game-selection.webp 680w\" sizes=\"auto, (max-width: 800px) 100vw, 800px\" \/><\/p>\n<p>Hvordan kommer man i gang?<\/p>\n<p>Hvis du har besluttet dig for at pr\u00f8ve kr\u00e6fter med RocketPlay online bingo, har du truffet den rigtige beslutning. Webstedet tilbyder RocketPlay bingo online rigtige penge spil p\u00e5 dit omr\u00e5de.<\/p>\n<p>N\u00e5r du har \u00e5bnet en konto, skal du finde en m\u00e5de at foretage en indbetaling til den. For RocketPlay online bingo uden indskudsspil er der forskellige bankmuligheder, der bruges til internetspil, og de er mere eller mindre de samme som dem, der tilbydes i <a href=\"https:\/\/rocketplay-game.com\/da\/casino\/\">online casinoer<\/a>. Hvis du ikke er bekendt med dem, er her forklaringer p\u00e5 de metoder, der oftest bruges af spillere<span style=\"font-weight: 400; font-family: var(--global-body-font-family); font-size: 16px;\">:<\/span><\/p>\n<ul>\n<li style=\"font-weight: 400;\" aria-level=\"1\">Kreditkort: Kan jeg bruge kreditkort til dette form\u00e5l? Visa og MasterCard er bredt accepteret i online gambling-verdenen, selv om det er op til de udstedende banker at bestemme, om de \u00f8nsker, at deres kort skal bruges p\u00e5 s\u00e5danne sider. Det betyder, at du kan opleve, at nogle kort ikke bliver behandlet p\u00e5 nogle af de sider, som du vil spille p\u00e5.<\/li>\n<li style=\"font-weight: 400;\" aria-level=\"1\">Elektroniske tegneb\u00f8ger: Disse tjenester giver dig mulighed for at opbevare penge i en virtuel &#8220;tegnebog&#8221;, som du kan bruge til at foretage indskud, foretage udbetalinger eller sende penge tilbage til din bankkonto. Typisk opretter en e-wallet forbindelse til din bankkonto, dit kreditkort eller en anden finansieringskilde, og derefter kan du bruge e-wallet til at koordinere alle dine banktransaktioner. Skrill og Neteller er popul\u00e6re e-wallets i spilverdenen, og PayPal (m\u00e5ske den mest kendte e-wallet til generelle form\u00e5l) accepteres ogs\u00e5 p\u00e5 nogle websteder.<\/li>\n<li style=\"font-weight: 400;\" aria-level=\"1\">Bankoverf\u00f8rsler: Hvis du ikke \u00f8nsker at have med mellemm\u00e6nd at g\u00f8re, kan du altid overf\u00f8re penge direkte fra din bank til det rigtige websted.<\/li>\n<li style=\"font-weight: 400;\" aria-level=\"1\">Forudbetalte vouchere\/kort: Du vil m\u00e5ske gerne bruge kontanter til at finansiere dit spil, men du kan ikke bare tage et par dollars og sende dem til din yndlingsside. I stedet kan du k\u00f8be et forudbetalt produkt, som du modtager sammen med en kode, som du kan bruge p\u00e5 dit \u00f8nskede websted til at finansiere din konto. Et godt eksempel er Ukash. Det er en kupon, der s\u00e6lges p\u00e5 tusindvis af detailhandelssteder. PaySafeCard er en anden popul\u00e6r mulighed for at foretage forudbetalte indbetalinger.<\/li>\n<\/ul>\n<p>Dette er blot nogle af de mange m\u00e5der at indbetale penge p\u00e5 din konto p\u00e5. Modtagelse af dine udbetalinger sker normalt p\u00e5 samme m\u00e5de &#8211; desuden vil de fleste operat\u00f8rer med gl\u00e6de sende dig en check, hvis det er den bedste m\u00e5de for dig at modtage dine gevinster p\u00e5. Hvis du allerede har en konto og har saldoen til at fylde den op, vil du kunne k\u00f8be kort og spille dit f\u00f8rste spil p\u00e5 f\u00e5 minutter!<\/p>\n<p>Hvad ang\u00e5r software, underst\u00f8ttes RocketPlay af \u00f8jeblikkelige betalingsplatforme, som du kan f\u00e5 adgang til direkte fra din webbrowser. I disse dage er der, ligesom med andre former for internetspil, sket en betydelig stigning i interessen for mobilbingo. RocketPlay Casino tilbyder en app, der kan tilg\u00e5s direkte fra din <a href=\"https:\/\/rocketplay-game.com\/da\/mobile-version\/\">smartphone<\/a> eller tablet, s\u00e5 du kan hoppe direkte ind og spille et par indsatser, mens du er forbundet til internettet.<\/p>\n","protected":false},"excerpt":{"rendered":"<p>Hvis du aldrig har spillet RocketPlay gratis online bingo f\u00f8r, kan du stadig nemt forst\u00e5 spillets regler, da bingo er et simpelt jackpotspil med mange mennesker, der konkurrerer i hver hest om en (eller flere) vinderpr\u00e6mier. Der er dog flere forskellige formater, som dette spil kan spilles i, og hver enkelt bruger lidt forskellige regler&#8230;.<\/p>\n","protected":false},"author":1,"featured_media":0,"parent":0,"menu_order":0,"comment_status":"closed","ping_status":"closed","template":"page-with-bonus.php","meta":{"_acf_changed":false,"_kad_post_transparent":"default","_kad_post_title":"default","_kad_post_layout":"default","_kad_post_sidebar_id":"","_kad_post_content_style":"default","_kad_post_vertical_padding":"default","_kad_post_feature":"","_kad_post_feature_position":"","_kad_post_header":false,"_kad_post_footer":false,"footnotes":""},"class_list":["post-2320","page","type-page","status-publish","hentry"],"acf":[],"rttpg_featured_image_url":null,"rttpg_author":{"display_name":"Tom","author_link":"https:\/\/rocketplay-game.com\/da\/author\/pemvas95n89x\/"},"rttpg_comment":0,"rttpg_category":null,"rttpg_excerpt":"Hvis du aldrig har spillet RocketPlay gratis online bingo f\u00f8r, kan du stadig nemt forst\u00e5 spillets regler, da bingo er et simpelt jackpotspil med mange mennesker, der konkurrerer i hver hest om en (eller flere) vinderpr\u00e6mier. Der er dog flere forskellige formater, som dette spil kan spilles i, og hver enkelt bruger lidt forskellige regler....","_links":{"self":[{"href":"https:\/\/rocketplay-game.com\/da\/wp-json\/wp\/v2\/pages\/2320","targetHints":{"allow":["GET"]}}],"collection":[{"href":"https:\/\/rocketplay-game.com\/da\/wp-json\/wp\/v2\/pages"}],"about":[{"href":"https:\/\/rocketplay-game.com\/da\/wp-json\/wp\/v2\/types\/page"}],"author":[{"embeddable":true,"href":"https:\/\/rocketplay-game.com\/da\/wp-json\/wp\/v2\/users\/1"}],"replies":[{"embeddable":true,"href":"https:\/\/rocketplay-game.com\/da\/wp-json\/wp\/v2\/comments?post=2320"}],"version-history":[{"count":2,"href":"https:\/\/rocketplay-game.com\/da\/wp-json\/wp\/v2\/pages\/2320\/revisions"}],"predecessor-version":[{"id":2321,"href":"https:\/\/rocketplay-game.com\/da\/wp-json\/wp\/v2\/pages\/2320\/revisions\/2321"}],"wp:attachment":[{"href":"https:\/\/rocketplay-game.com\/da\/wp-json\/wp\/v2\/media?parent=2320"}],"curies":[{"name":"wp","href":"https:\/\/api.w.org\/{rel}","templated":true}]}}