{"id":2326,"date":"2022-06-13T19:37:05","date_gmt":"2022-06-13T16:37:05","guid":{"rendered":"https:\/\/rocketplay-game.com\/table-games\/"},"modified":"2024-02-09T14:44:30","modified_gmt":"2024-02-09T11:44:30","slug":"table-games","status":"publish","type":"page","link":"https:\/\/rocketplay-game.com\/da\/table-games\/","title":{"rendered":"Gambling bordspil online p\u00e5 RocketPlay Casino"},"content":{"rendered":"<p>P\u00e5 trods af at den mest popul\u00e6re kategori af virtuelle spil i dag er video slots, foretr\u00e6kker mange af disse elskere af risiko og sp\u00e6nding at spille bordspil online.<\/p>\n<p>RocketPlay casino bordspil er en af de \u00e6ldste underholdning af menneskeheden, som ikke har mistet sin popularitet i \u00e5rhundreder. Denne popularitet skyldes en r\u00e6kke forskellige \u00e5rsager, som du vil l\u00e6re her, det officielle casino online RocketPlay.<\/p>\n<p><img loading=\"lazy\" decoding=\"async\" class=\"aligncenter wp-image-244\" src=\"https:\/\/rocketplay-game.com\/wp-content\/uploads\/2022\/06\/rocketplay-site-300x114.png\" alt=\"Gambling bordspil online p\u00e5 RocketPlay Casino\" width=\"800\" height=\"303\" srcset=\"https:\/\/rocketplay-game.com\/wp-content\/uploads\/2022\/06\/rocketplay-site-300x114.png 300w, https:\/\/rocketplay-game.com\/wp-content\/uploads\/2022\/06\/rocketplay-site-768x291.png 768w, https:\/\/rocketplay-game.com\/wp-content\/uploads\/2022\/06\/rocketplay-site.png 930w\" sizes=\"auto, (max-width: 800px) 100vw, 800px\" \/><\/p>\n<h2>Popul\u00e6re bordspil online p\u00e5 RocketPlay Casino<\/h2>\n<p>I overensstemmelse med det moderne livs realiteter er det meste af spilunderholdningen flyttet ind i online-sf\u00e6ren. Hvis du tilh\u00f8rer gruppen af mennesker, der ikke vil n\u00e6gte at pr\u00f8ve lykken ved spillebordet &#8211; is\u00e6r for dig RocketPlay casino bordspil online fra verdens f\u00f8rende udbydere.<\/p>\n<p>I denne sektion kan du spille poker online gratis uden registrering eller for rigtige penge. Derudover er der specielt til dig her kortspillet baccarat, den europ\u00e6iske og amerikanske version af roulette, kortspillet twenty-one online (aka blackjack) og meget mere. I denne sektion har vi samlet de mest popul\u00e6re RocketPlay bedste casino bordspil, som findes i spillestuerne rundt om i verden.<\/p>\n<h2>RocketPlay bordspil<\/h2>\n<p>Ved at spille i demo-versionen kan begyndere omhyggeligt l\u00e6re de teoretiske aspekter og karakteristika ved en bestemt maskine, og mere erfarne spillere &#8211; for at \u00f8ve deres egne f\u00e6rdigheder og udvikle individuelle vinderstrategier.<\/p>\n<p>Alle indsendte maskiner er kendetegnet ved h\u00f8j kvalitet, meget realistisk grafik, hvilket bidrager til at skabe atmosf\u00e6ren af spillerens virkelige tilstedev\u00e6relse i casinorummet.<\/p>\n<p>Det er af denne grund, f\u00f8rst og fremmest verdens udbydere som Microgaming eller TomHorn Games &#8211; de f\u00f8rende udviklere af emulatorer af bordspil som poker, roulette online osv. er opm\u00e6rksomme p\u00e5 kvaliteten af grafikken, s\u00e5vel som musikken. Derudover pr\u00e6senteres p\u00e5 webstedet RocketPlay gratis casino bordspil har en intuitiv gr\u00e6nseflade, der forenkler processen med at l\u00e6re som bruger.<\/p>\n<p>Enhver spiller, der bes\u00f8ger den virtuelle spillevirksomhed, \u00f8nsker at tilbringe tid interessant og nyde atmosf\u00e6ren af risiko, og det er, hvad han kan g\u00f8re RocketPlay online casino bordspil for rigtige penge. Ved at lave rigtige indsatser f\u00e5r du en chance for at blive ejer af en stor pr\u00e6mie. For at g\u00f8re dette, skal du blot registrere dig p\u00e5 hjemmesiden RocketPlay, og indbetale enhver bekvem m\u00e5de.<\/p>\n<h2>Fordele ved bordspil frem for video slots<\/h2>\n<p>P\u00e5 trods af at de, der lige er ved at blive bekendt med verden af virtuelle spil, RocketPlay casino bordspil app virker for kompliceret, og de foretr\u00e6kker lyse og farverige video slots, er denne beslutning lidt forkert.<\/p>\n<p>Denne kategori tilbyder spillernes opm\u00e6rksomhed en bred vifte af underholdning, blandt hvilke du kan finde muligheder med komplekse regler og enkle spil, der kun kr\u00e6ver, at du laver en indsats og trykker p\u00e5 startknappen.<\/p>\n<p>F\u00f8rende udviklere har udstyret deres produkter med detaljerede regler, hvorigennem selv spilleren, der f\u00f8rst st\u00f8der p\u00e5 s\u00e5danne spil, nemt kan forst\u00e5 forvaltningen og alle funktioner i forvaltningen.<\/p>\n<h2>Roulette bordspil p\u00e5 RocketPlay online casino<\/h2>\n<p>Og n\u00e5r du finder ud af alle reglerne og begynder at spille &#8211; vil processen helt optage dig. I mods\u00e6tning til spilleautomater, hvor resultatet er 100% afh\u00e6ngig af Fortunes velvilje, er fordelen i bordspil p\u00e5 spillerens side. Og dette er ikke en fantasi udviklere, men en virkelig bevist kendsgerning.<\/p>\n<p><img loading=\"lazy\" decoding=\"async\" class=\"aligncenter wp-image-4629\" src=\"https:\/\/rocketplay-game.com\/wp-content\/uploads\/2024\/02\/2222.png\" alt=\"Gambling bordspil online p\u00e5 RocketPlay Casino 2\" width=\"800\" height=\"431\" srcset=\"https:\/\/rocketplay-game.com\/wp-content\/uploads\/2024\/02\/2222.png 1343w, https:\/\/rocketplay-game.com\/wp-content\/uploads\/2024\/02\/2222-300x162.png 300w, https:\/\/rocketplay-game.com\/wp-content\/uploads\/2024\/02\/2222-1024x551.png 1024w, https:\/\/rocketplay-game.com\/wp-content\/uploads\/2024\/02\/2222-768x413.png 768w\" sizes=\"auto, (max-width: 800px) 100vw, 800px\" \/><\/p>\n<p>Alle ved, at grundlaget for ethvert video slot er en generator af tilf\u00e6ldige tal &#8211; en enhed, der skaber en tilf\u00e6ldig sekvens af tal. Resultatet vises som en kombination af symboler p\u00e5 hjulene. I dette tilf\u00e6lde lovede hver spilleautomatudvikler oprindeligt procentvise afkast til spillerne. I de bedste slots, som du kan finde i den relevante sektion p\u00e5 vores hjemmeside, er denne procentdel omkring 95%.<\/p>\n<p>Men i underholdningen af denne kategori ogpremium casino til spillerne er meget lavere. Derudover kan deltageren holde i deres h\u00e6nder den absolutte kontrol over processen og spillet. I alle popul\u00e6re bordspil online casinoer er resultatet af gameplayet i h\u00f8j grad bestemt ikke kun af spillerens held, men har en proportional afh\u00e6ngighed af de valg, som han har foretaget.<\/p>\n<p>Processen, hvis resultat afh\u00e6nger af brugerens egne beslutninger, bringer en meget mere levende og rig oplevelse, der fylder blodet med adrenalin. Derfor er det casino bordspil, der for erfarne spillere er forbundet med en meget mere levende fornemmelse af atmosf\u00e6ren af risiko og sp\u00e6nding.<\/p>\n<h2>En variation af bordkortspillet &#8211; video poker<\/h2>\n<p>En anden vigtig fordel er varigheden af gameplayet. Mens hjulene ofte drejer i et par sekunder, kan et spil kort i Three Card <a href=\"https:\/\/rocketplay-game.com\/da\/poker\/\">Poker<\/a> vare meget l\u00e6ngere. Du kan v\u00e6lge dine egne, der passer til dit eget spiltempo, for eksempel i spillemaskinen Baccara (Baccarat).<\/p>\n<h2>Hvordan v\u00e6lger man et br\u00e6tspil?<\/h2>\n<p>Ved valg af en passende underholdning b\u00f8r du v\u00e6re opm\u00e6rksom p\u00e5 f\u00f8lgende n\u00f8glefunktioner:<\/p>\n<ul>\n<li style=\"font-weight: 400;\" aria-level=\"1\">grafik af h\u00f8j kvalitet;<\/li>\n<li style=\"font-weight: 400;\" aria-level=\"1\">Muligheden for at spille fra en <a href=\"https:\/\/rocketplay-game.com\/da\/mobile-version\/\">mobilenhed<\/a>, som underst\u00f8tter den innovative teknologi HTML5 &#8211; s\u00e5 du kan nyde dine yndlingsspil n\u00e5r som helst og hvor som helst, n\u00e5r det passer dig;<\/li>\n<li style=\"font-weight: 400;\" aria-level=\"1\">stabil drift &#8211; da resultatet i denne form for underholdning i h\u00f8j grad afh\u00e6nger af den taktik, som spilleren bruger, kan enhver fejl eller afbrydelse af forbindelsen v\u00e6re fatal;<\/li>\n<li style=\"font-weight: 400;\" aria-level=\"1\">realistisk mekanik i gameplayet, som giver deltagerne mulighed for at f\u00e5 fuld nydelse af processen med at spille og skaber en \u00e6gte atmosf\u00e6re af tilstedev\u00e6relse i casino-spilrummet;<\/li>\n<li style=\"font-weight: 400;\" aria-level=\"1\">overholdelse af internationale spilstandarder g\u00f8r det muligt for brugere fra forskellige lande at deltage i spillet uden at t\u00e6nke p\u00e5 forskellene i reglerne.<\/li>\n<\/ul>\n<p>Intet depositum bonus casino for bordspil RocketPlay overholder fuldt ud alle ovenst\u00e5ende egenskaber. S\u00e5 du skal bare \u00e5bne det spil, du kan lide &#8211; og nyd den sp\u00e6ndende atmosf\u00e6re af sp\u00e6nding og risiko med online casino RocketPlay!<\/p>\n<p><img loading=\"lazy\" decoding=\"async\" class=\"aligncenter wp-image-4638\" src=\"https:\/\/rocketplay-game.com\/wp-content\/uploads\/2024\/02\/33333.png\" alt=\"Gambling bordspil online p\u00e5 RocketPlay Casino 2\" width=\"800\" height=\"393\" srcset=\"https:\/\/rocketplay-game.com\/wp-content\/uploads\/2024\/02\/33333.png 1348w, https:\/\/rocketplay-game.com\/wp-content\/uploads\/2024\/02\/33333-300x147.png 300w, https:\/\/rocketplay-game.com\/wp-content\/uploads\/2024\/02\/33333-1024x503.png 1024w, https:\/\/rocketplay-game.com\/wp-content\/uploads\/2024\/02\/33333-768x377.png 768w\" sizes=\"auto, (max-width: 800px) 100vw, 800px\" \/><\/p>\n<h2>Ofte stillede sp\u00f8rgsm\u00e5l om bordspil i casino<\/h2>\n<h3>Hvad er casinobordspil?<\/h3>\n<p>Bordspil er virtuelle emulatorer af de mest popul\u00e6re kortspil og roulette-spil, der er implementeret med en maksimal grad af realisme, samt live-spil med en live dealer. Her kan spilleren p\u00e5virke resultatet af runden med sine egne beslutninger og f\u00e6rdigheder, og implementering af h\u00f8j kvalitet skaber en \u00e6gte atmosf\u00e6re af tilstedev\u00e6relse i det rigtige spillelokale.<\/p>\n<h3>Hvilke bordspil kan spilles p\u00e5 RocketPlay online casino?<\/h3>\n<p>Online casino RocketPlay tilbyder alle popul\u00e6re typer af bordspil for penge: kortspil (poker, blackjack og baccarat), roulette (fransk, amerikansk og europ\u00e6isk), craps, skrabespil og andre. En separat kategori er spil med live dealere (Live Casino): terninger, baccarat, poker samt lotterier og lykkehjul. Hvis du kigger p\u00e5 de enkelte spil, er der bordspil online fra udbyderne Tom Horn, Microgaming, Playtech, Playson, Amatic og BetGames TV.<\/p>\n<h3>Hvilket bordspil skal du v\u00e6lge for at spille om penge?<\/h3>\n<p>Sp\u00f8rgsm\u00e5let om at v\u00e6lge det bedste online bordspil &#8211; kortspil eller roulette &#8211; til at spille for rigtige indsatser er individuelt. Da hver art, i mods\u00e6tning til video slots, hvor gameplayet stort set er identisk, har hver art sin egen unikke karakter. V\u00e6r ogs\u00e5 opm\u00e6rksom p\u00e5 udbetalingsprocenten for en bestemt model (for video poker og spilleautomater med roulette), en indikator, der direkte p\u00e5virker rentabiliteten af dit spil. Erfarne spillere v\u00e6lger oftest Aces and Faces Poker, fransk roulette, Bet-on-Poker og Deuces Wild.<\/p>\n<h3>Hvilke online casino bordspil er bedre: roulette, kort eller craps?<\/h3>\n<p>Det er umuligt at svare entydigt p\u00e5 sp\u00f8rgsm\u00e5let om, hvilke online casino bordspil der er bedre, da det er et sp\u00f8rgsm\u00e5l om individuelle pr\u00e6ferencer. Hvis man tager udgangspunkt i den generelle popularitet af denne type spilleautomater blandt spillerne, er de mest popul\u00e6re kortspil, nemlig video poker, hvorfra virtuel blackjack praktisk talt holder trit. Roulette mister heller ikke sin position i den virtuelle inkarnation, er retf\u00e6rdigg\u00f8r sin &#8220;kongelige titel.<\/p>\n<h3>Kan jeg spille bordspil gratis?<\/h3>\n<p>P\u00e5 casinoets officielle hjemmeside RocketPlay kan du pr\u00f8ve enhver bordmaskine i gratis demotilstand. Demospil kr\u00e6ver ikke registrering p\u00e5 webstedet eller indbetaling, og er tilg\u00e6ngelig for alle bes\u00f8gende p\u00e5 projektet, bare v\u00e6lg den relevante model og forts\u00e6t til spillet.<\/p>\n","protected":false},"excerpt":{"rendered":"<p>P\u00e5 trods af at den mest popul\u00e6re kategori af virtuelle spil i dag er video slots, foretr\u00e6kker mange af disse elskere af risiko og sp\u00e6nding at spille bordspil online. RocketPlay casino bordspil er en af de \u00e6ldste underholdning af menneskeheden, som ikke har mistet sin popularitet i \u00e5rhundreder. Denne popularitet skyldes en r\u00e6kke forskellige \u00e5rsager,&#8230;<\/p>\n","protected":false},"author":1,"featured_media":0,"parent":0,"menu_order":0,"comment_status":"closed","ping_status":"closed","template":"page-with-bonus.php","meta":{"_acf_changed":false,"_kad_post_transparent":"default","_kad_post_title":"default","_kad_post_layout":"default","_kad_post_sidebar_id":"","_kad_post_content_style":"default","_kad_post_vertical_padding":"default","_kad_post_feature":"","_kad_post_feature_position":"","_kad_post_header":false,"_kad_post_footer":false,"footnotes":""},"class_list":["post-2326","page","type-page","status-publish","hentry"],"acf":[],"rttpg_featured_image_url":null,"rttpg_author":{"display_name":"Tom","author_link":"https:\/\/rocketplay-game.com\/da\/author\/pemvas95n89x\/"},"rttpg_comment":0,"rttpg_category":null,"rttpg_excerpt":"P\u00e5 trods af at den mest popul\u00e6re kategori af virtuelle spil i dag er video slots, foretr\u00e6kker mange af disse elskere af risiko og sp\u00e6nding at spille bordspil online. RocketPlay casino bordspil er en af de \u00e6ldste underholdning af menneskeheden, som ikke har mistet sin popularitet i \u00e5rhundreder. Denne popularitet skyldes en r\u00e6kke forskellige \u00e5rsager,...","_links":{"self":[{"href":"https:\/\/rocketplay-game.com\/da\/wp-json\/wp\/v2\/pages\/2326","targetHints":{"allow":["GET"]}}],"collection":[{"href":"https:\/\/rocketplay-game.com\/da\/wp-json\/wp\/v2\/pages"}],"about":[{"href":"https:\/\/rocketplay-game.com\/da\/wp-json\/wp\/v2\/types\/page"}],"author":[{"embeddable":true,"href":"https:\/\/rocketplay-game.com\/da\/wp-json\/wp\/v2\/users\/1"}],"replies":[{"embeddable":true,"href":"https:\/\/rocketplay-game.com\/da\/wp-json\/wp\/v2\/comments?post=2326"}],"version-history":[{"count":3,"href":"https:\/\/rocketplay-game.com\/da\/wp-json\/wp\/v2\/pages\/2326\/revisions"}],"predecessor-version":[{"id":5202,"href":"https:\/\/rocketplay-game.com\/da\/wp-json\/wp\/v2\/pages\/2326\/revisions\/5202"}],"wp:attachment":[{"href":"https:\/\/rocketplay-game.com\/da\/wp-json\/wp\/v2\/media?parent=2326"}],"curies":[{"name":"wp","href":"https:\/\/api.w.org\/{rel}","templated":true}]}}