{"id":2329,"date":"2022-06-17T16:45:32","date_gmt":"2022-06-17T13:45:32","guid":{"rendered":"https:\/\/rocketplay-game.com\/download\/"},"modified":"2024-02-09T16:31:59","modified_gmt":"2024-02-09T13:31:59","slug":"download","status":"publish","type":"page","link":"https:\/\/rocketplay-game.com\/da\/download\/","title":{"rendered":"Hent online casino RocketPlay"},"content":{"rendered":"<p>I dag er der mange mennesker, der gerne vil pr\u00f8ve lykken og spille p\u00e5 spilleautomater, og der findes et stort antal institutioner for dette. For eksempel kan du RocketPlay online casino download. Men mange undrer sig over, om du kan pr\u00f8ve at spille gratis uden at miste deres egne penge? Er der en s\u00e5dan chance? Og vi svarer med stor tillid, at det ikke kun eksisterer, men det er ret popul\u00e6rt! Is\u00e6r nybegyndere kan lide at spille uden nogen penge. Husk p\u00e5, at du i dette tilf\u00e6lde ikke kan tr\u00e6kke dine gevinster ud, fordi du ikke medbringer dine egne, men der er mange andre fordele. Det er det, som vi vil tale om nu. Men lad os starte med nogle grundl\u00e6ggende oplysninger om online gambling.<\/p>\n<p style=\"text-align: center;\"><img loading=\"lazy\" decoding=\"async\" class=\"aligncenter wp-image-4723\" src=\"https:\/\/rocketplay-game.com\/wp-content\/uploads\/2024\/02\/tytryew2.png\" alt=\"Download RocketPlay\" width=\"800\" height=\"388\" srcset=\"https:\/\/rocketplay-game.com\/wp-content\/uploads\/2024\/02\/tytryew2.png 1386w, https:\/\/rocketplay-game.com\/wp-content\/uploads\/2024\/02\/tytryew2-300x145.png 300w, https:\/\/rocketplay-game.com\/wp-content\/uploads\/2024\/02\/tytryew2-1024x496.png 1024w, https:\/\/rocketplay-game.com\/wp-content\/uploads\/2024\/02\/tytryew2-768x372.png 768w\" sizes=\"auto, (max-width: 800px) 100vw, 800px\" \/><\/p>\n<h2>Hvad er et online casino: Nyttige oplysninger<\/h2>\n<p>Enhver spiller b\u00f8r v\u00e6re klar over, at n\u00e6sten alle klubber i dag gradvist flytter sig til online formatet. Virtuelle casinoer tilbyder n\u00e6sten lige s\u00e5 mange maskiner som konventionelle casinoer. S\u00e5ledes pr\u00e6senterer de en bred vifte af underholdning for spillere, herunder online slots, kortspil, <a href=\"https:\/\/rocketplay-game.com\/da\/poker\/\">poker<\/a> og meget mere. Og de er alle tilg\u00e6ngelige for absolut enhver spiller, der beslutter sig for at bes\u00f8ge et bestemt websted og have det sjovt der.<\/p>\n<p>Blandt fordelene ved ethvert casino p\u00e5 internettet er muligheden for RocketPlay gratis casinospil download. Denne mulighed giver dig mulighed for at nyde din yndlingshobby, selv n\u00e5r du er v\u00e6k hjemmefra. Og n\u00e5r du er p\u00e5 farten, vil du kunne g\u00e5 til webstedet og spille slots.<\/p>\n<h2>Casino download guide<\/h2>\n<p>Antag, at du beslutter dig for at downloade RocketPlay casino app. I s\u00e5 fald skal du forts\u00e6tte som f\u00f8lger:<\/p>\n<ul>\n<li>Download casinofilerne. Vi anbefaler, at du udelukkende downloader casinoet fra dets officielle portal. P\u00e5 den m\u00e5de kan du v\u00e6re sikker p\u00e5, at du ikke bliver offer for snydere og f\u00e5r pr\u00e6cis de filer, du har brug for &#8211; uden virus, trojanere og anden skadelig software;<\/li>\n<li>Start af klienten. N\u00e5r du har downloadet filerne, skal du blot \u00e5bne dem. Du skal ikke have travlt med at klikke p\u00e5 alle knapperne &#8211; du vil snart blive bedt om at l\u00e6se vilk\u00e5rene i brugeraftalen, v\u00e6lge et sprog til gr\u00e6nsefladen osv;<\/li>\n<li>Hvis du ikke har en profil p\u00e5 det &#8220;fulde&#8221; casino-websted, skal du oprette en ny konto. Hvis du allerede har en profil, skal du blot logge ind p\u00e5 din Live-konto med dit gamle brugernavn og adgangskode. Hvis de af en eller anden grund ikke passer til dit brugernavn og din adgangskode, skal du bede om teknisk support.<\/li>\n<\/ul>\n<p>Online casinoer i mobilapplikationer tilbyder valget mellem at spille for rigtige penge eller gratis. Vi anbefaler, at du f\u00f8rst v\u00e6lger den gratis demoversion fra RocketPlay casino og derefter RocketPlay download casinospil for rigtige penge. Du kan blive bekendt med menuen, placeringen af funktionelle knapper, l\u00e6re alle funktionerne og evnerne i gameplayet. Dette tr\u00e6k giver dig mulighed for at undg\u00e5 fejl.<\/p>\n<h2>Mobile casinoer &#8211; har de nogen fordele?<\/h2>\n<p>RocketPlay casino mobile download til smartphones og tablets gaming klubber med slots og kortspil har flere betydelige fordele:<\/p>\n<ul>\n<li>Udvalget og variationen af spil er ikke mindre end det, der venter dig p\u00e5 den fulde casinoversion;<\/li>\n<li>Programgr\u00e6nsefladen er tilg\u00e6ngelig og forst\u00e5elig, selv for nybegyndere;<\/li>\n<li><a href=\"https:\/\/rocketplay-game.com\/da\/mobile-version\/\">Mobile applikationer<\/a> har en st\u00e6rk beskyttelse mod ondsindet kode;<\/li>\n<li>Alle spillerdata (konto og saldo) gemmes fra den almindelige version af casinoet;<\/li>\n<li>Spil har tendens til at have grafik af h\u00f8jere kvalitet og er mindre tilb\u00f8jelige til at fryse;<\/li>\n<li>Valget af indstillinger er omfattende;<\/li>\n<li>Der kr\u00e6ves ingen h\u00f8jhastigheds-internetforbindelse for at spille. Selv med et langsomt netv\u00e6rk og minimal trafik kan du have en god tid.<\/li>\n<\/ul>\n<p>Kan jeg deltage i online casinoturneringer, mens jeg spiller fra min smartphone? Svaret er ja. Alle kampagner og s\u00e6rlige tilbud fra klubben vil v\u00e6re tilg\u00e6ngelige for dig. Der er heller ingen gr\u00e6nser for udbetaling af pr\u00e6mier<\/p>\n<h2>S\u00e5dan downloader du casinosoftwaren<\/h2>\n<p>For at have adgang til RocketPlay spilleautomater til enhver tid, skal du finde og RocketPlay casino Danmark download, der passer til den enhed, hvorfra du vil f\u00e5 adgang til de virtuelle haller i spilleklubben.<\/p>\n<h2>Muligheder, der tilbydes af RocketPlay administration<\/h2>\n<p>Da langt de fleste internetbrugere ikke er meget fortrolige med det grundl\u00e6ggende i programmering, er popul\u00e6re applikationer dem, der kan installeres p\u00e5 &#8220;grundl\u00e6ggende&#8221; operativsystemer:<\/p>\n<ul>\n<li>Windows fra Microsoft;<\/li>\n<li>Android fra Google;<\/li>\n<li>iOS fra Apple.<\/li>\n<\/ul>\n<h2>S\u00e5dan downloader du RocketPlay Android-appen<\/h2>\n<p>RocketPlay casinospil download fuld version kan g\u00f8res ved at klikke p\u00e5 den relevante knap p\u00e5 download-siden p\u00e5 din Android tablet eller smartphone. Normalt vil denne proces ikke tage mere end to til tre minutter med en normal internetforbindelse. Inden du downloader, skal du huske at markere feltet &#8220;Tillad installation fra ukendte kilder&#8221; i din gadgets sikkerhedsindstillinger.<\/p>\n<p>N\u00e5r RocketPlay-v\u00e6rkt\u00f8jet er blevet downloadet, skal du starte det ved at godkende installationen af programmet. N\u00e5r programmet er installeret, vises en RocketPlay-genvej p\u00e5 skrivebordet p\u00e5 din smartphone eller tablet.<\/p>\n<p>Du skal derefter logge ind p\u00e5 dit sikre klientomr\u00e5de eller gennemf\u00f8re registreringsprocessen, og derfra vil du kunne nyde alle fordelene ved at v\u00e6re et fuldgyldigt medlem af RocketPlay-klubben.<\/p>\n<h2>S\u00e5dan downloader du RocketPlay-appen til Windows<\/h2>\n<p>Hvis du er vant til at have det sjovt i dit eget hjem, er RocketPlay til Windows ideel. Is\u00e6r fordi den er lige s\u00e5 nem at installere p\u00e5 en pc som p\u00e5 en smartphone:<\/p>\n<ul>\n<li>Download appen, og gem den i en mappe efter eget valg p\u00e5 din computer;<\/li>\n<li>K\u00f8r installationen af v\u00e6rkt\u00f8jet ved at v\u00e6lge en mappe for at installere det;<\/li>\n<li>Klik p\u00e5 &#8220;Luk&#8221;-knappen, indtil installationen er afsluttet.<\/li>\n<\/ul>\n<p>Og alle <a href=\"https:\/\/rocketplay-game.com\/da\/bonus\/\">bonusser<\/a>, kampagner og overraskelser fra RocketPlay-administrationen er til din r\u00e5dighed!<\/p>\n<p style=\"text-align: center;\"><img loading=\"lazy\" decoding=\"async\" class=\"wp-image-4712 aligncenter\" src=\"https:\/\/rocketplay-game.com\/wp-content\/uploads\/2024\/02\/31244399_smartphone231-scaled.jpg\" alt=\"Download RocketPlay 2\" width=\"800\" height=\"400\" srcset=\"https:\/\/rocketplay-game.com\/wp-content\/uploads\/2024\/02\/31244399_smartphone231-scaled.jpg 2560w, https:\/\/rocketplay-game.com\/wp-content\/uploads\/2024\/02\/31244399_smartphone231-300x150.jpg 300w, https:\/\/rocketplay-game.com\/wp-content\/uploads\/2024\/02\/31244399_smartphone231-1024x512.jpg 1024w, https:\/\/rocketplay-game.com\/wp-content\/uploads\/2024\/02\/31244399_smartphone231-768x384.jpg 768w, https:\/\/rocketplay-game.com\/wp-content\/uploads\/2024\/02\/31244399_smartphone231-1536x768.jpg 1536w, https:\/\/rocketplay-game.com\/wp-content\/uploads\/2024\/02\/31244399_smartphone231-2048x1024.jpg 2048w\" sizes=\"auto, (max-width: 800px) 100vw, 800px\" \/><\/p>\n<h2>Funktioner i den downloadbare casinolobby<\/h2>\n<p>Hver producent af software til internetspil implementerer sine egne egenskaber i den downloadbare software. Som regel er f\u00f8lgende sektioner altid tilg\u00e6ngelige:<\/p>\n<ul>\n<li>Kasse, hvor de finansielle transaktioner udf\u00f8res;<\/li>\n<li>Kabinet med kundedata;<\/li>\n<li>Lobby med spil opdelt i tematiske sektioner;<\/li>\n<li>Turneringsvindue;<\/li>\n<li>Side med bonusser og kampagner;<\/li>\n<li>Metoder til at kontakte kundesupportrepr\u00e6sentanterne;<\/li>\n<li>En postkasse, hvor e-mails ankommer, og s\u00e5 videre.<\/li>\n<\/ul>\n<p>Alle producenter fors\u00f8ger at g\u00f8re casino klientsoftwaren intuitiv for enhver nybegynder og s\u00e5 praktisk som muligt for alle brugere. Forskellige indstillinger og ekstra funktioner er normalt tilg\u00e6ngelige og b\u00f8r man g\u00f8re sig bekendt med fra sag til sag.<\/p>\n<h2>Kan live dealer-spil downloades?<\/h2>\n<p>De fleste af de store portaler giver dig mulighed for at spille gambling-spil med rigtige croupiers. Hvis en institution tilbyder et program, der kan downloades, kan du v\u00e6re sikker p\u00e5, at live casinoet vil blive pr\u00e6senteret i dette format.<\/p>\n<p>Men en masse browserbaserede spillesider giver dig mulighed for at spille med rigtige dealere uden at installere yderligere software.<\/p>\n<h2><span style=\"font-family: inherit;\">Dansk online kasinoer<\/span><\/h2>\n<p>Man m\u00e5 sige, at Danskere er heldige med online spil. De er stort set taget med n\u00e6sten alle online casinoer, uanset hvilken software de bruger, under hvis licens de opererer, eller hvor deres servere er placeret. S\u00e5 der er et bredt udvalg af muligheder for danske spillere.<\/p>\n<p>Desuden tillader en lang r\u00e6kke velrenommerede online casinoer som RocketPlay kunder fra det &#8220;gr\u00f8nne kontinent&#8221; at foretage indskud og indsatser i bekvemme DKK, og nogle tilbyder dem endda gratis kundesupportnumre.<\/p>\n<p>Faktisk er listen over online casinoer for danske spillere lang. Og hvis en beboer fra det &#8220;gr\u00f8nne kontinent&#8221; accepterer at spille i andre valutaer og bruge en international supporttelefon, er langt de fleste af disse etablissementer velegnede for dem.<\/p>\n<p>Top 5 bedste online casinoer i Danmark:<\/p>\n<ul>\n<li>RocketPlay;<\/li>\n<li>Casino Joy;<\/li>\n<li>Spil Frank;<\/li>\n<li>Grand Reef Casino;<\/li>\n<li>Jackpot City Casino.<\/li>\n<\/ul>\n<h2>Ofte stillede sp\u00f8rgsm\u00e5l om casinodownloads<\/h2>\n<ul>\n<li>Har downloadbare casinoer mange fordele i forhold til browserbaserede casinoer?<\/li>\n<\/ul>\n<p>De har deres fordele, men browserbaserede online casinoer har ogs\u00e5 mange fordele. Det er blot et sp\u00f8rgsm\u00e5l om spillerens personlige pr\u00e6ference.<\/p>\n<ul>\n<li>Skal mobile casinoer downloades?<\/li>\n<\/ul>\n<p>Flere og flere mobile online casinoer k\u00f8rer nu i en browser.<\/p>\n<ul>\n<li>Kr\u00e6ver alle casinoer installation af software for at spille?<\/li>\n<\/ul>\n<p>Nej, de fleste af de bedste online casinoer fungerer i browseren, s\u00e5 det er ikke n\u00f8dvendigt at installere software.<\/p>\n","protected":false},"excerpt":{"rendered":"<p>I dag er der mange mennesker, der gerne vil pr\u00f8ve lykken og spille p\u00e5 spilleautomater, og der findes et stort antal institutioner for dette. For eksempel kan du RocketPlay online casino download. Men mange undrer sig over, om du kan pr\u00f8ve at spille gratis uden at miste deres egne penge? Er der en s\u00e5dan chance?&#8230;<\/p>\n","protected":false},"author":1,"featured_media":0,"parent":0,"menu_order":0,"comment_status":"closed","ping_status":"closed","template":"page-with-bonus.php","meta":{"_acf_changed":false,"_kad_post_transparent":"default","_kad_post_title":"default","_kad_post_layout":"default","_kad_post_sidebar_id":"","_kad_post_content_style":"default","_kad_post_vertical_padding":"default","_kad_post_feature":"","_kad_post_feature_position":"","_kad_post_header":false,"_kad_post_footer":false,"footnotes":""},"class_list":["post-2329","page","type-page","status-publish","hentry"],"acf":[],"rttpg_featured_image_url":null,"rttpg_author":{"display_name":"Tom","author_link":"https:\/\/rocketplay-game.com\/da\/author\/pemvas95n89x\/"},"rttpg_comment":0,"rttpg_category":null,"rttpg_excerpt":"I dag er der mange mennesker, der gerne vil pr\u00f8ve lykken og spille p\u00e5 spilleautomater, og der findes et stort antal institutioner for dette. For eksempel kan du RocketPlay online casino download. Men mange undrer sig over, om du kan pr\u00f8ve at spille gratis uden at miste deres egne penge? Er der en s\u00e5dan chance?...","_links":{"self":[{"href":"https:\/\/rocketplay-game.com\/da\/wp-json\/wp\/v2\/pages\/2329","targetHints":{"allow":["GET"]}}],"collection":[{"href":"https:\/\/rocketplay-game.com\/da\/wp-json\/wp\/v2\/pages"}],"about":[{"href":"https:\/\/rocketplay-game.com\/da\/wp-json\/wp\/v2\/types\/page"}],"author":[{"embeddable":true,"href":"https:\/\/rocketplay-game.com\/da\/wp-json\/wp\/v2\/users\/1"}],"replies":[{"embeddable":true,"href":"https:\/\/rocketplay-game.com\/da\/wp-json\/wp\/v2\/comments?post=2329"}],"version-history":[{"count":5,"href":"https:\/\/rocketplay-game.com\/da\/wp-json\/wp\/v2\/pages\/2329\/revisions"}],"predecessor-version":[{"id":5295,"href":"https:\/\/rocketplay-game.com\/da\/wp-json\/wp\/v2\/pages\/2329\/revisions\/5295"}],"wp:attachment":[{"href":"https:\/\/rocketplay-game.com\/da\/wp-json\/wp\/v2\/media?parent=2329"}],"curies":[{"name":"wp","href":"https:\/\/api.w.org\/{rel}","templated":true}]}}