{"id":2332,"date":"2022-05-16T09:06:33","date_gmt":"2022-05-16T06:06:33","guid":{"rendered":"https:\/\/rocketplay-game.com\/casino\/"},"modified":"2022-10-31T17:11:40","modified_gmt":"2022-10-31T14:11:40","slug":"casino","status":"publish","type":"page","link":"https:\/\/rocketplay-game.com\/da\/casino\/","title":{"rendered":"Casino"},"content":{"rendered":"<div id=\"wppb-builder-container\" class=\"wppb-builder-container\">                <div  class=\"wppb-row-parent  wppb-row-1651149714946 \"  >\n\t\t\t\t\t\n\t\t\t\t\t\t\t\t\t\t\n\t\t\t\t\t\t\t\t\t\t\n\t\t\t\t\t<div class=\"wppb-container \">\n\t\t\t\t\t\t\t\t\t\t\t\t\t\n                        <div class=\"wppb-row\">\n\t\t\t\t\t\t\t                                    <div  class=\"wppb-column-parent wppb-column-parent-view wppb-col-1651149714949  \"  >\n                                        <div class=\"wppb-column\">\n\t\t\t\t\t\n\t\t\t\t\t\t\t\t\t\t\t\n                                            <div class=\"wppb-builder-addons\">\n\t\t\t\t\t\t\t\t\t\t\t\t<div class='wppb-builder-addon wppb-addon-1651150162258'  data-addon-id='1651150162258'><div class='wppb-addon'><div class=\"wppb-headline-addon\"><div class=\"wppb-headline-content\"><h1 class=\"wppb-addon-title\">Anmeldelse af online casinoer RocketPlay<\/h1><\/div><\/div><\/div><\/div><div class='wppb-builder-addon wppb-addon-1651150171497'  data-addon-id='1651150171497'><div class='wppb-addon'><div class=\"wppb-text-block-addon\"><div class=\"wppb-text-block-content 0\"><p><a href=\"https:\/\/rocketplay-game.com\/da\/\">RocketPlay casino<\/a> er det mest popul\u00e6re casino i Danmark blandt spillere, det har etableret sig perfekt p\u00e5 markedet, tilbyder attraktive betingelser for brugerne og lokker dem med sin atmosf\u00e6re, lyse billeder og rigtige gevinster.<\/p><p>P\u00e5 casinoet kan alle finde et spil for sig selv, blive begejstret og inspireret ved at fordybe sig i den virkelige spilleverden.<\/p><\/div><\/div><\/div><\/div><div class='wppb-builder-addon wppb-addon-1651149715158'  data-addon-id='1651149715158'><div class='wppb-addon'><div class=\"wppb-addon wppb-button-addon\"><div class=\"wppb-button-addon-content\"><a  href=\"\/go-casino\/\" target=_blank class=\"wppb-btn-addons  wppb-btn-custom wppb-btn-round wppb-btn-large wppb-btn-no\">SPIL NU<\/a><\/div><\/div><\/div><\/div>                                            <\/div>\n                                        <\/div>\n                                    <\/div>\n\t\t\t\t\t\t\t\t\t                                    <div  class=\"wppb-column-parent wppb-column-parent-view wppb-col-1651149714947  \"  >\n                                        <div class=\"wppb-column\">\n\t\t\t\t\t\n\t\t\t\t\t\t\t\t\t\t\t\n                                            <div class=\"wppb-builder-addons\">\n\t\t\t\t\t\t\t\t\t\t\t\t<div class='wppb-builder-addon wppb-addon-1707724568531'  data-addon-id='1707724568531'><div class='wppb-addon'><div class=\"wppb-image-addon\"><figure class=\"wppb-image-addon-content-wrap\"><div class=\"wppb-image-addon-content wppb-imginlineblock\"><img decoding=\"async\" class=\"wppb-image-addon-img\" src=\"https:\/\/rocketplay-game.com\/wp-content\/uploads\/2024\/02\/cas1.jpg\" alt=\"RocketPlay\"><\/div><\/figure><\/div><\/div><\/div>                                            <\/div>\n                                        <\/div>\n                                    <\/div>\n\t\t\t\t\t\t\t\t\t                        <\/div>\n\n                    <\/div>\n                <\/div>\n\t\t\t\t                <div  class=\"wppb-row-parent  wppb-row-1651149715118 \"  >\n\t\t\t\t\t\n\t\t\t\t\t\t\t\t\t\t\n\t\t\t\t\t\t\t\t\t\t\n\t\t\t\t\t<div class=\"wppb-container \">\n\t\t\t\t\t\t\t\t\t\t\t\t\t\n                        <div class=\"wppb-row\">\n\t\t\t\t\t\t\t                                    <div  class=\"wppb-column-parent wppb-column-parent-view wppb-col-1651149715122  \"  >\n                                        <div class=\"wppb-column\">\n\t\t\t\t\t\n\t\t\t\t\t\t\t\t\t\t\t\n                                            <div class=\"wppb-builder-addons\">\n\t\t\t\t\t\t\t\t\t\t\t\t<div class='wppb-builder-addon wppb-addon-1707724568536'  data-addon-id='1707724568536'><div class='wppb-addon'><div class=\"wppb-image-addon\"><figure class=\"wppb-image-addon-content-wrap\"><div class=\"wppb-image-addon-content wppb-imginlineblock\"><img decoding=\"async\" class=\"wppb-image-addon-img\" src=\"https:\/\/rocketplay-game.com\/wp-content\/uploads\/2024\/02\/cas2.jpg\" alt=\"RocketPlay 2\"><\/div><\/figure><\/div><\/div><\/div>                                            <\/div>\n                                        <\/div>\n                                    <\/div>\n\t\t\t\t\t\t\t\t\t                                    <div  class=\"wppb-column-parent wppb-column-parent-view wppb-col-1651149715119  \"  >\n                                        <div class=\"wppb-column\">\n\t\t\t\t\t\n\t\t\t\t\t\t\t\t\t\t\t\n                                            <div class=\"wppb-builder-addons\">\n\t\t\t\t\t\t\t\t\t\t\t\t<div class='wppb-builder-addon wppb-addon-1651149715120'  data-addon-id='1651149715120'><div class='wppb-addon'><div class=\"wppb-headline-addon\"><div class=\"wppb-headline-content\"><h2 class=\"wppb-addon-title\">RocketPlay officielle hjemmeside<\/h2><\/div><\/div><\/div><\/div><div class='wppb-builder-addon wppb-addon-1651149715121'  data-addon-id='1651149715121'><div class='wppb-addon'><div class=\"wppb-text-block-addon\"><div class=\"wppb-text-block-content 0\"><p>N\u00e5r du g\u00e5r ind p\u00e5 online casino webstedet, vil du finde en praktisk og klar gr\u00e6nseflade - lyse billeder, spilatmosf\u00e6re og diskret lyd vil tilf\u00f8je ekstra charme til spillet. Site udviklere regelm\u00e6ssigt opgradere og modernisere det, s\u00e5 alle processer p\u00e5 casinoet i overensstemmelse med moderne tendenser. Vigtigst af alt - at bruge casino site er ikke sv\u00e6rt, for at forst\u00e5 gr\u00e6nsefladen vil v\u00e6re i stand til alle.<\/p><p><strong>Ved indtastning af webstedet tilbydes brugeren f\u00f8lgende sektioner:<\/strong><\/p><ul><li>spillerummet, som indeholder alle <a href=\"https:\/\/rocketplay-game.com\/da\/slots\/\">spilleautomater<\/a> i online casinoet;<\/li><li>sportspoker;<\/li><li>bonusser;<\/li><li>Hall of fame, som huser gevinster for registrerede brugere af spilleautomater;<\/li><li>turneringer, hvor registrerede spillere har ret til at deltage, modtage bonusser og andre pr\u00e6mier, og derefter bruge dem i maskinerne, hvilket \u00f8ger deres chancer for at vinde;<\/li><li>quests, hvor man passerer, som kan v\u00e6re daglige gratis spins, freespins og andre kontantpr\u00e6mier, som derefter kan komme til gode i casinoet;<\/li><li>hj\u00e6lp, hvor du kan finde svar p\u00e5 de mest popul\u00e6re sp\u00f8rgsm\u00e5l fra spillerne, uden at skulle kontakte supporten.<\/li><\/ul><\/div><\/div><\/div><\/div>                                            <\/div>\n                                        <\/div>\n                                    <\/div>\n\t\t\t\t\t\t\t\t\t                        <\/div>\n\n                    <\/div>\n                <\/div>\n\t\t\t\t                <div  class=\"wppb-row-parent  wppb-row-1652183192609 \"  >\n\t\t\t\t\t\n\t\t\t\t\t\t\t\t\t\t\n\t\t\t\t\t\t\t\t\t\t\n\t\t\t\t\t<div class=\"wppb-container \">\n\t\t\t\t\t\t\t\t\t\t\t\t\t\n                        <div class=\"wppb-row\">\n\t\t\t\t\t\t\t                                    <div  class=\"wppb-column-parent wppb-column-parent-view wppb-col-1652183192610  \"  >\n                                        <div class=\"wppb-column\">\n\t\t\t\t\t\n\t\t\t\t\t\t\t\t\t\t\t\n                                            <div class=\"wppb-builder-addons\">\n\t\t\t\t\t\t\t\t\t\t\t\t<div class='wppb-builder-addon wppb-addon-1652183192623'  data-addon-id='1652183192623'><div class='wppb-addon'><div class=\"wppb-headline-addon\"><div class=\"wppb-headline-content\"><h2 class=\"wppb-addon-title\">Registrering og login til online casino<\/h2><\/div><\/div><\/div><\/div><div class='wppb-builder-addon wppb-addon-1652183192612'  data-addon-id='1652183192612'><div class='wppb-addon'><div class=\"wppb-text-block-addon\"><div class=\"wppb-text-block-content 0\"><p><strong>Du kan registrere dig p\u00e5 f\u00e5 sekunder p\u00e5 ressourcen. For at g\u00f8re dette skal du udf\u00f8re element\u00e6re handlinger:<\/strong><\/p><ul><li>G\u00e5 til den officielle hjemmeside for RocketPlay online casino;<\/li><li>Klik p\u00e5 knappen - \"Registrering\";<\/li><li>Udfyld et standard sp\u00f8rgeskema, hvor du skal angive en e-mail-adresse, komme med et brugernavn og password og give reelle oplysninger om dig selv;<\/li><li>Det n\u00e6ste skridt vil v\u00e6re valg af spilvaluta;<\/li><li>N\u00e5r du har kontrolleret korrektheden af de indtastede data, skal du l\u00e6se reglerne for spilinstitutionen Joycasino;<\/li><li>P\u00e5 e-mailen efter afsendelse af formularen vil komme til at bekr\u00e6fte kontoen;<\/li><li>G\u00e5 til hyperlinket, og nu kan du nemt logge ind p\u00e5 dit personlige kabinet.<\/li><\/ul><p><strong>Derudover kan spillere logge ind via et af de sociale netv\u00e6rk:<\/strong><\/p><ul><li>Facebook;<\/li><li>Google+.<\/li><\/ul><p>Registrering anses for at v\u00e6re helt gratis og kr\u00e6ver ingen yderligere investering. Da kun personer med lovlig alder kan oprette en profil p\u00e5 et online casino, er sikkerhedstjenesten i stand til at kr\u00e6ve et foto af dit dokument til identifikationsform\u00e5l. Denne procedure vil ogs\u00e5 sikre en problemfri udbetaling af penge fra din spillekonto.<\/p><\/div><\/div><\/div><\/div>                                            <\/div>\n                                        <\/div>\n                                    <\/div>\n\t\t\t\t\t\t\t\t\t                                    <div  class=\"wppb-column-parent wppb-column-parent-view wppb-col-1652183192613  \"  >\n                                        <div class=\"wppb-column\">\n\t\t\t\t\t\n\t\t\t\t\t\t\t\t\t\t\t\n                                            <div class=\"wppb-builder-addons\">\n\t\t\t\t\t\t\t\t\t\t\t\t<div class='wppb-builder-addon wppb-addon-1707724568541'  data-addon-id='1707724568541'><div class='wppb-addon'><div class=\"wppb-image-addon\"><figure class=\"wppb-image-addon-content-wrap\"><div class=\"wppb-image-addon-content wppb-imginlineblock\"><img decoding=\"async\" class=\"wppb-image-addon-img\" src=\"https:\/\/rocketplay-game.com\/wp-content\/uploads\/2024\/02\/cas3.jpg\" alt=\"RocketPlay 3\"><\/div><\/figure><\/div><\/div><\/div>                                            <\/div>\n                                        <\/div>\n                                    <\/div>\n\t\t\t\t\t\t\t\t\t                        <\/div>\n\n                    <\/div>\n                <\/div>\n\t\t\t\t                <div  class=\"wppb-row-parent  wppb-row-1652183192642 \"  >\n\t\t\t\t\t\n\t\t\t\t\t\t\t\t\t\t\n\t\t\t\t\t\t\t\t\t\t\n\t\t\t\t\t<div class=\"wppb-container \">\n\t\t\t\t\t\t\t\t\t\t\t\t\t\n                        <div class=\"wppb-row\">\n\t\t\t\t\t\t\t                                    <div  class=\"wppb-column-parent wppb-column-parent-view wppb-col-1652183192643  \"  >\n                                        <div class=\"wppb-column\">\n\t\t\t\t\t\n\t\t\t\t\t\t\t\t\t\t\t\n                                            <div class=\"wppb-builder-addons\">\n\t\t\t\t\t\t\t\t\t\t\t\t<div class='wppb-builder-addon wppb-addon-1707724568546'  data-addon-id='1707724568546'><div class='wppb-addon'><div class=\"wppb-image-addon\"><figure class=\"wppb-image-addon-content-wrap\"><div class=\"wppb-image-addon-content wppb-imginlineblock\"><img decoding=\"async\" class=\"wppb-image-addon-img\" src=\"https:\/\/rocketplay-game.com\/wp-content\/uploads\/2024\/02\/cas-4.jpg\" alt=\"RocketPlay 4\"><\/div><\/figure><\/div><\/div><\/div>                                            <\/div>\n                                        <\/div>\n                                    <\/div>\n\t\t\t\t\t\t\t\t\t                                    <div  class=\"wppb-column-parent wppb-column-parent-view wppb-col-1652183192645  \"  >\n                                        <div class=\"wppb-column\">\n\t\t\t\t\t\n\t\t\t\t\t\t\t\t\t\t\t\n                                            <div class=\"wppb-builder-addons\">\n\t\t\t\t\t\t\t\t\t\t\t\t<div class='wppb-builder-addon wppb-addon-1652183192646'  data-addon-id='1652183192646'><div class='wppb-addon'><div class=\"wppb-headline-addon\"><div class=\"wppb-headline-content\"><h2 class=\"wppb-addon-title\">Supporttjeneste<\/h2><\/div><\/div><\/div><\/div><div class='wppb-builder-addon wppb-addon-1652183192647'  data-addon-id='1652183192647'><div class='wppb-addon'><div class=\"wppb-text-block-addon\"><div class=\"wppb-text-block-content 0\"><p>Hvis spilleren i de ofte stillede sp\u00f8rgsm\u00e5l ikke kan finde et svar p\u00e5 dit sp\u00f8rgsm\u00e5l - kan han altid sp\u00f8rge casino fagfolk, der arbejder d\u00f8gnet rundt online uden pauser og weekender p\u00e5 RocketPlay casino nye hjemmeside.<\/p><p><strong>Du kan kontakte support p\u00e5 f\u00f8lgende m\u00e5der:<\/strong><\/p><ul><li>e-mail - ved at sende den relevante e-mail;<\/li><li>kontakt telefon;<\/li><li>chatbot i Telegram og Viber.<\/li><\/ul><p>Det vigtigste er, at alle disse metoder er tilg\u00e6ngelige for absolut alle spillere og brugere, de er relevante og fungerer uden begr\u00e6nsninger. Support casino fagfolk, til geng\u00e6ld fors\u00f8ger at give de n\u00f8dvendige oplysninger og l\u00f8se sp\u00f8rgsm\u00e5l s\u00e5 hurtigt som muligt.<\/p><\/div><\/div><\/div><\/div>                                            <\/div>\n                                        <\/div>\n                                    <\/div>\n\t\t\t\t\t\t\t\t\t                        <\/div>\n\n                    <\/div>\n                <\/div>\n\t\t\t\t                <div  class=\"wppb-row-parent  wppb-row-1652183192667 \"  >\n\t\t\t\t\t\n\t\t\t\t\t\t\t\t\t\t\n\t\t\t\t\t\t\t\t\t\t\n\t\t\t\t\t<div class=\"wppb-container \">\n\t\t\t\t\t\t\t\t\t\t\t\t\t\n                        <div class=\"wppb-row\">\n\t\t\t\t\t\t\t                                    <div  class=\"wppb-column-parent wppb-column-parent-view wppb-col-1652183192668  \"  >\n                                        <div class=\"wppb-column\">\n\t\t\t\t\t\n\t\t\t\t\t\t\t\t\t\t\t\n                                            <div class=\"wppb-builder-addons\">\n\t\t\t\t\t\t\t\t\t\t\t\t<div class='wppb-builder-addon wppb-addon-1652183192669'  data-addon-id='1652183192669'><div class='wppb-addon'><div class=\"wppb-headline-addon\"><div class=\"wppb-headline-content\"><h2 class=\"wppb-addon-title\">Spilleautomater<\/h2><\/div><\/div><\/div><\/div><div class='wppb-builder-addon wppb-addon-1652183192670'  data-addon-id='1652183192670'><div class='wppb-addon'><div class=\"wppb-text-block-addon\"><div class=\"wppb-text-block-content 0\"><p>Webstedet RocketPlay casino Denmark pr\u00e6senterede et ret bredt udvalg af alle slags spilleautomater fra forskellige udviklere. Hver maskine er unik p\u00e5 sin egen m\u00e5de, tiltr\u00e6kker sine egne vilk\u00e5r, bonusprogrammer og en virkelig gambling atmosf\u00e6re.<\/p><p>Der er b\u00e5de klassiske spil, som kan findes i andre casinoer, samt mere sj\u00e6ldne spil.<\/p><p><strong>N\u00e6sten alle de fremh\u00e6vede spil er kendetegnet ved f\u00f8lgende attributter:<\/strong><\/p><ul><li>En interessant eventyrhistorie, som kan v\u00e6re taget fra en film eller bog;<\/li><li>Tilstedev\u00e6relsen af snurrende hjul og linjer;<\/li><li>Bonustilbud, gratis spins og freespins.<\/li><\/ul><p><strong>Desuden har hver spilleautomat to versioner:<\/strong> betalte og gratis. Gratis er normalt mere interessant for nybegyndere p\u00e5 online casinoer, som lige er begyndt p\u00e5 deres spilrejse og s\u00f8ger at l\u00e6re det grundl\u00e6ggende i spillet. Den betalte version er designet til mere erfarne spillere, som er i stand til og villige til at lave rigtige indsatser og vinde rigtige penge ved at h\u00e6ve penge. Men alle er udstyret med evnen til at v\u00e6lge, hvad pr\u00e6cis han kan lide, hvilken variant af spillet og hvilket resultat af begivenhederne.<\/p><\/div><\/div><\/div><\/div>                                            <\/div>\n                                        <\/div>\n                                    <\/div>\n\t\t\t\t\t\t\t\t\t                                    <div  class=\"wppb-column-parent wppb-column-parent-view wppb-col-1652183192671  \"  >\n                                        <div class=\"wppb-column\">\n\t\t\t\t\t\n\t\t\t\t\t\t\t\t\t\t\t\n                                            <div class=\"wppb-builder-addons\">\n\t\t\t\t\t\t\t\t\t\t\t\t<div class='wppb-builder-addon wppb-addon-1707724568551'  data-addon-id='1707724568551'><div class='wppb-addon'><div class=\"wppb-image-addon\"><figure class=\"wppb-image-addon-content-wrap\"><div class=\"wppb-image-addon-content wppb-imginlineblock\"><img decoding=\"async\" class=\"wppb-image-addon-img\" src=\"https:\/\/rocketplay-game.com\/wp-content\/uploads\/2024\/02\/cas-5.jpg\" alt=\"RocketPlay 5\"><\/div><\/figure><\/div><\/div><\/div>                                            <\/div>\n                                        <\/div>\n                                    <\/div>\n\t\t\t\t\t\t\t\t\t                        <\/div>\n\n                    <\/div>\n                <\/div>\n\t\t\t\t                <div  class=\"wppb-row-parent  wppb-row-1652449333680 \"  >\n\t\t\t\t\t\n\t\t\t\t\t\t\t\t\t\t\n\t\t\t\t\t\t\t\t\t\t\n\t\t\t\t\t<div class=\"wppb-container \">\n\t\t\t\t\t\t\t\t\t\t\t\t\t\n                        <div class=\"wppb-row\">\n\t\t\t\t\t\t\t                                    <div  class=\"wppb-column-parent wppb-column-parent-view wppb-col-1652449333681  \"  >\n                                        <div class=\"wppb-column\">\n\t\t\t\t\t\n\t\t\t\t\t\t\t\t\t\t\t\n                                            <div class=\"wppb-builder-addons\">\n\t\t\t\t\t\t\t\t\t\t\t\t<div class='wppb-builder-addon wppb-addon-1707724568556'  data-addon-id='1707724568556'><div class='wppb-addon'><div class=\"wppb-image-addon\"><figure class=\"wppb-image-addon-content-wrap\"><div class=\"wppb-image-addon-content wppb-imginlineblock\"><img decoding=\"async\" class=\"wppb-image-addon-img\" src=\"https:\/\/rocketplay-game.com\/wp-content\/uploads\/2024\/02\/cas6-1.jpg\" alt=\"RocketPlay 6\"><\/div><\/figure><\/div><\/div><\/div>                                            <\/div>\n                                        <\/div>\n                                    <\/div>\n\t\t\t\t\t\t\t\t\t                                    <div  class=\"wppb-column-parent wppb-column-parent-view wppb-col-1652449333683  \"  >\n                                        <div class=\"wppb-column\">\n\t\t\t\t\t\n\t\t\t\t\t\t\t\t\t\t\t\n                                            <div class=\"wppb-builder-addons\">\n\t\t\t\t\t\t\t\t\t\t\t\t<div class='wppb-builder-addon wppb-addon-1652449333684'  data-addon-id='1652449333684'><div class='wppb-addon'><div class=\"wppb-headline-addon\"><div class=\"wppb-headline-content\"><h2 class=\"wppb-addon-title\">Anmeldelser om casinoet p\u00e5 netv\u00e6rket<\/h2><\/div><\/div><\/div><\/div><div class='wppb-builder-addon wppb-addon-1652449333685'  data-addon-id='1652449333685'><div class='wppb-addon'><div class=\"wppb-text-block-addon\"><div class=\"wppb-text-block-content 0\"><p>Forskellige spillere, som har haft tid til at udforske legepladsens tjenester, fort\u00e6ller om deres erfaringer p\u00e5 internettet. Overvejende fremh\u00e6ves dog de mange forskellige spilleautomater og den bekvemmelighed, hvormed man kan v\u00e6lge interessante udviklinger. Positive anmeldelser tjent og <a href=\"https:\/\/rocketplay-game.com\/da\/vip\/\">VIP<\/a>-system. Spillere taler om beskyttelse af midler og personlige data. Gevinster udbetales rettidigt, kundesupport reagerer hurtigt p\u00e5 sp\u00f8rgsm\u00e5l. RocketPlay casino app fungerer meget godt.<\/p><\/div><\/div><\/div><\/div>                                            <\/div>\n                                        <\/div>\n                                    <\/div>\n\t\t\t\t\t\t\t\t\t                        <\/div>\n\n                    <\/div>\n                <\/div>\n\t\t\t\t                <div  class=\"wppb-row-parent  wppb-row-1651158175344 \"  >\n\t\t\t\t\t\n\t\t\t\t\t\t\t\t\t\t\n\t\t\t\t\t\t\t\t\t\t\n\t\t\t\t\t<div class=\"wppb-container \">\n\t\t\t\t\t\t\t\t\t\t\t\t\t\n                        <div class=\"wppb-row\">\n\t\t\t\t\t\t\t                                    <div  class=\"wppb-column-parent wppb-column-parent-view wppb-col-1651158175347  \"  >\n                                        <div class=\"wppb-column\">\n\t\t\t\t\t\n\t\t\t\t\t\t\t\t\t\t\t\n                                            <div class=\"wppb-builder-addons\">\n\t\t\t\t\t\t\t\t\t\t\t\t<div class='wppb-builder-addon wppb-addon-1651158175348'  data-addon-id='1651158175348'><div class='wppb-addon'><div class=\"wppb-headline-addon\"><div class=\"wppb-headline-content\"><h2 class=\"wppb-addon-title\">Registrering og velkomstbonus<\/h2><\/div><\/div><\/div><\/div><div class='wppb-builder-addon wppb-addon-1651158175349'  data-addon-id='1651158175349'><div class='wppb-addon'><div class=\"wppb-text-block-addon\"><div class=\"wppb-text-block-content 0\"><p>Registrering p\u00e5 det officielle websted tager kun et par minutter - du skal udfylde en e-mail, lave en adgangskode for at beskytte dig selv og, efter at have udfyldt formularen, bekr\u00e6fte kontaktoplysningerne. Hver nybegynder har ret til en startbonus for at best\u00e5 registreringen. Casino sign-up bonus kommer med det samme, og derefter kan du begynde at spille for penge. Tidligere anbefales at genl\u00e6se listen over regler, hvorefter tilladt at registrere kun voksne spillere.<\/p><p>Virtuelle casinoer er tilg\u00e6ngelige uden pauser og weekender, s\u00e5 spillerne har mulighed for at k\u00f8re virtuelle maskiner under alle omst\u00e6ndigheder. Denne RocketPlay casino anmeldelse b\u00f8r have hjulpet til at forst\u00e5 alle de indviklede detaljer i arbejdet.<\/p><\/div><\/div><\/div><\/div>                                            <\/div>\n                                        <\/div>\n                                    <\/div>\n\t\t\t\t\t\t\t\t\t                                    <div  class=\"wppb-column-parent wppb-column-parent-view wppb-col-1651158175345  \"  >\n                                        <div class=\"wppb-column\">\n\t\t\t\t\t\n\t\t\t\t\t\t\t\t\t\t\t\n                                            <div class=\"wppb-builder-addons\">\n\t\t\t\t\t\t\t\t\t\t\t\t<div class='wppb-builder-addon wppb-addon-1707724568561'  data-addon-id='1707724568561'><div class='wppb-addon'><div class=\"wppb-image-addon\"><figure class=\"wppb-image-addon-content-wrap\"><div class=\"wppb-image-addon-content wppb-imginlineblock\"><img decoding=\"async\" class=\"wppb-image-addon-img\" src=\"https:\/\/rocketplay-game.com\/wp-content\/uploads\/2024\/02\/cas7.jpg\" alt=\"RocketPlay 7\"><\/div><\/figure><\/div><\/div><\/div>                                            <\/div>\n                                        <\/div>\n                                    <\/div>\n\t\t\t\t\t\t\t\t\t                        <\/div>\n\n                    <\/div>\n                <\/div>\n\t\t\t\t<\/div>","protected":false},"excerpt":{"rendered":"<p>Anmeldelse af online casinoer RocketPlayRocketPlay casino er det mest popul\u00e6re casino i Danmark blandt spillere, det har etableret sig perfekt p\u00e5 markedet, tilbyder attraktive betingelser for brugerne og lokker dem med sin atmosf\u00e6re, lyse billeder og rigtige gevinster.P\u00e5 casinoet kan alle finde et spil for sig selv, blive begejstret og inspireret ved at fordybe sig&#8230;<\/p>\n","protected":false},"author":1,"featured_media":0,"parent":0,"menu_order":0,"comment_status":"closed","ping_status":"closed","template":"wppb_theme_template","meta":{"_acf_changed":false,"_kad_post_transparent":"default","_kad_post_title":"default","_kad_post_layout":"default","_kad_post_sidebar_id":"","_kad_post_content_style":"default","_kad_post_vertical_padding":"default","_kad_post_feature":"","_kad_post_feature_position":"","_kad_post_header":false,"_kad_post_footer":false,"footnotes":""},"class_list":["post-2332","page","type-page","status-publish","hentry"],"acf":[],"rttpg_featured_image_url":null,"rttpg_author":{"display_name":"Tom","author_link":"https:\/\/rocketplay-game.com\/da\/author\/pemvas95n89x\/"},"rttpg_comment":0,"rttpg_category":null,"rttpg_excerpt":"Anmeldelse af online casinoer RocketPlayRocketPlay casino er det mest popul\u00e6re casino i Danmark blandt spillere, det har etableret sig perfekt p\u00e5 markedet, tilbyder attraktive betingelser for brugerne og lokker dem med sin atmosf\u00e6re, lyse billeder og rigtige gevinster.P\u00e5 casinoet kan alle finde et spil for sig selv, blive begejstret og inspireret ved at fordybe sig...","_links":{"self":[{"href":"https:\/\/rocketplay-game.com\/da\/wp-json\/wp\/v2\/pages\/2332","targetHints":{"allow":["GET"]}}],"collection":[{"href":"https:\/\/rocketplay-game.com\/da\/wp-json\/wp\/v2\/pages"}],"about":[{"href":"https:\/\/rocketplay-game.com\/da\/wp-json\/wp\/v2\/types\/page"}],"author":[{"embeddable":true,"href":"https:\/\/rocketplay-game.com\/da\/wp-json\/wp\/v2\/users\/1"}],"replies":[{"embeddable":true,"href":"https:\/\/rocketplay-game.com\/da\/wp-json\/wp\/v2\/comments?post=2332"}],"version-history":[{"count":1,"href":"https:\/\/rocketplay-game.com\/da\/wp-json\/wp\/v2\/pages\/2332\/revisions"}],"predecessor-version":[{"id":3174,"href":"https:\/\/rocketplay-game.com\/da\/wp-json\/wp\/v2\/pages\/2332\/revisions\/3174"}],"wp:attachment":[{"href":"https:\/\/rocketplay-game.com\/da\/wp-json\/wp\/v2\/media?parent=2332"}],"curies":[{"name":"wp","href":"https:\/\/api.w.org\/{rel}","templated":true}]}}