{"id":2335,"date":"2022-09-30T17:30:34","date_gmt":"2022-09-30T14:30:34","guid":{"rendered":"https:\/\/rocketplay-game.com\/regular-bonuses\/"},"modified":"2024-02-09T16:33:56","modified_gmt":"2024-02-09T13:33:56","slug":"regular-bonuses","status":"publish","type":"page","link":"https:\/\/rocketplay-game.com\/da\/bonus\/regular-bonuses\/","title":{"rendered":"Regelm\u00e6ssige bonusser hos RocketPlay"},"content":{"rendered":"<p>Webcasinoer laver et markedsf\u00f8ringstrick for at tiltr\u00e6kke potentielle spillere ved at fremh\u00e6ve bel\u00f8nninger. Deltagerne i Rocket Play casino bonusspillet hj\u00e6lper med at forst\u00e5 strategien for gameplayet og f\u00e5r ekstra runder f\u00f8r deres f\u00f8rste indbetaling af penge.<\/p>\n<p>Disse bel\u00f8nninger er helt forskellige p\u00e5 hver spilplatform. Efter at have gennemg\u00e5et reglerne for at modtage hver bel\u00f8nning sammen med reglerne for v\u00e6ddem\u00e5l vil du kunne forst\u00e5, at du i virkeligheden kan drage fordel af denne gave. Du skal muligvis bruge Rocket Play bonuskoder for at f\u00e5 den.<\/p>\n<p style=\"text-align: center;\"><img loading=\"lazy\" decoding=\"async\" class=\"aligncenter wp-image-4682\" src=\"https:\/\/rocketplay-game.com\/wp-content\/uploads\/2024\/02\/4362480_2302613-scaled-e1707309644661.jpg\" alt=\"Regelm\u00e6ssige bonusser hos RocketPlay\" width=\"800\" height=\"448\" srcset=\"https:\/\/rocketplay-game.com\/wp-content\/uploads\/2024\/02\/4362480_2302613-scaled-e1707309644661.jpg 2560w, https:\/\/rocketplay-game.com\/wp-content\/uploads\/2024\/02\/4362480_2302613-scaled-e1707309644661-300x168.jpg 300w, https:\/\/rocketplay-game.com\/wp-content\/uploads\/2024\/02\/4362480_2302613-scaled-e1707309644661-1024x573.jpg 1024w, https:\/\/rocketplay-game.com\/wp-content\/uploads\/2024\/02\/4362480_2302613-scaled-e1707309644661-768x430.jpg 768w, https:\/\/rocketplay-game.com\/wp-content\/uploads\/2024\/02\/4362480_2302613-scaled-e1707309644661-1536x860.jpg 1536w, https:\/\/rocketplay-game.com\/wp-content\/uploads\/2024\/02\/4362480_2302613-scaled-e1707309644661-2048x1146.jpg 2048w\" sizes=\"auto, (max-width: 800px) 100vw, 800px\" \/><\/p>\n<h2>Typer af regelm\u00e6ssige bonusser hos Rocket play<\/h2>\n<p>Regelm\u00e6ssige bonusser:<\/p>\n<ul>\n<li>P\u00e5 fredag, kampagne uden satser.<\/li>\n<li>Fredag genstart af bonustilbud.<\/li>\n<li>Lav en indbetaling p\u00e5 tredive kroner om fredagen, og de ekstra perioder er dine.<\/li>\n<\/ul>\n<p>Regler for modtagelse af incitamenter:<\/p>\n<ul>\n<li>Bel\u00f8nningen kan bruges i spillet efter 2 rater.<\/li>\n<li>Bel\u00f8nninger er berettigede om fredagen fra 00:00 til 23:59.<\/li>\n<li>Bel\u00f8bet for fortrinsoms\u00e6tning: 20\/50\/100.<\/li>\n<li>Det enkleste bidrag er fra tredive til hundrede og halvtreds kroner.<\/li>\n<li>Det maksimale kampagnebidrag er syv dollars og halvtreds cent.<\/li>\n<li>Gebyr: 40X.<\/li>\n<\/ul>\n<p>I slutningen af spillet, n\u00e5r overskuddet n\u00e5r tre tusind dollars. Kampagneresultatet er gyldigt i 24 timer. Pr\u00e6sentation i slutningen af ugen.<\/p>\n<p>50% af indskuddet af midler i spillet. N\u00e5r du indbetaler tredive kroner i slutningen af ugen, er du berettiget til en 50 procent kampagne! Rocket Play kampagnekoder bel\u00f8nner for en stor indbetalingsrabat. Indtast koden HIGHROLLER p\u00e5 det sted, hvor du modtager udbytte, og optjen din 50 % bel\u00f8nning. Regler for modtagelse af incitamenter:<\/p>\n<ul>\n<li>Du kan bruge bel\u00f8nningssystemet efter 2 indbetalinger af penge.<\/li>\n<li>Rocket Play casino bonus Danmark er muligt med en rabatkode.<\/li>\n<li>Rabatkoden kan kun anvendes \u00e9n gang hver syvende dag.<\/li>\n<li>50% till\u00e6g p\u00e5 indskud fra tre hundrede DKK.<\/li>\n<li>Ultimativ kampagne: to og et halvt tusind DKK.<\/li>\n<li>Den maksimale kampagneindsats er fem euro, syv og en halv DKK.<\/li>\n<li>Input: 40X<\/li>\n<\/ul>\n<p>Spillet forts\u00e6tter indtil en gevinst p\u00e5 25 tusinde DKK. Kampagnen virker 24 timer a.<\/p>\n<h2>Hvordan g\u00f8r man krav?<\/h2>\n<p>Portalen for ethvert webcasino har en &#8220;Mine bonusser&#8221;-fane, hvor det er muligt at f\u00e5 kendskab til de aktuelle kampagne\u00f8jeblikke eller ved at indtaste den kode, som du har modtaget fra spilplatformen. Du kan finde ud af disse oplysninger gennem online mailinglisten. Der er mange af disse bel\u00f8nningssystemer: 100% bonus for indgangsgebyr, Rocket Play <a href=\"https:\/\/rocketplay-game.com\/da\/free-spins\/\">gratis spins<\/a> uden investeringer osv. Deres fordele skal studeres i detaljer.<\/p>\n<h2>OFTE STILLEDE SP\u00d8RGSM\u00c5L<\/h2>\n<h3>Hvordan f\u00e5r jeg bonusser?<\/h3>\n<p>En potentiel spiller skal gennemg\u00e5 en lille registrering p\u00e5 deres foretrukne spilleplatform. Dette er n\u00f8dvendigt for at f\u00e5 incitamenter og modtage udbytte. Du skal ogs\u00e5 gennemg\u00e5 en identitetsbekr\u00e6ftelse, for uden dette vil du blive n\u00e6gtet adgang til bel\u00f8nningssystemet og vigtigst af alt, til udbetaling af vundne midler.<\/p>\n<h2>Hvad er gaver p\u00e5 internetplatformen?<\/h2>\n<p>For dig selv, udpege, at spilinstitutioner ikke kun har en underholdningsfunktion, men ogs\u00e5 en m\u00e5de at lave en fortjeneste p\u00e5. Ved at finde din spilstrategi og identificere den rigtige retning, kan du vinde. Incitamenter fra spilplatformen kan kun modtages af registrerede abonnenter. Incitamenter fra spillebasen: kampagnesummer, runder uden investeringer, v\u00e6ddem\u00e5l uden investeringer i spilleinstitutioner eller andre bel\u00f8nninger, der vil v\u00e6re \u00e5bne for dig efter den f\u00f8rste indbetaling af midler p\u00e5 spillescenen og efter at v\u00e6re blevet aktiveret p\u00e5 online casino portalen.<\/p>\n<h2>Skal jeg bruge bel\u00f8nninger?<\/h2>\n<p>I virkeligheden afh\u00e6nger det kun af dit \u00f8nske, om du skal bruge bel\u00f8nningen fra spillesiden. Hver kampagne har en masse forslag, og det er dit valg at finde ud af det og acceptere eller ikke acceptere dem.<\/p>\n<p><strong>L\u00e6s ogs\u00e5 om:<\/strong><\/p>\n<ul>\n<li><a href=\"https:\/\/rocketplay-game.com\/da\/bonus\/loyalty-program\/\">Loyalitetsprogram<\/a><\/li>\n<\/ul>\n","protected":false},"excerpt":{"rendered":"<p>Webcasinoer laver et markedsf\u00f8ringstrick for at tiltr\u00e6kke potentielle spillere ved at fremh\u00e6ve bel\u00f8nninger. Deltagerne i Rocket Play casino bonusspillet hj\u00e6lper med at forst\u00e5 strategien for gameplayet og f\u00e5r ekstra runder f\u00f8r deres f\u00f8rste indbetaling af penge. Disse bel\u00f8nninger er helt forskellige p\u00e5 hver spilplatform. Efter at have gennemg\u00e5et reglerne for at modtage hver bel\u00f8nning sammen&#8230;<\/p>\n","protected":false},"author":1,"featured_media":0,"parent":2343,"menu_order":0,"comment_status":"closed","ping_status":"closed","template":"page-with-bonus.php","meta":{"_acf_changed":false,"_kad_post_transparent":"default","_kad_post_title":"default","_kad_post_layout":"default","_kad_post_sidebar_id":"","_kad_post_content_style":"default","_kad_post_vertical_padding":"default","_kad_post_feature":"","_kad_post_feature_position":"","_kad_post_header":false,"_kad_post_footer":false,"footnotes":""},"class_list":["post-2335","page","type-page","status-publish","hentry"],"acf":[],"rttpg_featured_image_url":null,"rttpg_author":{"display_name":"Tom","author_link":"https:\/\/rocketplay-game.com\/da\/author\/pemvas95n89x\/"},"rttpg_comment":0,"rttpg_category":null,"rttpg_excerpt":"Webcasinoer laver et markedsf\u00f8ringstrick for at tiltr\u00e6kke potentielle spillere ved at fremh\u00e6ve bel\u00f8nninger. Deltagerne i Rocket Play casino bonusspillet hj\u00e6lper med at forst\u00e5 strategien for gameplayet og f\u00e5r ekstra runder f\u00f8r deres f\u00f8rste indbetaling af penge. Disse bel\u00f8nninger er helt forskellige p\u00e5 hver spilplatform. Efter at have gennemg\u00e5et reglerne for at modtage hver bel\u00f8nning sammen...","_links":{"self":[{"href":"https:\/\/rocketplay-game.com\/da\/wp-json\/wp\/v2\/pages\/2335","targetHints":{"allow":["GET"]}}],"collection":[{"href":"https:\/\/rocketplay-game.com\/da\/wp-json\/wp\/v2\/pages"}],"about":[{"href":"https:\/\/rocketplay-game.com\/da\/wp-json\/wp\/v2\/types\/page"}],"author":[{"embeddable":true,"href":"https:\/\/rocketplay-game.com\/da\/wp-json\/wp\/v2\/users\/1"}],"replies":[{"embeddable":true,"href":"https:\/\/rocketplay-game.com\/da\/wp-json\/wp\/v2\/comments?post=2335"}],"version-history":[{"count":3,"href":"https:\/\/rocketplay-game.com\/da\/wp-json\/wp\/v2\/pages\/2335\/revisions"}],"predecessor-version":[{"id":5298,"href":"https:\/\/rocketplay-game.com\/da\/wp-json\/wp\/v2\/pages\/2335\/revisions\/5298"}],"up":[{"embeddable":true,"href":"https:\/\/rocketplay-game.com\/da\/wp-json\/wp\/v2\/pages\/2343"}],"wp:attachment":[{"href":"https:\/\/rocketplay-game.com\/da\/wp-json\/wp\/v2\/media?parent=2335"}],"curies":[{"name":"wp","href":"https:\/\/api.w.org\/{rel}","templated":true}]}}