{"id":2340,"date":"2022-10-03T12:15:51","date_gmt":"2022-10-03T09:15:51","guid":{"rendered":"https:\/\/rocketplay-game.com\/loyalty-program\/"},"modified":"2024-02-09T16:38:12","modified_gmt":"2024-02-09T13:38:12","slug":"loyalty-program","status":"publish","type":"page","link":"https:\/\/rocketplay-game.com\/da\/bonus\/loyalty-program\/","title":{"rendered":"Loyalitetsprogram hos RocketPlay"},"content":{"rendered":"<p>Spillere er grundlaget for enhver spillevirksomhed. For at f\u00e5 casinokunderne til regelm\u00e6ssigt at vende tilbage til onlineplatformen, skal casinoerne forst\u00e5 deres m\u00e5lgruppe og unders\u00f8ge, hvad der motiverer spillerne til at komme og spille igen og igen. Til disse form\u00e5l skaber n\u00e6sten alle casinoer loyalitetsprogrammer for spillere, hvor brugerne kan regne med regelm\u00e6ssige kampagner, s\u00e6rlige tilbud dedikeret til eventuelle begivenheder og lotterier, hvor der tr\u00e6kkes rigtige pr\u00e6mier.<\/p>\n<p>Det er v\u00e6rd at bem\u00e6rke, at alle fordelagtige tilbud er tilg\u00e6ngelige via loyalitetsprogrammerne, s\u00e5 det anbefales at tilmelde sig s\u00e5danne programmer p\u00e5 det tidspunkt, hvor du <a href=\"https:\/\/rocketplay-game.com\/da\/registration\/\">registrerer<\/a> en ny konto for at fjerne alle bonuscremer. Der er et loyalitetsprogram Rocket Play til dig.<\/p>\n<p>For at fastholde brugernes interesse og stimulere spillerne opdaterer og forbedrer kasinoer j\u00e6vnligt deres loyalitetsprogrammer, mens spiludbydere ogs\u00e5 j\u00e6vnligt gennemf\u00f8rer unders\u00f8gelser blandt deres kunder for at evaluere effektiviteten af en bestemt kampagne eller bonus, der er i gang eller allerede er afsluttet. Dette tyder p\u00e5, at casinoet tager hensyn til publikums mening og s\u00f8rger for, at ingen spiller f\u00f8ler sig overset. Det er v\u00e6rd at bem\u00e6rke det faktum, at de mest rentable casinobonusser indg\u00e5r i loyalitetsprogrammer.<\/p>\n<p style=\"text-align: center;\"><img loading=\"lazy\" decoding=\"async\" class=\"aligncenter wp-image-4672 size-full\" src=\"https:\/\/rocketplay-game.com\/wp-content\/uploads\/2024\/02\/lp1.png\" alt=\"Loyalitetsprogram hos RocketPlay\" width=\"1307\" height=\"437\" srcset=\"https:\/\/rocketplay-game.com\/wp-content\/uploads\/2024\/02\/lp1.png 1307w, https:\/\/rocketplay-game.com\/wp-content\/uploads\/2024\/02\/lp1-300x100.png 300w, https:\/\/rocketplay-game.com\/wp-content\/uploads\/2024\/02\/lp1-1024x342.png 1024w, https:\/\/rocketplay-game.com\/wp-content\/uploads\/2024\/02\/lp1-768x257.png 768w\" sizes=\"auto, (max-width: 1307px) 100vw, 1307px\" \/><\/p>\n<h2>Hvad f\u00e5r du med loyalitetsprogrammet?<\/h2>\n<p>Rocket Play online casino loyalitetsprogram er en omvendt uden at deponere en konto i online spil. Den omvendte er femten procent i spilleautomater. Denne gave gives til kunderne om mandagen. Regler for modtagelse af incitamenter:<\/p>\n<ul>\n<li>Du bliver bel\u00f8nnet ved at satse penge i spillene.<\/li>\n<li>Bel\u00f8bet af de tilbagebetalte midler svarer til spillerens grad.<\/li>\n<li>Loyalitetsprogrammet casino Rocket Play Danmark krediterer automatisk det omvendte.<\/li>\n<li>Den st\u00f8rst mulige omvendte gevinst er 8.000 kroner.<\/li>\n<li>Den mindste er lig med \u00e9n DKK.<\/li>\n<li>Deal: 5X.<\/li>\n<li>Kampagnen er gyldig i tre dage.<\/li>\n<\/ul>\n<p>For at programmet skal virke, beh\u00f8ver du ikke at genopfylde din konto.<\/p>\n<p>Om torsdagen er det ogs\u00e5 muligt at vende ti procent i live mode. Betingelserne for det er de samme som i den foreg\u00e5ende s\u00e6tning. Det bedste casino loyalitetsprogram <a href=\"https:\/\/rocketplay-game.com\/da\/\">Rocket Play<\/a>, omfatter ogs\u00e5 udf\u00f8relse af s\u00e6rlige opgaver. For at g\u00f8re dette skal du indtaste din e-mail og lave aftaler. For dette er du berettiget til pr\u00e6mier.<\/p>\n<h2>OFTE STILLEDE SP\u00d8RGSM\u00c5L<\/h2>\n<h3>Hvad er RTP?<\/h3>\n<p>RTP i online casinoer st\u00e5r for Return to Player. Det er en procentdel, der teoretisk set antyder, hvor mange penge du kan f\u00e5 tilbage ved slutningen af spilsessionen. Det er generelt accepteret, at gennemsnittet er 95%. 91% betragtes som lavt, 98% og derover betragtes som h\u00f8jt. Jo h\u00f8jere RTP-v\u00e6rdi, jo oftere og st\u00f8rre er gevinsterne, selv om en anden indikator er ansvarlig for dette &#8211; volatilitet.<\/p>\n<h3>Hvad er forbindelsen mellem RTP og bonusser?<\/h3>\n<p>Afkastv\u00e6rdien i nogle spil har direkte indflydelse p\u00e5 bonusserne. Det vil sige, jo h\u00f8jere RTP i online slots, jo oftere og jo st\u00f8rre gevinster fra bonusspil; dette fungerer dog ikke med alle spilleautomater. I nogle spil er rekylbonussen sat h\u00f8jere end rekylv\u00e6rdien for grundspillet. Detaljerede oplysninger kan findes i reglerne for hvert spil.<\/p>\n<h3>Hvordan f\u00e5r man en casinobonus?<\/h3>\n<p>For at modtage en casinobonus skal du registrere dig, og kun for denne gennemf\u00f8rte handling vil du modtage en bonus. Desuden er der i den personlige konto p\u00e5 hvert spilsted en sektion &#8220;Mine bonusser&#8221;, hvor du kan f\u00e5 detaljerede oplysninger om alle de tilbud, der er tilg\u00e6ngelige for dig, samt indtaste den promokode, som du har modtaget via mailinglisten eller p\u00e5 anden lovlig m\u00e5de.<\/p>\n","protected":false},"excerpt":{"rendered":"<p>Spillere er grundlaget for enhver spillevirksomhed. For at f\u00e5 casinokunderne til regelm\u00e6ssigt at vende tilbage til onlineplatformen, skal casinoerne forst\u00e5 deres m\u00e5lgruppe og unders\u00f8ge, hvad der motiverer spillerne til at komme og spille igen og igen. Til disse form\u00e5l skaber n\u00e6sten alle casinoer loyalitetsprogrammer for spillere, hvor brugerne kan regne med regelm\u00e6ssige kampagner, s\u00e6rlige tilbud&#8230;<\/p>\n","protected":false},"author":1,"featured_media":0,"parent":2343,"menu_order":0,"comment_status":"closed","ping_status":"closed","template":"page-with-bonus.php","meta":{"_acf_changed":false,"_kad_post_transparent":"default","_kad_post_title":"default","_kad_post_layout":"default","_kad_post_sidebar_id":"","_kad_post_content_style":"default","_kad_post_vertical_padding":"default","_kad_post_feature":"","_kad_post_feature_position":"","_kad_post_header":false,"_kad_post_footer":false,"footnotes":""},"class_list":["post-2340","page","type-page","status-publish","hentry"],"acf":[],"rttpg_featured_image_url":null,"rttpg_author":{"display_name":"Tom","author_link":"https:\/\/rocketplay-game.com\/da\/author\/pemvas95n89x\/"},"rttpg_comment":0,"rttpg_category":null,"rttpg_excerpt":"Spillere er grundlaget for enhver spillevirksomhed. For at f\u00e5 casinokunderne til regelm\u00e6ssigt at vende tilbage til onlineplatformen, skal casinoerne forst\u00e5 deres m\u00e5lgruppe og unders\u00f8ge, hvad der motiverer spillerne til at komme og spille igen og igen. Til disse form\u00e5l skaber n\u00e6sten alle casinoer loyalitetsprogrammer for spillere, hvor brugerne kan regne med regelm\u00e6ssige kampagner, s\u00e6rlige tilbud...","_links":{"self":[{"href":"https:\/\/rocketplay-game.com\/da\/wp-json\/wp\/v2\/pages\/2340","targetHints":{"allow":["GET"]}}],"collection":[{"href":"https:\/\/rocketplay-game.com\/da\/wp-json\/wp\/v2\/pages"}],"about":[{"href":"https:\/\/rocketplay-game.com\/da\/wp-json\/wp\/v2\/types\/page"}],"author":[{"embeddable":true,"href":"https:\/\/rocketplay-game.com\/da\/wp-json\/wp\/v2\/users\/1"}],"replies":[{"embeddable":true,"href":"https:\/\/rocketplay-game.com\/da\/wp-json\/wp\/v2\/comments?post=2340"}],"version-history":[{"count":3,"href":"https:\/\/rocketplay-game.com\/da\/wp-json\/wp\/v2\/pages\/2340\/revisions"}],"predecessor-version":[{"id":5306,"href":"https:\/\/rocketplay-game.com\/da\/wp-json\/wp\/v2\/pages\/2340\/revisions\/5306"}],"up":[{"embeddable":true,"href":"https:\/\/rocketplay-game.com\/da\/wp-json\/wp\/v2\/pages\/2343"}],"wp:attachment":[{"href":"https:\/\/rocketplay-game.com\/da\/wp-json\/wp\/v2\/media?parent=2340"}],"curies":[{"name":"wp","href":"https:\/\/api.w.org\/{rel}","templated":true}]}}