{"id":2363,"date":"2022-06-13T18:32:40","date_gmt":"2022-06-13T15:32:40","guid":{"rendered":"https:\/\/rocketplay-game.com\/poker\/"},"modified":"2024-02-09T15:28:26","modified_gmt":"2024-02-09T12:28:26","slug":"poker","status":"publish","type":"page","link":"https:\/\/rocketplay-game.com\/da\/poker\/","title":{"rendered":"Hvad er poker p\u00e5 RocketPlay Casino?"},"content":{"rendered":"<p>Der findes mange forskellige former for poker, der spilles med kortspil, og der satses p\u00e5 den bedste kombination. De pr\u00e6cise regler afh\u00e6nger af, hvilken type spil du v\u00e6lger at spille. RocketPlay poker online bruger normalt et standardspil med 52 kort, men husk, at det n\u00f8jagtige antal kort, der bruges, \u00e5bne eller lukkede, afh\u00e6nger af den type spil, du v\u00e6lger at spille.<\/p>\n<p>Poker dukkede op omkring det 19. \u00e5rhundrede i USA, hvor det hurtigt blev et popul\u00e6rt tidsfordriv. Spillet har udviklet sig betydeligt gennem \u00e5rene, og nu er det, bl.a. takket v\u00e6re online poker, et af de st\u00f8rste spil i verden. Turneringer som World Series of Poker er blevet afholdt \u00e5rligt siden 1970&#8217;erne. Der spilles for millioner af dollars under disse begivenheder.<\/p>\n<p>Den mest almindelige type poker, som du vil st\u00f8de p\u00e5 online, er Texas Hold&#8217;em. Obligatoriske indsatser er der i n\u00e6sten alle typer af RocketPlay pokerspil &#8211; vi taler om big blind og small blind. Disse indsatser foretages, f\u00f8r kortene bliver delt ud. N\u00e5r de obligatoriske indsatser er blevet foretaget, og kortene er blevet delt ud, kan andre spillere ogs\u00e5 placere deres indsatser.<\/p>\n<p><img loading=\"lazy\" decoding=\"async\" class=\"aligncenter wp-image-4733\" src=\"https:\/\/rocketplay-game.com\/wp-content\/uploads\/2024\/02\/poker-2.png\" alt=\" RocketPlay poker\" width=\"800\" height=\"324\" srcset=\"https:\/\/rocketplay-game.com\/wp-content\/uploads\/2024\/02\/poker-2.png 1015w, https:\/\/rocketplay-game.com\/wp-content\/uploads\/2024\/02\/poker-2-300x121.png 300w, https:\/\/rocketplay-game.com\/wp-content\/uploads\/2024\/02\/poker-2-768x311.png 768w\" sizes=\"auto, (max-width: 800px) 100vw, 800px\" \/><\/p>\n<p>Under spillet kan spilleren udf\u00f8re forskellige handlinger, herunder s\u00e5kaldt &#8220;folding&#8221;. At l\u00e6gge et kort fra sig betyder, at man ikke spiller den p\u00e5g\u00e6ldende h\u00e5nd og f\u00f8rst vender tilbage til spillet, n\u00e5r den p\u00e5g\u00e6ldende runde er f\u00e6rdigspillet. Du vil v\u00e6re i stand til at udf\u00f8re en handling kaldet &#8220;call&#8221; &#8211; en ligning af indsatser med dine modstandere. Endelig vil du v\u00e6re i stand til at forh\u00f8je eller \u00f8ge din indsats. De andre spillere ved bordet skal matche din indsats og h\u00e6ve eller s\u00e6nke den tilsvarende.<\/p>\n<p>Dealeren tilf\u00f8jer almindelige kort, som spillerne bruger til at fors\u00f8ge at sammens\u00e6tte den mest fordelagtige pokerh\u00e5ndskombination med fem kort. Typisk bruger pokerspil fem f\u00e6lles kort, hvor hver spiller bruger sine egne to kort til at sammens\u00e6tte den bedst mulige kombination.<\/p>\n<p>Antallet af kort- og pokerkombinationer afh\u00e6nger af den type poker, du spiller. Normalt er de mest popul\u00e6re kombinationer to identiske kort, tre identiske kort, fire identiske kort, en straight &#8211; fem p\u00e5 hinanden f\u00f8lgende kort eller en flush &#8211; en kombination af fem kort i samme farve. Vi vil tale mere om alle kombinationer i vores guide senere.<\/p>\n<p>Der er normalt fire indsatsrunder, s\u00e5 spillerne har flere muligheder for at satse og fors\u00f8ge at sl\u00e5 hinanden. I poker vinder den bedste h\u00e5nd ikke altid, fordi de andre spillere ikke kan se, hvilke kort du har p\u00e5 din h\u00e5nd, s\u00e5 du kan bluffe og f\u00e5 dine modstandere til at passere, selv om du har en svagere h\u00e5nd, der ikke kan sl\u00e5 din modstanders kombination. RocketPlay pokerrum findes ogs\u00e5.<\/p>\n<h2>Hvorfor spille poker?<\/h2>\n<p>Poker er utvivlsomt et af de mest popul\u00e6re kortspil i verden. At spille online poker RocketPlay er meget sjovt, og i mods\u00e6tning til nogle andre casinospil er det ikke kun heldet der t\u00e6ller, men ogs\u00e5 dine spillef\u00e6rdigheder. Her er et par grunde til, hvorfor poker er s\u00e5 popul\u00e6rt, og hvorfor vi elsker det s\u00e5 meget:<\/p>\n<p>Masser af muligheder &#8211; der er hundredvis af varianter af poker. Selvom det kan v\u00e6re forvirrende for nybegyndere, giver denne variation et godt valg for dem, der leder efter noget nyt. Selv hvis man spiller den samme type spil, vil pokerspil aldrig v\u00e6re ens p\u00e5 grund af de mange forskellige spillere, kombinationer og regler.<\/p>\n<p>Spillet er baseret p\u00e5 f\u00e6rdigheder. I mods\u00e6tning til spilleautomater eller rouletteborde kr\u00e6ver poker spillef\u00e6rdigheder. Selvf\u00f8lgelig afh\u00e6nger meget mere af held, f.eks. hvilke kort der bliver givet, men husk p\u00e5, at de bedste kort ikke altid vinder. Du skal vide, hvordan du kan bruge kortene til din fordel ved at bruge psykologiske teknikker, s\u00e5som bluff, som vil hj\u00e6lpe dig med at sl\u00e5 dine modstandere.<\/p>\n<p>Tilg\u00e6ngelighed. Poker er et af de mest popul\u00e6re kortspil, s\u00e5 det er tilg\u00e6ngeligt p\u00e5 n\u00e6sten alle online casinoer. Der er ogs\u00e5 hundredvis af gode pokersider dedikeret til de bedste pokerborde for spillere fra hele verden.<\/p>\n<p>Spil mod andre spillere &#8211; I stedet for at spille mod dealeren, konkurrerer du mod andre spillere. Dette ophidser de spillere, der nyder at sl\u00e5 deres modstander ud af spillet. Det giver dig ogs\u00e5 mulighed for at spille poker mod folk med forskellige f\u00e6rdighedsniveauer.<\/p>\n<p>Sp\u00e6nding. <a href=\"https:\/\/rocketplay-game.com\/da\/\">RocketPlay<\/a> gratis online poker er et af de mest sp\u00e6ndende casinospil med fire spillerunder, hvor du kan se, hvordan dine modstandere spiller. Pokerspillet kan v\u00e6re langsomt i forhold til nogle andre spil, men det er altid et spil med stigende forventninger.<\/p>\n<p>Store pr\u00e6mier &#8211; Masser af mennesker spiller poker, s\u00e5 det er ikke overraskende, at med en s\u00e5 stor spillerbase, tjener de store bel\u00f8b. Normalt tilbyder de nemmeste sider spil med ret h\u00f8je indsatser. Mange sider tilbyder ogs\u00e5 turneringer, hvor der tilbydes store pengepr\u00e6mier til vinderne.<\/p>\n<h2>Tips til at spille poker<\/h2>\n<p>F\u00f8r du begynder at spille poker online, er det vigtigt at sikre dig, at du forst\u00e5r spillet. Det sidste, du \u00f8nsker at g\u00f8re, er at spille mod spillere, der ved meget mere om spillet, end du g\u00f8r. Spillere kan altid v\u00e6re mere erfarne, men du b\u00f8r aldrig g\u00e5 ind i spillet med mindre viden end dine modstandere.<\/p>\n<p>Der er ogs\u00e5 et element af held i poker, is\u00e6r n\u00e5r kortene bliver delt ud, men hvordan man satser og hvordan man spiller med de kort, man f\u00e5r, er et sp\u00f8rgsm\u00e5l om strategi. Vi vil give oplysninger om, hvilke kombinationer der er mest fordelagtige, samt dele nogle generelle tips.<\/p>\n<p>For det meste g\u00e6lder disse tips for pokerspillet Texas Hold&#8217;em, som anses for at v\u00e6re den mest popul\u00e6re form for poker.<\/p>\n<p><img loading=\"lazy\" decoding=\"async\" class=\"aligncenter wp-image-225\" src=\"https:\/\/rocketplay-game.com\/wp-content\/uploads\/2022\/06\/rocketplay-friday-reload-bonus-855x458-1.webp\" alt=\" RocketPlay poker 2\" width=\"800\" height=\"429\" srcset=\"https:\/\/rocketplay-game.com\/wp-content\/uploads\/2022\/06\/rocketplay-friday-reload-bonus-855x458-1.webp 855w, https:\/\/rocketplay-game.com\/wp-content\/uploads\/2022\/06\/rocketplay-friday-reload-bonus-855x458-1-300x161.webp 300w, https:\/\/rocketplay-game.com\/wp-content\/uploads\/2022\/06\/rocketplay-friday-reload-bonus-855x458-1-768x411.webp 768w\" sizes=\"auto, (max-width: 800px) 100vw, 800px\" \/><\/p>\n<h2>Poker-kombinationer<\/h2>\n<p>I poker er m\u00e5let med spillet at sammens\u00e6tte den bedst mulige kombination af fem kort ved hj\u00e6lp af dine kort p\u00e5 h\u00e5nden og de almindelige kort p\u00e5 bordet. Du kan kombinere kortene p\u00e5 forskellige m\u00e5der ved at bruge et eller begge de eksisterende kort p\u00e5 din h\u00e5nd. De fleste pokertyper har forskellige regler for at f\u00e5 de bedst mulige kombinationer, s\u00e5 vi vil se p\u00e5 nogle af de vigtigste kombinationer i reglerne for Texas Hold&#8217;em Poker.<\/p>\n<p>Kombinationerne er beskrevet nedenfor, begyndende med den mest gunstige kombination:<\/p>\n<ul>\n<li style=\"font-weight: 400;\" aria-level=\"1\"><span style=\"font-family: var(--global-body-font-family);\">Royal flush er den st\u00e6rkeste og samtidig den sj\u00e6ldneste pokerkombination. Det er en kombination af et es, en konge, en dronning, en kn\u00e6gt og en tiere i den samme farve.<br \/>\n<\/span><\/li>\n<li style=\"font-weight: 400;\" aria-level=\"1\"><span style=\"font-family: var(--global-body-font-family);\">Straight-flush &#8211; Fem kort af samme farve i tr\u00e6k.<br \/>\n<\/span><\/li>\n<li style=\"font-weight: 400;\" aria-level=\"1\"><span style=\"font-family: var(--global-body-font-family);\">Four of a Kind &#8211; Dette er en kombination af fire af samme kort, f.eks. fire esser eller fire konger.<br \/>\n<\/span><\/li>\n<li style=\"font-weight: 400;\" aria-level=\"1\"><span style=\"font-family: var(--global-body-font-family);\">Full House &#8211; En kombination, der best\u00e5r af et s\u00e6t (tre kort) og et par.<br \/>\n<\/span><\/li>\n<li style=\"font-weight: 400;\" aria-level=\"1\"><span style=\"font-family: var(--global-body-font-family);\">Flush &#8211; En kombination af fem kort i samme farve.<br \/>\n<\/span><\/li>\n<li style=\"font-weight: 400;\" aria-level=\"1\"><span style=\"font-family: var(--global-body-font-family);\">Straight &#8211; En h\u00e5ndkombination best\u00e5ende af fem p\u00e5 hinanden f\u00f8lgende kort, men ikke n\u00f8dvendigvis af samme farve.<br \/>\n<\/span><\/li>\n<li style=\"font-weight: 400;\" aria-level=\"1\"><span style=\"font-family: var(--global-body-font-family);\">Two Pairs &#8211; En kombination af to par.<br \/>\n<\/span><\/li>\n<li style=\"font-weight: 400;\" aria-level=\"1\"><span style=\"font-family: var(--global-body-font-family);\">H\u00f8jt kort &#8211; det st\u00e6rkeste kort, n\u00e5r du ikke har lavet nogen kombination. I dette tilf\u00e6lde bliver dit h\u00f8jeste kort spillet. <\/span><\/li>\n<\/ul>\n<h2>Pokerstrategi<\/h2>\n<p>Da poker ikke kun handler om held, har du mulighed for at vende tingene til din fordel:Da poker ikke kun handler om held, har du mulighed for at vende tingene til din fordel:<\/p>\n<p>En langsom start &#8211; du vil blive betragtet som en nybegynder, n\u00e5r du starter spillet. Dette kan g\u00f8re det lettere for andre spillere at v\u00e6lge, hvis du ikke er forsigtig. F\u00f8r du begynder at spille RocketPlay online poker for rigtige penge, anbefales det, at du \u00f8ver dig i nogle grundl\u00e6ggende pokerf\u00e6rdigheder. Du kan ogs\u00e5 starte med spil med lave indsatser, s\u00e5 det maksimale tab vil ogs\u00e5 v\u00e6re lavere. Lad dig ikke rive med at \u00f8ge indsatsen, selvom du tror, at du har en god h\u00e5nd. Bev\u00e6g dig langsomt og med selvtillid for at l\u00e6re meget mere om dine modstandere. Efterh\u00e5nden som du bliver mere erfaren med tiden, vil du kunne \u00f8ge dine stakes og i sidste ende g\u00e5 videre til spil med h\u00f8jere stakes og spil med flere borde.<\/p>\n<p>Forst\u00e5else af spiltypen. Mange spillere bliver ophidsede og mister kontrollen, n\u00e5r de f\u00f8rst begynder at spille, fordi de tror, at de regler, de kender, g\u00e6lder for alle typer pokerspil. Desv\u00e6rre er dette ikke tilf\u00e6ldet, og du vil blive overrasket, hvis du kaster dig ud i det uden at l\u00e6se reglerne. F\u00f8r du starter et spil, skal du sikre dig, at du ved, hvad de bedste kombinationer er, husk at de fleste spillere vil v\u00e6re mere erfarne end dig, s\u00e5 s\u00f8rg for at din modstander har en mindre fordel i forhold til dig i starten af spillet!<\/p>\n<p>Udnyt <a href=\"https:\/\/rocketplay-game.com\/da\/bonus\/\">bonusser<\/a> &#8211; RocketPlay online poker Denmark tilbyder gode kampagner og bonusser til nye spillere. Udnyt alle disse muligheder, de vil give dig mulighed for at spille et par runder med mindre risiko. F\u00f8r du tilmelder dig, skal du s\u00f8rge for at g\u00f8re dig bekendt med vilk\u00e5rene og betingelserne for spillet, da nogle af dem vil have gennemspilskrav eller andre begr\u00e6nsninger.<\/p>\n<p>Skab et diskret legeomr\u00e5de &#8211; det er vigtigt, at man ikke bliver distraheret, f\u00f8r man genoptager legen. RocketPlay download online poker kr\u00e6ver meget koncentration, og du skal v\u00e6re forsigtig for at vinde. T\u00e6nd for afslappende musik, s\u00e6t din smartphone p\u00e5 lydl\u00f8s tilstand, og fordyb dig i din komfortzone. Forskellen mellem gode spillere og store spillere er ofte, hvor alvorligt de tager spillet.<\/p>\n<p>Balancekontrol. Din balance er, hvor mange penge du har til r\u00e5dighed til at satse i spillet. Det er de penge, der er indbetalt p\u00e5 dit casino eller pokersites spillerkonto. S\u00f8rg for at s\u00e6tte en gr\u00e6nse for, hvor meget du kan spille hver dag, og overskrid den ikke. Hvis m\u00e6ngden af penge falder, skal du spille RocketPlay online poker app med lavere indsatser. Hvis pengebel\u00f8bet stiger, kan du tage flere risici ved at spille poker med h\u00f8jere indsatser. Hold \u00f8je med din saldo, og stop med at spille, hvis du synes, at du bruger for meget.<\/p>\n<p>Gr\u00e6nser for tab og gevinster. F\u00f8r du begynder at spille, er det vigtigt at s\u00e6tte gr\u00e6nser for, hvor meget du er villig til at tabe. Du b\u00f8r ogs\u00e5 fasts\u00e6tte det maksimale bel\u00f8b, du kan vinde, f\u00f8r du er f\u00e6rdig med at spille den dag. Det er altid tilr\u00e5deligt at s\u00e6tte gr\u00e6nser for spil, da spil kan v\u00e6re vanedannende. Is\u00e6r n\u00e5r man taber, n\u00e5r spillerne har en tendens til at vinde tilbage, hvilket normalt kun f\u00f8rer til flere tab. N\u00e5r du spiller poker, er det vigtigt at bevare roen, s\u00e5 du b\u00f8r undg\u00e5 at spille, n\u00e5r du er for sikker p\u00e5 at vinde eller er vred over at tabe.<\/p>\n<p><img loading=\"lazy\" decoding=\"async\" class=\"aligncenter wp-image-4742\" src=\"https:\/\/rocketplay-game.com\/wp-content\/uploads\/2024\/02\/poker-1.png\" alt=\" RocketPlay poker 3\" width=\"600\" height=\"317\" srcset=\"https:\/\/rocketplay-game.com\/wp-content\/uploads\/2024\/02\/poker-1.png 766w, https:\/\/rocketplay-game.com\/wp-content\/uploads\/2024\/02\/poker-1-300x159.png 300w\" sizes=\"auto, (max-width: 600px) 100vw, 600px\" \/><\/p>\n<h2>OFTE STILLEDE SP\u00d8RGSM\u00c5L<\/h2>\n<h3>Er det sikkert at spille poker online?<\/h3>\n<p>Ja, selvf\u00f8lgelig er det det. RocketPlay-webstedet er sikkert og trov\u00e6rdigt.<\/p>\n<h3>Hvordan kan jeg l\u00e6re at spille poker?<\/h3>\n<p>Poker for nye spillere kan nogle gange virke kompliceret, fordi der er mange forskellige varianter af spillet og deres regler. Men n\u00e5r du f\u00f8rst begynder at spille igen, vil du opdage, at det er ret nemt at spille, det er sv\u00e6rere at l\u00e6re.<\/p>\n<h3>Kan jeg tjene penge p\u00e5 at spille poker online?<\/h3>\n<p>Selvf\u00f8lgelig. Der er mange spillere, der bruger deres f\u00e6rdigheder og viden i spillet til at tjene penge. Det er dog altid vigtigt at huske, at poker er et tilf\u00e6ldigt spil, og du risikerer dine penge for at vinde. Spil altid ansvarligt, og lad dig ikke rive med til at tjene penge. Online poker skal f\u00f8rst og fremmest v\u00e6re et sjovt spil.<\/p>\n","protected":false},"excerpt":{"rendered":"<p>Der findes mange forskellige former for poker, der spilles med kortspil, og der satses p\u00e5 den bedste kombination. De pr\u00e6cise regler afh\u00e6nger af, hvilken type spil du v\u00e6lger at spille. RocketPlay poker online bruger normalt et standardspil med 52 kort, men husk, at det n\u00f8jagtige antal kort, der bruges, \u00e5bne eller lukkede, afh\u00e6nger af den&#8230;<\/p>\n","protected":false},"author":1,"featured_media":0,"parent":0,"menu_order":0,"comment_status":"closed","ping_status":"closed","template":"page-with-bonus.php","meta":{"_acf_changed":false,"_kad_post_transparent":"default","_kad_post_title":"default","_kad_post_layout":"default","_kad_post_sidebar_id":"","_kad_post_content_style":"default","_kad_post_vertical_padding":"default","_kad_post_feature":"","_kad_post_feature_position":"","_kad_post_header":false,"_kad_post_footer":false,"footnotes":""},"class_list":["post-2363","page","type-page","status-publish","hentry"],"acf":[],"rttpg_featured_image_url":null,"rttpg_author":{"display_name":"Tom","author_link":"https:\/\/rocketplay-game.com\/da\/author\/pemvas95n89x\/"},"rttpg_comment":0,"rttpg_category":null,"rttpg_excerpt":"Der findes mange forskellige former for poker, der spilles med kortspil, og der satses p\u00e5 den bedste kombination. De pr\u00e6cise regler afh\u00e6nger af, hvilken type spil du v\u00e6lger at spille. RocketPlay poker online bruger normalt et standardspil med 52 kort, men husk, at det n\u00f8jagtige antal kort, der bruges, \u00e5bne eller lukkede, afh\u00e6nger af den...","_links":{"self":[{"href":"https:\/\/rocketplay-game.com\/da\/wp-json\/wp\/v2\/pages\/2363","targetHints":{"allow":["GET"]}}],"collection":[{"href":"https:\/\/rocketplay-game.com\/da\/wp-json\/wp\/v2\/pages"}],"about":[{"href":"https:\/\/rocketplay-game.com\/da\/wp-json\/wp\/v2\/types\/page"}],"author":[{"embeddable":true,"href":"https:\/\/rocketplay-game.com\/da\/wp-json\/wp\/v2\/users\/1"}],"replies":[{"embeddable":true,"href":"https:\/\/rocketplay-game.com\/da\/wp-json\/wp\/v2\/comments?post=2363"}],"version-history":[{"count":3,"href":"https:\/\/rocketplay-game.com\/da\/wp-json\/wp\/v2\/pages\/2363\/revisions"}],"predecessor-version":[{"id":5219,"href":"https:\/\/rocketplay-game.com\/da\/wp-json\/wp\/v2\/pages\/2363\/revisions\/5219"}],"wp:attachment":[{"href":"https:\/\/rocketplay-game.com\/da\/wp-json\/wp\/v2\/media?parent=2363"}],"curies":[{"name":"wp","href":"https:\/\/api.w.org\/{rel}","templated":true}]}}