{"id":2371,"date":"2022-08-11T21:03:08","date_gmt":"2022-08-11T18:03:08","guid":{"rendered":"https:\/\/rocketplay-game.com\/welcome-offer\/"},"modified":"2022-10-31T17:50:52","modified_gmt":"2022-10-31T14:50:52","slug":"welcome-offer","status":"publish","type":"page","link":"https:\/\/rocketplay-game.com\/da\/welcome-offer\/","title":{"rendered":"Hvad er et velkomsttilbud?"},"content":{"rendered":"<p>Bedste casino velkomsttilbud <a href=\"https:\/\/rocketplay-game.com\/da\/\">Rocket Play<\/a> er et fantastisk perspektiv for potentielle spillere til at genopfylde deres indskud, men ogs\u00e5 for at f\u00e5 en solid forsyning af yderligere perioder! Ikke en eneste deltager i gameplayet ville g\u00e5 glip af muligheden for at f\u00e5 fat i et par ekstra spins for at forl\u00e6nge duellens forl\u00f8b i h\u00e5b om at modtage en bel\u00f8nningsrunde og den \u00f8nskede gevinst.<\/p>\n<p>Ud\u00f8verne af online spilinstitutioner er temperamentsfulde og nidk\u00e6re tilh\u00e6ngere af konkurrencer, som bruger deres fritid med passion og \u00f8nsker at h\u00e6ve en god score. Casino Rocket Play velkomsttilbud giver en s\u00e5dan gave: 100% + hundrede pr\u00e6ferenceoms\u00e6tninger er en god start. Lav en indbetaling p\u00e5 tredive $ og saml din kampagne. Incitamentskrav:<\/p>\n<ul>\n<li>Deltagergebyret skal v\u00e6re p\u00e5 mindst tredive $, mens du med rette fortjener en 100% bel\u00f8nning.<\/li>\n<li>Hundrede pr\u00e6ferenceoms\u00e6tninger i starten er inkluderet i konfigurationen af tyve daglige oms\u00e6tninger inden for fem dage.<\/li>\n<li>Den marginale bel\u00f8nning er 300 kr.<\/li>\n<li>Det maksimale bel\u00f8b for et nuv\u00e6rende spil er 7,50 kr.<\/li>\n<li>Multiplier x40.<\/li>\n<\/ul>\n<p>Overskud p\u00e5 tre tusind f\u00f8rer til slutningen af spillet. Pr\u00e6ferentielle oms\u00e6tninger i starten er tilf\u00f8jet i et s\u00e6t i fem dage, tyve for en &#8211; i alt er der hundrede af dem.<\/p>\n<p>De f\u00f8rste tyve kampagner uden investeringer pr\u00e6senteres med en vellykket indbetaling af midler. Oms\u00e6tningen for den n\u00e6ste dag bliver tilg\u00e6ngelig pr\u00e6cis p\u00e5 en dag, forudsat at x1-h\u00e6vnelseskravet er opfyldt. Denne proces er spredt over fire dage. Det er muligt at bruge online casino Rocket Play <a href=\"https:\/\/rocketplay-game.com\/da\/bonus\/\">velkomstbonusser<\/a> inden for fem dage. Du kan kun bruge din foretrukne oms\u00e6tning i l\u00f8bet af de f\u00f8rste 24 timer. Varigheden af resultatet af FS n\u00e5r fem dage.<\/p>\n<p style=\"text-align: center;\"><img loading=\"lazy\" decoding=\"async\" class=\"size-medium wp-image-311 aligncenter\" src=\"https:\/\/rocketplay-game.com\/wp-content\/uploads\/2022\/08\/vip_header_icon1-300x300.png\" alt=\"rocket play casino\" width=\"300\" height=\"300\" srcset=\"https:\/\/rocketplay-game.com\/wp-content\/uploads\/2022\/08\/vip_header_icon1-300x300.png 300w, https:\/\/rocketplay-game.com\/wp-content\/uploads\/2022\/08\/vip_header_icon1-150x150.png 150w, https:\/\/rocketplay-game.com\/wp-content\/uploads\/2022\/08\/vip_header_icon1.png 552w\" sizes=\"auto, (max-width: 300px) 100vw, 300px\" \/><\/p>\n<h2>S\u00e5dan g\u00f8r du krav p\u00e5 en velkomstbonus<\/h2>\n<p>Eksisterende web-spilhuse vedh\u00e6fter gaver fra loyalitetsprogrammet til starteren eller nogle andre input til deres n\u00f8dvendige begivenheder. Hovedfunktionen af Rocket Play bedste casino velkomstbonusser er at mobilisere s\u00e5 mange deltagere som muligt og \u00f8ge den kontante betaling for langvarig deltagelse i spillet og en reel mulighed for at opn\u00e5 en fortjeneste.<\/p>\n<p>Disse pr\u00e6ferentielle tilbud g\u00e6lder kun for rekrutter, hvilket er grunden til, at individuelle spillere eksisterer i konstant udforskning af ny\u00e5bnede spillehuse. Der g\u00f8r de deres f\u00f8rste input, modtager en loyal blok af bel\u00f8nninger, ekstase fra gameplayet og vinder ofte. Bel\u00f8nninger fra casino loyalitetsprogram vises p\u00e5 maskinen efter bogf\u00f8ring og indbetaling af bel\u00f8bet p\u00e5 kontoen. Nogle gange henvender de sig til support for at f\u00e5 bel\u00f8nninger. F\u00f8r du opretter en personlig konto, skal du g\u00f8re dig bekendt med loyalitetsprogrammet.<\/p>\n<h2>Tilbyd eksklusivt til nye spillere<\/h2>\n<p>Rocket Play velkomsttilbud Danmark p\u00e5 den n\u00e6ste rate &#8211; 200% bel\u00f8nning p\u00e5 den anden rate. Lav en anden investering p\u00e5 mindst femoghalvfjerds kr. og bel\u00f8nningen er din. Krav for at modtage bel\u00f8nningen:<\/p>\n<ul>\n<li>Efter at have foretaget det andet input fra femoghalvfjerds kroner, og spilleren er garanteret at tjene en 200% forfremmelse.<\/li>\n<li>Denne bel\u00f8nning kan bruges efter den f\u00f8rste indbetaling.<\/li>\n<li>Det marginale incitament er tre hundrede kroner.<\/li>\n<li>Kampagnesatsen er syv kroner.<\/li>\n<li>Koefficient x40<\/li>\n<\/ul>\n<p>Spillet er slut ved tre tusind kroner.<\/p>\n<h2>FAQ<\/h2>\n<h3>Hvorfor tilbyder casinoer bonusser?<\/h3>\n<p>Bel\u00f8nningssystemet for spilinstitutioner har ikke l\u00e6ngere en spektakul\u00e6r, men en reklamefunktion. Hvor deltagerne i spilforl\u00f8bet f\u00e5r ekstra omgange som en gave undervejs i spillet. Disse begivenheder har et m\u00e5l i sig selv for at overtale s\u00e5 mange fans som muligt til at registrere sig i dette webcasino.<\/p>\n<h3>Er det muligt at bruge loyalitetsbonussen to gange?<\/h3>\n<p>Svaret er nej. Afdelingen overv\u00e5ger disse situationer. Den maksimale m\u00e6ngde input for h\u00e6vnopmuntring kontrolleres ogs\u00e5, og dette kan forhindre dig i at tjene din interesse. Samtidig opbevarer prestigefyldte spilleplatforme oplysninger om den korrekte drift af gaver og oms\u00e6tninger uden investeringer i det offentlige rum. Som regel g\u00f8r de sig bekendt med det, f\u00f8r de registrerer sig p\u00e5 casino portalen.<\/p>\n<h3>Hvad er instruktionerne for k\u00f8b af bel\u00f8nninger?<\/h3>\n<p>S\u00e5 for at f\u00e5 en bel\u00f8nning, skal du:<\/p>\n<ul>\n<li>v\u00e6re sikker p\u00e5 at g\u00e5 igennem en lille registreringsoperation;<\/li>\n<li>angive dine personlige data;<\/li>\n<li>bruge de korrekte n\u00f8gler.<\/li>\n<\/ul>\n<p>I alle spilinstitutioner kan bel\u00f8nninger bruges umiddelbart efter, at de er optjent.<\/p>\n<p><strong>L\u00e6s ogs\u00e5 om:<\/strong><\/p>\n<ul>\n<li><a href=\"https:\/\/rocketplay-game.com\/bonus\/regular-bonuses\/\">Regular Bonuses<\/a><\/li>\n<li><a href=\"https:\/\/rocketplay-game.com\/bonus\/loyalty-program\/\">Loyalty Program<\/a><\/li>\n<\/ul>\n","protected":false},"excerpt":{"rendered":"<p>Bedste casino velkomsttilbud Rocket Play er et fantastisk perspektiv for potentielle spillere til at genopfylde deres indskud, men ogs\u00e5 for at f\u00e5 en solid forsyning af yderligere perioder! Ikke en eneste deltager i gameplayet ville g\u00e5 glip af muligheden for at f\u00e5 fat i et par ekstra spins for at forl\u00e6nge duellens forl\u00f8b i h\u00e5b&#8230;<\/p>\n","protected":false},"author":1,"featured_media":0,"parent":0,"menu_order":0,"comment_status":"closed","ping_status":"closed","template":"page-with-bonus.php","meta":{"_acf_changed":false,"_kad_post_transparent":"default","_kad_post_title":"default","_kad_post_layout":"default","_kad_post_sidebar_id":"","_kad_post_content_style":"default","_kad_post_vertical_padding":"default","_kad_post_feature":"","_kad_post_feature_position":"","_kad_post_header":false,"_kad_post_footer":false,"footnotes":""},"class_list":["post-2371","page","type-page","status-publish","hentry"],"acf":[],"rttpg_featured_image_url":null,"rttpg_author":{"display_name":"Tom","author_link":"https:\/\/rocketplay-game.com\/da\/author\/pemvas95n89x\/"},"rttpg_comment":0,"rttpg_category":null,"rttpg_excerpt":"Bedste casino velkomsttilbud Rocket Play er et fantastisk perspektiv for potentielle spillere til at genopfylde deres indskud, men ogs\u00e5 for at f\u00e5 en solid forsyning af yderligere perioder! Ikke en eneste deltager i gameplayet ville g\u00e5 glip af muligheden for at f\u00e5 fat i et par ekstra spins for at forl\u00e6nge duellens forl\u00f8b i h\u00e5b...","_links":{"self":[{"href":"https:\/\/rocketplay-game.com\/da\/wp-json\/wp\/v2\/pages\/2371","targetHints":{"allow":["GET"]}}],"collection":[{"href":"https:\/\/rocketplay-game.com\/da\/wp-json\/wp\/v2\/pages"}],"about":[{"href":"https:\/\/rocketplay-game.com\/da\/wp-json\/wp\/v2\/types\/page"}],"author":[{"embeddable":true,"href":"https:\/\/rocketplay-game.com\/da\/wp-json\/wp\/v2\/users\/1"}],"replies":[{"embeddable":true,"href":"https:\/\/rocketplay-game.com\/da\/wp-json\/wp\/v2\/comments?post=2371"}],"version-history":[{"count":2,"href":"https:\/\/rocketplay-game.com\/da\/wp-json\/wp\/v2\/pages\/2371\/revisions"}],"predecessor-version":[{"id":2374,"href":"https:\/\/rocketplay-game.com\/da\/wp-json\/wp\/v2\/pages\/2371\/revisions\/2374"}],"wp:attachment":[{"href":"https:\/\/rocketplay-game.com\/da\/wp-json\/wp\/v2\/media?parent=2371"}],"curies":[{"name":"wp","href":"https:\/\/api.w.org\/{rel}","templated":true}]}}