{"id":2375,"date":"2022-05-15T16:51:32","date_gmt":"2022-05-15T13:51:32","guid":{"rendered":"https:\/\/rocketplay-game.com\/vip\/"},"modified":"2026-03-01T18:45:45","modified_gmt":"2026-03-01T15:45:45","slug":"vip","status":"publish","type":"page","link":"https:\/\/rocketplay-game.com\/da\/vip\/","title":{"rendered":"VIP-program hos RocketPlay"},"content":{"rendered":"<p>I de udfordrende tider, som verden som vi kender den, er det vigtigere end nogensinde f\u00f8r for virksomheder at skabe et milj\u00f8 for deres kunder, som f\u00e5r dem til at f\u00f8le sig vigtige og v\u00e6rdsatte. Typisk g\u00f8r online casinoer dette gennem dedikerede spillerprogrammer, der omfatter virtuelle begivenheder, online lotterier og mange andre casino kampagner og bonusser. Et af disse tilbud er Rocket Play casino VIP-programmet.<\/p>\n<p>For mange er dette tilbud noget, som alle har h\u00f8rt om, men aldrig pr\u00f8vet. Hvis du er en rigtig fan af online casinoer, kan du modtage individuelle bel\u00f8nninger. Online casino Rocket Play VIP program giver dig mange fordele og gaver.<\/p>\n<p><img loading=\"lazy\" decoding=\"async\" class=\"wp-image-493 size-full aligncenter\" style=\"text-align: center; font-family: var(--global-body-font-family);\" src=\"https:\/\/rocketplay-game.com\/wp-content\/uploads\/2022\/10\/vip-programs-rocketplay.png\" alt=\"vip programs rocketplay\" width=\"960\" height=\"400\" srcset=\"https:\/\/rocketplay-game.com\/wp-content\/uploads\/2022\/10\/vip-programs-rocketplay.png 960w, https:\/\/rocketplay-game.com\/wp-content\/uploads\/2022\/10\/vip-programs-rocketplay-300x125.png 300w, https:\/\/rocketplay-game.com\/wp-content\/uploads\/2022\/10\/vip-programs-rocketplay-768x320.png 768w\" sizes=\"auto, (max-width: 960px) 100vw, 960px\" \/><\/p>\n<h2>Fordelene ved at blive VIP<\/h2>\n<p>Rocket Play casino VIP program Denmark fungerer p\u00e5 en s\u00e5dan m\u00e5de, at institutionen giver brugerne en bonus, ekstra runder og meget mere. Virksomheder, der udvikler VIP-programmer for deres kunder, har deres egne kriterier, hvorefter en spiller f\u00e5r tildelt VIP-status. Oftest er de baseret p\u00e5 et system af point og regelm\u00e6ssige indskud i form af fire eller fem tal. Begynd at satse regelm\u00e6ssigt, opsaml spillepoint, og casinochefen vil kontakte dig for at invitere dig til VIP-programmet.<\/p>\n<p>Du vil n\u00e6ppe finde en person, der kommer til casinoet for at tabe. Selv om grunden til at g\u00e5 til et spilsted bare er for at have det sjovt, er det m\u00e5l, som alle spillere forf\u00f8lger, kun \u00e9t &#8211; at vinde. Desv\u00e6rre er det umuligt altid at vinde; ellers ville casinoerne v\u00e6re lukket, om ikke hver dag, s\u00e5 hver anden dag. At tabe er en del af spilprocessen, som skal behandles korrekt, is\u00e6r i betragtning af at casinoerne har givet en fremragende afb\u00f8dningsbonus til dette tilf\u00e6lde &#8211; casino cashback.<\/p>\n<p>I mods\u00e6tning til andre bonusser, der gives for registrering eller promokoder, er denne bonus kumulativ. Dette er en rigtig fin bonus, der viser, at casinoet fors\u00f8ger at afb\u00f8de den mulige negative effekt af at tabe. Det eneste, du skal huske for ikke at blive skuffet, er at l\u00e6se betingelserne for at modtage denne bonus p\u00e5 casinoets hjemmeside.<\/p>\n<h2>Ofte stillede sp\u00f8rgsm\u00e5l<\/h2>\n<h3>Hvordan bliver man medlem af det s\u00e6rlige tilbud?<\/h3>\n<p>Afh\u00e6ngigt af niveauet modtager casinoklienten gaver. For eksempel den omvendte af midler. Der er et s\u00e6rligt tilbud til dette &#8211; Rocket Play casino bedste VIP-program. Hvert registreret medlem f\u00e5r en jernv\u00e6rdi. Der er ti i alt. Det er en slags nyt niveau. Med hver af dem gives der flere gaver.<\/p>\n<h3>Hvilke tilbud gives der for hvert niveau?<\/h3>\n<p>Det andet er 10 ekstra runder. P\u00e5 den tredje &#8211; 15, p\u00e5 mandag er det omvendt 3 procent (x5). 4. &#8211; 50 runder, p\u00e5 mandag omvendt &#8211; 5 procent (x5). 5. &#8211; 75 runder, omvendt &#8211; 7 procent (x5). 6. &#8211; 150 runder, om mandagen omvendt &#8211; 9 procent (x5). 7. &#8211; 300 runder, omvendt &#8211; 10 procent (x5). 8. &#8211; reverse 12 procent, ingen indskud &#8211; 2.300 kroner. 9. omvendt -13 procent (x5), ingen indskud &#8211; 9.000 kr. Den h\u00f8jeste &#8211; reverse &#8211; 15 procent, ingen depositum 22,5 tusind kr.<\/p>\n<h3>Hvad er reglerne for at modtage?<\/h3>\n<p>Runder gives kun i visse maskiner. Der gives fem dage til aktivering. Indsats x20. Enhver indsats placeret giver kunden point. Det er dem, der hj\u00e6lper til at n\u00e5 niveauerne.<\/p>\n","protected":false},"excerpt":{"rendered":"<p>I de udfordrende tider, som verden som vi kender den, er det vigtigere end nogensinde f\u00f8r for virksomheder at skabe et milj\u00f8 for deres kunder, som f\u00e5r dem til at f\u00f8le sig vigtige og v\u00e6rdsatte. Typisk g\u00f8r online casinoer dette gennem dedikerede spillerprogrammer, der omfatter virtuelle begivenheder, online lotterier og mange andre casino kampagner og&#8230;<\/p>\n","protected":false},"author":1,"featured_media":0,"parent":0,"menu_order":0,"comment_status":"closed","ping_status":"closed","template":"","meta":{"_acf_changed":false,"_kad_post_transparent":"default","_kad_post_title":"default","_kad_post_layout":"default","_kad_post_sidebar_id":"","_kad_post_content_style":"default","_kad_post_vertical_padding":"default","_kad_post_feature":"","_kad_post_feature_position":"","_kad_post_header":false,"_kad_post_footer":false,"footnotes":""},"class_list":["post-2375","page","type-page","status-publish","hentry"],"acf":[],"rttpg_featured_image_url":null,"rttpg_author":{"display_name":"Tom","author_link":"https:\/\/rocketplay-game.com\/da\/author\/pemvas95n89x\/"},"rttpg_comment":0,"rttpg_category":null,"rttpg_excerpt":"I de udfordrende tider, som verden som vi kender den, er det vigtigere end nogensinde f\u00f8r for virksomheder at skabe et milj\u00f8 for deres kunder, som f\u00e5r dem til at f\u00f8le sig vigtige og v\u00e6rdsatte. Typisk g\u00f8r online casinoer dette gennem dedikerede spillerprogrammer, der omfatter virtuelle begivenheder, online lotterier og mange andre casino kampagner og...","_links":{"self":[{"href":"https:\/\/rocketplay-game.com\/da\/wp-json\/wp\/v2\/pages\/2375","targetHints":{"allow":["GET"]}}],"collection":[{"href":"https:\/\/rocketplay-game.com\/da\/wp-json\/wp\/v2\/pages"}],"about":[{"href":"https:\/\/rocketplay-game.com\/da\/wp-json\/wp\/v2\/types\/page"}],"author":[{"embeddable":true,"href":"https:\/\/rocketplay-game.com\/da\/wp-json\/wp\/v2\/users\/1"}],"replies":[{"embeddable":true,"href":"https:\/\/rocketplay-game.com\/da\/wp-json\/wp\/v2\/comments?post=2375"}],"version-history":[{"count":3,"href":"https:\/\/rocketplay-game.com\/da\/wp-json\/wp\/v2\/pages\/2375\/revisions"}],"predecessor-version":[{"id":10330,"href":"https:\/\/rocketplay-game.com\/da\/wp-json\/wp\/v2\/pages\/2375\/revisions\/10330"}],"wp:attachment":[{"href":"https:\/\/rocketplay-game.com\/da\/wp-json\/wp\/v2\/media?parent=2375"}],"curies":[{"name":"wp","href":"https:\/\/api.w.org\/{rel}","templated":true}]}}