{"id":2380,"date":"2022-08-11T20:40:03","date_gmt":"2022-08-11T17:40:03","guid":{"rendered":"https:\/\/rocketplay-game.com\/free-spins\/"},"modified":"2022-10-31T17:49:13","modified_gmt":"2022-10-31T14:49:13","slug":"free-spins","status":"publish","type":"page","link":"https:\/\/rocketplay-game.com\/da\/free-spins\/","title":{"rendered":"Udnyt vores freespins"},"content":{"rendered":"<p><img loading=\"lazy\" decoding=\"async\" class=\" wp-image-295 aligncenter\" src=\"https:\/\/rocketplay-game.com\/wp-content\/uploads\/2022\/08\/playamo-australia-review-why-should-you-play-on-playamo-casino-1-1-300x192.jpeg\" alt=\"free spins\" width=\"578\" height=\"370\" srcset=\"https:\/\/rocketplay-game.com\/wp-content\/uploads\/2022\/08\/playamo-australia-review-why-should-you-play-on-playamo-casino-1-1-300x192.jpeg 300w, https:\/\/rocketplay-game.com\/wp-content\/uploads\/2022\/08\/playamo-australia-review-why-should-you-play-on-playamo-casino-1-1-1024x656.jpeg 1024w, https:\/\/rocketplay-game.com\/wp-content\/uploads\/2022\/08\/playamo-australia-review-why-should-you-play-on-playamo-casino-1-1-768x492.jpeg 768w, https:\/\/rocketplay-game.com\/wp-content\/uploads\/2022\/08\/playamo-australia-review-why-should-you-play-on-playamo-casino-1-1-1536x983.jpeg 1536w, https:\/\/rocketplay-game.com\/wp-content\/uploads\/2022\/08\/playamo-australia-review-why-should-you-play-on-playamo-casino-1-1.jpeg 2048w\" sizes=\"auto, (max-width: 578px) 100vw, 578px\" \/><\/p>\n<p>Nye brugere af <a href=\"https:\/\/rocketplay-game.com\/da\/\">RocketPlay<\/a> casino bonus gratis spins underst\u00f8ttes ikke for at foretage en indbetaling, men kun for at g\u00e5 gennem <a href=\"https:\/\/rocketplay-game.com\/da\/registration\/\">registreringsproceduren<\/a> eller downloade mobilapplikationen &#8211; og begynde at spille for rigtige penge. Ganske ofte kan du finde en stor liste over bonusser uden indskud og indbetalingsbonusser p\u00e5 online casinoets hjemmeside. P\u00e5 RocketPlay&#8217;s hjemmeside er der slet ingen indbetalingsbonusser, men der er derimod ingen indbetalingsbonusser. Og bonussen for download af mobilapplikationen og registrering er den samme.<\/p>\n<p>Men ikke kun for registrering kan opn\u00e5s. Regelm\u00e6ssige brugere af online casino site, der konstant spiller online gambling spil, som er ejere af ugentlige og m\u00e5nedlige bonusser. Disse bonusser motiverer brugerne igen og vender tilbage til online casino site igen for nye gevinster. De brugere, der regelm\u00e6ssigt spiller p\u00e5 casinoet, kan f\u00e5 en ny spillerstatus, s\u00e5som VIP-status. Med VIP-status dukkede ikke kun nye forpligtelser op, men ogs\u00e5 nye, ikke mindre behagelige bonusser, ud over almindelige online casino brugere.<\/p>\n<h2>Hvordan man f\u00e5r gratis spins bonus?<\/h2>\n<p>RocketPlay gratis spins er tilg\u00e6ngelige for at fuldf\u00f8re den standard registreringsproces. N\u00e5r det drejer sig om tilmeldingsbonusser, er det virkelig tilmeldingsbonusser. Det vil sige, at efter registrering kan brugerne faktisk spille slots eller andre online gambling spil gratis. For at beslutte sig for at spille for rigtige penge, skal du f\u00f8rst spille med de rigtige bonusser, som online casinoet giver.<\/p>\n<p>Hvad skal jeg g\u00f8re for at gennemf\u00f8re registreringsprocessen? Det er selvf\u00f8lgelig n\u00f8dvendigt at indtaste personlige data som telefonnummer og e-mail i registreringsformularen. Et brev med et individuelt link til at bekr\u00e6fte registreringsproceduren vil blive sendt til din personlige e-mail. Ud over registrering er der ogs\u00e5 en verifikationsprocedure, som ogs\u00e5 er enkel ligesom registrering, men online casinoet kr\u00e6ver, at du sender en kopi af et dokument, der bekr\u00e6fter, at brugeren er en rigtig person og ikke en bot osv.<\/p>\n<p>Selvom bonussen kan opn\u00e5s gennem en simpel registreringsprocedure, som f.eks. en 300% bonus, ogs\u00e5 kaldet velkomstbonus, er det muligt at indbetale et bel\u00f8b p\u00e5 20 EUR p\u00e5 den generelle konto for at aktivere den. Ud over den 300% bonus f\u00e5r brugeren 100 gratis spins. V\u00e6r opm\u00e6rksom p\u00e5, at velkomstbonussen kun kan modtages \u00e9n gang, og kun af ham. Bonusser adskiller sig ikke kun i funktionerne for deres aktivering, men ogs\u00e5 i deres gyldighedsperiode.<\/p>\n<h2>Typer af gratis spins<\/h2>\n<p>RocketPlay casino gratis spins er en dejlig bonus, selv om du med s\u00e5danne bonusser kan spille slots gratis. Selv om alle gratis spins er gratis spinning hjul i slots, er der gratis m\u00e5der at f\u00e5 dem p\u00e5. De adskiller sig i m\u00e5der at f\u00e5 gratis spins p\u00e5. Alt er godt, enkelt og klart.<\/p>\n<p>S\u00e5 hvem f\u00e5r egentlig bonusser hos RocketPlay free spins casino Danmark?<\/p>\n<ul>\n<li>Du kan f\u00e5 bonus gratis spins for at downloade mobilapplikationen. Det vil sige, at brugere af RocketPlay online casino mobilapplikation automatisk efterlader ejerne en behagelig bonus for denne enkle handling.<\/li>\n<li>Nye brugere, der har gennemf\u00f8rt registreringsproceduren, forbliver automatisk ejerne af velkomstbonussen med yderligere 100 gratis spins. Vi vil give dem hundrede gratis spins for at registrere sig p\u00e5 online casino site!<\/li>\n<li>Nye brugere og regelm\u00e6ssige spillere af RocketPlay Casino Free Spins No Deposit kan tjene ikke kun for handlingen, men ogs\u00e5 for at spille regelm\u00e6ssigt i online casinoet. Der er ingen indbetalingsbonusser p\u00e5 siden, og gratis spins er en af disse bonusser.<\/li>\n<\/ul>\n<p>S\u00e5 gratis spins kan v\u00e6re engangs, regelm\u00e6ssige og individuelle. Dette er en god fiktiv opdeling af gratis spins, blot for at se, at der er flere m\u00e5der at f\u00e5 dem p\u00e5 p\u00e5 online casino siden som RocketPlay bruger.<\/p>\n<p><img loading=\"lazy\" decoding=\"async\" class=\" wp-image-296 aligncenter\" src=\"https:\/\/rocketplay-game.com\/wp-content\/uploads\/2022\/08\/freespin2-300x145.png\" alt=\"rocketplay freespin\" width=\"569\" height=\"275\" srcset=\"https:\/\/rocketplay-game.com\/wp-content\/uploads\/2022\/08\/freespin2-300x145.png 300w, https:\/\/rocketplay-game.com\/wp-content\/uploads\/2022\/08\/freespin2.png 516w\" sizes=\"auto, (max-width: 569px) 100vw, 569px\" \/><\/p>\n<h2>OFTE STILLEDE SP\u00d8RGSM\u00c5L<\/h2>\n<h3>Er RocketPlay casino free spins Danmark individuelle eller standard for alle nye brugere og almindelige spillere?<\/h3>\n<p>Der er mange typer bonusser p\u00e5 casinoets hjemmeside, som omfatter gratis spins. Disse gratis spins kan bruges til at spille gratis online gambling-spil. Selvom de fleste af disse bonusser er standard og kan modtages af alle registrerede brugere, er der ogs\u00e5 en, der vil blive beregnet individuelt for en individuel pr\u00e6station i spillet. Alle registrerede brugere kan blive ejere af b\u00e5de individuelle og standardbonusser i form af gratis spins.<\/p>\n<h3>Hvorn\u00e5r kan du f\u00e5 100 gratis spins for registrering?<\/h3>\n<p>En s\u00e5dan bonus beregnes i form af en velkomstbonus. Kun nye casinobrugere kan blive ejere af en s\u00e5dan bonus. Desuden kan s\u00e5danne bonusser kun modtages \u00e9n gang, s\u00e5 det er bedre at udnytte dem fuldt ud. Ud over alle nye gratis spins til en behagelig spilleautomat bliver spilleren automatisk ejer af en 300% bonus. En indbetaling er n\u00f8dvendig for at aktivere den. Det bel\u00f8b, der skal indbetales p\u00e5 den generelle konto, er 20 DKK. Selv om bonussen ikke er et indskud, skal brugeren bruge rigtige penge for at komme videre i spillet med rigtige penge.<\/p>\n<h3>Bonus for registrering og downloading af en mobilapplikation &#8211; er det forskellige bonusser?<\/h3>\n<p>Selvf\u00f8lgelig er det to forskellige bonusser. N\u00e5r alt kommer til alt, kan en mobil applikation kan de brugere, der har en personlig konto p\u00e5 online casino site ogs\u00e5 downloade &#8211; og f\u00e5 deres download bonus. Brugere, som endnu ikke har gennemg\u00e5et registreringsprocessen, kan downloade mobilapplikationen. Derfor kan de efter at have downloadet applikationen ogs\u00e5 modtage en velkomstbonus p\u00e5 300 % for registrering. G\u00e5 ikke glip af muligheden for at have en god tid med at spille online gambling spil for rigtige penge!<\/p>\n","protected":false},"excerpt":{"rendered":"<p>Nye brugere af RocketPlay casino bonus gratis spins underst\u00f8ttes ikke for at foretage en indbetaling, men kun for at g\u00e5 gennem registreringsproceduren eller downloade mobilapplikationen &#8211; og begynde at spille for rigtige penge. Ganske ofte kan du finde en stor liste over bonusser uden indskud og indbetalingsbonusser p\u00e5 online casinoets hjemmeside. P\u00e5 RocketPlay&#8217;s hjemmeside er&#8230;<\/p>\n","protected":false},"author":1,"featured_media":0,"parent":0,"menu_order":0,"comment_status":"closed","ping_status":"closed","template":"","meta":{"_acf_changed":false,"_kad_post_transparent":"default","_kad_post_title":"default","_kad_post_layout":"default","_kad_post_sidebar_id":"","_kad_post_content_style":"default","_kad_post_vertical_padding":"default","_kad_post_feature":"","_kad_post_feature_position":"","_kad_post_header":false,"_kad_post_footer":false,"footnotes":""},"class_list":["post-2380","page","type-page","status-publish","hentry"],"acf":[],"rttpg_featured_image_url":null,"rttpg_author":{"display_name":"Tom","author_link":"https:\/\/rocketplay-game.com\/da\/author\/pemvas95n89x\/"},"rttpg_comment":0,"rttpg_category":null,"rttpg_excerpt":"Nye brugere af RocketPlay casino bonus gratis spins underst\u00f8ttes ikke for at foretage en indbetaling, men kun for at g\u00e5 gennem registreringsproceduren eller downloade mobilapplikationen &#8211; og begynde at spille for rigtige penge. Ganske ofte kan du finde en stor liste over bonusser uden indskud og indbetalingsbonusser p\u00e5 online casinoets hjemmeside. P\u00e5 RocketPlay&#8217;s hjemmeside er...","_links":{"self":[{"href":"https:\/\/rocketplay-game.com\/da\/wp-json\/wp\/v2\/pages\/2380","targetHints":{"allow":["GET"]}}],"collection":[{"href":"https:\/\/rocketplay-game.com\/da\/wp-json\/wp\/v2\/pages"}],"about":[{"href":"https:\/\/rocketplay-game.com\/da\/wp-json\/wp\/v2\/types\/page"}],"author":[{"embeddable":true,"href":"https:\/\/rocketplay-game.com\/da\/wp-json\/wp\/v2\/users\/1"}],"replies":[{"embeddable":true,"href":"https:\/\/rocketplay-game.com\/da\/wp-json\/wp\/v2\/comments?post=2380"}],"version-history":[{"count":2,"href":"https:\/\/rocketplay-game.com\/da\/wp-json\/wp\/v2\/pages\/2380\/revisions"}],"predecessor-version":[{"id":2384,"href":"https:\/\/rocketplay-game.com\/da\/wp-json\/wp\/v2\/pages\/2380\/revisions\/2384"}],"wp:attachment":[{"href":"https:\/\/rocketplay-game.com\/da\/wp-json\/wp\/v2\/media?parent=2380"}],"curies":[{"name":"wp","href":"https:\/\/api.w.org\/{rel}","templated":true}]}}