{"id":2385,"date":"2022-08-11T20:58:28","date_gmt":"2022-08-11T17:58:28","guid":{"rendered":"https:\/\/rocketplay-game.com\/no-deposit-bonus\/"},"modified":"2022-10-31T17:48:40","modified_gmt":"2022-10-31T14:48:40","slug":"no-deposit-bonus","status":"publish","type":"page","link":"https:\/\/rocketplay-game.com\/da\/no-deposit-bonus\/","title":{"rendered":"Bonuskoder for RocketPlay uden indskud 2023"},"content":{"rendered":"<p><img loading=\"lazy\" decoding=\"async\" class=\" wp-image-305 aligncenter\" src=\"https:\/\/rocketplay-game.com\/wp-content\/uploads\/2022\/08\/different-types-of-bitcoin-casino-no-deposit-bonuses-300x156.jpg\" alt=\"no deposit bonus\" width=\"563\" height=\"293\" srcset=\"https:\/\/rocketplay-game.com\/wp-content\/uploads\/2022\/08\/different-types-of-bitcoin-casino-no-deposit-bonuses-300x156.jpg 300w, https:\/\/rocketplay-game.com\/wp-content\/uploads\/2022\/08\/different-types-of-bitcoin-casino-no-deposit-bonuses-1024x531.jpg 1024w, https:\/\/rocketplay-game.com\/wp-content\/uploads\/2022\/08\/different-types-of-bitcoin-casino-no-deposit-bonuses-768x398.jpg 768w, https:\/\/rocketplay-game.com\/wp-content\/uploads\/2022\/08\/different-types-of-bitcoin-casino-no-deposit-bonuses.jpg 1170w\" sizes=\"auto, (max-width: 563px) 100vw, 563px\" \/><\/p>\n<p>Nye brugere og erfarne spillere p\u00e5 <a href=\"https:\/\/rocketplay-game.com\/da\/\">RocketPlay<\/a> casino kan f\u00e5 en bonus uden indskud 2023 kun for visse handlinger. Hvis vi taler om en bonus uden indskud, s\u00e5 er indskudsmidler virkelig ikke n\u00f8dvendige for at modtage bonustilbuddet. En anden situation best\u00e5r i aktivering af et bonustilbud, derfor skal du stadig foretage en indbetaling til spilkontoen, men til et andet form\u00e5l.<\/p>\n<p>Ganske ofte samarbejder online casinoer med andre sider relateret til spilomr\u00e5det og tilbyder yderligere kampagnekoder eller bonuskoder. Disse bonuskoder er n\u00f8dvendige for at f\u00e5 ekstra kontanter eller gratis spins p\u00e5 slots.<\/p>\n<h2>Hvordan f\u00e5r man en bonus uden indskud?<\/h2>\n<p>RocketPlay no deposit bonus sendes, n\u00e5r brugeren opfylder alle betingelserne for at modtage den. Hvad handler det om? Den allerf\u00f8rste bonus, som du ikke beh\u00f8ver at fylde din spilkonto op med penge, er en registreringsbonus.<\/p>\n<p>Det mest interessante er, at der er flere s\u00e5danne bonusser, hvis du st\u00f8der p\u00e5 ingen indbetalingsbonuskoder p\u00e5 RocketPlay casino ingen indbetalingsbonuskoder. N\u00e5r alt kommer til alt, kan du blot for at oprette en konto p\u00e5 <a href=\"https:\/\/rocketplay-game.com\/da\/casino\/\">casinoets<\/a> hjemmeside f\u00e5 yderligere 25 gratis spins med en indsats p\u00e5 50xV, men du skal indtaste promokoden ROCKET i kolonnen.<\/p>\n<p>Hvis der ikke er en s\u00e5dan kampagnekode, eller det ikke var muligt at indtaste den, skal du ikke v\u00e6re ked af det. Velkomstbonussen er trods alt en ret gener\u00f8s velkomstbonus for nye brugere. Kun for at oprette en ny konto bliver brugeren straks ejer af en bonus p\u00e5 300% og 100 gratis spins. Ikke mindre interessant er bonussen p\u00e5 100% og 100 gratis spins.<\/p>\n<p>P\u00e5 trods af at disse bonusser virkelig er uden indskud, b\u00f8r det tages i betragtning, at registrerede brugere stadig har visse forpligtelser over for online casinoet. Derfor skal bonus uden indskud spilles inden for en vis periode. Proceduren for aktivering af s\u00e5danne bonusser indeb\u00e6rer indbetaling af penge p\u00e5 en spilkonto og brug af dem til at spille for rigtige penge.<\/p>\n<p>Selvf\u00f8lgelig kan brugeren tage sine f\u00f8rste skridt inden for gambling uden at bruge indskudsmidler eller egen opsparing, fordi gratis no deposit casino bonus RocketPlay midler uden indskud kan bruges til disse behov. Indbetalingsmidler vil v\u00e6re n\u00f8dvendige for spilleren, fordi det antages, at han vil forts\u00e6tte sit spil for rigtige penge.<\/p>\n<h2>Andre RocketPlay bonusser<\/h2>\n<p>Den gratis no deposit bonus af RocketPlay casinoet er ikke den eneste grund til hurtig registrering p\u00e5 online casino site. Mange online casino brugere t\u00f8r trods alt m\u00e5ske ikke spille for rigtige penge. Mens en bonus uden indskud kan v\u00e6re en tilstr\u00e6kkelig grund til at gennemg\u00e5 registreringsproceduren og verificere den konto, der netop er oprettet p\u00e5 online casino siden. Hvad kan v\u00e6re bedre end en bonus uden indskud? Et par flere bonusser uden indskud.<\/p>\n<p>Hvad er RocketPlay bonusser? P\u00e5 online casinosiden kan du f\u00e5 en hel del bonusser i form af gratis spins. Gratis spins af hjulene i spilleautomaten kan opn\u00e5s, hvis brugeren med succes downloader mobilapplikationen til sin telefon og bruger den til at spille for bonuspenge eller rigtige penge.<\/p>\n<p>\u00c5rsagen til at modtage den samme RocketPlay casino no deposit bonus 2023, men med flere gratis spins, er den s\u00e6dvanlige registreringsprocedure. N\u00e5r alt kommer til alt, vil en registreret bruger med stor sandsynlighed spille slots for rigtige penge mindst \u00e9n gang, f\u00f8r han opgiver en s\u00e5dan forn\u00f8jelse.<\/p>\n<p><img loading=\"lazy\" decoding=\"async\" class=\" wp-image-306 aligncenter\" src=\"https:\/\/rocketplay-game.com\/wp-content\/uploads\/2022\/08\/cashback_1300x640_2-300x148.png\" alt=\"no deposit bonuses rocketplay\" width=\"557\" height=\"275\" srcset=\"https:\/\/rocketplay-game.com\/wp-content\/uploads\/2022\/08\/cashback_1300x640_2-300x148.png 300w, https:\/\/rocketplay-game.com\/wp-content\/uploads\/2022\/08\/cashback_1300x640_2-1024x504.png 1024w, https:\/\/rocketplay-game.com\/wp-content\/uploads\/2022\/08\/cashback_1300x640_2-768x378.png 768w, https:\/\/rocketplay-game.com\/wp-content\/uploads\/2022\/08\/cashback_1300x640_2.png 1300w\" sizes=\"auto, (max-width: 557px) 100vw, 557px\" \/><\/p>\n<h2>OFTE STILLEDE SP\u00d8RGSM\u00c5L<\/h2>\n<h3>Hvis ingen indbetalingsbonus Danmark er almindelig praksis hos RocketPlay, er der s\u00e5 indbetalingsbonusser?<\/h3>\n<p>Nye brugere kan ogs\u00e5 f\u00e5 en bonus for at lave deres f\u00f8rste indbetaling, men for dette skal du indtaste en promokode. I hvert fald findes der virkelig s\u00e5dan en RocketPlay no deposit bonus Danmark. Det er trods alt et ganske alvorligt skridt &#8211; at lave dine f\u00f8rste indskudsmidler. Desuden er no-deposit bonusser praktisk talt umulige at aktivere uden at foretage en indbetaling. Derfor er indbetaling af midler et sp\u00f8rgsm\u00e5l om tid for de brugere, der stadig turde registrere sig p\u00e5 online casino site og planl\u00e6gger at starte et seri\u00f8st spil for rigtige penge, uanset hvor useri\u00f8s online underholdning online gambling kan v\u00e6re.<\/p>\n<h3>Er det muligt at downloade mobilapplikationen?<\/h3>\n<p>Alle brugere, der lige har registreret eller planl\u00e6gger at registrere sig p\u00e5 online casino site har adgang til den mere bekvemme &#8211; mobile version af casinoet. Du bliver dog n\u00f8dt til at bruge den fulde version af online casinoet, fordi mobilversionen af casinoet har begr\u00e6nset funktionalitet. Online casino mobil app&#8217;en er designet til spil med rigtige penge 24\/7.<\/p>\n<h3>Har casinoets hjemmeside en fuld velkomstbonus?<\/h3>\n<p>Velkomstbonussen, eller registreringsbonussen, kan modtages af alle casinobrugere uden undtagelse, som netop har gennemf\u00f8rt registreringsproceduren. Registrering betyder, at man opretter en konto p\u00e5 casinoets hjemmeside, men uden kontoverifikation endnu. Brugeren indtaster personlige data i en s\u00e6rlig registreringsformular. Brugeren skal indtaste et telefonnummer og en e-mail. Der sendes en e-mail med et link til at g\u00e5 til at bekr\u00e6fte oprettelsen af en ny konto til din personlige e-mail.<\/p>\n<h3>Er der en gratis spilleautomat?<\/h3>\n<p>Du kan spille helt gratis p\u00e5 online casinosiden, men for at kunne g\u00f8re det skal du ikke igennem en simpel registreringsprocedure. Det er heller ikke n\u00f8dvendigt at oplade spilkontoen. Det vil sige, at brugeren slet ikke skal p\u00e5tage sig nogen forpligtelser over for casinoet. For at g\u00f8re dette er det nok at g\u00e5 ind i demo-versionen af slots med nogle hjul og gevinstlinjer, hvis brugeren ikke har nogen erfaring med at spille for rigtige penge f\u00f8r det, og spille online gambling spil.<\/p>\n","protected":false},"excerpt":{"rendered":"<p>Nye brugere og erfarne spillere p\u00e5 RocketPlay casino kan f\u00e5 en bonus uden indskud 2023 kun for visse handlinger. Hvis vi taler om en bonus uden indskud, s\u00e5 er indskudsmidler virkelig ikke n\u00f8dvendige for at modtage bonustilbuddet. En anden situation best\u00e5r i aktivering af et bonustilbud, derfor skal du stadig foretage en indbetaling til spilkontoen,&#8230;<\/p>\n","protected":false},"author":1,"featured_media":0,"parent":0,"menu_order":0,"comment_status":"closed","ping_status":"closed","template":"","meta":{"_acf_changed":false,"_kad_post_transparent":"default","_kad_post_title":"default","_kad_post_layout":"default","_kad_post_sidebar_id":"","_kad_post_content_style":"default","_kad_post_vertical_padding":"default","_kad_post_feature":"","_kad_post_feature_position":"","_kad_post_header":false,"_kad_post_footer":false,"footnotes":""},"class_list":["post-2385","page","type-page","status-publish","hentry"],"acf":[],"rttpg_featured_image_url":null,"rttpg_author":{"display_name":"Tom","author_link":"https:\/\/rocketplay-game.com\/da\/author\/pemvas95n89x\/"},"rttpg_comment":0,"rttpg_category":null,"rttpg_excerpt":"Nye brugere og erfarne spillere p\u00e5 RocketPlay casino kan f\u00e5 en bonus uden indskud 2023 kun for visse handlinger. Hvis vi taler om en bonus uden indskud, s\u00e5 er indskudsmidler virkelig ikke n\u00f8dvendige for at modtage bonustilbuddet. En anden situation best\u00e5r i aktivering af et bonustilbud, derfor skal du stadig foretage en indbetaling til spilkontoen,...","_links":{"self":[{"href":"https:\/\/rocketplay-game.com\/da\/wp-json\/wp\/v2\/pages\/2385","targetHints":{"allow":["GET"]}}],"collection":[{"href":"https:\/\/rocketplay-game.com\/da\/wp-json\/wp\/v2\/pages"}],"about":[{"href":"https:\/\/rocketplay-game.com\/da\/wp-json\/wp\/v2\/types\/page"}],"author":[{"embeddable":true,"href":"https:\/\/rocketplay-game.com\/da\/wp-json\/wp\/v2\/users\/1"}],"replies":[{"embeddable":true,"href":"https:\/\/rocketplay-game.com\/da\/wp-json\/wp\/v2\/comments?post=2385"}],"version-history":[{"count":2,"href":"https:\/\/rocketplay-game.com\/da\/wp-json\/wp\/v2\/pages\/2385\/revisions"}],"predecessor-version":[{"id":2390,"href":"https:\/\/rocketplay-game.com\/da\/wp-json\/wp\/v2\/pages\/2385\/revisions\/2390"}],"wp:attachment":[{"href":"https:\/\/rocketplay-game.com\/da\/wp-json\/wp\/v2\/media?parent=2385"}],"curies":[{"name":"wp","href":"https:\/\/api.w.org\/{rel}","templated":true}]}}