{"id":2399,"date":"2022-08-11T21:12:04","date_gmt":"2022-08-11T18:12:04","guid":{"rendered":"https:\/\/rocketplay-game.com\/cashback\/"},"modified":"2022-10-31T17:47:20","modified_gmt":"2022-10-31T14:47:20","slug":"cashback","status":"publish","type":"page","link":"https:\/\/rocketplay-game.com\/da\/cashback\/","title":{"rendered":"RocketPlay casino tilbagebetaling"},"content":{"rendered":"<p><img loading=\"lazy\" decoding=\"async\" class=\" wp-image-316 aligncenter\" src=\"https:\/\/rocketplay-game.com\/wp-content\/uploads\/2022\/08\/what-is-a-casino-cashback-300x100.jpg\" alt=\"cashback\" width=\"612\" height=\"204\" srcset=\"https:\/\/rocketplay-game.com\/wp-content\/uploads\/2022\/08\/what-is-a-casino-cashback-300x100.jpg 300w, https:\/\/rocketplay-game.com\/wp-content\/uploads\/2022\/08\/what-is-a-casino-cashback-768x256.jpg 768w, https:\/\/rocketplay-game.com\/wp-content\/uploads\/2022\/08\/what-is-a-casino-cashback.jpg 827w\" sizes=\"auto, (max-width: 612px) 100vw, 612px\" \/><\/p>\n<p>Casino <a href=\"https:\/\/rocketplay-game.com\/da\/\">RocketPlay<\/a> cashback bonus er en af de behagelige casino bonusser, som ikke s\u00e5 meget kan modtages af nye brugere som af erfarne spillere. Cashback krediteres trods alt kun til de spillere, der foretr\u00e6kker et almindeligt spil for rigtige penge, og det er ligegyldigt, om brugerne er low rollers eller high rollers. M\u00e6ngden af cashback afh\u00e6nger dog af det bel\u00f8b, som brugeren spiller i spilleautomaten for rigtige penge.<\/p>\n<p>Derfor er cashback en n\u00f8dvendig bonus for de brugere, der har mistet en del af deres penge eller alle deres indskudspenge og er klar til at forlade spillet for rigtige penge. RocketPlay casino cashback brugere til at vende tilbage igen og igen til det officielle casino site for nye udfordringer og introduktioner til RocketPlay&#8217;s samling af online gambling spil.<\/p>\n<h2>Hvordan man bruger cashback?<\/h2>\n<p>Selvom nye brugere straks kaster sig over den private bonuspakke, er dette ikke den eneste behagelige overraskelse for erfarne online spillere. Ud over den private pakke med en bonus p\u00e5 100% og 100 gratis spins har brugeren adgang til ugentlig cashback. Cashback online casino RocketPlay til alle brugere, men ikke alle brugere kan drage fuld fordel af et s\u00e5dant unikt tilbud. Er det det, hvad det handler om?<\/p>\n<p>F\u00f8rst og fremmest skal du huske, at den officielle hjemmeside for online casinoet kun er tilg\u00e6ngelig p\u00e5 \u00e9t sprog &#8211; engelsk, hvilket er praktisk. Et sprog beh\u00f8ver ikke at blive \u00e6ndret, og webstedet er tilg\u00e6ngeligt for de st\u00f8rste brugere over hele verden. Derefter, efter registrering, har brugeren en personlig konto med en spilkonto.<\/p>\n<p>Registreringen er \u00f8jeblikkelig, du beh\u00f8ver kun at bekr\u00e6fte afslutningen af registreringsproceduren ved at f\u00f8lge linket, der kan findes i brevet fra casinoet i din personlige mail. Der er afsat op til 14 dage til verifikation, hvilket kr\u00e6ver, at brugeren sender en kopi af et dokument, der bekr\u00e6fter brugerens identitet som en rigtig person. Derefter begynder spillet for rigtige penge, som er en garanti for at modtage din f\u00f8rste cashback p\u00e5 RocketPlay casino site.<\/p>\n<p>RocketPlay online casino cashback beregnes i henhold til casinoets loyalitetsprogram. Der er 10 spillerstatusser, som hver is\u00e6r giver adgang til et bestemt s\u00e6t af privilegier. Hvis det er Bronze, s\u00e5 har brugeren j\u00e6vnligt 10 gratis spins, hvilket t\u00e6ller som en gave. Mens Silver \u00f8ger m\u00e6ngden af cashback op til 3% af bel\u00f8bet af indbetalte midler, som skulle v\u00e6re tabt i en uge og intensivt spil af forskellige online spil i realtidspenge.<\/p>\n<p>Det st\u00f8rste bel\u00f8b af cashback kan opn\u00e5s, hvis brugeren n\u00e5r Diamond Legend-niveauet, selv om det vil v\u00e6re 15%. Hvad forbliver det samme? Cashback udbetales hver mandag, satsning &#8211; x5.<\/p>\n<h2>Tr\u00e6k cashback bonus ud<\/h2>\n<p>N\u00e5r det kommer til bitcoin casino RocketPlay cashback, s\u00e5 er cashback hele bonustilbuddet, s\u00e5 brugerne l\u00e6gger is\u00e6r en lille indsats for at f\u00e5 den gode dus\u00f8r fra casino bonussen. Denne bonus beregnes sammen med x5 indsatsen, s\u00e5 den skal opfyldes. Dette bel\u00f8b af cashback er p\u00e5kr\u00e6vet i overensstemmelse med betingelserne for dens modtagelse og ellers. Indsatser disciplinerer ganske ofte ikke kun RocketPlay-brugere, men ogs\u00e5 deres ubestridelige fors\u00f8g.<\/p>\n<p>Brugeren v\u00e6lger betalingsmetoden til genopfyldning af spilkontoen og udbetaling af midler fra den p\u00e5 registreringsstadiet, mere pr\u00e6cist, n\u00e5r han foretager sin f\u00f8rste indbetaling for f\u00f8rste gang. Der er en gr\u00e6nse for, hvor mange penge en spiller kan h\u00e6ve fra sin konto i l\u00f8bet af en m\u00e5ned.<\/p>\n<p>Kun de brugere, der har opn\u00e5et VIP-status, vil ikke blive ber\u00f8rt af begr\u00e6nsningerne, s\u00e5 de kan h\u00e6ve s\u00e5 meget som de har form\u00e5et at spille slots eller andre online gamblingspil med rigtige penge. Du kan v\u00e6lge den valuta, som brugeren skal bruge til at spille for rigtige penge, n\u00e5r du registrerer dig og opretter en ny RocketPlay-konto.<\/p>\n<p><img loading=\"lazy\" decoding=\"async\" class=\" wp-image-317 aligncenter\" src=\"https:\/\/rocketplay-game.com\/wp-content\/uploads\/2022\/08\/cashback-300x99.jpg\" alt=\"cashback rocketplay\" width=\"673\" height=\"222\" srcset=\"https:\/\/rocketplay-game.com\/wp-content\/uploads\/2022\/08\/cashback-300x99.jpg 300w, https:\/\/rocketplay-game.com\/wp-content\/uploads\/2022\/08\/cashback-1024x336.jpg 1024w, https:\/\/rocketplay-game.com\/wp-content\/uploads\/2022\/08\/cashback-768x252.jpg 768w, https:\/\/rocketplay-game.com\/wp-content\/uploads\/2022\/08\/cashback.jpg 1200w\" sizes=\"auto, (max-width: 673px) 100vw, 673px\" \/><\/p>\n<h2>OFTE STILLEDE SP\u00d8RGSM\u00c5L<\/h2>\n<h3>Hvad er de 10 niveauer af spillere, der er brugt i casino loyalitetsprogrammet, under hvilke betingelser kan du f\u00e5 cashback og forskellige bonusser?<\/h3>\n<p>Med hensyn til casino loyalitetsprogrammet er der 10 spillerstatus, der kan g\u00f8re hans ophold p\u00e5 casinosiden endnu mere vidunderligt. Med hvert nyt niveau f\u00e5r brugeren trods alt flere og flere gratis spins som en gave. Startende med Bronze, Silver, Golden, Platinum, Diamond, Silver Legend, modtager brugeren fra 15 til 300 gratis spins p\u00e5 slots pr\u00e6senteret i standardsamlingen af online gambling spil. Hvad ang\u00e5r cashback, stiger den fra 3% til 10%. P\u00e5 Golden Legend-niveauet stiger cashback til 12%, men ingen bonus uden indskud som gave. Platinum Legend, Diamond Legend \u00f8ger m\u00e6ngden af cashback til henholdsvis 13% og 15%, og igen nogen gratis spins.<\/p>\n<h3>Har casinoet en mobilversion?<\/h3>\n<p>For at forenkle spillet for rigtige penge til de brugere, der ikke har spillet online gambling spil for f\u00f8rste gang, tilbyder casinoet dem at downloade en mobilapplikation. Mobilapplikationen kan dog downloades af alle brugere, der planl\u00e6gger at spille slots eller andre online gambling-spil for rigtige penge. For at downloade mobilapplikationen f\u00e5r brugeren desuden ekstra gratis spins p\u00e5 hjulene i visse slots, hvilket er en bonus og en god start p\u00e5 at spille for rigtige penge. Brugere af enheder baseret p\u00e5 Android og iOS kan downloade mobilapplikationen p\u00e5 online casinoets officielle hjemmeside. Men det b\u00f8r tages i betragtning, at mobilversionen er blottet for nogle funktioner, s\u00e5 gebler b\u00f8r ikke helt n\u00e6gte at bruge den fulde version af RocketPlay-webstedet.<\/p>\n","protected":false},"excerpt":{"rendered":"<p>Casino RocketPlay cashback bonus er en af de behagelige casino bonusser, som ikke s\u00e5 meget kan modtages af nye brugere som af erfarne spillere. Cashback krediteres trods alt kun til de spillere, der foretr\u00e6kker et almindeligt spil for rigtige penge, og det er ligegyldigt, om brugerne er low rollers eller high rollers. M\u00e6ngden af cashback&#8230;<\/p>\n","protected":false},"author":1,"featured_media":0,"parent":0,"menu_order":0,"comment_status":"closed","ping_status":"closed","template":"","meta":{"_acf_changed":false,"_kad_post_transparent":"default","_kad_post_title":"default","_kad_post_layout":"default","_kad_post_sidebar_id":"","_kad_post_content_style":"default","_kad_post_vertical_padding":"default","_kad_post_feature":"","_kad_post_feature_position":"","_kad_post_header":false,"_kad_post_footer":false,"footnotes":""},"class_list":["post-2399","page","type-page","status-publish","hentry"],"acf":[],"rttpg_featured_image_url":null,"rttpg_author":{"display_name":"Tom","author_link":"https:\/\/rocketplay-game.com\/da\/author\/pemvas95n89x\/"},"rttpg_comment":0,"rttpg_category":null,"rttpg_excerpt":"Casino RocketPlay cashback bonus er en af de behagelige casino bonusser, som ikke s\u00e5 meget kan modtages af nye brugere som af erfarne spillere. Cashback krediteres trods alt kun til de spillere, der foretr\u00e6kker et almindeligt spil for rigtige penge, og det er ligegyldigt, om brugerne er low rollers eller high rollers. M\u00e6ngden af cashback...","_links":{"self":[{"href":"https:\/\/rocketplay-game.com\/da\/wp-json\/wp\/v2\/pages\/2399","targetHints":{"allow":["GET"]}}],"collection":[{"href":"https:\/\/rocketplay-game.com\/da\/wp-json\/wp\/v2\/pages"}],"about":[{"href":"https:\/\/rocketplay-game.com\/da\/wp-json\/wp\/v2\/types\/page"}],"author":[{"embeddable":true,"href":"https:\/\/rocketplay-game.com\/da\/wp-json\/wp\/v2\/users\/1"}],"replies":[{"embeddable":true,"href":"https:\/\/rocketplay-game.com\/da\/wp-json\/wp\/v2\/comments?post=2399"}],"version-history":[{"count":2,"href":"https:\/\/rocketplay-game.com\/da\/wp-json\/wp\/v2\/pages\/2399\/revisions"}],"predecessor-version":[{"id":2400,"href":"https:\/\/rocketplay-game.com\/da\/wp-json\/wp\/v2\/pages\/2399\/revisions\/2400"}],"wp:attachment":[{"href":"https:\/\/rocketplay-game.com\/da\/wp-json\/wp\/v2\/media?parent=2399"}],"curies":[{"name":"wp","href":"https:\/\/api.w.org\/{rel}","templated":true}]}}