{"id":2402,"date":"2022-10-03T14:13:39","date_gmt":"2022-10-03T11:13:39","guid":{"rendered":"https:\/\/rocketplay-game.com\/slots\/sun-of-fortune\/"},"modified":"2022-10-31T17:46:24","modified_gmt":"2022-10-31T14:46:24","slug":"sun-of-fortune","status":"publish","type":"page","link":"https:\/\/rocketplay-game.com\/da\/slots\/sun-of-fortune\/","title":{"rendered":"Sun of Fortune hos RocketPlay"},"content":{"rendered":"<p>Skaberen af online spil &#8211; virksomheden Wazdan har frigivet sin skabelse, s\u00e5 brugerne kan konkurrere om jackpotten. Rocket Play Sun of Fortune slot special udl\u00f8ses, n\u00e5r flere specielle billeder vises som en kombination. Der skal v\u00e6re mindst 6 af dem. I det tilf\u00e6lde, hvor f\u00e6rre billeder vises, \u00e6ndres intet.<\/p>\n<p>S\u00e5 aktiveres en anden runde, som giver mulighed for at inkludere et s\u00e6rligt tilbud &#8211; Hold the Jackpot. N\u00e5r den bliver aktiveret, skal spilleren g\u00e5 igennem 3 faser. Efter hver af dem sker der en nulstilling, n\u00e5r der vises s\u00e6rlige billeder.<\/p>\n<p>Rocket Play Sun of Fortune online slot vil appellere til mange spillere. Mange kender og elsker trods alt jackpot hold-funktionen. En s\u00e6rlig periode aktiveres, n\u00e5r 6 eller flere specielle billeder vises i 1 runde.<\/p>\n<p>Men producenten har gjort processen med at aktivere en s\u00e6rlig periode nemmere. N\u00e5r tre, fire eller fem specielle billeder vises, gemmes de i den n\u00e6ste specielle runde. N\u00e5r den ekstra periode er sl\u00e5et til, f\u00e5r brugeren tre specialrunder. Derefter opdateres rotationerne med fremkomsten af et specialbillede.<\/p>\n<p><img loading=\"lazy\" decoding=\"async\" class=\"aligncenter wp-image-515 size-full\" style=\"text-align: center; font-family: var(--global-body-font-family);\" src=\"https:\/\/rocketplay-game.com\/wp-content\/uploads\/2022\/10\/sun-of-fortune.jpeg\" alt=\"Sun of Fortune\" width=\"1140\" height=\"350\" srcset=\"https:\/\/rocketplay-game.com\/wp-content\/uploads\/2022\/10\/sun-of-fortune.jpeg 1140w, https:\/\/rocketplay-game.com\/wp-content\/uploads\/2022\/10\/sun-of-fortune-300x92.jpeg 300w, https:\/\/rocketplay-game.com\/wp-content\/uploads\/2022\/10\/sun-of-fortune-1024x314.jpeg 1024w, https:\/\/rocketplay-game.com\/wp-content\/uploads\/2022\/10\/sun-of-fortune-768x236.jpeg 768w\" sizes=\"auto, (max-width: 1140px) 100vw, 1140px\" \/><\/p>\n<h2>Indsatsmuligheder og funktioner<\/h2>\n<p>Efter Rocket Play Sun of Fortune slot gennemgang, ser vi et 4&#215;4 spillefelt og seksten individuelle hjul. Maskinen starter spilprocessen, hvor en kombination af 8 identiske billeder skal vises. N\u00e5r dette sker, vinder spilleren penge. Jokeren kan erstatte ethvert billede, men ikke specielle billeder.<\/p>\n<p>En nyhed fra producenten Wazdan &#8211; Rocket Play Sun of Fortune slotspil tilbyder brugerne en meget bekvem moderne funktionalitet. For eksempel en accelereret tilstand, en udvidelse af spillefeltet og god volatilitet. Du vil finde mange behagelige overraskelser i maskinen, der vil hj\u00e6lpe dig med at vinde en kontantpr\u00e6mie.<\/p>\n<h2>Tema og symboler<\/h2>\n<p>Der er et gebyr for hvert s\u00e6rligt billede. Det gives, n\u00e5r den s\u00e6rlige ekstra runde er slut. Denne runde vil v\u00e6re inkluderet i form af Rocket Play Sun of Fortune gratis spins. Brugeren kan vinde en lille jackpot, en lidt st\u00f8rre jackpot eller den maksimale gevinst. Disse jackpots gives som s\u00e6rlige overraskelser i spillet.<\/p>\n<p>Essensen af spillet er at f\u00e5 det st\u00f8rste bel\u00f8b &#8211; den store jackpot. Den er tusind gange st\u00f8rre end det oprindelige bel\u00f8b. Men for at dette kan lade sig g\u00f8re, skal hele feltet v\u00e6re fyldt med specielle billeder. I sidste ende kan spilleren f\u00e5 en masse penge. Jackpotten kan v\u00e6re i till\u00e6g til forskellige pr\u00e6mier.<\/p>\n<p>Vi ser, at spilleautomaten formidler den \u00e6gte kinesiske atmosf\u00e6re. Den overf\u00f8res af s\u00e6rlige billeder, der findes p\u00e5 spillepladen. Du vil se billeder fra:<\/p>\n<ul>\n<li>drager,<\/li>\n<li>drageskildpadder,<\/li>\n<li>koi fisk,<\/li>\n<li>kinesiske f\u00f8nikser,<\/li>\n<li>kraftige gyldne bonussymboler med br\u00e6ndende solbilleder.<\/li>\n<\/ul>\n<p>Som allerede n\u00e6vnt er slotspillet udstyret med moderne og praktisk funktionalitet. Du kan fremskynde gameplayet, \u00f8ge spillefeltet p\u00e5 sk\u00e6rmen og overv\u00e5ge volatiliteten. Du kan ogs\u00e5 bruge &#8220;buy&#8221;-funktionen. Med dens hj\u00e6lp aktiveres en s\u00e6rlig ekstra periode, &#8220;hold jackpotten&#8221;. Du kan aktivere den, n\u00e5r du \u00f8nsker det.<\/p>\n<h2>FAQ<\/h2>\n<h3>Hvordan vinder man penge?<\/h3>\n<p>For at vinde p\u00e5 de 16 uafh\u00e6ngige 4&#215;4-hjul i standardspillet skal du ramme otte identiske symboler for at vinde p\u00e5 de 16 uafh\u00e6ngige 4&#215;4-hjul. Wild-symboler kan erstatte ethvert billede, men ikke et s\u00e6rligt billede.<\/p>\n<h3>Er der en jackpot?<\/h3>\n<p>Den st\u00f8rste enkeltgevinst er den store jackpot, som \u00f8ger indsatsen op til 1000x. For at f\u00e5 en s\u00e5dan gevinst skal hele spillefeltet v\u00e6re i specialbilleder. Men det er ikke alt &#8211; det skal bem\u00e6rkes, at ramte jackpots l\u00e6gges til andre gevinster!<\/p>\n<h3>Hvad er de specielle tegn?<\/h3>\n<p>Bonussymboler garanterer gevinster p\u00e5 forskellige bel\u00f8b, og du kan ogs\u00e5 vinde jackpots af forskellige st\u00f8rrelser.<\/p>\n<p><strong>L\u00e6s ogs\u00e5 om:<\/strong><\/p>\n<ul>\n<li><a href=\"https:\/\/rocketplay-game.com\/da\/slots\/cash-pig\/\">Cash Pig<\/a><\/li>\n<li><a href=\"https:\/\/rocketplay-game.com\/da\/slots\/elvis-frog-vegas\/\">Elvis Frog In Vegas<\/a><\/li>\n<\/ul>\n","protected":false},"excerpt":{"rendered":"<p>Skaberen af online spil &#8211; virksomheden Wazdan har frigivet sin skabelse, s\u00e5 brugerne kan konkurrere om jackpotten. Rocket Play Sun of Fortune slot special udl\u00f8ses, n\u00e5r flere specielle billeder vises som en kombination. Der skal v\u00e6re mindst 6 af dem. I det tilf\u00e6lde, hvor f\u00e6rre billeder vises, \u00e6ndres intet. S\u00e5 aktiveres en anden runde, som&#8230;<\/p>\n","protected":false},"author":1,"featured_media":0,"parent":2298,"menu_order":0,"comment_status":"closed","ping_status":"closed","template":"page-with-slot.php","meta":{"_acf_changed":false,"_kad_post_transparent":"default","_kad_post_title":"default","_kad_post_layout":"default","_kad_post_sidebar_id":"","_kad_post_content_style":"default","_kad_post_vertical_padding":"default","_kad_post_feature":"","_kad_post_feature_position":"","_kad_post_header":false,"_kad_post_footer":false,"footnotes":""},"class_list":["post-2402","page","type-page","status-publish","hentry"],"acf":[],"rttpg_featured_image_url":null,"rttpg_author":{"display_name":"Tom","author_link":"https:\/\/rocketplay-game.com\/da\/author\/pemvas95n89x\/"},"rttpg_comment":0,"rttpg_category":null,"rttpg_excerpt":"Skaberen af online spil &#8211; virksomheden Wazdan har frigivet sin skabelse, s\u00e5 brugerne kan konkurrere om jackpotten. Rocket Play Sun of Fortune slot special udl\u00f8ses, n\u00e5r flere specielle billeder vises som en kombination. Der skal v\u00e6re mindst 6 af dem. I det tilf\u00e6lde, hvor f\u00e6rre billeder vises, \u00e6ndres intet. S\u00e5 aktiveres en anden runde, som...","_links":{"self":[{"href":"https:\/\/rocketplay-game.com\/da\/wp-json\/wp\/v2\/pages\/2402","targetHints":{"allow":["GET"]}}],"collection":[{"href":"https:\/\/rocketplay-game.com\/da\/wp-json\/wp\/v2\/pages"}],"about":[{"href":"https:\/\/rocketplay-game.com\/da\/wp-json\/wp\/v2\/types\/page"}],"author":[{"embeddable":true,"href":"https:\/\/rocketplay-game.com\/da\/wp-json\/wp\/v2\/users\/1"}],"replies":[{"embeddable":true,"href":"https:\/\/rocketplay-game.com\/da\/wp-json\/wp\/v2\/comments?post=2402"}],"version-history":[{"count":3,"href":"https:\/\/rocketplay-game.com\/da\/wp-json\/wp\/v2\/pages\/2402\/revisions"}],"predecessor-version":[{"id":2406,"href":"https:\/\/rocketplay-game.com\/da\/wp-json\/wp\/v2\/pages\/2402\/revisions\/2406"}],"up":[{"embeddable":true,"href":"https:\/\/rocketplay-game.com\/da\/wp-json\/wp\/v2\/pages\/2298"}],"wp:attachment":[{"href":"https:\/\/rocketplay-game.com\/da\/wp-json\/wp\/v2\/media?parent=2402"}],"curies":[{"name":"wp","href":"https:\/\/api.w.org\/{rel}","templated":true}]}}