{"id":2405,"date":"2022-08-18T18:14:08","date_gmt":"2022-08-18T15:14:08","guid":{"rendered":"https:\/\/rocketplay-game.com\/slots\/wolf-treasure\/"},"modified":"2022-10-31T17:45:48","modified_gmt":"2022-10-31T14:45:48","slug":"wolf-treasure","status":"publish","type":"page","link":"https:\/\/rocketplay-game.com\/da\/slots\/wolf-treasure\/","title":{"rendered":"Anmeldelse af Wolf Treasure slot"},"content":{"rendered":"<p>Wolf Treasure pokies er slots, der transporterer spillerne til det vilde vesten og giver dem mulighed for at observere livet for forskellige dyr. P\u00e5 spilsk\u00e6rmen er der mulighed for at m\u00f8de forskellige repr\u00e6sentanter for dyreverdenen, som, hvis de er i godt hum\u00f8r og i det rigtige selskab, endda kan give en mega jackpot. Dette sp\u00e6ndende video slot er skabt af en ny spilindholdsudvikler, et ungt firma kaldet IGTech. Spillepladen indeholder 3 r\u00e6kker, 5 hjul og 25 betalingslinjer.<\/p>\n<p>S\u00e5danne fremragende egenskaber giver spillerne, ud over sp\u00e6ndende f\u00f8lelser og ekstraordin\u00e6re eventyr med ulve, et solidt udbetalingspotentiale. Fordyb dig i det vilde vestens verden og tag p\u00e5 eventyr, og med grafik af h\u00f8j kvalitet, specielle effekter og passende soundtracks vil det v\u00e6re meget let at g\u00f8re dette.<\/p>\n<p style=\"text-align: center;\"><img loading=\"lazy\" decoding=\"async\" class=\"wp-image-375 size-large aligncenter\" src=\"https:\/\/rocketplay-game.com\/wp-content\/uploads\/2022\/08\/wolf-treasure-logo-1-1024x576.jpeg\" alt=\"Wolf Treasure logo\" width=\"1024\" height=\"576\" srcset=\"https:\/\/rocketplay-game.com\/wp-content\/uploads\/2022\/08\/wolf-treasure-logo-1-1024x576.jpeg 1024w, https:\/\/rocketplay-game.com\/wp-content\/uploads\/2022\/08\/wolf-treasure-logo-1-300x169.jpeg 300w, https:\/\/rocketplay-game.com\/wp-content\/uploads\/2022\/08\/wolf-treasure-logo-1-768x432.jpeg 768w, https:\/\/rocketplay-game.com\/wp-content\/uploads\/2022\/08\/wolf-treasure-logo-1.jpeg 1200w\" sizes=\"auto, (max-width: 1024px) 100vw, 1024px\" \/><\/p>\n<h2>Hvordan spiller man online i Danmark?<\/h2>\n<p>Wolf Treasure Danmark transporterer straks spilleren til den vilde natur. Specielle effekter og passende lyde bidrager perfekt til dette. Trommerne p\u00e5 spillepladen er placeret overfor kl\u00f8ften, s\u00e5 stenbanker og tematiske landskaber vil dukke op for \u00f8jnene af spillerne. Alt dette vil finde sted p\u00e5 baggrund af skumringen, som gradvist begynder at indhylle alt omkring. Og m\u00e5nen, som for nylig er dukket op p\u00e5 himlen, har allerede givet ulvene en ordre om begyndelsen af deres s\u00e6son.<\/p>\n<p>N\u00e5r man starter Wolf Treasure slotspillet, ser spilleren en sk\u00e6rm med 5 hjul og 25 betalingslinjer foran sig. Spillemaskinen skal startes p\u00e5 en s\u00e5dan m\u00e5de, at der falder en vindende kombination ud, som udbetales i overensstemmelse med v\u00e6rdi tabellen for hvert symbol. Spillemaskinens tema pr\u00e6senterer spilleren for kombinationer af dyrebilleder og kortsymboler.<\/p>\n<p>Udvikleren af Wolf Treasure casino viste ogs\u00e5 stor opfindsomhed i at skabe pengesymboler. Blandt dem er h\u00f8jt betalende og billigere tegn. H\u00f8jt betalende billeder omfatter:<\/p>\n<ul>\n<li>Bjergl\u00f8ver;<\/li>\n<li>Bisoner;<\/li>\n<li>\u00d8rne;<\/li>\n<li>Mustangs!<\/li>\n<\/ul>\n<p>De billigere symboler har billeder af forskellige kort &#8211; kn\u00e6gt, dronning, konge og es. Derudover er der wild- og scattered-symboler.<\/p>\n<h2>Wolf Treasure Slot RTP, detaljer og indsatsgr\u00e6nser<\/h2>\n<p>For st\u00f8rre bekvemmelighed, pr\u00e6senterer vi til din opm\u00e6rksomhed en tabel, der indeholder grundl\u00e6ggende oplysninger om video slot.<\/p>\n<table border=\"0\" cellspacing=\"0\" cellpadding=\"0\">\n<colgroup>\n<col \/>\n<col \/> <\/colgroup>\n<tbody>\n<tr>\n<td>Egenskaber<\/td>\n<td>Detaljer<\/td>\n<\/tr>\n<tr>\n<td>Antal hjul<\/td>\n<td>5<\/td>\n<\/tr>\n<tr>\n<td>Antal r\u00e6kker<\/td>\n<td>3<\/td>\n<\/tr>\n<tr>\n<td>Udbetalingslinjer<\/td>\n<td>25<\/td>\n<\/tr>\n<tr>\n<td>Mindste indsats<\/td>\n<td>0,25 DKK<\/td>\n<\/tr>\n<tr>\n<td>Maksimal indsats<\/td>\n<td>25 DKK<\/td>\n<\/tr>\n<tr>\n<td>Jackpot<\/td>\n<td>mini, mejor, mega<\/td>\n<\/tr>\n<tr>\n<td>Mobile version<\/td>\n<td>+<\/td>\n<\/tr>\n<tr>\n<td>S\u00e6rlige emblemer<\/td>\n<td>wild, scatter<\/td>\n<\/tr>\n<tr>\n<td>Udvikler<\/td>\n<td>IGTech<\/td>\n<\/tr>\n<tr>\n<td>RTP<\/td>\n<td>96%<\/td>\n<\/tr>\n<\/tbody>\n<\/table>\n<p>&nbsp;<\/p>\n<h2>Bonusfunktioner og spil i Wolf Treasure Slot<\/h2>\n<p>S\u00e6rlige symboler vil ikke kun hj\u00e6lpe dig med at g\u00f8re spillet interessant og sp\u00e6ndende, men ogs\u00e5 med at f\u00e5 ekstra muligheder for at vinde. P\u00e5 denne m\u00e5de vil tre scatters, der falder p\u00e5 samme tid, bringe en faktor til at gange din oprindelige indsats med 1 og fem bonusrunder.<\/p>\n<p>Wolf Treasure gratis spins vil blive tildelt spillerne hver gang tre scatter-symboler vises p\u00e5 spillepladen p\u00e5 samme tid. Dette er en yderst fordelagtig funktion, der vil hj\u00e6lpe dig med at vinde en kontantpr\u00e6mie oftere.<\/p>\n<p>Derudover vil Wolf Treasure no deposit bonus Danmark give brugerne yderligere muligheder for at vinde. De tildeles i form af gratis spins og kan bruges i l\u00f8bet af spillet. Normalt gives s\u00e5danne incitamenter til nye spillere. De tilbyder dog ogs\u00e5 gunstige betingelser og gaver til erfarne spillere. Og den vigtigste pr\u00e6mie vil v\u00e6re muligheden for at vinde mega jackpotten.<\/p>\n<p>Hvis du ikke er klar til at satse penge med det samme, kan du pr\u00f8ve demo-tilstanden. Dette er en fuldst\u00e6ndig identisk version af spillet, hvor der satses p\u00e5 virtuelle m\u00f8nter. Det er ogs\u00e5 en god mulighed for at l\u00e6re spillemaskinen at kende, forst\u00e5 hvordan den fungerer, l\u00e6re reglerne og symbolernes pris samt udvikle din egen taktik og strategi.<\/p>\n<h2>FAQs<\/h2>\n<h3>Hvordan spiller man Wolf Treasure slot?<\/h3>\n<p>N\u00e5r du starter Wolf Treasure slotspillet, ser spilleren en sk\u00e6rm med 5 hjul og 25 betalingslinjer foran sig. Spillemaskinen skal startes p\u00e5 en s\u00e5dan m\u00e5de, at der falder en vindende kombination ud, som betales i overensstemmelse med v\u00e6rdi tabellen for hvert ikon.<\/p>\n<h3>Kan Wolf Treasure slotspillet spilles gratis?<\/h3>\n<p>Udviklerne af spillemaskinen har givet en gratis spilmulighed i demoversionen. Den analoge version er ikke anderledes end den originale version. Grafikken, reglerne og symbolerne er de samme. Den eneste forskel er i gevinsten. I demo-versionen kan du vinde, men det er umuligt at tjene penge.<\/p>\n<h3>Hvordan vinder man penge i Wolf Treasure slot?<\/h3>\n<p>Som for alle andre spilleautomater er det for denne spilleautomat spilleren heldige \u00f8jeblik den vigtigste faktor for at vinde. Det er umuligt at garantere succesen af spin, men du kan maksimere chancerne for at vinde. Hemmeligheden er at sprede din \u00f8konomi over s\u00e5 mange indsatser som muligt.<\/p>\n<p><strong>Anmeldelser om slots:<\/strong><\/p>\n<ul>\n<li><a href=\"https:\/\/rocketplay-game.com\/da\/slots\/money-train-2\/\">Money Train 2<\/a><\/li>\n<li><a href=\"https:\/\/rocketplay-game.com\/da\/slots\/queen-of-the-nile\/\">Queen Of The Nile<\/a><\/li>\n<\/ul>\n","protected":false},"excerpt":{"rendered":"<p>Wolf Treasure pokies er slots, der transporterer spillerne til det vilde vesten og giver dem mulighed for at observere livet for forskellige dyr. P\u00e5 spilsk\u00e6rmen er der mulighed for at m\u00f8de forskellige repr\u00e6sentanter for dyreverdenen, som, hvis de er i godt hum\u00f8r og i det rigtige selskab, endda kan give en mega jackpot. Dette sp\u00e6ndende&#8230;<\/p>\n","protected":false},"author":1,"featured_media":0,"parent":2298,"menu_order":0,"comment_status":"closed","ping_status":"closed","template":"page-with-slot.php","meta":{"_acf_changed":false,"_kad_post_transparent":"default","_kad_post_title":"default","_kad_post_layout":"default","_kad_post_sidebar_id":"","_kad_post_content_style":"default","_kad_post_vertical_padding":"default","_kad_post_feature":"","_kad_post_feature_position":"","_kad_post_header":false,"_kad_post_footer":false,"footnotes":""},"class_list":["post-2405","page","type-page","status-publish","hentry"],"acf":[],"rttpg_featured_image_url":null,"rttpg_author":{"display_name":"Tom","author_link":"https:\/\/rocketplay-game.com\/da\/author\/pemvas95n89x\/"},"rttpg_comment":0,"rttpg_category":null,"rttpg_excerpt":"Wolf Treasure pokies er slots, der transporterer spillerne til det vilde vesten og giver dem mulighed for at observere livet for forskellige dyr. P\u00e5 spilsk\u00e6rmen er der mulighed for at m\u00f8de forskellige repr\u00e6sentanter for dyreverdenen, som, hvis de er i godt hum\u00f8r og i det rigtige selskab, endda kan give en mega jackpot. Dette sp\u00e6ndende...","_links":{"self":[{"href":"https:\/\/rocketplay-game.com\/da\/wp-json\/wp\/v2\/pages\/2405","targetHints":{"allow":["GET"]}}],"collection":[{"href":"https:\/\/rocketplay-game.com\/da\/wp-json\/wp\/v2\/pages"}],"about":[{"href":"https:\/\/rocketplay-game.com\/da\/wp-json\/wp\/v2\/types\/page"}],"author":[{"embeddable":true,"href":"https:\/\/rocketplay-game.com\/da\/wp-json\/wp\/v2\/users\/1"}],"replies":[{"embeddable":true,"href":"https:\/\/rocketplay-game.com\/da\/wp-json\/wp\/v2\/comments?post=2405"}],"version-history":[{"count":2,"href":"https:\/\/rocketplay-game.com\/da\/wp-json\/wp\/v2\/pages\/2405\/revisions"}],"predecessor-version":[{"id":2413,"href":"https:\/\/rocketplay-game.com\/da\/wp-json\/wp\/v2\/pages\/2405\/revisions\/2413"}],"up":[{"embeddable":true,"href":"https:\/\/rocketplay-game.com\/da\/wp-json\/wp\/v2\/pages\/2298"}],"wp:attachment":[{"href":"https:\/\/rocketplay-game.com\/da\/wp-json\/wp\/v2\/media?parent=2405"}],"curies":[{"name":"wp","href":"https:\/\/api.w.org\/{rel}","templated":true}]}}