{"id":2419,"date":"2022-08-18T17:24:15","date_gmt":"2022-08-18T14:24:15","guid":{"rendered":"https:\/\/rocketplay-game.com\/slots\/queen-of-the-nile\/"},"modified":"2022-10-31T17:44:03","modified_gmt":"2022-10-31T14:44:03","slug":"queen-of-the-nile","status":"publish","type":"page","link":"https:\/\/rocketplay-game.com\/da\/slots\/queen-of-the-nile\/","title":{"rendered":"Anmeldelse af Queen of The Nile slot"},"content":{"rendered":"<p>Aristocrat-selskabet skabte engang Queen of The Nile gratis pokies, som er en video slot maskine, der har 24 gevinstlinjer og s\u00e5 mange som 5 hjul.<\/p>\n<p>Maskinen er baseret p\u00e5 den ber\u00f8mte farao fra det gamle Egypten &#8211; dronning Cleopatra. For mange \u00e5r siden viste det sig, at Kleopatra var den sidste farao i det gamle Egypten. P\u00e5 trods af dette var hun Ptolemy.<\/p>\n<p>Spillemaskinen giver dig mulighed for at placere minimumsindsatser p\u00e5 spin, som starter med en v\u00e6rdi p\u00e5 0,25 m\u00f8nter, mens den maksimale indsats vil v\u00e6re 50 m\u00f8nter. Spillemaskinen har en jackpot p\u00e5 1.500 m\u00f8nter, samt forskellige multipliers og en r\u00e6kke gratis spins, der hj\u00e6lper dig med at f\u00e5 jackpotten. Derfor anbefaler vi Queen of The Nile gratis download.<\/p>\n<p><img loading=\"lazy\" decoding=\"async\" class=\"wp-image-350 size-full aligncenter\" src=\"https:\/\/rocketplay-game.com\/wp-content\/uploads\/2022\/08\/queen-of-the-nile-logo.jpeg\" alt=\"Queen of The Nile logo\" width=\"800\" height=\"600\" srcset=\"https:\/\/rocketplay-game.com\/wp-content\/uploads\/2022\/08\/queen-of-the-nile-logo.jpeg 800w, https:\/\/rocketplay-game.com\/wp-content\/uploads\/2022\/08\/queen-of-the-nile-logo-300x225.jpeg 300w, https:\/\/rocketplay-game.com\/wp-content\/uploads\/2022\/08\/queen-of-the-nile-logo-768x576.jpeg 768w, https:\/\/rocketplay-game.com\/wp-content\/uploads\/2022\/08\/queen-of-the-nile-logo-600x450.jpeg 600w\" sizes=\"auto, (max-width: 800px) 100vw, 800px\" \/><\/p>\n<h2>Nilens dronning Symboler og v\u00e6rdier<\/h2>\n<p>Denne Queen of The Nile pokie er ret popul\u00e6r i almindelige casinoer, og det er ikke overraskende, at Aristocrat studio besluttede at frigive slotspillet online ogs\u00e5.<\/p>\n<p>Hele udseendet af maskinen i et online casino og selvf\u00f8lgelig symbolerne vil formidle pr\u00e6cis den tidsperiode i det gamle Egypten.<\/p>\n<p>Du vil se:<\/p>\n<ul>\n<li>Du vil se: spredt pyramide;<\/li>\n<li>lotusblomst;<\/li>\n<li>dronning Cleopatra;<\/li>\n<li>kort fra 9 til es;<\/li>\n<li>Horus&#8217; \u00f8je;<\/li>\n<li>skarab\u00e6er.<\/li>\n<\/ul>\n<p>Wild-symbolet er dronning Kleopatra, hun erstatter nabosymboler, og hvis en vindende kombination er blevet lavet, vil dine udbetalinger blive fordoblet. Cleopatra erstatter ikke kun scatter-symboler i Queen of The Nile pokie appen.<\/p>\n<p>Hele form\u00e5let med dit spil er ikke kun at vinde indsatser, men ogs\u00e5 at l\u00e5se op for gratis spins-funktionen. De vil trods alt hj\u00e6lpe dig med at vinde og bringe dine jackpotchancer t\u00e6ttere p\u00e5.<\/p>\n<p>Spins vil blive aktiveret takket v\u00e6re scatter-symbolerne og betalingsmuligheden, nemlig pyramiden. S\u00e5 snart 3 eller flere symboler vises p\u00e5 hjulene under hovedspillet, \u00e5bnes en ny sk\u00e6rm, hvor Cleopatra selv vil tilbyde spilleren at v\u00e6lge en af de 4 gratis spins-funktioner.<\/p>\n<p>Den f\u00f8rste gratis spins-funktion giver dig 5 spins med en 10x multiplikator, og derefter vil spins med hvert niveau stige med 5. Multiplikatorer, derimod. I den anden funktion finder du en 5-dobbelt multiplikator, i den tredje &#8211; en 3-dobbelt multiplikator, og i den sidste kun en 2-dobbelt multiplikator.<\/p>\n<p>Spilleren kan ogs\u00e5 modtage udbetalinger for scatters. 5 scatters giver 100 m\u00f8nter. Gevinster fra scatter-symbolet vil blive ganget med din samlede indsats i slotspillet.<\/p>\n<p>Ud over de vigtigste symboler og bonusfunktioner, der findes i spillet, er der ogs\u00e5 et ekstra risikospil. Du kan spille det efter din sejr, og det er en ret almindelig type ekstra spil. Din opgave er at g\u00e6tte kortets farve eller dets farve. Alt er simpelt, og hvis du vinder, vil din gevinst blive fordoblet eller for\u00f8get 4 gange.<\/p>\n<h2>Queen of The Nile slot RTP\/Vatilitet<\/h2>\n<p>Denne spilleautomat har medium volatilitet og er mere velegnet til spillere, der kan lide at spille stort. Spillere med en lille bank kan dog ogs\u00e5 have en god tid med Queen of The Nile gratis spil.<\/p>\n<p>Hvis det lykkedes dig at vinde en god udbetaling, er det tilr\u00e5deligt at udbetale den, s\u00e5 du har mindst 50% af din bankroll tilbage, og de resterende 50% er din pr\u00e6mie, som du \u00e6rligt har vundet.<\/p>\n<p>Du kan v\u00e6re sikker p\u00e5, at du har en god chance for at modtage en udbetaling, for bem\u00e6rk, at procentdelen af tilbagebetaling til spilleren er 95,5%. Dette er en ganske behagelig indikator, fordi i mange slots, is\u00e6r dem, der findes i landbaserede casinoer, er procentdelen af RTP flere gange lavere.<\/p>\n<p style=\"text-align: center;\"><img loading=\"lazy\" decoding=\"async\" class=\"aligncenter wp-image-352 size-full\" src=\"https:\/\/rocketplay-game.com\/wp-content\/uploads\/2022\/08\/queen-of-the-nile-slot-1.jpeg\" alt=\"queen of the nile slot\" width=\"827\" height=\"620\" srcset=\"https:\/\/rocketplay-game.com\/wp-content\/uploads\/2022\/08\/queen-of-the-nile-slot-1.jpeg 827w, https:\/\/rocketplay-game.com\/wp-content\/uploads\/2022\/08\/queen-of-the-nile-slot-1-300x225.jpeg 300w, https:\/\/rocketplay-game.com\/wp-content\/uploads\/2022\/08\/queen-of-the-nile-slot-1-768x576.jpeg 768w, https:\/\/rocketplay-game.com\/wp-content\/uploads\/2022\/08\/queen-of-the-nile-slot-1-600x450.jpeg 600w\" sizes=\"auto, (max-width: 827px) 100vw, 827px\" \/><\/p>\n<h2>Spil Queen of The Nile p\u00e5 mobil<\/h2>\n<p>Den gode nyhed for mobilspillere er, at slotspillet kan spilles og f\u00f8les perfekt p\u00e5 telefoner og andre enheder. Du kan \u00e5bne spillet i din browser og nyde gameplayet fra enhver sk\u00e6rm. Udviklerne har s\u00f8rget for, at gr\u00e6nsefladen er komfortabelt placeret over hele omr\u00e5det af din enhed, og du har ikke noget ubehag, n\u00e5r du spiller.<\/p>\n<p>I versionen, Queen of The Nile pokies rigtige penge, vil alle funktioner, alle symboler og kombinationer v\u00e6re tilg\u00e6ngelige, som, ligesom p\u00e5 computeren, vil f\u00f8re dig til den \u00f8nskede sejr og jackpot.<\/p>\n<h2>Ofte stillede sp\u00f8rgsm\u00e5l om Queen of The Nile<\/h2>\n<h3>Er spillemaskinen progressiv?<\/h3>\n<p>Queen of The Nile slotspillet har sin egen jackpot i spillet, men er ikke progressiv. P\u00e5 trods af dette vil du stadig kunne f\u00e5 flotte udbetalinger ved at lave sm\u00e5 eller store indsatser.<\/p>\n<h3>Kan jeg spille Queen of The Nile slot gratis?<\/h3>\n<p>Du kan bruge den indbyggede demo-tilstand til et gratis spil, som vil introducere dig til gameplayet og fordybe dig i atmosf\u00e6ren af det gamle Egypten. N\u00e5r du har pr\u00f8vet slotspillet gratis, b\u00f8r du begynde at satse for rigtige penge og modtage betydelige udbetalinger.<\/p>\n<h3>Hvor mange m\u00f8nter giver Wild-symbolet?<\/h3>\n<p>Hvis du laver den maksimale indsats og samler en kombination af 5 wild-symboler af Cleopatra, kan du regne med en gevinst p\u00e5 3.000 m\u00f8nter i denne Queen of The Nile spilleautomat.<\/p>\n<p><strong>Anmeldelser om slots:<\/strong><\/p>\n<ul>\n<li><a href=\"https:\/\/rocketplay-game.com\/da\/slots\/king-of-the-nile\/\">King Of The Nile<\/a><\/li>\n<li><a href=\"https:\/\/rocketplay-game.com\/da\/slots\/5-dragons\/\">5 Dragons<\/a><\/li>\n<li><a href=\"https:\/\/rocketplay-game.com\/da\/slots\/queen-and-dragons\/\">Queen and Dragons<\/a><\/li>\n<\/ul>\n","protected":false},"excerpt":{"rendered":"<p>Aristocrat-selskabet skabte engang Queen of The Nile gratis pokies, som er en video slot maskine, der har 24 gevinstlinjer og s\u00e5 mange som 5 hjul. Maskinen er baseret p\u00e5 den ber\u00f8mte farao fra det gamle Egypten &#8211; dronning Cleopatra. For mange \u00e5r siden viste det sig, at Kleopatra var den sidste farao i det gamle&#8230;<\/p>\n","protected":false},"author":1,"featured_media":0,"parent":2298,"menu_order":0,"comment_status":"closed","ping_status":"closed","template":"page-with-slot.php","meta":{"_acf_changed":false,"_kad_post_transparent":"default","_kad_post_title":"default","_kad_post_layout":"default","_kad_post_sidebar_id":"","_kad_post_content_style":"default","_kad_post_vertical_padding":"default","_kad_post_feature":"","_kad_post_feature_position":"","_kad_post_header":false,"_kad_post_footer":false,"footnotes":""},"class_list":["post-2419","page","type-page","status-publish","hentry"],"acf":[],"rttpg_featured_image_url":null,"rttpg_author":{"display_name":"Tom","author_link":"https:\/\/rocketplay-game.com\/da\/author\/pemvas95n89x\/"},"rttpg_comment":0,"rttpg_category":null,"rttpg_excerpt":"Aristocrat-selskabet skabte engang Queen of The Nile gratis pokies, som er en video slot maskine, der har 24 gevinstlinjer og s\u00e5 mange som 5 hjul. Maskinen er baseret p\u00e5 den ber\u00f8mte farao fra det gamle Egypten &#8211; dronning Cleopatra. For mange \u00e5r siden viste det sig, at Kleopatra var den sidste farao i det gamle...","_links":{"self":[{"href":"https:\/\/rocketplay-game.com\/da\/wp-json\/wp\/v2\/pages\/2419","targetHints":{"allow":["GET"]}}],"collection":[{"href":"https:\/\/rocketplay-game.com\/da\/wp-json\/wp\/v2\/pages"}],"about":[{"href":"https:\/\/rocketplay-game.com\/da\/wp-json\/wp\/v2\/types\/page"}],"author":[{"embeddable":true,"href":"https:\/\/rocketplay-game.com\/da\/wp-json\/wp\/v2\/users\/1"}],"replies":[{"embeddable":true,"href":"https:\/\/rocketplay-game.com\/da\/wp-json\/wp\/v2\/comments?post=2419"}],"version-history":[{"count":2,"href":"https:\/\/rocketplay-game.com\/da\/wp-json\/wp\/v2\/pages\/2419\/revisions"}],"predecessor-version":[{"id":2420,"href":"https:\/\/rocketplay-game.com\/da\/wp-json\/wp\/v2\/pages\/2419\/revisions\/2420"}],"up":[{"embeddable":true,"href":"https:\/\/rocketplay-game.com\/da\/wp-json\/wp\/v2\/pages\/2298"}],"wp:attachment":[{"href":"https:\/\/rocketplay-game.com\/da\/wp-json\/wp\/v2\/media?parent=2419"}],"curies":[{"name":"wp","href":"https:\/\/api.w.org\/{rel}","templated":true}]}}