{"id":2422,"date":"2022-08-18T16:23:00","date_gmt":"2022-08-18T13:23:00","guid":{"rendered":"https:\/\/rocketplay-game.com\/slots\/more-chilli\/"},"modified":"2022-10-31T17:43:19","modified_gmt":"2022-10-31T14:43:19","slug":"more-chilli","status":"publish","type":"page","link":"https:\/\/rocketplay-game.com\/da\/slots\/more-chilli\/","title":{"rendered":"Anmeld mere Chilli Slot"},"content":{"rendered":"<p>More Chilli pokie er en af de spilleautomater, der findes i dag b\u00e5de p\u00e5 landbaserede og online casinoer. Og de er meget popul\u00e6re blandt spillepublikummet.<\/p>\n<p>More Chilli slotspillet vil appellere til b\u00e5de spilbegyndere og store kunder med en erfaring. Alt sammen af den grund, at dette m casino har jokere, ekstra bonusserier af spil eller scatter symboler, der vil mangedoble dine chancer for at f\u00e5 den maksimale pr\u00e6mie.<\/p>\n<p>I udseende er slotspillet attraktivt i design, og det giver spillerne mulighed for at tilbringe tid komfortabelt under spillet. More Chilli spilleautomaten blev oprindeligt skabt af Aristocrat specielt til lokale casinoer og spilleautomater, men dens store popularitet gl\u00e6der nu spillere over hele verden.<\/p>\n<p><img loading=\"lazy\" decoding=\"async\" class=\"aligncenter wp-image-342 size-full\" style=\"text-align: center; font-family: var(--global-body-font-family);\" src=\"https:\/\/rocketplay-game.com\/wp-content\/uploads\/2022\/08\/more-chilli-logo.jpeg\" alt=\"More Chilli logo\" width=\"948\" height=\"712\" srcset=\"https:\/\/rocketplay-game.com\/wp-content\/uploads\/2022\/08\/more-chilli-logo.jpeg 948w, https:\/\/rocketplay-game.com\/wp-content\/uploads\/2022\/08\/more-chilli-logo-300x225.jpeg 300w, https:\/\/rocketplay-game.com\/wp-content\/uploads\/2022\/08\/more-chilli-logo-768x577.jpeg 768w, https:\/\/rocketplay-game.com\/wp-content\/uploads\/2022\/08\/more-chilli-logo-600x450.jpeg 600w\" sizes=\"auto, (max-width: 948px) 100vw, 948px\" \/><\/p>\n<h2>Flere Chilli-symboler og -v\u00e6rdier<\/h2>\n<p>Der er symboler i More Chilli-appen, og de omfatter solen, kyllinger, en pengepose, en chihuahua-hund, en chili-stativ, tequila, haner samt en grinende mexicaner. Derudover vil du p\u00e5 hjulene st\u00f8de p\u00e5 symbolerne 9, 10, es, es, dronning, kn\u00e6gt og konge. Hvad ang\u00e5r scatter-symbolet, er det en pengepose eller en chilipeber. Et karakteristisk tr\u00e6k er en mexicansk kultur i en sombrero, der konstant r\u00e5ber &#8220;Another chili!&#8221;. Spillemaskinen motiverer dig regelm\u00e6ssigt, s\u00e5 du kan g\u00f8re alt og i sidste ende vinde jackpotten.<\/p>\n<p>Wild-symbolet vil v\u00e6re en smilende mexicansk mand. Wild-symbolet vil erstatte alle andre ikoner undtagen scatter-symbolet. Hvis en kombination af tre eller for eksempel et st\u00f8rre antal scatter-symboler, venter brugeren 10 gratis spins. Serien af spins kan \u00f8ges til 15, n\u00e5r der er blevet placeret fem ekstra indsatser under den aktive spins-funktion.<\/p>\n<p>Det s\u00e6rlige ved gratis spins-funktionen er, at jo pr\u00e6cise scatter-symboler du samler samtidigt p\u00e5 hjulet, jo flere spins f\u00e5r du. Hvis du f\u00e5r 9 spredninger, f\u00e5r du ogs\u00e5 tre s\u00e6t hjul. Jo flere symboler, jo flere hjul. Og s\u00e5ledes vil 30 symboler f\u00f8re til, at du vil se et billede af det tredje, fjerde og femte hjul, som er fuldt fyldt med wild-symboler og vil give dig en masse gratis spins.<\/p>\n<h2>Mere Chilli Slot RTP\/Volatilitet<\/h2>\n<p>Udbetalingsforholdet i More Chilli online slot varierer mellem 96-97%. Disse procenter anses for at v\u00e6re ret h\u00f8je. Hvis vi ogs\u00e5 tager h\u00f8jde for, at volatiliteten i slotspillet er gennemsnitlig, s\u00e5 vil spillerne have en ret h\u00f8j chance for at vinde denne spilleautomat. Og alle, der er heldige, vil v\u00e6re i stand til at vinde en jackpot, der vil overstige din indsats tusind gange.<\/p>\n<p>Ikke kun RTP og volatilitet vil hj\u00e6lpe dig med at vinde, men ogs\u00e5 antallet af bonusser, som du kan m\u00f8de inde i gameplayet.<\/p>\n<p style=\"text-align: center;\"><img loading=\"lazy\" decoding=\"async\" class=\"aligncenter wp-image-343 size-full\" src=\"https:\/\/rocketplay-game.com\/wp-content\/uploads\/2022\/08\/more-chilli-slot.jpeg\" alt=\"more chilli slot\" width=\"815\" height=\"608\" srcset=\"https:\/\/rocketplay-game.com\/wp-content\/uploads\/2022\/08\/more-chilli-slot.jpeg 815w, https:\/\/rocketplay-game.com\/wp-content\/uploads\/2022\/08\/more-chilli-slot-300x224.jpeg 300w, https:\/\/rocketplay-game.com\/wp-content\/uploads\/2022\/08\/more-chilli-slot-768x573.jpeg 768w\" sizes=\"auto, (max-width: 815px) 100vw, 815px\" \/><\/p>\n<h2>Spil More Chilli p\u00e5 mobil<\/h2>\n<p>Jo mere online gambling udvikler sig, jo flere fans af at spille More Chilli online gratis fra en mobiltelefon bliver det. Det er trods alt meget praktisk, og du kan have adgang til din casinokonto og slots n\u00e5r som helst. Internetadgang vil afsl\u00f8re dig alle mulighederne i et mobilt online casino.<\/p>\n<p>Dette er praktisk, ikke kun fordi det er tilg\u00e6ngeligt hvor som helst, men ogs\u00e5 fordi intet skal More Chilli pokie downloades p\u00e5 forh\u00e5nd.<\/p>\n<p>For at im\u00f8dekomme spillernes \u00f8nsker og give fuld komfort i More Chilli online rigtige penge, arbejder Aristocrat udviklerstudiet straks p\u00e5 at sikre, at spillene er tilg\u00e6ngelige b\u00e5de p\u00e5 computere og p\u00e5 telefonen. Udover telefonen kan det v\u00e6re andre enheder, som du bruger i hverdagen, s\u00e5som en tablet.<\/p>\n<h2>Flere Chilli FAQs<\/h2>\n<h3>Skal jeg downloade More Chilli-appen?<\/h3>\n<p>Du beh\u00f8ver slet ikke at downloade appen, da du kan bruge webversionen af webstedet. Der er dog casinoer, hvor denne spilleautomat er til stede i applikationen. Hvis du \u00f8nsker det, kan du installere og bruge det. Webversionen er dog ikke anderledes og vil spare hukommelse p\u00e5 din enhed.<\/p>\n<h3>Kan jeg spille More Chilli slot gratis?<\/h3>\n<p>Der findes demoversioner af dette slot, som du kan pr\u00f8ve p\u00e5 forskellige hjemmesider. P\u00e5 trods af at versionen kun er en introduktionsversion, og du beh\u00f8ver ikke at risikere dine penge, vil du under alle omst\u00e6ndigheder have adgang til fuldgyldigt gameplay og hjul. Og bonusser, som ogs\u00e5 er tilg\u00e6ngelige i en almindelig spilleautomat for rigtige penge.<\/p>\n<h3>Er det bedre at spille More Chilli online eller p\u00e5 et landbaseret casino?<\/h3>\n<p>I s\u00e5 fald, hvis du har valgt at spille online versionen af denne spilleautomat, vil du have en dejlig bonus, der venter p\u00e5 dig, som vil give dig mulighed for at \u00f8ge gevinstlinjerne. Det betyder, at din RTP ogs\u00e5 vil blive opgraderet. Dette er en lille procentvis for\u00f8gelse overhovedet; der er dog ikke en s\u00e5dan mulighed i land slots.<\/p>\n<p><strong>Anmeldelser om slots:<\/strong><\/p>\n<ul>\n<li><a href=\"https:\/\/rocketplay-game.com\/da\/slots\/book-of-ra-deluxe\/\">Book Of Ra Deluxe<\/a><\/li>\n<li><a href=\"https:\/\/rocketplay-game.com\/da\/slots\/mega-moolah\/\">Mega Moolah<\/a><\/li>\n<\/ul>\n","protected":false},"excerpt":{"rendered":"<p>More Chilli pokie er en af de spilleautomater, der findes i dag b\u00e5de p\u00e5 landbaserede og online casinoer. Og de er meget popul\u00e6re blandt spillepublikummet. More Chilli slotspillet vil appellere til b\u00e5de spilbegyndere og store kunder med en erfaring. Alt sammen af den grund, at dette m casino har jokere, ekstra bonusserier af spil eller&#8230;<\/p>\n","protected":false},"author":1,"featured_media":0,"parent":2298,"menu_order":0,"comment_status":"closed","ping_status":"closed","template":"page-with-slot.php","meta":{"_acf_changed":false,"_kad_post_transparent":"default","_kad_post_title":"default","_kad_post_layout":"default","_kad_post_sidebar_id":"","_kad_post_content_style":"default","_kad_post_vertical_padding":"default","_kad_post_feature":"","_kad_post_feature_position":"","_kad_post_header":false,"_kad_post_footer":false,"footnotes":""},"class_list":["post-2422","page","type-page","status-publish","hentry"],"acf":[],"rttpg_featured_image_url":null,"rttpg_author":{"display_name":"Tom","author_link":"https:\/\/rocketplay-game.com\/da\/author\/pemvas95n89x\/"},"rttpg_comment":0,"rttpg_category":null,"rttpg_excerpt":"More Chilli pokie er en af de spilleautomater, der findes i dag b\u00e5de p\u00e5 landbaserede og online casinoer. Og de er meget popul\u00e6re blandt spillepublikummet. More Chilli slotspillet vil appellere til b\u00e5de spilbegyndere og store kunder med en erfaring. Alt sammen af den grund, at dette m casino har jokere, ekstra bonusserier af spil eller...","_links":{"self":[{"href":"https:\/\/rocketplay-game.com\/da\/wp-json\/wp\/v2\/pages\/2422","targetHints":{"allow":["GET"]}}],"collection":[{"href":"https:\/\/rocketplay-game.com\/da\/wp-json\/wp\/v2\/pages"}],"about":[{"href":"https:\/\/rocketplay-game.com\/da\/wp-json\/wp\/v2\/types\/page"}],"author":[{"embeddable":true,"href":"https:\/\/rocketplay-game.com\/da\/wp-json\/wp\/v2\/users\/1"}],"replies":[{"embeddable":true,"href":"https:\/\/rocketplay-game.com\/da\/wp-json\/wp\/v2\/comments?post=2422"}],"version-history":[{"count":2,"href":"https:\/\/rocketplay-game.com\/da\/wp-json\/wp\/v2\/pages\/2422\/revisions"}],"predecessor-version":[{"id":2425,"href":"https:\/\/rocketplay-game.com\/da\/wp-json\/wp\/v2\/pages\/2422\/revisions\/2425"}],"up":[{"embeddable":true,"href":"https:\/\/rocketplay-game.com\/da\/wp-json\/wp\/v2\/pages\/2298"}],"wp:attachment":[{"href":"https:\/\/rocketplay-game.com\/da\/wp-json\/wp\/v2\/media?parent=2422"}],"curies":[{"name":"wp","href":"https:\/\/api.w.org\/{rel}","templated":true}]}}