{"id":2426,"date":"2022-08-18T17:35:57","date_gmt":"2022-08-18T14:35:57","guid":{"rendered":"https:\/\/rocketplay-game.com\/slots\/money-train-2\/"},"modified":"2025-11-25T22:46:00","modified_gmt":"2025-11-25T19:46:00","slug":"money-train-2","status":"publish","type":"page","link":"https:\/\/rocketplay-game.com\/da\/slots\/money-train-2\/","title":{"rendered":"Anmeldelse af Money Train 2 slot"},"content":{"rendered":"<p>Det unikke Money Train 2 Danmark slot blev introduceret for offentligheden tilbage i 2020. Spillemaskinen viste sig at v\u00e6re meget popul\u00e6r blandt spillerne, hvilket f\u00f8rte Relax Gaming studiet til stor succes.<\/p>\n<p>I den anden version af den popul\u00e6re spilleautomat gennemf\u00f8rte udviklingsfirmaet nogle korrigerende momenter, som gav maskinen endnu mere anerkendelse fra spillerne. Og vigtigst af alt er de mest succesfulde funktioner stadig til stede i den anden serie af slotspillet.<\/p>\n<p>S\u00e5 snart du \u00e5bner slotspillet, bliver du absorberet af atmosf\u00e6ren af Vesten, futuristisk, m\u00e6ttet med steampunk elementer. Toget er fyldt med mange relevante elementer, s\u00e5som tandhjul og r\u00f8r. Og musikken og lydene, der omgiver dig, tilf\u00f8jer endnu mere f\u00f8lelse af tilstedev\u00e6relse.<\/p>\n<p>Spillezonen best\u00e5r af 5 hjul og giver dig samtidig hele 40 gevinstlinjer, som du kan bruge til at \u00f8ge dine chancer for at vinde.<\/p>\n<p>Fordyb dig p\u00e5 en lang rejse gennem en varm, \u00f8de by i dit farverige steampunk-tog! F\u00e5 mere at vide om Money Train 2 gratis spil for rigtige penge nedenfor.<\/p>\n<p style=\"text-align: center;\"><img loading=\"lazy\" decoding=\"async\" class=\"wp-image-361 size-full aligncenter\" src=\"https:\/\/rocketplay-game.com\/wp-content\/uploads\/2022\/08\/money-train-2-logo.jpeg\" alt=\"Money Train 2 logo\" width=\"800\" height=\"600\" srcset=\"https:\/\/rocketplay-game.com\/wp-content\/uploads\/2022\/08\/money-train-2-logo.jpeg 800w, https:\/\/rocketplay-game.com\/wp-content\/uploads\/2022\/08\/money-train-2-logo-300x225.jpeg 300w, https:\/\/rocketplay-game.com\/wp-content\/uploads\/2022\/08\/money-train-2-logo-768x576.jpeg 768w, https:\/\/rocketplay-game.com\/wp-content\/uploads\/2022\/08\/money-train-2-logo-600x450.jpeg 600w\" sizes=\"auto, (max-width: 800px) 100vw, 800px\" \/><\/p>\n<h2>Symboler for enheden og deres v\u00e6rdi for spilleren<\/h2>\n<p>Der er flere symboler i Money Train 2 demo, der kan \u00f8ge dine vindende indsatser, hj\u00e6lpe dig med at lave kombinationer og give dig flere chancer for at vinde. Wild-symbolet er det mest indbringende og \u00f8nskv\u00e6rdige, det har de fleste multiplikatorer, og takket v\u00e6re det kan du regne med den st\u00f8rste gevinst.<\/p>\n<p>Efter wild-symbolet er der symboler som nekromancer, collector, sniper og Payer. Dern\u00e6st er der symbolerne for skovl, hjerte og diamant.<\/p>\n<p>Ved at samle de rigtige kombinationer af symboler kan du f\u00e5 en r\u00e6kke gratis spins, gratis spins eller en for\u00f8gelse af spillefeltet fra 5 til 7 hjul.<\/p>\n<p>Jo flere symboler du form\u00e5r at samle, jo flere indbringende bonustilbud venter p\u00e5 dig til sidst.<\/p>\n<p>Spillemaskinen har ogs\u00e5 en bonusrunde Money Cart, som har sine egne eksklusive funktioner; startende med Payer, han tilf\u00f8jer betydning og v\u00e6rdi til hvert sticky symbol, der er p\u00e5 hjulet. Indsamleren har ret til at s\u00e6tte prisen p\u00e5 de tegn, der er synlige for hans egen. Samtidig vil samleren indsamle multiplikatorer og videregive deres samlede v\u00e6rdi til andre symboler.<\/p>\n<p>Sniper-symbolet vil fordoble v\u00e6rdierne, der sp\u00e6nder fra tre til otte tilf\u00e6ldige symboler i Money Train 2 free.<\/p>\n<p>Glem ikke nekromantikeren, som vil returnere 2-7 symboler, der allerede er blevet brugt for at tilf\u00f8je yderligere multipliers til dine to spins, der vil f\u00f8lge.<\/p>\n<h2>Money Train 2 slot RTP\/Volatilitet<\/h2>\n<p>En m\u00e6rkbar forbedring i den anden version af slotspillet har p\u00e5virket RTP-indikatoren. Nu er procentdelen af tilbagebetaling til spilleren 96,4%, og hvis du aktiverer bonusk\u00f8bsfunktionen, vil RTP springe til en rekordh\u00f8j 98%.<\/p>\n<p>Volatiliteten er dog ekstremt h\u00f8j. Derfor skal du v\u00e6re forsigtig, for i bonusspillet kan du forvente absolut alt. Spillet vil v\u00e6re intenst og energisk, og hver spiller vil kunne opleve pr\u00e6cis de f\u00f8lelser, som han str\u00e6ber efter i l\u00f8bet af spillet.<\/p>\n<p style=\"text-align: center;\"><img loading=\"lazy\" decoding=\"async\" class=\"aligncenter wp-image-362 size-full\" src=\"https:\/\/rocketplay-game.com\/wp-content\/uploads\/2022\/08\/money-train-2-slot.jpeg\" alt=\"Money Train 2 slot\" width=\"838\" height=\"471\" srcset=\"https:\/\/rocketplay-game.com\/wp-content\/uploads\/2022\/08\/money-train-2-slot.jpeg 838w, https:\/\/rocketplay-game.com\/wp-content\/uploads\/2022\/08\/money-train-2-slot-300x169.jpeg 300w, https:\/\/rocketplay-game.com\/wp-content\/uploads\/2022\/08\/money-train-2-slot-768x432.jpeg 768w\" sizes=\"auto, (max-width: 838px) 100vw, 838px\" \/><\/p>\n<h2>Spil Money Train 2 p\u00e5 mobil<\/h2>\n<p>I den moderne verden er der mange virksomheder og online casinoer, der tilf\u00f8jer tilpasning til mobile enheder til deres slots. Relax Gaming udviklerstudiet, sammen med deres popul\u00e6re Money Train 2 slot, giver ogs\u00e5 denne mulighed til en masse spillere. N\u00e5r alt kommer til alt, vil de flere platforme underst\u00f8tte slotten til spillet, og jo flere spillere vil kunne nyde gameplayet og en masse bonusser, der opst\u00e5r under spillet.<\/p>\n<p>For et behageligt spil beh\u00f8ver du ikke at downloade noget, du skal bare starte maskinen i browseren og nyde.<\/p>\n<h2>Money Train 2 FAQs<\/h2>\n<h3>Hvordan fungerer respin-funktionen i Money Train 2?<\/h3>\n<p>Hvis du form\u00e5r at fange regelm\u00e6ssige symboler p\u00e5 et af hjulene i spillemaskinen, kan du aktivere denne funktion. I dette tilf\u00e6lde vil multiplikatoren blive vist p\u00e5 sk\u00e6rmen. S\u00e5danne indikatorer tilf\u00f8jes og hj\u00e6lper med at optjene re-spins til spilleren. Hele procentdelen er vred, indtil du tager din gevinst. Hvis respin&#8217;et ikke giver en gevinst, s\u00e5 vil det hj\u00e6lpe med at \u00f8ge multiplikatoren med en enhed.<\/p>\n<h3>Kan jeg spille Money Train 2 gratis?<\/h3>\n<p>Du kan spille Money Train 2 mode uden at risikere dine egne penge. Dette er en god l\u00f8sning for de spillere, som i f\u00f8rste omgang vil tjekke, om de kan lide spillemaskinen. L\u00e6r hjulene bedre at kende og oplev hele gameplayet p\u00e5 egen h\u00e5nd.<\/p>\n<h3>Hvad er det mest indbringende symbol i slotspillet?<\/h3>\n<p>Det h\u00f8jest betalende symbol, som du vil m\u00f8de i spillet, er wild-symbolet. Hvis du laver den maksimale indsats og samler alle 5 symboler p\u00e5 hjulene, vil multiplikatoren i dette tilf\u00e6lde v\u00e6re rekordh\u00f8je 20.000x. De samme multiplikatorer kan findes med nekromancer-symbolet.<\/p>\n<p><strong>Anmeldelser om slots:<\/strong><\/p>\n<ul>\n<li><a href=\"https:\/\/rocketplay-game.com\/slots\/more-chilli\/\">More Chilli<\/a><\/li>\n<li><a href=\"https:\/\/rocketplay-game.com\/slots\/queen-of-the-nile\/\">Queen Of The Nile<\/a><\/li>\n<\/ul>\n","protected":false},"excerpt":{"rendered":"<p>Det unikke Money Train 2 Danmark slot blev introduceret for offentligheden tilbage i 2020. Spillemaskinen viste sig at v\u00e6re meget popul\u00e6r blandt spillerne, hvilket f\u00f8rte Relax Gaming studiet til stor succes. I den anden version af den popul\u00e6re spilleautomat gennemf\u00f8rte udviklingsfirmaet nogle korrigerende momenter, som gav maskinen endnu mere anerkendelse fra spillerne. Og vigtigst af&#8230;<\/p>\n","protected":false},"author":1,"featured_media":0,"parent":2298,"menu_order":0,"comment_status":"closed","ping_status":"closed","template":"page-with-slot.php","meta":{"_acf_changed":false,"_kad_post_transparent":"default","_kad_post_title":"default","_kad_post_layout":"default","_kad_post_sidebar_id":"","_kad_post_content_style":"default","_kad_post_vertical_padding":"default","_kad_post_feature":"","_kad_post_feature_position":"","_kad_post_header":false,"_kad_post_footer":false,"footnotes":""},"class_list":["post-2426","page","type-page","status-publish","hentry"],"acf":[],"rttpg_featured_image_url":null,"rttpg_author":{"display_name":"Tom","author_link":"https:\/\/rocketplay-game.com\/da\/author\/pemvas95n89x\/"},"rttpg_comment":0,"rttpg_category":null,"rttpg_excerpt":"Det unikke Money Train 2 Danmark slot blev introduceret for offentligheden tilbage i 2020. Spillemaskinen viste sig at v\u00e6re meget popul\u00e6r blandt spillerne, hvilket f\u00f8rte Relax Gaming studiet til stor succes. I den anden version af den popul\u00e6re spilleautomat gennemf\u00f8rte udviklingsfirmaet nogle korrigerende momenter, som gav maskinen endnu mere anerkendelse fra spillerne. Og vigtigst af...","_links":{"self":[{"href":"https:\/\/rocketplay-game.com\/da\/wp-json\/wp\/v2\/pages\/2426","targetHints":{"allow":["GET"]}}],"collection":[{"href":"https:\/\/rocketplay-game.com\/da\/wp-json\/wp\/v2\/pages"}],"about":[{"href":"https:\/\/rocketplay-game.com\/da\/wp-json\/wp\/v2\/types\/page"}],"author":[{"embeddable":true,"href":"https:\/\/rocketplay-game.com\/da\/wp-json\/wp\/v2\/users\/1"}],"replies":[{"embeddable":true,"href":"https:\/\/rocketplay-game.com\/da\/wp-json\/wp\/v2\/comments?post=2426"}],"version-history":[{"count":1,"href":"https:\/\/rocketplay-game.com\/da\/wp-json\/wp\/v2\/pages\/2426\/revisions"}],"predecessor-version":[{"id":2430,"href":"https:\/\/rocketplay-game.com\/da\/wp-json\/wp\/v2\/pages\/2426\/revisions\/2430"}],"up":[{"embeddable":true,"href":"https:\/\/rocketplay-game.com\/da\/wp-json\/wp\/v2\/pages\/2298"}],"wp:attachment":[{"href":"https:\/\/rocketplay-game.com\/da\/wp-json\/wp\/v2\/media?parent=2426"}],"curies":[{"name":"wp","href":"https:\/\/api.w.org\/{rel}","templated":true}]}}