{"id":2429,"date":"2022-08-18T17:30:43","date_gmt":"2022-08-18T14:30:43","guid":{"rendered":"https:\/\/rocketplay-game.com\/slots\/mega-moolah\/"},"modified":"2022-10-31T17:41:40","modified_gmt":"2022-10-31T14:41:40","slug":"mega-moolah","status":"publish","type":"page","link":"https:\/\/rocketplay-game.com\/da\/slots\/mega-moolah\/","title":{"rendered":"Anmeldelse af Mega Moolah slot"},"content":{"rendered":"<p><img loading=\"lazy\" decoding=\"async\" class=\"size-medium wp-image-356 alignright\" src=\"https:\/\/rocketplay-game.com\/wp-content\/uploads\/2022\/08\/mega-moolah-logo-300x167.png\" alt=\"Mega Moolah logo\" width=\"300\" height=\"167\" srcset=\"https:\/\/rocketplay-game.com\/wp-content\/uploads\/2022\/08\/mega-moolah-logo-300x167.png 300w, https:\/\/rocketplay-game.com\/wp-content\/uploads\/2022\/08\/mega-moolah-logo-1024x569.png 1024w, https:\/\/rocketplay-game.com\/wp-content\/uploads\/2022\/08\/mega-moolah-logo-768x426.png 768w, https:\/\/rocketplay-game.com\/wp-content\/uploads\/2022\/08\/mega-moolah-logo.png 1140w\" sizes=\"auto, (max-width: 300px) 100vw, 300px\" \/><\/p>\n<p>Enhver spiller, der er mindst en smule bekendt med online casinoer eller spiller aktivt, har helt sikkert h\u00f8rt om den utroligt popul\u00e6re Mega Moolah Danmark spilleautomat mindst \u00e9n gang. Denne spilleautomat blev udviklet af Microgaming og har helt sikkert bragt stor succes til udviklerne. Spillemaskinen indeholder fire forskellige mega jackpots, som ogs\u00e5 er progressive. Og denne spilleautomat indtager en f\u00f8rerposition p\u00e5 listen over de mest betalte spilleautomater. De bel\u00f8b, som spillerne kan vinde her, er simpelthen uden for det mulige.<\/p>\n<p>Spilleautomaten adskiller sig ikke i moderne og lyse grafik, glem ikke at den blev skabt for lang tid siden, tilbage i 2006.<\/p>\n<p>Temaet og designet af Mega Moolah mobile tager dig med til de afrikanske sletter, en vildmarks safari. Spillemaskinen er ogs\u00e5 den \u00e6ldste i Microgaming, men indtil videre har den ikke mistet sin popularitet og har givet store gevinster.<\/p>\n<p>Den spilleplads, som Mega Moolah slot giver dig, er ganske standard for et slot, der er lavet i form af en video. Du vil blive m\u00f8dt af et gitter med 5 roterende hjul og 3 r\u00e6kker side om side. Derudover er der 25 justerbare betalingslinjer knyttet til hjulene, hvilket giver dig mulighed for at tilpasse og bekvemt justere selv, hvor mange linjer du \u00f8nsker at aktivere for et perfekt spin.<\/p>\n<h2>Mega Moolah-symboler og v\u00e6rdier<\/h2>\n<p>Farverige symboler, v\u00e6rdier fra A til 10 og dyrere vilde dyr vil j\u00e6vnligt m\u00f8de dig p\u00e5 hjulene. Blandt dem er b\u00f8ffel, giraf, zebra og andre. Det mest indbringende symbol er elefanten. Jo flere elefanter din kombination udg\u00f8r p\u00e5 hjulene, jo st\u00f8rre udbetaling venter dig. For 5 symboler p\u00e5 samme tid, kan du f\u00e5 30 gange mere end din indsats.<\/p>\n<p>L\u00f8ven er et wild symbol. Med alt dette udbetales det 0,6, 5 eller 60 eller alle 600 gange mere end din indsats. Og selvf\u00f8lgelig afh\u00e6nger multiplikatoren af kombinationen. Derudover erstatter wild-symbolet alle standardsymboler. En wild l\u00f8ve parret med en vindende kombination og et standardsymbol vil \u00f8ge din gevinst med 2 gange og fordoble den. Derudover giver Mega Moolah online casinoet spillerne 2 bonusfunktioner.<\/p>\n<p>Du vil have en bonus, Mega Moolah 80 gratis spins funktion, hvor en 3x multiplikator vil blive anvendt p\u00e5 alle dine gevinster. Der l\u00e6gges s\u00e6rlig v\u00e6gt p\u00e5 jackpot-bonusspillet, som startes helt tilf\u00e6ldigt. I det kan du dreje lykkehjulet, og det vil hj\u00e6lpe dig med at vinde 1 af 4 progressive jackpots.<\/p>\n<h2>Mega Moolah Slot RTP\/Vatilitet<\/h2>\n<p>Dette slot har mere end nok chancer for at vinde. Og det er ikke kun p\u00e5 grund af de mange bonusser, ekstra spins kode, multipliers og lykkehjulet. En lav volatilitetsindikator hj\u00e6lper dig med at vinde. Variansen i Mega Moolah slot er 46,36%, hvilket g\u00f8r det muligt for n\u00e6sten halvdelen af spillerne at modtage hyppige udbetalinger uden problemer.<\/p>\n<p>Hvis vi taler om procentdelen af afkast til spilleren, n\u00e5r indikatoren op p\u00e5 93%, og det er en fremragende indikator for et progressivt slot, is\u00e6r n\u00e5r spildemoen m\u00f8der s\u00e5 mange som 4 jackpots i den! Udbetalingen kan overstige din indsats med 1955 gange.<\/p>\n<p style=\"text-align: center;\"><img loading=\"lazy\" decoding=\"async\" class=\"aligncenter wp-image-357 size-full\" src=\"https:\/\/rocketplay-game.com\/wp-content\/uploads\/2022\/08\/mega-moolah-slot.jpeg\" alt=\"Mega Moolah slot\" width=\"900\" height=\"500\" srcset=\"https:\/\/rocketplay-game.com\/wp-content\/uploads\/2022\/08\/mega-moolah-slot.jpeg 900w, https:\/\/rocketplay-game.com\/wp-content\/uploads\/2022\/08\/mega-moolah-slot-300x167.jpeg 300w, https:\/\/rocketplay-game.com\/wp-content\/uploads\/2022\/08\/mega-moolah-slot-768x427.jpeg 768w\" sizes=\"auto, (max-width: 900px) 100vw, 900px\" \/><\/p>\n<h2>Spil Mega Moolah p\u00e5 mobil<\/h2>\n<p>Det ville v\u00e6re overraskende, hvis et slot med s\u00e5 stor popularitet ikke var tilg\u00e6ngeligt p\u00e5 mobile enheder. Microgaming f\u00f8lger de nyeste teknologier og f\u00f8lger med tiden. Takket v\u00e6re dette kan du nemt spille Mega Moolah for rigtige penge og bruge gr\u00e6nsefladen bekvemt; desuden er spilpladsen ikke s\u00e5 stor, og det er bekvemt at navigere igennem den. Og grafikken er ikke belastet, ikke overfyldt med un\u00f8dvendige elementer, s\u00e5 slotspillet fungerer hurtigt, og spillerne bem\u00e6rker ikke nogen bekymringer.<\/p>\n<h2>Mega Moolah FAQs<\/h2>\n<h3>Er der et Mega Moolah slot uden en progressiv jackpot?<\/h3>\n<p>Der er en s\u00e5dan variant af slotspillet, men den er ikke s\u00e5 popul\u00e6r, fordi du ikke vil v\u00e6re i stand til at f\u00e5 s\u00e5 store udbetalinger. Og Mega Moolah RTP-indikatoren er blevet s\u00e6nket til 88%. Hvilket heller ikke rigtig tiltr\u00e6kker spillere, som er vant til moderne slots med indikatorer over 90%.<\/p>\n<h3>Hvad er den maksimale jackpot, der kan vindes p\u00e5 Mega Moolah slot?<\/h3>\n<p>P\u00e5 Mega Moolah Danmark slotspillet blev den samlede maksimale jackpot registreret, som blev delt af 4 spillere i 2013. Bel\u00f8bet i denne jackpot var mere end 13 millioner dollars. Hvis vi tager statistikken bonus rundt om i verden, vil bel\u00f8bene v\u00e6re flere gange st\u00f8rre.<\/p>\n<h3>Er der en auto-play-tilstand i Mega Moolah slot?<\/h3>\n<p>Pr\u00e6cis! Spillemaskinen har en funktion, der starter et automatisk spil. Du kan selvst\u00e6ndigt konfigurere, hvor mange gange spillet skal startes og ogs\u00e5 med hvilke hastigheder. I indstillingerne for antallet af spil er det mindste tilg\u00e6ngelige minimum 10 spil, og det maksimale vil v\u00e6re 100 spil.<\/p>\n<p><strong>Anmeldelser om slots:<\/strong><\/p>\n<ul>\n<li><a href=\"https:\/\/rocketplay-game.com\/da\/slots\/5-dragons\/\">5 Dragons<\/a><\/li>\n<li><a href=\"https:\/\/rocketplay-game.com\/da\/slots\/indian-dreaming\/\">Indian Dreaming<\/a><\/li>\n<li><a href=\"https:\/\/rocketplay-game.com\/da\/slots\/sun-of-fortune\/\">Sun of the Fortune<\/a><\/li>\n<\/ul>\n","protected":false},"excerpt":{"rendered":"<p>Enhver spiller, der er mindst en smule bekendt med online casinoer eller spiller aktivt, har helt sikkert h\u00f8rt om den utroligt popul\u00e6re Mega Moolah Danmark spilleautomat mindst \u00e9n gang. Denne spilleautomat blev udviklet af Microgaming og har helt sikkert bragt stor succes til udviklerne. Spillemaskinen indeholder fire forskellige mega jackpots, som ogs\u00e5 er progressive. Og&#8230;<\/p>\n","protected":false},"author":1,"featured_media":0,"parent":2298,"menu_order":0,"comment_status":"closed","ping_status":"closed","template":"page-with-slot.php","meta":{"_acf_changed":false,"_kad_post_transparent":"default","_kad_post_title":"default","_kad_post_layout":"default","_kad_post_sidebar_id":"","_kad_post_content_style":"default","_kad_post_vertical_padding":"default","_kad_post_feature":"","_kad_post_feature_position":"","_kad_post_header":false,"_kad_post_footer":false,"footnotes":""},"class_list":["post-2429","page","type-page","status-publish","hentry"],"acf":[],"rttpg_featured_image_url":null,"rttpg_author":{"display_name":"Tom","author_link":"https:\/\/rocketplay-game.com\/da\/author\/pemvas95n89x\/"},"rttpg_comment":0,"rttpg_category":null,"rttpg_excerpt":"Enhver spiller, der er mindst en smule bekendt med online casinoer eller spiller aktivt, har helt sikkert h\u00f8rt om den utroligt popul\u00e6re Mega Moolah Danmark spilleautomat mindst \u00e9n gang. Denne spilleautomat blev udviklet af Microgaming og har helt sikkert bragt stor succes til udviklerne. Spillemaskinen indeholder fire forskellige mega jackpots, som ogs\u00e5 er progressive. Og...","_links":{"self":[{"href":"https:\/\/rocketplay-game.com\/da\/wp-json\/wp\/v2\/pages\/2429","targetHints":{"allow":["GET"]}}],"collection":[{"href":"https:\/\/rocketplay-game.com\/da\/wp-json\/wp\/v2\/pages"}],"about":[{"href":"https:\/\/rocketplay-game.com\/da\/wp-json\/wp\/v2\/types\/page"}],"author":[{"embeddable":true,"href":"https:\/\/rocketplay-game.com\/da\/wp-json\/wp\/v2\/users\/1"}],"replies":[{"embeddable":true,"href":"https:\/\/rocketplay-game.com\/da\/wp-json\/wp\/v2\/comments?post=2429"}],"version-history":[{"count":2,"href":"https:\/\/rocketplay-game.com\/da\/wp-json\/wp\/v2\/pages\/2429\/revisions"}],"predecessor-version":[{"id":2435,"href":"https:\/\/rocketplay-game.com\/da\/wp-json\/wp\/v2\/pages\/2429\/revisions\/2435"}],"up":[{"embeddable":true,"href":"https:\/\/rocketplay-game.com\/da\/wp-json\/wp\/v2\/pages\/2298"}],"wp:attachment":[{"href":"https:\/\/rocketplay-game.com\/da\/wp-json\/wp\/v2\/media?parent=2429"}],"curies":[{"name":"wp","href":"https:\/\/api.w.org\/{rel}","templated":true}]}}