{"id":3480,"date":"2023-01-10T16:01:48","date_gmt":"2023-01-10T13:01:48","guid":{"rendered":"https:\/\/rocketplay-game.com\/live-betting\/"},"modified":"2024-02-09T16:14:09","modified_gmt":"2024-02-09T13:14:09","slug":"live-betting","status":"publish","type":"page","link":"https:\/\/rocketplay-game.com\/da\/live-betting\/","title":{"rendered":"Detaljeret guide til live sportsv\u00e6ddem\u00e5l"},"content":{"rendered":"<p>Live betting i Danmark v\u00e6lges af dem, der beslutter sig for at spille p\u00e5 sport i realtid. Spilleren foretager v\u00e6ddem\u00e5l ikke f\u00f8r kampens start, men lige under spillet. Dette giver chancerne for at vinde og \u00f8ger sandsynligheden for, at du vil v\u00e6re i stand til at forudsige vinderen.<\/p>\n<p><img loading=\"lazy\" decoding=\"async\" class=\"aligncenter wp-image-4765\" src=\"https:\/\/rocketplay-game.com\/wp-content\/uploads\/2024\/02\/soccer-players-action-professional-stadium.jpg\" alt=\"Live Sports Betting\" width=\"800\" height=\"492\" srcset=\"https:\/\/rocketplay-game.com\/wp-content\/uploads\/2024\/02\/soccer-players-action-professional-stadium.jpg 1000w, https:\/\/rocketplay-game.com\/wp-content\/uploads\/2024\/02\/soccer-players-action-professional-stadium-300x185.jpg 300w, https:\/\/rocketplay-game.com\/wp-content\/uploads\/2024\/02\/soccer-players-action-professional-stadium-768x472.jpg 768w\" sizes=\"auto, (max-width: 800px) 100vw, 800px\" \/><\/p>\n<h2>Hvad er live betting?<\/h2>\n<p>Mange spillere foretr\u00e6kker at spille live for at \u00f8ge sandsynligheden for at vinde s\u00e5 meget som muligt.\u00a0Det er der mange grunde til:<\/p>\n<ol>\n<li aria-level=\"1\">Takket v\u00e6re live sports betting sider er det muligt hurtigt, uden fysisk anstrengelse, at \u00f8ge din \u00f8konomiske indkomst.<\/li>\n<li aria-level=\"1\">I l\u00f8bet af kampen kan alt ske.\u00a0Og hvis kampen for dit favorithold pludselig ikke er god, kan du satse ikke som planlagt.<\/li>\n<li aria-level=\"1\">Det er muligt at lave v\u00e6ddem\u00e5l med h\u00f8jere odds.<\/li>\n<li aria-level=\"1\">I den levende linje er der flere gafler end i den normale.\u00a0Og dette \u00f8ger spillernes chancer for en lys og profitabel sejr.<\/li>\n<li aria-level=\"1\">Takket v\u00e6re live betting er det muligt at minimere tab ved at satse p\u00e5 det modsatte udfald af begivenheder.<\/li>\n<\/ol>\n<p>Dette er ikke alle grundene til, at spillere v\u00e6lger live sportsbetting-app.\u00a0Der er mange flere.\u00a0Og alle vil ikke fortryde at tr\u00e6ffe et s\u00e5dant valg.<\/p>\n<h2>Typer af live-v\u00e6ddem\u00e5l<\/h2>\n<p>Der er mange typer live sportsv\u00e6ddem\u00e5l, som mange mennesker elsker.\u00a0Og hvert v\u00e6ddem\u00e5l er attraktivt p\u00e5 sin m\u00e5de:<\/p>\n<ol>\n<li aria-level=\"1\">Hovedresultat.\u00a0Dette v\u00e6ddem\u00e5l g\u00f8r det muligt at forudsige visse deltageres sejr i en kamp eller uafgjort.<\/li>\n<li aria-level=\"1\">Dobbelt chance.\u00a0Et s\u00e5dant v\u00e6ddem\u00e5l kan foretages, hvis der er tillid til, at et af holdene eller en bestemt atlet ikke vil tabe under kampen.<\/li>\n<li aria-level=\"1\">Forudsig hvor mange m\u00e5l der bliver i l\u00f8bet af kampen.\u00a0Det er muligt at v\u00e6lge en v\u00e6ddem\u00e5lstype som Total, mere eller mindre.<\/li>\n<\/ol>\n<p>Mange spillere kan lide at spille p\u00e5 kampe, der allerede er startet.\u00a0Det bliver muligt at placere et v\u00e6ddem\u00e5l p\u00e5 en begivenhed, der allerede er startet.<\/p>\n<h2>Fordele ved Live Betting<\/h2>\n<p>Mange professionelle spillere placerer live-v\u00e6ddem\u00e5l.\u00a0Det er s\u00e5ledes muligt at \u00f8ge den finansielle kapital ved at afslutte flere v\u00e6ddem\u00e5l i en matte og forudsige udfaldet af begivenheder.\u00a0Denne type v\u00e6ddem\u00e5l har mange fordele:<\/p>\n<ol>\n<li>\n<ol>\n<li aria-level=\"1\">Det bliver muligt at se spillet personligt og direkte under kampen for at foretage indsatser.<\/li>\n<li aria-level=\"1\">Der er en reel mulighed for at \u00f8ge indtjeningen p\u00e5 et enkelt spils resultater markant.<\/li>\n<li aria-level=\"1\">H\u00f8je odds, som kan stige efterh\u00e5nden som kampen skrider frem, er ogs\u00e5 v\u00e6rd at fremh\u00e6ve.\u00a0Sandsynligheden for at fange et fremragende odds, hvis sandsynligheden for at best\u00e5 er h\u00f8j nok stiger.<\/li>\n<\/ol>\n<\/li>\n<\/ol>\n<p>Fordelene slutter selvf\u00f8lgelig ikke der.\u00a0Og alle vil v\u00e6re glade for at satse p\u00e5 sport, ved at v\u00e6lge live sportsbetting-l\u00f8sninger.<\/p>\n<p><img loading=\"lazy\" decoding=\"async\" class=\"aligncenter wp-image-4774\" src=\"https:\/\/rocketplay-game.com\/wp-content\/uploads\/2024\/02\/sports-betting-american-football-player-appearing-from-smartphone-field-money-shower.jpg\" alt=\"Live Sports Betting 2\" width=\"800\" height=\"534\" srcset=\"https:\/\/rocketplay-game.com\/wp-content\/uploads\/2024\/02\/sports-betting-american-football-player-appearing-from-smartphone-field-money-shower.jpg 1000w, https:\/\/rocketplay-game.com\/wp-content\/uploads\/2024\/02\/sports-betting-american-football-player-appearing-from-smartphone-field-money-shower-300x200.jpg 300w, https:\/\/rocketplay-game.com\/wp-content\/uploads\/2024\/02\/sports-betting-american-football-player-appearing-from-smartphone-field-money-shower-768x512.jpg 768w\" sizes=\"auto, (max-width: 800px) 100vw, 800px\" \/><\/p>\n<h2>Live-v\u00e6ddem\u00e5lsstrategi<\/h2>\n<p>Live betting-strategi er et spil i realtid.\u00a0Der er mulighed for at \u00f8ge sandsynligheden for, at indsatsen spiller markant.\u00a0Det er nok at f\u00f8lge med i kampens udvikling, s\u00e5 du mere pr\u00e6cist kan afg\u00f8re, hvem der kommer ud som vinderen i den konkurrence, du har et v\u00e6ddem\u00e5l p\u00e5.<\/p>\n<p>Analyse af hvad du ser og bevidsthed om holdets opstilling \u00f8ger sandsynligheden for, at du vinder ved at satse markant.\u00a0Og i dette tilf\u00e6lde vil du nemt, hurtigt og sikkert kunne h\u00e6ve hele bel\u00f8bet ved at v\u00e6lge en bekvem betalingsmetode.<\/p>\n<h2>Konklusion<\/h2>\n<p>Live-sportsv\u00e6ddem\u00e5lsformen er udbredt i forskellige sportsgrene.\u00a0Det foretr\u00e6kkes af mange af dem, der kan lide at satse p\u00e5 cybersport.\u00a0Fodbold og tennis samt hockey, mange spilleres yndlingssport, kan ogs\u00e5 ses ved at satse under kampen.<\/p>\n<p>Takket v\u00e6re de mange forskellige typer live betting, har enhver spiller mulighed for at tr\u00e6ffe det rigtige valg.\u00a0Alle vil nyde at se spillet, mens de forbedrer deres \u00f8konomiske velv\u00e6re markant &#8211; uden fysisk anstrengelse.<\/p>\n<h2>FAQ<\/h2>\n<p>For alle dem, der elsker at spille p\u00e5 sport i realtid, vil det v\u00e6re nyttigt og sp\u00e6ndende at kende svarene p\u00e5 de sp\u00f8rgsm\u00e5l, som spillere ofte stiller.\u00a0Her er nogle af dem.<\/p>\n<h3>Hvad er attraktionen ved live betting?<\/h3>\n<p>Der er mere end nok grunde til, at spillere ofte v\u00e6lger live betting:<\/p>\n<ol>\n<li aria-level=\"1\">Det er muligt at spille under kampen.<\/li>\n<li aria-level=\"1\">Muligheden for at satse under spillet \u00f8ger sandsynligheden for mere pr\u00e6cise forudsigelser.<\/li>\n<li aria-level=\"1\">N\u00e5r man ser udviklingen af \u200b\u200bbegivenheder, er det muligt at forudsige mere pr\u00e6cist, hvem der bliver vinderen i denne kamp.<\/li>\n<\/ol>\n<p>Det er selvf\u00f8lgelig ikke alle fordelene ved live sportsbetting tips.<\/p>\n<h3>Hvordan \u00e6ndrer odds sig i Live betting?<\/h3>\n<p>Ved at placere et v\u00e6ddem\u00e5l p\u00e5 en begivenhed, der allerede er startet, \u00e6ndres oddsene i forhold til spillets gang.\u00a0Dette g\u00e6lder for scorede m\u00e5l, straffe og andre spilkomponenter.\u00a0live bets giver dig mulighed for at v\u00e6re mere sikker p\u00e5 at vinde.<\/p>\n<h3>Hvordan vinder man, n\u00e5r man spiller live?<\/h3>\n<p>For at vinde skal spilleren:<\/p>\n<ul>\n<li aria-level=\"1\">koncentration og opm\u00e6rksomhed;<\/li>\n<li aria-level=\"1\">evnen til at kontrollere f\u00f8lelser;<\/li>\n<li aria-level=\"1\">at v\u00e6lge den rigtige strategi, den bedste af den mest lukkede, hvor tabet minimeres;<\/li>\n<li aria-level=\"1\">se omhyggeligt online-udsendelsen for at vurdere situationen s\u00e5 pr\u00e6cist som muligt under kampen for at forudsige det \u00f8jeblik, hvor kampen bliver et vendepunkt.<\/li>\n<\/ul>\n<p>N\u00e5r man n\u00f8je f\u00f8lger begivenhederne ud, er der alle chancer for at vinde.<\/p>\n","protected":false},"excerpt":{"rendered":"<p>Live betting i Danmark v\u00e6lges af dem, der beslutter sig for at spille p\u00e5 sport i realtid. Spilleren foretager v\u00e6ddem\u00e5l ikke f\u00f8r kampens start, men lige under spillet. Dette giver chancerne for at vinde og \u00f8ger sandsynligheden for, at du vil v\u00e6re i stand til at forudsige vinderen. Hvad er live betting? Mange spillere foretr\u00e6kker&#8230;<\/p>\n","protected":false},"author":1,"featured_media":0,"parent":0,"menu_order":0,"comment_status":"closed","ping_status":"closed","template":"page-with-bonus.php","meta":{"_acf_changed":false,"_kad_post_transparent":"default","_kad_post_title":"default","_kad_post_layout":"default","_kad_post_sidebar_id":"","_kad_post_content_style":"default","_kad_post_vertical_padding":"default","_kad_post_feature":"","_kad_post_feature_position":"","_kad_post_header":false,"_kad_post_footer":false,"footnotes":""},"class_list":["post-3480","page","type-page","status-publish","hentry"],"acf":[],"rttpg_featured_image_url":null,"rttpg_author":{"display_name":"Tom","author_link":"https:\/\/rocketplay-game.com\/da\/author\/pemvas95n89x\/"},"rttpg_comment":0,"rttpg_category":null,"rttpg_excerpt":"Live betting i Danmark v\u00e6lges af dem, der beslutter sig for at spille p\u00e5 sport i realtid. Spilleren foretager v\u00e6ddem\u00e5l ikke f\u00f8r kampens start, men lige under spillet. Dette giver chancerne for at vinde og \u00f8ger sandsynligheden for, at du vil v\u00e6re i stand til at forudsige vinderen. Hvad er live betting? Mange spillere foretr\u00e6kker...","_links":{"self":[{"href":"https:\/\/rocketplay-game.com\/da\/wp-json\/wp\/v2\/pages\/3480","targetHints":{"allow":["GET"]}}],"collection":[{"href":"https:\/\/rocketplay-game.com\/da\/wp-json\/wp\/v2\/pages"}],"about":[{"href":"https:\/\/rocketplay-game.com\/da\/wp-json\/wp\/v2\/types\/page"}],"author":[{"embeddable":true,"href":"https:\/\/rocketplay-game.com\/da\/wp-json\/wp\/v2\/users\/1"}],"replies":[{"embeddable":true,"href":"https:\/\/rocketplay-game.com\/da\/wp-json\/wp\/v2\/comments?post=3480"}],"version-history":[{"count":4,"href":"https:\/\/rocketplay-game.com\/da\/wp-json\/wp\/v2\/pages\/3480\/revisions"}],"predecessor-version":[{"id":5270,"href":"https:\/\/rocketplay-game.com\/da\/wp-json\/wp\/v2\/pages\/3480\/revisions\/5270"}],"wp:attachment":[{"href":"https:\/\/rocketplay-game.com\/da\/wp-json\/wp\/v2\/media?parent=3480"}],"curies":[{"name":"wp","href":"https:\/\/api.w.org\/{rel}","templated":true}]}}