{"id":3485,"date":"2023-01-10T10:58:28","date_gmt":"2023-01-10T07:58:28","guid":{"rendered":"https:\/\/rocketplay-game.com\/live-games\/"},"modified":"2024-02-09T15:51:59","modified_gmt":"2024-02-09T12:51:59","slug":"live-games","status":"publish","type":"page","link":"https:\/\/rocketplay-game.com\/da\/live-games\/","title":{"rendered":"Rocket Play Live Casino Spil anmeldelse"},"content":{"rendered":"<p><span class=\"\">Onlinekasinoer er nu mere relevante end nogensinde.\u00a0<\/span>Mange mennesker elsker at bruge deres aftener p\u00e5 at spille p\u00e5 online casinoer.\u00a0Og kasinoer flagrer konstant.\u00a0Udviklet sammen med udviklingen af \u200b\u200bteknologi og mere tilg\u00e6ngeligt internet.<\/p>\n<p>S\u00e5dan opstod Casino Live-spil tilbage i 2000&#8217;erne.\u00a0Men p\u00e5 det tidspunkt var det ikke praktisk, forbindelsen lod meget tilbage at \u00f8nske, og den tekniske side blev ikke gjort godt.\u00a0Siden da er der g\u00e5et meget tid, og meget er blevet bedre.<\/p>\n<p><img loading=\"lazy\" decoding=\"async\" class=\"aligncenter wp-image-4825\" src=\"https:\/\/rocketplay-game.com\/wp-content\/uploads\/2024\/02\/live-cas.png\" alt=\"Rocket Play Live Casino\" width=\"800\" height=\"661\" srcset=\"https:\/\/rocketplay-game.com\/wp-content\/uploads\/2024\/02\/live-cas.png 886w, https:\/\/rocketplay-game.com\/wp-content\/uploads\/2024\/02\/live-cas-300x248.png 300w, https:\/\/rocketplay-game.com\/wp-content\/uploads\/2024\/02\/live-cas-768x635.png 768w\" sizes=\"auto, (max-width: 800px) 100vw, 800px\" \/><\/p>\n<h2>Typer af live-spil<\/h2>\n<p>P\u00e5 internettet kan du finde mange forskellige Casino Live-spil.\u00a0Ofte er det de kortspil, som alle elsker.\u00a0Blandt de bedste Live Casino-spil er poker, blackjack og lotterier.<\/p>\n<h2>Hvordan begynder man at spille?<\/h2>\n<p>Hvis du begynder at stifte bekendtskab med gamblingens verden, s\u00e5 har du m\u00e5ske et sp\u00f8rgsm\u00e5l om, hvordan du begynder at spille.\u00a0For at begynde at spille Live Online Casino-spil, skal du g\u00e5 til onlinekasinoets officielle hjemmeside.\u00a0S\u00f8rg for at logge ind. Ellers vil du ikke v\u00e6re i stand til at starte spillet.\u00a0V\u00e6lg derefter punktet for at spille Live Casino-spil fra toppen af \u200b\u200bmenuen.\u00a0En liste over tilg\u00e6ngelige spil i live-format vises foran dig.<\/p>\n<p>Live-spil adskiller sig fra almindelige spil, fordi dealeren spiller med dig.\u00a0Han viser dine pokerkort, accepterer indsatser og kommunikerer med spillere.\u00a0Dette skaber uforglemmelige f\u00f8lelser og en atmosf\u00e6re t\u00e6t p\u00e5, hvad du kan st\u00f8de p\u00e5 i landbaserede kasinoer.<\/p>\n<h2>Bonusser<\/h2>\n<p>Blandt bonusserne i kasinoer med et live-format af spillet kan findes s\u00e5danne bonusser:<\/p>\n<ul>\n<li aria-level=\"1\">velkomstbonus \u2013 velkomstbonussen kan du hente, s\u00e5 snart du bes\u00f8ger online casinoets hjemmeside.\u00a0Dette er designet til at lokke nye brugere;<\/li>\n<li aria-level=\"1\">tilmeldingsbonus \u2013 du vil modtage en tilmeldingsbonus, n\u00e5r du tilmelder dig og bekr\u00e6fter din kontoregistrering i den e-mail, der kommer til den e-mail, som du opgav under registreringen;<\/li>\n<li aria-level=\"1\">henvisningsprogram bonus \u2013 hvert online casino har et henvisningssystem.\u00a0Ofte er dette en kode, som en allerede registreret bruger kan give til en endnu ikke registreret bruger.\u00a0N\u00e5r denne kode er angivet under registreringen &#8211; modtager begge brugere en bonus;<\/li>\n<li aria-level=\"1\">generelle kampagner \u2013 hvert casino laver j\u00e6vnligt kampagnetilbud, som du kan finde p\u00e5 casinoets hovedside.\u00a0L\u00e6s omhyggeligt vilk\u00e5rene og betingelserne for bonussen;<\/li>\n<li aria-level=\"1\">individuelle tilbud \u2013 s\u00e5danne tilbud kommer til det indl\u00e6g, som brugeren angav ved registreringen, s\u00e5 glem ikke at tjekke det;<\/li>\n<li aria-level=\"1\">loyalitetsbonus \u2013 Denne type bonus er tilg\u00e6ngelig for mange erfarne spillere p\u00e5 grund af deres loyalitet over for kasinoet og deres tid brugt p\u00e5 at spille spil.<\/li>\n<\/ul>\n<p>Alle disse bonusser har altid et andet fyldstof, men du b\u00f8r v\u00e6re opm\u00e6rksom p\u00e5 den indbetalingsbonusmultiplikator, du kan f\u00e5.\u00a0Fors\u00f8m heller ikke den gratis spilletid, du kan f\u00e5 som bonus.<\/p>\n<p><img loading=\"lazy\" decoding=\"async\" class=\"aligncenter wp-image-4834\" src=\"https:\/\/rocketplay-game.com\/wp-content\/uploads\/2024\/02\/live-cas-24-e1707316963692.png\" alt=\"Rocket Play Live Casino 2\" width=\"800\" height=\"501\" srcset=\"https:\/\/rocketplay-game.com\/wp-content\/uploads\/2024\/02\/live-cas-24-e1707316963692.png 1112w, https:\/\/rocketplay-game.com\/wp-content\/uploads\/2024\/02\/live-cas-24-e1707316963692-300x188.png 300w, https:\/\/rocketplay-game.com\/wp-content\/uploads\/2024\/02\/live-cas-24-e1707316963692-1024x642.png 1024w, https:\/\/rocketplay-game.com\/wp-content\/uploads\/2024\/02\/live-cas-24-e1707316963692-768x481.png 768w\" sizes=\"auto, (max-width: 800px) 100vw, 800px\" \/><\/p>\n<h2>Software<\/h2>\n<p>I lyset af den voksende popularitet af top Live Casino-spil, prioriterer mange udviklere at udvikle software til spil med en live dealer.\u00a0Fra de f\u00f8rende udviklere af s\u00e5dan software kan jeg fremh\u00e6ve f\u00f8lgende:<\/p>\n<ul>\n<li aria-level=\"1\">Blueprint er f\u00f8rende i antallet af udviklede live-action spil.\u00a0Og kvantitet er ikke lig med kvalitet, men det handler ikke om disse fyre.\u00a0De laver anst\u00e6ndige spil;<\/li>\n<li aria-level=\"1\">SoftBet \u2013 disse spiludviklere, selvom de ikke kan prale af s\u00e5 mange spil, er din opm\u00e6rksomhed v\u00e6rd, i det mindste fordi deres software er unik.<\/li>\n<li aria-level=\"1\">NetEnt er nogle af de mest retf\u00e6rdige softwareudviklere i gambling-verdenen, s\u00e5 det er fantastisk at se deres spil med en live dealer.\u00a0De har altid haft den h\u00f8jest mulige RTP, og deres brugere har aldrig klaget over kvaliteten af \u200b\u200bsoftwaren.<\/li>\n<\/ul>\n<p>Du kan selvf\u00f8lgelig ogs\u00e5 pr\u00f8ve nye Live Casino-spil fra andre softwareudbydere.\u00a0Og det vil v\u00e6re korrekt, for det er altid vigtigt at finde noget, der passer til dig.<\/p>\n<h2>Indbetaling og udbetaling<\/h2>\n<p>Det er ogs\u00e5 vigtigt, at online casinoet har praktiske m\u00e5der at indbetale og h\u00e6ve dine gevinster p\u00e5.\u00a0Og dette online casino har det.\u00a0Det mindste indskudsbel\u00f8b hos Rocket Play er $20.\u00a0Udbetalingsbel\u00f8bet er h\u00f8jere \u2013 $50.\u00a0Udbetalingsbel\u00f8bet er h\u00f8jere end minimumsindbetalingsbel\u00f8bet i alle kasinoer.\u00a0Dette g\u00f8res for at forhindre brugere i at snyde og tjene penge p\u00e5 bonusser alene.\u00a0Du kan genopbygge din saldo p\u00e5 f\u00f8lgende m\u00e5der:<\/p>\n<ul>\n<li aria-level=\"1\">via dit bankkort, Visa, MasterCard eller American Express;<\/li>\n<li aria-level=\"1\">via PayPal, Payoneer eller Payeer online betalingstjeneste<\/li>\n<li aria-level=\"1\">fra din cryptocurrency-pung.<\/li>\n<\/ul>\n<p>Du kan ogs\u00e5 bruge disse metoder til at h\u00e6ve penge tilbage.<\/p>\n<h2>FAQ<\/h2>\n<p>Vores hovedm\u00e5l har altid v\u00e6ret at hj\u00e6lpe vores brugere.\u00a0Derfor har vi samlet og besvaret de mest popul\u00e6re sp\u00f8rgsm\u00e5l fra f\u00f8rstegangsbrugere.<\/p>\n<h3>Kan jeg spille for rigtige penge fra min mobilenhed?<\/h3>\n<p>Ja, du kan spille fra din mobilenhed for rigtige penge.\u00a0For at g\u00f8re dette skal du g\u00e5 til den officielle casino hjemmeside og downloade online casino-appen.\u00a0Eller, hvis du har en iPhone, skal du logge ind p\u00e5 siden, og du kan fylde din saldo op og satse med rigtige penge.<\/p>\n<h3>I hvilken alder kan jeg lave en indbetaling?<\/h3>\n<p>Du kan kun registrere dig p\u00e5 et online casino, hvis du er mindst 18 \u00e5r gammel.\u00a0Du kan derfor f\u00f8rst indbetale efter registreringen, hvilket betyder 18 \u00e5r gammel.<\/p>\n<h3>Kan jeg pr\u00f8ve at spille i et kasino uden penge?<\/h3>\n<p>Ja, du kan altid spille i demo-tilstand.\u00a0Der vil du have adgang til din indbetalingskonto.\u00a0Men husk, at de penge, du tjener i demo-tilstand, og der er tilbage.<\/p>\n","protected":false},"excerpt":{"rendered":"<p>Onlinekasinoer er nu mere relevante end nogensinde.\u00a0Mange mennesker elsker at bruge deres aftener p\u00e5 at spille p\u00e5 online casinoer.\u00a0Og kasinoer flagrer konstant.\u00a0Udviklet sammen med udviklingen af \u200b\u200bteknologi og mere tilg\u00e6ngeligt internet. S\u00e5dan opstod Casino Live-spil tilbage i 2000&#8217;erne.\u00a0Men p\u00e5 det tidspunkt var det ikke praktisk, forbindelsen lod meget tilbage at \u00f8nske, og den tekniske side&#8230;<\/p>\n","protected":false},"author":1,"featured_media":0,"parent":0,"menu_order":0,"comment_status":"closed","ping_status":"closed","template":"page-with-bonus.php","meta":{"_acf_changed":false,"_kad_post_transparent":"default","_kad_post_title":"default","_kad_post_layout":"default","_kad_post_sidebar_id":"","_kad_post_content_style":"default","_kad_post_vertical_padding":"default","_kad_post_feature":"","_kad_post_feature_position":"","_kad_post_header":false,"_kad_post_footer":false,"footnotes":""},"class_list":["post-3485","page","type-page","status-publish","hentry"],"acf":[],"rttpg_featured_image_url":null,"rttpg_author":{"display_name":"Tom","author_link":"https:\/\/rocketplay-game.com\/da\/author\/pemvas95n89x\/"},"rttpg_comment":0,"rttpg_category":null,"rttpg_excerpt":"Onlinekasinoer er nu mere relevante end nogensinde.\u00a0Mange mennesker elsker at bruge deres aftener p\u00e5 at spille p\u00e5 online casinoer.\u00a0Og kasinoer flagrer konstant.\u00a0Udviklet sammen med udviklingen af \u200b\u200bteknologi og mere tilg\u00e6ngeligt internet. S\u00e5dan opstod Casino Live-spil tilbage i 2000&#8217;erne.\u00a0Men p\u00e5 det tidspunkt var det ikke praktisk, forbindelsen lod meget tilbage at \u00f8nske, og den tekniske side...","_links":{"self":[{"href":"https:\/\/rocketplay-game.com\/da\/wp-json\/wp\/v2\/pages\/3485","targetHints":{"allow":["GET"]}}],"collection":[{"href":"https:\/\/rocketplay-game.com\/da\/wp-json\/wp\/v2\/pages"}],"about":[{"href":"https:\/\/rocketplay-game.com\/da\/wp-json\/wp\/v2\/types\/page"}],"author":[{"embeddable":true,"href":"https:\/\/rocketplay-game.com\/da\/wp-json\/wp\/v2\/users\/1"}],"replies":[{"embeddable":true,"href":"https:\/\/rocketplay-game.com\/da\/wp-json\/wp\/v2\/comments?post=3485"}],"version-history":[{"count":4,"href":"https:\/\/rocketplay-game.com\/da\/wp-json\/wp\/v2\/pages\/3485\/revisions"}],"predecessor-version":[{"id":5244,"href":"https:\/\/rocketplay-game.com\/da\/wp-json\/wp\/v2\/pages\/3485\/revisions\/5244"}],"wp:attachment":[{"href":"https:\/\/rocketplay-game.com\/da\/wp-json\/wp\/v2\/media?parent=3485"}],"curies":[{"name":"wp","href":"https:\/\/api.w.org\/{rel}","templated":true}]}}