{"id":3489,"date":"2023-01-10T11:36:33","date_gmt":"2023-01-10T08:36:33","guid":{"rendered":"https:\/\/rocketplay-game.com\/live-games\/blackjck\/"},"modified":"2026-02-27T23:32:37","modified_gmt":"2026-02-27T20:32:37","slug":"blackjck","status":"publish","type":"page","link":"https:\/\/rocketplay-game.com\/da\/live-games\/blackjck\/","title":{"rendered":"Live Blackjack-guide"},"content":{"rendered":"<p>Blackjack er et af de \u00e6ldste kortspil p\u00e5 kasinoer.\u00a0If\u00f8lge nogle unders\u00f8gelser begyndte blackjack i det syttende \u00e5rhundrede, men dengang blev det kaldt &#8220;21&#8221;, men essensen af \u200b\u200bspillet forblev den samme.<\/p>\n<p>Over tid \u00e6ndres alting, \u00e6ndringer i tilg\u00e6ngeligheden af \u200b\u200bgambling, \u00e6ndringer i gambling og \u00e6ndringer i de steder, hvor folk spiller.\u00a0Kasinoer begyndte at dukke op, og med fremkomsten af \u200b\u200bdet tilg\u00e6ngelige internet begyndte folk ogs\u00e5 at spille p\u00e5 online casinoer.\u00a0Derfor tilbyder vi dig vores anmeldelse af den altid popul\u00e6re moderne form for spillet Live Blackjack.<\/p>\n<p><img loading=\"lazy\" decoding=\"async\" class=\"aligncenter wp-image-4846\" src=\"https:\/\/rocketplay-game.com\/wp-content\/uploads\/2024\/02\/blckjk.png\" alt=\"Live Blackjack \" width=\"800\" height=\"392\" srcset=\"https:\/\/rocketplay-game.com\/wp-content\/uploads\/2024\/02\/blckjk.png 1340w, https:\/\/rocketplay-game.com\/wp-content\/uploads\/2024\/02\/blckjk-300x147.png 300w, https:\/\/rocketplay-game.com\/wp-content\/uploads\/2024\/02\/blckjk-1024x502.png 1024w, https:\/\/rocketplay-game.com\/wp-content\/uploads\/2024\/02\/blckjk-768x377.png 768w\" sizes=\"auto, (max-width: 800px) 100vw, 800px\" \/><\/p>\n<h2>Fordele ved Live Blackjack ved Rocket Play<\/h2>\n<p>Live Blackjack online har mange fordele i forhold til andre casinospil.\u00a0Derfor foresl\u00e5r vi, at du overvejer, hvilke fordele der kan interessere dig:<\/p>\n<ul>\n<li aria-level=\"1\">reglernes enkelhed \u2013 gennem de mange \u00e5rs eksistens, Live Blackjack Alle havde spillet blackjack f\u00f8r f\u00f8rste gang de bes\u00f8gte et kasino.\u00a0Det kan v\u00e6re hjemme hos familien, eller det kan v\u00e6re til en fest med vennerne, men alle kender spillereglerne;<\/li>\n<li aria-level=\"1\">batchhastighed \u2013 sammenligner du Live Blackjack casino med andre spil, kan du straks bem\u00e6rke, at den gennemsnitlige festl\u00e6ngde i online casinospil hos Live Blackjack Danmark er omkring 2,5 gange mindre. Men det er ikke overraskende, for der er bare ikke noget at spille i lang tid;<\/li>\n<li aria-level=\"1\">live dealer \u2013 selvf\u00f8lgelig er dette ikke l\u00e6ngere en unik ting, og de f\u00f8rste live dealere i casinospil dukkede op i 2000&#8217;erne.\u00a0Live dealere blev popul\u00e6re, da folk begyndte at f\u00e5 adgang til kvalitetsinternet.\u00a0En live dealer er en unik interaktion, forsikring om retf\u00e6rdighed og bare en god atmosf\u00e6re, der bringer dig til hallerne p\u00e5 landbaserede kasinoer med deres rummelighed, karisma og sp\u00e6nding sv\u00e6vende i dette rum.<\/li>\n<\/ul>\n<p>N\u00e5r du kender alle spillets fordele, kan du trygt begynde at spille.\u00a0Og f\u00e5 store gevinster.<\/p>\n<h2>Popul\u00e6re live blackjack spiltyper<\/h2>\n<p>I l\u00f8bet af dets eksistens har der v\u00e6ret mange forskellige variationer af dette spil.\u00a0Og hver af dem har et enormt antal fans.\u00a0S\u00e5 vi inviterer dig til at overveje fem af de mest popul\u00e6re af dem i et hurtigt format uden at g\u00e5 ind i forviklingerne af reglerne for hver af dem:<\/p>\n<ul>\n<li aria-level=\"1\">Amerikansk blackjack \u2013 Denne blackjack omtales hovedsageligt som klassisk blackjack.\u00a0Og det er en af \u200b\u200bde mest almindelige former for blackjack.<\/li>\n<li aria-level=\"1\">Blackjack Perfect Pairs \u2013 En af de vigtigste forskelle mellem denne type blackjack fra klassisk blackjack er, at her spilles hovedrollen af \u200b\u200bsidev\u00e6ddem\u00e5l og det f\u00f8rste tr\u00e6k af kort;<\/li>\n<li aria-level=\"1\">European Blackjack \u2013 Denne form for Blackjack har f\u00e5 v\u00e6sentlige forskelle fra den klassiske Blackjack, hvilket ikke er overraskende, da blackjack blev f\u00f8dt p\u00e5 det europ\u00e6iske kontinent;<\/li>\n<li aria-level=\"1\">Blackjack Switch \u2013 Den st\u00f8rste forskel i denne blackjack variant afspejles perfekt i spillets navn.\u00a0Det s\u00e6rlige ved denne blackjack er, at du har to h\u00e6nder p\u00e5 \u00e9n gang, og du kan skifte de andre kort, der gives p\u00e5 hver h\u00e5nd, mellem de to spillere.<\/li>\n<li aria-level=\"1\">Vegas Strip Blackjack er en klassisk form for strip blackjack, denne type blackjack har mange fans verden over, og den begyndte i det sydlige Las Vegas.<\/li>\n<\/ul>\n<p>Du kan l\u00e6se mere om reglerne og funktionerne for hver af disse blackjacks p\u00e5 onlinekasinoets officielle hjemmeside.<\/p>\n<h2>Software<\/h2>\n<p>Der er stor konkurrence p\u00e5 softwareleverand\u00f8rmarkedet.\u00a0Derfor fors\u00f8ger hver udvikler at lave mange forskellige spil til hver bruger.\u00a0Derfor er det ikke overraskende, at n\u00e6sten alle giver forskellige blackjack-varianter.\u00a0Vi foresl\u00e5r, at du er opm\u00e6rksom p\u00e5 s\u00e5danne udviklere med de bedste Live Blackjack online online online, som du kan finde p\u00e5 online casinoer:<\/p>\n<ul>\n<li aria-level=\"1\">PGSoft;<\/li>\n<li aria-level=\"1\">Microgaming;<\/li>\n<li aria-level=\"1\">Play&#8217;n&#8217;Go;<\/li>\n<\/ul>\n<p>Vi kan anbefale hver af disse softwareudviklere til dig, fordi de har bevist deres f\u00e6rdigheder gennem mange \u00e5rs arbejde p\u00e5 dette marked, og snesevis af variationer spiller Live Blackjack.<\/p>\n<h2>Kunde support<\/h2>\n<p>Et af de ikke ubetydelige problemer er ogs\u00e5 brugersupport, fordi hver bruger kan have et problem eller et sp\u00f8rgsm\u00e5l.\u00a0Derfor kan du i n\u00e6sten alle varianter af blackjack henvende dig til specialister, som vil give dig kvalitet og omfattende hj\u00e6lp, der vil l\u00f8se ethvert af dine sp\u00f8rgsm\u00e5l.<\/p>\n<p><img loading=\"lazy\" decoding=\"async\" class=\"aligncenter wp-image-4856 size-full\" src=\"https:\/\/rocketplay-game.com\/wp-content\/uploads\/2024\/02\/bot.png\" alt=\"Live Blackjack 2\" width=\"443\" height=\"626\" srcset=\"https:\/\/rocketplay-game.com\/wp-content\/uploads\/2024\/02\/bot.png 443w, https:\/\/rocketplay-game.com\/wp-content\/uploads\/2024\/02\/bot-212x300.png 212w\" sizes=\"auto, (max-width: 443px) 100vw, 443px\" \/><\/p>\n<h2>Konklusion<\/h2>\n<p>Blackjack har en massiv udviklingshistorie, som folk selv har skabt.\u00a0Blackjack var elsket at spille p\u00e5 forskellige tidspunkter af forskellige mennesker.\u00a0Hvis du ikke har pr\u00f8vet at spille blackjack endnu, s\u00e5 bes\u00f8g Live Blackjack-sider, og vi er sikre p\u00e5, at dette spil kan fange dig i mange aftener.<\/p>\n<h2>FAQ<\/h2>\n<p>Vi f\u00e5r ofte mange sp\u00f8rgsm\u00e5l.\u00a0Erfarne spillere og begyndere skriver til os.\u00a0Vi har samlet flere popul\u00e6re og besvaret dem udf\u00f8rligt.<\/p>\n<h3>Kan jeg spille blackjack gratis?<\/h3>\n<p>Ja, du kan begynde at spille blackjack uden at foretage nogen investeringer.\u00a0For at g\u00f8re det skal du bruge vores demo-tilstand, som alle spil har.<\/p>\n<h3>Kan jeg spille blackjack fra min mobiltelefon?<\/h3>\n<p>Vores udviklere g\u00f8r alt for at vores brugere kan spille som de vil, og hvor det vil v\u00e6re praktisk.\u00a0Derfor har vi en perfekt optimeret mobilversion af vores side.\u00a0S\u00f8rg for at pr\u00f8ve det.<\/p>\n<h3>Kan jeg fylde min saldo op fra min cryptocurrency-pung?<\/h3>\n<p>Ja, vores casino giver mulighed for at indbetale din saldo i kryptovaluta.\u00a0Du kan ogs\u00e5 h\u00e6ve dine gevinster til din cryptocurrency-pung eller bankkort.<\/p>\n","protected":false},"excerpt":{"rendered":"<p>Blackjack er et af de \u00e6ldste kortspil p\u00e5 kasinoer.\u00a0If\u00f8lge nogle unders\u00f8gelser begyndte blackjack i det syttende \u00e5rhundrede, men dengang blev det kaldt &#8220;21&#8221;, men essensen af \u200b\u200bspillet forblev den samme. Over tid \u00e6ndres alting, \u00e6ndringer i tilg\u00e6ngeligheden af \u200b\u200bgambling, \u00e6ndringer i gambling og \u00e6ndringer i de steder, hvor folk spiller.\u00a0Kasinoer begyndte at dukke op, og&#8230;<\/p>\n","protected":false},"author":1,"featured_media":0,"parent":3485,"menu_order":0,"comment_status":"closed","ping_status":"closed","template":"page-with-bonus.php","meta":{"_acf_changed":false,"_kad_post_transparent":"default","_kad_post_title":"default","_kad_post_layout":"default","_kad_post_sidebar_id":"","_kad_post_content_style":"default","_kad_post_vertical_padding":"default","_kad_post_feature":"","_kad_post_feature_position":"","_kad_post_header":false,"_kad_post_footer":false,"footnotes":""},"class_list":["post-3489","page","type-page","status-publish","hentry"],"acf":[],"rttpg_featured_image_url":null,"rttpg_author":{"display_name":"Tom","author_link":"https:\/\/rocketplay-game.com\/da\/author\/pemvas95n89x\/"},"rttpg_comment":0,"rttpg_category":null,"rttpg_excerpt":"Blackjack er et af de \u00e6ldste kortspil p\u00e5 kasinoer.\u00a0If\u00f8lge nogle unders\u00f8gelser begyndte blackjack i det syttende \u00e5rhundrede, men dengang blev det kaldt &#8220;21&#8221;, men essensen af \u200b\u200bspillet forblev den samme. Over tid \u00e6ndres alting, \u00e6ndringer i tilg\u00e6ngeligheden af \u200b\u200bgambling, \u00e6ndringer i gambling og \u00e6ndringer i de steder, hvor folk spiller.\u00a0Kasinoer begyndte at dukke op, og...","_links":{"self":[{"href":"https:\/\/rocketplay-game.com\/da\/wp-json\/wp\/v2\/pages\/3489","targetHints":{"allow":["GET"]}}],"collection":[{"href":"https:\/\/rocketplay-game.com\/da\/wp-json\/wp\/v2\/pages"}],"about":[{"href":"https:\/\/rocketplay-game.com\/da\/wp-json\/wp\/v2\/types\/page"}],"author":[{"embeddable":true,"href":"https:\/\/rocketplay-game.com\/da\/wp-json\/wp\/v2\/users\/1"}],"replies":[{"embeddable":true,"href":"https:\/\/rocketplay-game.com\/da\/wp-json\/wp\/v2\/comments?post=3489"}],"version-history":[{"count":5,"href":"https:\/\/rocketplay-game.com\/da\/wp-json\/wp\/v2\/pages\/3489\/revisions"}],"predecessor-version":[{"id":10268,"href":"https:\/\/rocketplay-game.com\/da\/wp-json\/wp\/v2\/pages\/3489\/revisions\/10268"}],"up":[{"embeddable":true,"href":"https:\/\/rocketplay-game.com\/da\/wp-json\/wp\/v2\/pages\/3485"}],"wp:attachment":[{"href":"https:\/\/rocketplay-game.com\/da\/wp-json\/wp\/v2\/media?parent=3489"}],"curies":[{"name":"wp","href":"https:\/\/api.w.org\/{rel}","templated":true}]}}