{"id":3493,"date":"2023-01-10T15:42:17","date_gmt":"2023-01-10T12:42:17","guid":{"rendered":"https:\/\/rocketplay-game.com\/live-games\/blackjck\/free\/"},"modified":"2024-02-09T15:35:49","modified_gmt":"2024-02-09T12:35:49","slug":"free","status":"publish","type":"page","link":"https:\/\/rocketplay-game.com\/da\/live-games\/blackjck\/free\/","title":{"rendered":"Spil gratis live blackjack med Rocket Play Casino"},"content":{"rendered":"<p>Mange mennesker kan lide at tilbringe deres aftener p\u00e5 online casinoer.\u00a0Det er jo altid interessant.\u00a0Dette er en masse forskellige f\u00f8lelser.\u00a0Men mange mennesker er bange for at bruge deres penge.<\/p>\n<p>Nogle tror, \u200b\u200bde kan blive snydt.\u00a0Nogen er ikke en erfaren spiller.\u00a0Du beh\u00f8ver ikke at spille for rigtige penge med det samme, fordi der er Gratis Live Blackjack.\u00a0Du beh\u00f8ver ikke at bruge en eneste krone for at nyde blackjack.\u00a0Lad os tage et kig p\u00e5, hvordan man g\u00f8r det.<\/p>\n<p><img loading=\"lazy\" decoding=\"async\" class=\"aligncenter wp-image-4866\" src=\"https:\/\/rocketplay-game.com\/wp-content\/uploads\/2024\/02\/blckfejwfw-12132123.png\" alt=\"Rocket Play Blackjack\" width=\"800\" height=\"423\" srcset=\"https:\/\/rocketplay-game.com\/wp-content\/uploads\/2024\/02\/blckfejwfw-12132123.png 1348w, https:\/\/rocketplay-game.com\/wp-content\/uploads\/2024\/02\/blckfejwfw-12132123-300x159.png 300w, https:\/\/rocketplay-game.com\/wp-content\/uploads\/2024\/02\/blckfejwfw-12132123-1024x542.png 1024w, https:\/\/rocketplay-game.com\/wp-content\/uploads\/2024\/02\/blckfejwfw-12132123-768x406.png 768w\" sizes=\"auto, (max-width: 800px) 100vw, 800px\" \/><\/p>\n<h2>Introduktion til gratis live blackjack<\/h2>\n<p>Blackjack er et af de \u00e6ldste hasardspil.\u00a0Blackjacks historie g\u00e5r tilbage til det 17. \u00e5rhundrede.\u00a0Men i al den tid er blackjack kun vokset i popularitet og er aldrig blevet overbelastet med regler.\u00a0I Gratis Live Blackjack online er der snesevis af varianter, du kan finde p\u00e5 online casinoer.\u00a0Og du kan altid drage fordel af Gratis Live Blackjack, fordi det ikke kr\u00e6ver nogen investering, det er interessant, og det er hurtigt nok.<\/p>\n<h2>S\u00e5dan spiller du gratis live blackjack<\/h2>\n<p>Du kan altid finde Live Blackjack-spil gratis p\u00e5 online casinoet i en s\u00e6rlig sektion.\u00a0For at begynde at spille gratis, skal du v\u00e6lge spillet i demo-tilstand.\u00a0Du vil automatisk f\u00e5 genopfyldt en bestemt konto, hvis du mister alt, men du kan ikke holde dine gevinster fra den.\u00a0Og reglerne for at spille klassisk blackjack er element\u00e6re:<\/p>\n<ol>\n<li aria-level=\"1\">Du kan se dealeren spille kort i live-format p\u00e5 sk\u00e6rmen foran dig.\u00a0Du kan ogs\u00e5 se din indsats og de kort, du har p\u00e5 h\u00e5nden.<\/li>\n<li aria-level=\"1\">N\u00e5r du har foretaget et v\u00e6ddem\u00e5l, vil dealeren sige den velkendte s\u00e6tning &#8220;V\u00e6ddem\u00e5l er lavet, ikke flere v\u00e6ddem\u00e5l&#8221; og give kort til alle festdeltagere.<\/li>\n<li aria-level=\"1\">I den f\u00f8rste aftale f\u00e5r du to kort.\u00a0For at vinde skal du have den samlede v\u00e6rdi af kortene til at v\u00e6re 21 eller s\u00e5 t\u00e6t p\u00e5 det tal som muligt uden at overskride det.\u00a0Du kan altid finde v\u00e6gten af \u200b\u200bhvert kort p\u00e5 sk\u00e6rmen.<\/li>\n<li aria-level=\"1\">Deltagerne har jo f\u00e5et deres kort, hver deltager t\u00e6nker over om de skal tage endnu et kort eller stoppe nu.\u00a0Hvis deltageren tager det n\u00e6ste kort og v\u00e6gten af \u200b\u200bhans kort er mindre end eller lig med 21 \u2013 bliver deltageren i spillet.\u00a0Hvis flere, er deltageren ude.\u00a0Hver deltager kan tage s\u00e5 mange ekstra kort, som han har brug for.<\/li>\n<li aria-level=\"1\">Efter at hver deltager har taget s\u00e5 mange kort som n\u00f8dvendigt, viser alle spillere deres h\u00e6nder.\u00a0Vinderen er vinderen med en kortv\u00e6gt lig med eller t\u00e6ttere p\u00e5 21. Taberen f\u00e5r intet.<\/li>\n<\/ol>\n<p>N\u00e5r du kender disse enkle regler, kan du altid spille et eller flere blackjack-spil p\u00e5 et online casino.\u00a0Men for at vinde regelm\u00e6ssigt, skal du studere spillet i detaljer, l\u00e6re tips fra professionelle og udvikle din strategi for at vinde.\u00a0Alt dette er utrolig vigtigt, is\u00e6r hvis du planl\u00e6gger at spille for rigtige penge bagefter.<\/p>\n<p><img loading=\"lazy\" decoding=\"async\" class=\"aligncenter wp-image-4875\" src=\"https:\/\/rocketplay-game.com\/wp-content\/uploads\/2024\/02\/blckfejwfw-12132123323.png\" alt=\"Rocket Play Blackjack 2\" width=\"800\" height=\"428\" srcset=\"https:\/\/rocketplay-game.com\/wp-content\/uploads\/2024\/02\/blckfejwfw-12132123323.png 1352w, https:\/\/rocketplay-game.com\/wp-content\/uploads\/2024\/02\/blckfejwfw-12132123323-300x160.png 300w, https:\/\/rocketplay-game.com\/wp-content\/uploads\/2024\/02\/blckfejwfw-12132123323-1024x548.png 1024w, https:\/\/rocketplay-game.com\/wp-content\/uploads\/2024\/02\/blckfejwfw-12132123323-768x411.png 768w\" sizes=\"auto, (max-width: 800px) 100vw, 800px\" \/><\/p>\n<h2>Hvorfor spille gratis live blackjack<\/h2>\n<p>Der er masser af grunde til, hvorfor du b\u00f8r spille Live Blackjack online gratis, som vi helt sikkert vil overveje sammen med dig:<\/p>\n<ul>\n<li aria-level=\"1\">blackjack er fascinerende \u2013 det er sv\u00e6rt at argumentere med dette faktum, fordi blackjack er anerkendt af mange som et af de mest sp\u00e6ndende kortspil.\u00a0Selvf\u00f8lgelig kan ivrige pokerfans sk\u00e6ndes med dette, men intet forhindrer dem i at spille poker og blackjack.<\/li>\n<li aria-level=\"1\">Det er sikkert &#8211; for dem, der er bange for, at de kan miste alle deres opsparinger ved at spille kortspil.\u00a0Eller at du ikke kan stoppe i tide.\u00a0De beh\u00f8ver ikke at bruge en krone p\u00e5 at spille online blackjack demo-tilstand.\u00a0N\u00e5r du spiller i demo-tilstand, bruger du ikke dine opsparinger.\u00a0Du spiller for virtuelle penge, som ligger p\u00e5 en virtuel konto.\u00a0Denne konto bliver genopfyldt, hvis du mister alle pengene fra den.\u00a0Men du kan ikke h\u00e6ve dine gevinster fra denne konto.\u00a0Huske p\u00e5, at.<\/li>\n<li aria-level=\"1\">interaktion \u2013 n\u00e5r du spiller live blackjack, ser du altid en live dealer foran dig, der taler med spillerne ved bordet i realtid, deler kort og kalder vinderen.\u00a0Det er bare utroligt at se p\u00e5.<\/li>\n<li aria-level=\"1\">disse er levende f\u00f8lelser \u2013 n\u00e5r du spiller noget gambling og blackjack i s\u00e6rdeleshed, f\u00e5r du en massiv dosis af sp\u00e6nding, hvilket er en af \u200b\u200bde st\u00e6rkeste f\u00f8lelser, folk f\u00f8ler.\u00a0Men det er sikkert at indse disse f\u00f8lelser, n\u00e5r du spiller gratis blackjack.\u00a0Du spilder ikke din investering og risikerer ikke at miste den.<\/li>\n<\/ul>\n<p>N\u00e5r du fors\u00f8ger at spille blackjack, vil du uden tvivl finde dine egne unikke f\u00f8lelser, som dette spil fremkalder, og det er fantastisk.\u00a0S\u00e5 s\u00f8rg for at g\u00e5 ind og pr\u00f8ve at spille gratis.<\/p>\n<h2>Konklusion<\/h2>\n<p>Blackjack har millioner af fans verden over.\u00a0Onlinekasinoer kan spille blackjack med en live dealer.\u00a0Glem ikke Live Blackjack Gratis bonus.\u00a0Det vil tillade at tjene rigtige penge uden investering.<\/p>\n<h2>FAQ<\/h2>\n<p>Mange brugere skriver ofte til os med sp\u00f8rgsm\u00e5l.\u00a0Og vi finder altid tid til at besvare dem.\u00a0Derfor har vi samlet nogle af de mest popul\u00e6re sp\u00f8rgsm\u00e5l, s\u00e5 du altid hurtigere kan finde svar, der interesserer dig.<\/p>\n<h3>Hvad er en velkomstbonus?<\/h3>\n<p>Dette er en bonus, som hver bruger, der kommer ind p\u00e5 den officielle online casino hjemmeside for f\u00f8rste gang, f\u00e5r.\u00a0For at hente denne bonus skal brugeren gennemf\u00f8re en simpel registrering og hente bonussen i sit kabinet.<\/p>\n<h3>Kan jeg spille gratis fra min telefon?<\/h3>\n<p>Ja, du kan spille blackjack gratis, ikke kun fra din mobil.\u00a0Du skal downloade vores casino-app p\u00e5 din Android-enhed til den officielle hjemmeside.<\/p>\n<h3>I hvilken alder kan jeg spille blackjack gratis?<\/h3>\n<p>If\u00f8lge loven kan du f\u00f8rst registrere dig i casinoet fra 18. Desv\u00e6rre kan du ikke engang spille gratis uden at n\u00e5 den alder.<\/p>\n","protected":false},"excerpt":{"rendered":"<p>Mange mennesker kan lide at tilbringe deres aftener p\u00e5 online casinoer.\u00a0Det er jo altid interessant.\u00a0Dette er en masse forskellige f\u00f8lelser.\u00a0Men mange mennesker er bange for at bruge deres penge. Nogle tror, \u200b\u200bde kan blive snydt.\u00a0Nogen er ikke en erfaren spiller.\u00a0Du beh\u00f8ver ikke at spille for rigtige penge med det samme, fordi der er Gratis Live&#8230;<\/p>\n","protected":false},"author":1,"featured_media":0,"parent":3489,"menu_order":0,"comment_status":"closed","ping_status":"closed","template":"page-with-bonus.php","meta":{"_acf_changed":false,"_kad_post_transparent":"default","_kad_post_title":"default","_kad_post_layout":"default","_kad_post_sidebar_id":"","_kad_post_content_style":"default","_kad_post_vertical_padding":"default","_kad_post_feature":"","_kad_post_feature_position":"","_kad_post_header":false,"_kad_post_footer":false,"footnotes":""},"class_list":["post-3493","page","type-page","status-publish","hentry"],"acf":[],"rttpg_featured_image_url":null,"rttpg_author":{"display_name":"Tom","author_link":"https:\/\/rocketplay-game.com\/da\/author\/pemvas95n89x\/"},"rttpg_comment":0,"rttpg_category":null,"rttpg_excerpt":"Mange mennesker kan lide at tilbringe deres aftener p\u00e5 online casinoer.\u00a0Det er jo altid interessant.\u00a0Dette er en masse forskellige f\u00f8lelser.\u00a0Men mange mennesker er bange for at bruge deres penge. Nogle tror, \u200b\u200bde kan blive snydt.\u00a0Nogen er ikke en erfaren spiller.\u00a0Du beh\u00f8ver ikke at spille for rigtige penge med det samme, fordi der er Gratis Live...","_links":{"self":[{"href":"https:\/\/rocketplay-game.com\/da\/wp-json\/wp\/v2\/pages\/3493","targetHints":{"allow":["GET"]}}],"collection":[{"href":"https:\/\/rocketplay-game.com\/da\/wp-json\/wp\/v2\/pages"}],"about":[{"href":"https:\/\/rocketplay-game.com\/da\/wp-json\/wp\/v2\/types\/page"}],"author":[{"embeddable":true,"href":"https:\/\/rocketplay-game.com\/da\/wp-json\/wp\/v2\/users\/1"}],"replies":[{"embeddable":true,"href":"https:\/\/rocketplay-game.com\/da\/wp-json\/wp\/v2\/comments?post=3493"}],"version-history":[{"count":3,"href":"https:\/\/rocketplay-game.com\/da\/wp-json\/wp\/v2\/pages\/3493\/revisions"}],"predecessor-version":[{"id":5227,"href":"https:\/\/rocketplay-game.com\/da\/wp-json\/wp\/v2\/pages\/3493\/revisions\/5227"}],"up":[{"embeddable":true,"href":"https:\/\/rocketplay-game.com\/da\/wp-json\/wp\/v2\/pages\/3489"}],"wp:attachment":[{"href":"https:\/\/rocketplay-game.com\/da\/wp-json\/wp\/v2\/media?parent=3493"}],"curies":[{"name":"wp","href":"https:\/\/api.w.org\/{rel}","templated":true}]}}