{"id":3496,"date":"2023-01-09T19:25:29","date_gmt":"2023-01-09T16:25:29","guid":{"rendered":"https:\/\/rocketplay-game.com\/live-casino\/"},"modified":"2026-03-01T16:12:09","modified_gmt":"2026-03-01T13:12:09","slug":"live-casino","status":"publish","type":"page","link":"https:\/\/rocketplay-game.com\/da\/live-casino\/","title":{"rendered":"Rocket Play Live Casino anmeldelse"},"content":{"rendered":"<p>Det menes, at de f\u00f8rste kasinoer dukkede op i Europa i det 17. \u00e5rhundrede.\u00a0De s\u00e5 ud til at kontrollere gambling.\u00a0I de dage var gambling allerede udbredt blandt folket.\u00a0Selvf\u00f8lgelig kunne ikke alle komme dertil, men kun medlemmer af adelen og aristokratiet, og midt i dem, ventede p\u00e5 meget h\u00f8je priser for spillene.\u00a0Og de spillede mest kortspil, s\u00e5som blackjack eller bridge, og kunne ogs\u00e5 lide at spille lotteri.<\/p>\n<p>Efterh\u00e5nden som kasinoet voksede, blev priserne overkommelige, og folk kunne spille.\u00a0S\u00e5 kom internettet.\u00a0Og s\u00e5 dukkede den bedste live casino anmeldelse nedenfor!<\/p>\n<p><img loading=\"lazy\" decoding=\"async\" class=\"aligncenter wp-image-4785\" src=\"https:\/\/rocketplay-game.com\/wp-content\/uploads\/2024\/02\/live-2.png\" alt=\"Live Casino Rocket Play \" width=\"800\" height=\"391\" srcset=\"https:\/\/rocketplay-game.com\/wp-content\/uploads\/2024\/02\/live-2.png 1355w, https:\/\/rocketplay-game.com\/wp-content\/uploads\/2024\/02\/live-2-300x147.png 300w, https:\/\/rocketplay-game.com\/wp-content\/uploads\/2024\/02\/live-2-1024x501.png 1024w, https:\/\/rocketplay-game.com\/wp-content\/uploads\/2024\/02\/live-2-768x376.png 768w\" sizes=\"auto, (max-width: 800px) 100vw, 800px\" \/><\/p>\n<h2>RocketPlay Live Casino-software<\/h2>\n<p>Til at begynde med, lad os se p\u00e5 softwareleverand\u00f8rer.\u00a0Som alle andre steder er der enorm konkurrence p\u00e5 softwareleverand\u00f8rmarkedet. Derfor kan live online casino Danmark v\u00e6lge et par af de bedste.<\/p>\n<p>At v\u00e6lge en softwareudbyder er en betydelig aktivitet.\u00a0Det p\u00e5virker kvaliteten af \u200b\u200bcasinoets spil, support, opdatering af spillet, spillernes komfort og hvor meget de kan tjene.\u00a0Det bedste online live casino er en ansvarlig tilgang til dette problem.\u00a0Derfor kan du m\u00f8de s\u00e5danne markedsledere:<\/p>\n<ul>\n<li>NetEnt;<\/li>\n<li>BetSoft;<\/li>\n<li>Blueprint;<\/li>\n<li style=\"list-style-type: none;\"><\/li>\n<\/ul>\n<p>Og det er ikke alt; du kan finde mere p\u00e5 Danmarks live casino hjemmeside, s\u00f8rg for at tjekke deres udbydere ud og v\u00e6lg hvilken du bedst kan lide.<\/p>\n<h2>Bonusser og kampagner<\/h2>\n<p>Bonusser og kampagner er det, der mest fanger brugeren, og live online casino forst\u00e5r dette.\u00a0Derfor kan du st\u00f8de p\u00e5 mange forskellige bonustilbud, mens du spiller.\u00a0Lad os tage et kig p\u00e5, hvad de er:<\/p>\n<p><img loading=\"lazy\" decoding=\"async\" class=\"aligncenter wp-image-4795\" src=\"https:\/\/rocketplay-game.com\/wp-content\/uploads\/2024\/02\/live.png\" alt=\"Live Casino Rocket Play 2\" width=\"800\" height=\"490\" srcset=\"https:\/\/rocketplay-game.com\/wp-content\/uploads\/2024\/02\/live.png 1007w, https:\/\/rocketplay-game.com\/wp-content\/uploads\/2024\/02\/live-300x184.png 300w, https:\/\/rocketplay-game.com\/wp-content\/uploads\/2024\/02\/live-768x471.png 768w\" sizes=\"auto, (max-width: 800px) 100vw, 800px\" \/><\/p>\n<ul>\n<li aria-level=\"1\">velkomstbonussen er en bonus, som hver spiller kan f\u00e5, s\u00e5 snart han g\u00e5r ind p\u00e5 casinoets officielle hjemmeside.\u00a0Dette g\u00f8res for at lokke nye brugere;<\/li>\n<li aria-level=\"1\">registreringsbonus er en bonus, der gives til hver bruger, efter at han har registreret sig og bekr\u00e6ftet sin e-mail.\u00a0Dette g\u00f8res for at nye brugere kan finde noget at lave p\u00e5 casinoet og pr\u00f8ve at foretage deres f\u00f8rste indsatser og investeringer;<\/li>\n<li aria-level=\"1\">henvisningsbonus \u2013 denne bonus kan kun opn\u00e5s, hvis du angiver spillerens kode, der inviterede dig til live casinoet under registreringen.\u00a0Denne spiller vil ogs\u00e5 modtage sin del af bonussen.\u00a0Den er lavet til, at folk kan invitere deres venner til kasinoet;<\/li>\n<li aria-level=\"1\">den f\u00f8rste indbetalingsbonus er en bonus, der f\u00f8jes til din saldo, s\u00e5 snart du foretager din f\u00f8rste investering i online casinoet.\u00a0Dette g\u00f8res for at nye brugere har et st\u00f8rre incitament til at investere i casinoet;<\/li>\n<li aria-level=\"1\">almindelige kampagner \u2013 du kan altid finde dem p\u00e5 onlinekasinoets hovedside.\u00a0Det er helt andre bonusser.\u00a0L\u00e6s venligst betingelserne for, hvordan du f\u00e5r dem omhyggeligt.\u00a0Dette g\u00f8res for at diversificere spillet allerede erfarne online casino brugere;<\/li>\n<li aria-level=\"1\">personlige tilbud er kampagner, som du modtager med din post.\u00a0L\u00e6s omhyggeligt vilk\u00e5rene og betingelserne for, hvordan du f\u00e5r dem.\u00a0De er hovedsageligt designet til at aktivere passive spillere, men nogle gange vil casinoet gerne behage dig.<\/li>\n<li aria-level=\"1\">en loyalitetsbonus er en bonus, som erfarne casinobrugere modtager.\u00a0Denne bonus eksisterer, s\u00e5 erfarne spillere bliver hos casinoet s\u00e5 meget som muligt.<\/li>\n<\/ul>\n<p>Som du kan se, har casinoet et enormt udvalg af bonustilbud.\u00a0Deres indhold kan variere, s\u00e5 bes\u00f8g online casinoets hjemmeside for at finde ud af, hvad der er inde i den bonus, du regner med.<\/p>\n<h2>Indbetaling og udbetaling<\/h2>\n<p>En vigtig del er ogs\u00e5 en bekvemmelighed af, hvordan du kan indbetale din saldo, og hvordan du kan h\u00e6ve dine gevinster.\u00a0Den bedste live casino side tilbyder sine brugere mange forskellige m\u00e5der.\u00a0S\u00e5 lad os tage et kig p\u00e5, hvordan du kan foretage dit indskud.\u00a0Du kan foretage din indbetaling med f\u00f8lgende:<\/p>\n<ul>\n<li aria-level=\"1\">dit bankkort Visa, MasterCard, American Express;<\/li>\n<li aria-level=\"1\">internetbank PayPal, Payoneer, Payer;<\/li>\n<li aria-level=\"1\">forskellige cryptocurrency tegneb\u00f8ger.<\/li>\n<\/ul>\n<p>Kasinoet giver mange muligheder for at indbetale din saldo.\u00a0Du kan foretage dit indskud p\u00e5 $20.\u00a0Du kan h\u00e6ve dine gevinster fra din saldo.\u00a0Du kan desv\u00e6rre ikke h\u00e6ve din saldo til dit bankkort, men du kan stadig bruge netbank eller din kryptovaluta-pung.<\/p>\n<h2>Kunde support<\/h2>\n<p>En meget v\u00e6sentlig del af ethvert casino er dets brugersupport.\u00a0Sp\u00f8rgsm\u00e5l og vanskeligheder kan trods alt opst\u00e5 fra enhver til enhver tid.\u00a0Og dette online casino er alt sammen p\u00e5 h\u00f8jeste niveau.\u00a0Du kan bede om hj\u00e6lp 24\/7, og du er sikker p\u00e5 at hj\u00e6lpe, for her vil du med din anmodning forst\u00e5 det yderst dygtige team af fagfolk.<\/p>\n<h2>Konklusion<\/h2>\n<p>Efter at have l\u00e6st vores live online casino anmeldelser, g\u00e5 og registrer dig med det samme i et online casino.\u00a0Men f\u00f8r du g\u00f8r det, s\u00e5 s\u00f8rg for at l\u00e6se anbefalingerne fra professionelle om, hvordan man spiller casino live.\u00a0Dette vil helt sikkert hj\u00e6lpe dig.<\/p>\n<h2>FAQ<\/h2>\n<p>Vi bad vores tekniske supportteam give os de tre mest almindelige sp\u00f8rgsm\u00e5l, s\u00e5 vi kan hj\u00e6lpe dig med at finde dit svar s\u00e5 hurtigt som muligt.\u00a0Og du kan finde dem nedenfor.<\/p>\n<h3>I hvilken alder kan jeg spille p\u00e5 et online casino?<\/h3>\n<p>Det st\u00e5r skrevet i loven, at man kun m\u00e5 beg\u00e5 spilleaktiviteter fra man er fyldt 18. Og vi kan ikke argumentere med loven.<\/p>\n<h3>Hvordan spiller man gratis?<\/h3>\n<p>P\u00e5 onlinekasinoets officielle hjemmeside kan du finde en demoversion af ethvert spil, der interesserer dig, og pr\u00f8ve dig frem.<\/p>\n<h3>Kan jeg spille fra min mobiltelefon?<\/h3>\n<p>Ja, du kan downloade vores app fra onlinekasinoets officielle hjemmeside, eller du kan spille direkte fra den.\u00a0Det er trods alt perfekt optimeret til mobile enheder.<\/p>\n","protected":false},"excerpt":{"rendered":"<p>Det menes, at de f\u00f8rste kasinoer dukkede op i Europa i det 17. \u00e5rhundrede.\u00a0De s\u00e5 ud til at kontrollere gambling.\u00a0I de dage var gambling allerede udbredt blandt folket.\u00a0Selvf\u00f8lgelig kunne ikke alle komme dertil, men kun medlemmer af adelen og aristokratiet, og midt i dem, ventede p\u00e5 meget h\u00f8je priser for spillene.\u00a0Og de spillede mest kortspil,&#8230;<\/p>\n","protected":false},"author":1,"featured_media":0,"parent":0,"menu_order":0,"comment_status":"closed","ping_status":"closed","template":"page-with-bonus.php","meta":{"_acf_changed":false,"_kad_post_transparent":"default","_kad_post_title":"default","_kad_post_layout":"default","_kad_post_sidebar_id":"","_kad_post_content_style":"default","_kad_post_vertical_padding":"default","_kad_post_feature":"","_kad_post_feature_position":"","_kad_post_header":false,"_kad_post_footer":false,"footnotes":""},"class_list":["post-3496","page","type-page","status-publish","hentry"],"acf":[],"rttpg_featured_image_url":null,"rttpg_author":{"display_name":"Tom","author_link":"https:\/\/rocketplay-game.com\/da\/author\/pemvas95n89x\/"},"rttpg_comment":0,"rttpg_category":null,"rttpg_excerpt":"Det menes, at de f\u00f8rste kasinoer dukkede op i Europa i det 17. \u00e5rhundrede.\u00a0De s\u00e5 ud til at kontrollere gambling.\u00a0I de dage var gambling allerede udbredt blandt folket.\u00a0Selvf\u00f8lgelig kunne ikke alle komme dertil, men kun medlemmer af adelen og aristokratiet, og midt i dem, ventede p\u00e5 meget h\u00f8je priser for spillene.\u00a0Og de spillede mest kortspil,...","_links":{"self":[{"href":"https:\/\/rocketplay-game.com\/da\/wp-json\/wp\/v2\/pages\/3496","targetHints":{"allow":["GET"]}}],"collection":[{"href":"https:\/\/rocketplay-game.com\/da\/wp-json\/wp\/v2\/pages"}],"about":[{"href":"https:\/\/rocketplay-game.com\/da\/wp-json\/wp\/v2\/types\/page"}],"author":[{"embeddable":true,"href":"https:\/\/rocketplay-game.com\/da\/wp-json\/wp\/v2\/users\/1"}],"replies":[{"embeddable":true,"href":"https:\/\/rocketplay-game.com\/da\/wp-json\/wp\/v2\/comments?post=3496"}],"version-history":[{"count":5,"href":"https:\/\/rocketplay-game.com\/da\/wp-json\/wp\/v2\/pages\/3496\/revisions"}],"predecessor-version":[{"id":10313,"href":"https:\/\/rocketplay-game.com\/da\/wp-json\/wp\/v2\/pages\/3496\/revisions\/10313"}],"wp:attachment":[{"href":"https:\/\/rocketplay-game.com\/da\/wp-json\/wp\/v2\/media?parent=3496"}],"curies":[{"name":"wp","href":"https:\/\/api.w.org\/{rel}","templated":true}]}}