{"id":3501,"date":"2023-01-09T19:46:20","date_gmt":"2023-01-09T16:46:20","guid":{"rendered":"https:\/\/rocketplay-game.com\/live-casino\/real-money\/"},"modified":"2026-03-01T16:07:02","modified_gmt":"2026-03-01T13:07:02","slug":"real-money","status":"publish","type":"page","link":"https:\/\/rocketplay-game.com\/da\/live-casino\/real-money\/","title":{"rendered":"Live casino rigtige penge ved Rocket Play Casino anmeldelse"},"content":{"rendered":"<p>Mange mennesker leder efter et sted, hvor de kan hygge sig, og mange vil gerne tjene ekstra penge.\u00a0Og alt dette er muligt, mens du spiller live online casino rigtige penge.\u00a0Her kan du med en minimumsinvestering tjene et bel\u00f8b p\u00e5 to eller mere end investeringen, og s\u00e6rlige heldige har mulighed for at f\u00e5 deres f\u00f8rste jackpot.\u00a0L\u00e6s mere i vores live casino anmeldelse med rigtige penge om, hvordan du g\u00f8r dette.<\/p>\n<h2>Bonusser og kampagner<\/h2>\n<p>For at f\u00e5 mest muligt ud af din saldo er det vigtigt at holde \u00f8je med bonussystemer og kampagnetilbud.\u00a0Du kan f\u00e5 gratis spins eller gratis spilletid.\u00a0Du kan ofte f\u00e5 en stigende multiplikator p\u00e5 dit indskud og mange andre fremragende bonusser.<\/p>\n<p><img loading=\"lazy\" decoding=\"async\" class=\"aligncenter wp-image-4805\" src=\"https:\/\/rocketplay-game.com\/wp-content\/uploads\/2024\/02\/promoc-2.png\" alt=\"Live casino real money\" width=\"800\" height=\"491\" srcset=\"https:\/\/rocketplay-game.com\/wp-content\/uploads\/2024\/02\/promoc-2.png 1012w, https:\/\/rocketplay-game.com\/wp-content\/uploads\/2024\/02\/promoc-2-300x184.png 300w, https:\/\/rocketplay-game.com\/wp-content\/uploads\/2024\/02\/promoc-2-768x471.png 768w\" sizes=\"auto, (max-width: 800px) 100vw, 800px\" \/><\/p>\n<p>Alle disse fremragende bonusser kan du f\u00e5 fra bonussystemer som:<\/p>\n<ul>\n<li aria-level=\"1\">velkomstbonus \u2013 Dette er en bonus, der tilbydes til hver bruger, der bes\u00f8ger casinoets officielle hjemmeside for f\u00f8rste gang;<\/li>\n<li aria-level=\"1\">registreringsbonus \u2013 denne bonus tildeles hver bruger, der registrerer sig og bekr\u00e6fter deres e-mail;<\/li>\n<li aria-level=\"1\">henvisningsbonus \u2013 for at f\u00e5 denne bonus skal du angive invitationskoden p\u00e5 registreringstidspunktet.\u00a0Bonussen gives til den, der specificerede den, og den, der gav denne kode;<\/li>\n<li aria-level=\"1\">f\u00f8rste indbetalingsbonus \u2013 Denne bonus tildeles f\u00f8rste gang du investerer i et online casino;<\/li>\n<li aria-level=\"1\">generelle kampagner er de mest almindelige kampagner, du kan finde p\u00e5 online casinoets hovedside.\u00a0S\u00e5danne kampagner opdateres j\u00e6vnligt.\u00a0F\u00f8lg n\u00f8je vilk\u00e5rene og betingelserne for at f\u00e5 mest muligt ud af disse kampagner.<\/li>\n<li aria-level=\"1\">individuelle tilbud er bonusser, der kan komme til enhver casinobruger p\u00e5 den post, han vil angive.<\/li>\n<li aria-level=\"1\">en loyalitetsbonus er en bonus, som alle erfarne spillere j\u00e6vnligt modtager for deres loyalitet over for dette online casino.<\/li>\n<\/ul>\n<p>Alle disse bonusser vil hj\u00e6lpe dig med at f\u00e5 mest muligt ud af din investering og hj\u00e6lpe dig med at tjene s\u00e5 mange penge som muligt p\u00e5 de bedste live casino rigtige penge.<\/p>\n<p><img loading=\"lazy\" decoding=\"async\" class=\"aligncenter wp-image-4814\" src=\"https:\/\/rocketplay-game.com\/wp-content\/uploads\/2024\/02\/promro-23.png\" alt=\"Live casino real money 2\" width=\"800\" height=\"365\" srcset=\"https:\/\/rocketplay-game.com\/wp-content\/uploads\/2024\/02\/promro-23.png 1157w, https:\/\/rocketplay-game.com\/wp-content\/uploads\/2024\/02\/promro-23-300x137.png 300w, https:\/\/rocketplay-game.com\/wp-content\/uploads\/2024\/02\/promro-23-1024x467.png 1024w, https:\/\/rocketplay-game.com\/wp-content\/uploads\/2024\/02\/promro-23-768x350.png 768w\" sizes=\"auto, (max-width: 800px) 100vw, 800px\" \/><\/p>\n<h2>Live Casino-software til rigtige penge hos RocketPlay<\/h2>\n<p>Ogs\u00e5 virksomheden, der leverer softwaren, spiller en v\u00e6sentlig rolle i gevinsterne.\u00a0N\u00e5r alt kommer til alt, har gambling verden en masse skruppell\u00f8se softwareudviklere.\u00a0Men de fleste live online casino rigtige penge fors\u00f8ger stadig at v\u00e6lge det bedste.\u00a0Alt dette er gjort for at f\u00e5 folk til at stole mere p\u00e5 casinoet.\u00a0Derfor har vi lavet en kort liste over 3 softwareudviklere, som vi kan anbefale dig:<\/p>\n<ul>\n<li aria-level=\"1\">NetEnt;<\/li>\n<li aria-level=\"1\">BetSoft;<\/li>\n<li aria-level=\"1\">Blueprint.<\/li>\n<\/ul>\n<p>Alle disse softwareudviklere har l\u00e6nge etableret sig som p\u00e5lidelige.\u00a0De kan tilfredsstille selv den mest sofistikerede spiller.\u00a0RTP er konsekvent over 95%.<\/p>\n<h2>Hvordan vinder man penge?<\/h2>\n<p>P\u00e5 Internettet kan du finde hundredvis af forskellige guides til, hvordan du vinder penge i real money i live casino.\u00a0Men for det meste er de falske.\u00a0Hvis du bliver tilbudt at spille p\u00e5 en bestemt spillemaskine og satse i en bestemt r\u00e6kkef\u00f8lge &#8211; pr\u00f8ver du at snyde.\u00a0Vi kan give dig generelle tips, der hj\u00e6lper dig med ikke at miste alt, og hvis du g\u00f8r en indsats nok, vil du vinde mange penge.<\/p>\n<ul>\n<li aria-level=\"1\">leg ikke mens du er beruset;<\/li>\n<li aria-level=\"1\">pr\u00f8v ikke at vinde tilbage fra kasinoet;<\/li>\n<li aria-level=\"1\">glem ikke at tage en pause med f\u00e5 timers mellemrum.\u00a0Dette vil bringe dit sind til sanserne og fjerne overdreven sp\u00e6nding.<\/li>\n<\/ul>\n<p>Ved at f\u00f8lge disse essentielle tips kan du tjene mere, selvom du g\u00e5r igennem et h\u00e5rdt problem.<\/p>\n<h2>Betaling og udbetaling<\/h2>\n<p>Mange casinoer tilbyder forskellige m\u00e5der at indbetale og h\u00e6ve fra din saldo.\u00a0Du kan bruge dit bankkort eller PayPal, og selv kasinoet kan acceptere cryptocurrency-punge.\u00a0Minimumsindbetalingen er $20, og minimumsudbetalingen er $50.<\/p>\n<h2>FAQ<\/h2>\n<p>Mange nybegyndere online casino brugere skriver ofte til os med sp\u00f8rgsm\u00e5l.\u00a0Og vi kan ikke lade v\u00e6re med at give vores svar.\u00a0S\u00e5 vi samlede 3 af de mest popul\u00e6re af dem og gav vores svar.<\/p>\n<h3>Kan jeg spille i kasinoet gratis?<\/h3>\n<p>Ja, du kan pr\u00f8ve dine strategier for at vinde i demo-tilstand.\u00a0Hvert slot, du finder, har en demo-tilstand.<\/p>\n<h3>Kan jeg spille online casinoer, hvis jeg er under 18?<\/h3>\n<p>Nej, lovgivningen foreskriver, at gambling kun er tilladt fra det fyldte 18. \u00e5r.<\/p>\n<h3>Kan jeg tjene penge p\u00e5 min telefon?<\/h3>\n<p>Ja, du kan bruge vores mobilversion af siden.\u00a0Eller, hvis du har en Android-smartphone, kan du downloade appen.<\/p>\n","protected":false},"excerpt":{"rendered":"<p>Mange mennesker leder efter et sted, hvor de kan hygge sig, og mange vil gerne tjene ekstra penge.\u00a0Og alt dette er muligt, mens du spiller live online casino rigtige penge.\u00a0Her kan du med en minimumsinvestering tjene et bel\u00f8b p\u00e5 to eller mere end investeringen, og s\u00e6rlige heldige har mulighed for at f\u00e5 deres f\u00f8rste jackpot.\u00a0L\u00e6s&#8230;<\/p>\n","protected":false},"author":1,"featured_media":0,"parent":3496,"menu_order":0,"comment_status":"closed","ping_status":"closed","template":"page-with-bonus.php","meta":{"_acf_changed":false,"_kad_post_transparent":"default","_kad_post_title":"default","_kad_post_layout":"default","_kad_post_sidebar_id":"","_kad_post_content_style":"default","_kad_post_vertical_padding":"default","_kad_post_feature":"","_kad_post_feature_position":"","_kad_post_header":false,"_kad_post_footer":false,"footnotes":""},"class_list":["post-3501","page","type-page","status-publish","hentry"],"acf":[],"rttpg_featured_image_url":null,"rttpg_author":{"display_name":"Tom","author_link":"https:\/\/rocketplay-game.com\/da\/author\/pemvas95n89x\/"},"rttpg_comment":0,"rttpg_category":null,"rttpg_excerpt":"Mange mennesker leder efter et sted, hvor de kan hygge sig, og mange vil gerne tjene ekstra penge.\u00a0Og alt dette er muligt, mens du spiller live online casino rigtige penge.\u00a0Her kan du med en minimumsinvestering tjene et bel\u00f8b p\u00e5 to eller mere end investeringen, og s\u00e6rlige heldige har mulighed for at f\u00e5 deres f\u00f8rste jackpot.\u00a0L\u00e6s...","_links":{"self":[{"href":"https:\/\/rocketplay-game.com\/da\/wp-json\/wp\/v2\/pages\/3501","targetHints":{"allow":["GET"]}}],"collection":[{"href":"https:\/\/rocketplay-game.com\/da\/wp-json\/wp\/v2\/pages"}],"about":[{"href":"https:\/\/rocketplay-game.com\/da\/wp-json\/wp\/v2\/types\/page"}],"author":[{"embeddable":true,"href":"https:\/\/rocketplay-game.com\/da\/wp-json\/wp\/v2\/users\/1"}],"replies":[{"embeddable":true,"href":"https:\/\/rocketplay-game.com\/da\/wp-json\/wp\/v2\/comments?post=3501"}],"version-history":[{"count":5,"href":"https:\/\/rocketplay-game.com\/da\/wp-json\/wp\/v2\/pages\/3501\/revisions"}],"predecessor-version":[{"id":10310,"href":"https:\/\/rocketplay-game.com\/da\/wp-json\/wp\/v2\/pages\/3501\/revisions\/10310"}],"up":[{"embeddable":true,"href":"https:\/\/rocketplay-game.com\/da\/wp-json\/wp\/v2\/pages\/3496"}],"wp:attachment":[{"href":"https:\/\/rocketplay-game.com\/da\/wp-json\/wp\/v2\/media?parent=3501"}],"curies":[{"name":"wp","href":"https:\/\/api.w.org\/{rel}","templated":true}]}}