{"id":3505,"date":"2023-01-10T15:54:18","date_gmt":"2023-01-10T12:54:18","guid":{"rendered":"https:\/\/rocketplay-game.com\/sports-betting\/"},"modified":"2024-02-09T15:18:56","modified_gmt":"2024-02-09T12:18:56","slug":"sports-betting","status":"publish","type":"page","link":"https:\/\/rocketplay-game.com\/da\/sports-betting\/","title":{"rendered":"Gennemgang af sportsv\u00e6ddem\u00e5l"},"content":{"rendered":"<p><span class=\"\">Den kritiske fordel ved sportsv\u00e6ddem\u00e5l er at have det sjovt hurtigt og effektivt og vinde store pengepr\u00e6mier.\u00a0<\/span>Du kan ogs\u00e5 pr\u00f8ve sportsv\u00e6ddem\u00e5l gratis, fordi spillefirmaet med gl\u00e6de hj\u00e6lper dig med at f\u00e5 ekstra bonusser.\u00a0F\u00e5 et ry som en heldig spiller og begynd at tjene penge dagligt takket v\u00e6re vores anmeldelse.\u00a0Lad os fort\u00e6lle dig om alle funktionerne ved online betting.<\/p>\n<p><img loading=\"lazy\" decoding=\"async\" class=\"aligncenter wp-image-4653\" src=\"https:\/\/rocketplay-game.com\/wp-content\/uploads\/2024\/02\/soccer-ball-dollar-banknotes-keyboard-sport-gambling-bet-concept.jpg\" alt=\"Gennemgang af sportsv\u00e6ddem\u00e5l\" width=\"800\" height=\"534\" srcset=\"https:\/\/rocketplay-game.com\/wp-content\/uploads\/2024\/02\/soccer-ball-dollar-banknotes-keyboard-sport-gambling-bet-concept.jpg 1000w, https:\/\/rocketplay-game.com\/wp-content\/uploads\/2024\/02\/soccer-ball-dollar-banknotes-keyboard-sport-gambling-bet-concept-300x200.jpg 300w, https:\/\/rocketplay-game.com\/wp-content\/uploads\/2024\/02\/soccer-ball-dollar-banknotes-keyboard-sport-gambling-bet-concept-768x512.jpg 768w\" sizes=\"auto, (max-width: 800px) 100vw, 800px\" \/><\/p>\n<h2>Hvordan satser man p\u00e5 sport?<\/h2>\n<p>Det f\u00f8rste, en nybegynder har brug for, er en passende side for sportsv\u00e6ddem\u00e5l.\u00a0Dette kan v\u00e6re et klassisk casino eller et projekt specialiseret i v\u00e6ddem\u00e5l.\u00a0Vi anbefaler dog, at du benytter dig af vores portals unikke tilbud.\u00a0Specielt for dig har lavet snesevis af anmeldelser med de bedste l\u00f8sninger til gambling-fans.<\/p>\n<p>For at begynde at bette skal du registrere dig p\u00e5 platformen:<\/p>\n<ol>\n<li aria-level=\"1\">G\u00e5 til den officielle spilleside og registrer en personlig konto ved at indtaste personlige data.\u00a0Dobbelttjek oplysningerne, fordi det ikke vil v\u00e6re muligt at \u00e6ndre dem, og det er ofte sv\u00e6rere at best\u00e5 verifikationen.<\/li>\n<li aria-level=\"1\">Bekr\u00e6ft derefter din konto via mail eller SMS og begynd at bruge det unikke kassesystem.\u00a0Genopfyld din konto gennem et af de foresl\u00e5ede betalingssystemer.\u00a0Kryptovalutaer er ogs\u00e5 tilg\u00e6ngelige.\u00a0Begr\u00e6nsninger for bel\u00f8b og provisioner er forskellige.<\/li>\n<li aria-level=\"1\">Derefter kan du forts\u00e6tte med at v\u00e6lge et passende match. Moderne dansk sportsv\u00e6ddem\u00e5l kr\u00e6ver opm\u00e6rksomhed p\u00e5 detaljer og maksimal koncentration.\u00a0Pr\u00f8v at bruge forskellige indsatsmuligheder, og du vil v\u00e6re i stand til at vinde.\u00a0Det anbefales at bruge demo-tilstanden f\u00f8rst, og derefter starte aktive v\u00e6ddem\u00e5l.<\/li>\n<\/ol>\n<p>Efter at have oprettet en personlig konto, vil spilleren blive bedt om at gennemg\u00e5 verifikationsproceduren.\u00a0Dette er en obligatorisk del af registreringen, der kr\u00e6ver, at du freml\u00e6gger personlige dokumenter.\u00a0Efter at have bekr\u00e6ftet din identitet, kan du uden problemer bruge alle systemets unikke spilfunktioner til hurtigt at indbetale din konto.\u00a0Du vil ogs\u00e5 v\u00e6re i stand til at h\u00e6ve hurtigt og \u00f8ge din maksimale indsatsgr\u00e6nse.<\/p>\n<h2>Hvordan l\u00e6ser man sports odds?<\/h2>\n<p>I de fleste tilf\u00e6lde er det nemt nok at forst\u00e5 de bedste sportsv\u00e6ddem\u00e5l.\u00a0Pr\u00f8v at bruge det klassiske v\u00e6ddem\u00e5lssystem, hvor alt er klart.\u00a0Den f\u00f8rste ting at bem\u00e6rke er, at de klassiske odds ligner 1,7.\u00a0Det er det tal, som du skal gange indsatsbel\u00f8bet med for at f\u00e5 dine gevinster.\u00a0Hvis du satser $100 p\u00e5 disse odds, vil du ende med $170 p\u00e5 din saldo, hvis du vinder, hvoraf $70 er din fortjeneste.<\/p>\n<h2>Tips til sportsv\u00e6ddem\u00e5l<\/h2>\n<p>Alle forudsigelser om sportsv\u00e6ddem\u00e5l kr\u00e6ver dybdeg\u00e5ende analyse og indsamling af statistiske data for at hj\u00e6lpe dig med at finde ud af kampens favoritter.\u00a0Pr\u00f8v at bruge forskellige taktikker og strategier og lyt n\u00f8je til ekspertr\u00e5d:<\/p>\n<ul>\n<li aria-level=\"1\">det er n\u00f8dvendigt at kontrollere dine f\u00f8lelser og omhyggeligt satse penge.\u00a0Husk at du ikke m\u00e5 tabe, s\u00e5 indsatsfors\u00f8g skal stoppes med det samme.\u00a0Pr\u00f8v at bruge forskellige strategier og taktikker for at f\u00e5 penge p\u00e5 din konto;<\/li>\n<li aria-level=\"1\">udvikle din v\u00e6ddem\u00e5lsstrategi for fremtiden med et bestemt gratis v\u00e6ddem\u00e5lssystem.\u00a0Dette vil give dig mulighed for at bruge alle dine ressourcer mere effektivt og ikke bruge penge alene.\u00a0Hold dig n\u00f8je til systemet, for ellers er det nemt at miste alle dine penge;<\/li>\n<li aria-level=\"1\">opdel den samlede pulje p\u00e5 forh\u00e5nd i et stort antal indsatser.\u00a0Dette vil kunstigt begr\u00e6nse dine maksimale gevinster og tab.\u00a0Det vil ogs\u00e5 forhindre dig i at miste hele bel\u00f8bet p\u00e5 \u00e9n gang.<\/li>\n<\/ul>\n<p>Klassiske anbefalinger hj\u00e6lper begyndere med at administrere deres ressourcer mere effektivt og tjene store summer p\u00e5 deres konti.<\/p>\n<p><img loading=\"lazy\" decoding=\"async\" class=\"aligncenter wp-image-4662\" src=\"https:\/\/rocketplay-game.com\/wp-content\/uploads\/2024\/02\/people-bet-soccer-game-match-internet.jpg\" alt=\"Gennemgang af sportsv\u00e6ddem\u00e5l 2\" width=\"800\" height=\"534\" srcset=\"https:\/\/rocketplay-game.com\/wp-content\/uploads\/2024\/02\/people-bet-soccer-game-match-internet.jpg 1000w, https:\/\/rocketplay-game.com\/wp-content\/uploads\/2024\/02\/people-bet-soccer-game-match-internet-300x200.jpg 300w, https:\/\/rocketplay-game.com\/wp-content\/uploads\/2024\/02\/people-bet-soccer-game-match-internet-768x512.jpg 768w\" sizes=\"auto, (max-width: 800px) 100vw, 800px\" \/><\/p>\n<h2>Bedste v\u00e6ddem\u00e5lsstrategi<\/h2>\n<p>H\u00f8je odds kendetegner topsportsv\u00e6ddem\u00e5l.\u00a0De bedste eksperter leder efter nye m\u00e5der at vinde p\u00e5, mens du kan tage de klassiske strategier.\u00a0Dette vil hj\u00e6lpe dig med at holde en bestemt del af din balance og ikke blive fanget i en h\u00f8j risiko.\u00a0S\u00e5dan agerer de fleste af de bedste spillere, som forst\u00e5r at kontrollere deres f\u00f8lelser og kender prisen for at vinde.<\/p>\n<p>Blandt de mest nyttige tips til sportsv\u00e6ddem\u00e5l er at holde dine statistikker.\u00a0Det vil ikke kun hj\u00e6lpe dig med straks at vurdere rentabiliteten af \u200b\u200bdin strategi, men ogs\u00e5 hj\u00e6lpe dig med at se sandheden i \u00f8jnene.\u00a0Du b\u00f8r ikke blive ved med at b\u00f8je den samme linje, hvis du ser konstante tab.\u00a0Du b\u00f8r kunne justere og \u00e6ndre afh\u00e6ngigt af situationen.\u00a0Dette er hvad de fleste vindende v\u00e6ddem\u00e5l er baseret p\u00e5.<\/p>\n<p>Vi anbefaler, at du kigger p\u00e5 afsnittet om kampagner og s\u00e6rlige tilbud.\u00a0Der kan du finde s\u00e6rlige bonusser, der hj\u00e6lper dig med at komme i gang med at spille mere effektivt og tjene store summer p\u00e5 din konto.\u00a0Pr\u00f8v det nu, og du er garanteret at nyde dine resultater.<\/p>\n<h2>FAQ<\/h2>\n<p>Specielt til dig har vi samlet de mest popul\u00e6re sp\u00f8rgsm\u00e5l fra begyndere, som kan hj\u00e6lpe dig med at l\u00f8se specifikke problemer i fremtiden.\u00a0Find ud af indsatsen s\u00e5 hurtigt som muligt, og begynd at tjene rigtige penge!<\/p>\n<h3>Hvad er fordelene ved sportsv\u00e6ddem\u00e5l?<\/h3>\n<p>Den v\u00e6sentlige fordel ved sportsbetting-appen er muligheden for at \u00f8ge din bank meget hurtigt og effektivt.\u00a0Du kan analysere et stort antal kampe og bruge s\u00e5 meget nyttig information som muligt til at vinde oftere og mere.\u00a0Pr\u00f8v de forskellige spiltilstande, og f\u00e5 dig selv en s\u00e6rlig VIP-gave.\u00a0Du kan ogs\u00e5 tilmelde dig vores salgsfremmende nyhedsbrev og f\u00e5 flere fordele.<\/p>\n<h3>Hvor meget kan jeg tjene p\u00e5 \u00e9n indsats?<\/h3>\n<p>Generelt afh\u00e6nger gr\u00e6nsen for den maksimale gevinst udelukkende af din bank og de gr\u00e6nser, som casinoet har sat.\u00a0For eksempel kan topfodboldkampen give dig mulighed for at satse op til flere hundrede tusinde dollars.\u00a0Men en amat\u00f8rbordtennisbegivenhed vil n\u00e6ppe give dig mere end en indsats p\u00e5 $100.\u00a0Pr\u00f8v en r\u00e6kke muligheder og find din ideelle betting niche.<\/p>\n<h3>Hvad er begr\u00e6nsningerne for udbetaling efter at have vundet?<\/h3>\n<p>Efter at have vundet, vil du ikke have nogen begr\u00e6nsninger, fordi spillefirmaet giver alle pr\u00e6mierne ud med det samme, og du kan tr\u00e6kke dem tilbage.\u00a0Du b\u00f8r dog huske p\u00e5 begr\u00e6nsningen p\u00e5 det maksimale udbetalingsbel\u00f8b per dag, som oftest svarer til 2.000 $.\u00a0Du skal ogs\u00e5 vide, at det kun er bedre at bruge vores websteder med anmeldelser.\u00a0De er allerede testet, og derfor f\u00e5r du ingen problemer.<\/p>\n","protected":false},"excerpt":{"rendered":"<p>Den kritiske fordel ved sportsv\u00e6ddem\u00e5l er at have det sjovt hurtigt og effektivt og vinde store pengepr\u00e6mier.\u00a0Du kan ogs\u00e5 pr\u00f8ve sportsv\u00e6ddem\u00e5l gratis, fordi spillefirmaet med gl\u00e6de hj\u00e6lper dig med at f\u00e5 ekstra bonusser.\u00a0F\u00e5 et ry som en heldig spiller og begynd at tjene penge dagligt takket v\u00e6re vores anmeldelse.\u00a0Lad os fort\u00e6lle dig om alle funktionerne&#8230;<\/p>\n","protected":false},"author":1,"featured_media":0,"parent":0,"menu_order":0,"comment_status":"closed","ping_status":"closed","template":"page-with-bonus.php","meta":{"_acf_changed":false,"_kad_post_transparent":"default","_kad_post_title":"default","_kad_post_layout":"default","_kad_post_sidebar_id":"","_kad_post_content_style":"default","_kad_post_vertical_padding":"default","_kad_post_feature":"","_kad_post_feature_position":"","_kad_post_header":false,"_kad_post_footer":false,"footnotes":""},"class_list":["post-3505","page","type-page","status-publish","hentry"],"acf":[],"rttpg_featured_image_url":null,"rttpg_author":{"display_name":"Tom","author_link":"https:\/\/rocketplay-game.com\/da\/author\/pemvas95n89x\/"},"rttpg_comment":0,"rttpg_category":null,"rttpg_excerpt":"Den kritiske fordel ved sportsv\u00e6ddem\u00e5l er at have det sjovt hurtigt og effektivt og vinde store pengepr\u00e6mier.\u00a0Du kan ogs\u00e5 pr\u00f8ve sportsv\u00e6ddem\u00e5l gratis, fordi spillefirmaet med gl\u00e6de hj\u00e6lper dig med at f\u00e5 ekstra bonusser.\u00a0F\u00e5 et ry som en heldig spiller og begynd at tjene penge dagligt takket v\u00e6re vores anmeldelse.\u00a0Lad os fort\u00e6lle dig om alle funktionerne...","_links":{"self":[{"href":"https:\/\/rocketplay-game.com\/da\/wp-json\/wp\/v2\/pages\/3505","targetHints":{"allow":["GET"]}}],"collection":[{"href":"https:\/\/rocketplay-game.com\/da\/wp-json\/wp\/v2\/pages"}],"about":[{"href":"https:\/\/rocketplay-game.com\/da\/wp-json\/wp\/v2\/types\/page"}],"author":[{"embeddable":true,"href":"https:\/\/rocketplay-game.com\/da\/wp-json\/wp\/v2\/users\/1"}],"replies":[{"embeddable":true,"href":"https:\/\/rocketplay-game.com\/da\/wp-json\/wp\/v2\/comments?post=3505"}],"version-history":[{"count":4,"href":"https:\/\/rocketplay-game.com\/da\/wp-json\/wp\/v2\/pages\/3505\/revisions"}],"predecessor-version":[{"id":5210,"href":"https:\/\/rocketplay-game.com\/da\/wp-json\/wp\/v2\/pages\/3505\/revisions\/5210"}],"wp:attachment":[{"href":"https:\/\/rocketplay-game.com\/da\/wp-json\/wp\/v2\/media?parent=3505"}],"curies":[{"name":"wp","href":"https:\/\/api.w.org\/{rel}","templated":true}]}}