{"id":3510,"date":"2023-01-10T16:16:03","date_gmt":"2023-01-10T13:16:03","guid":{"rendered":"https:\/\/rocketplay-game.com\/sports-betting\/cricket\/"},"modified":"2023-01-19T21:50:17","modified_gmt":"2023-01-19T18:50:17","slug":"cricket","status":"publish","type":"page","link":"https:\/\/rocketplay-game.com\/da\/cricket\/","title":{"rendered":"En begynderguide til cricketv\u00e6ddem\u00e5l"},"content":{"rendered":"<p>I de fleste tilf\u00e6lde tiltr\u00e6kker Cricket-v\u00e6ddem\u00e5l brugere med enkle regler og evnen til hurtigt at tjene en stor sum penge.\u00a0For at g\u00e5 godt, skal du s\u00e6tte dig ind i alle funktionerne i sportsdisciplinen og pr\u00f8ve et par v\u00e6ddem\u00e5lsmuligheder.\u00a0Vi anbefaler nu at l\u00e6se en kort anmeldelse fra vores eksperter og aktivt tjene store pr\u00e6mier.<\/p>\n<p><img loading=\"lazy\" decoding=\"async\" class=\"aligncenter wp-image-3326 lazy-loaded\" src=\"https:\/\/rocketplay-game.com\/wp-content\/uploads\/2023\/01\/best-cricket-betting-apps-300x169.jpg\" sizes=\"auto, (max-width: 800px) 100vw, 800px\" srcset=\"https:\/\/rocketplay-game.com\/wp-content\/uploads\/2023\/01\/best-cricket-betting-apps-300x169.jpg 300w, https:\/\/rocketplay-game.com\/wp-content\/uploads\/2023\/01\/best-cricket-betting-apps-768x432.jpg 768w, https:\/\/rocketplay-game.com\/wp-content\/uploads\/2023\/01\/best-cricket-betting-apps.jpg 994w\" alt=\"\" width=\"800\" height=\"450\" data-lazy-type=\"image\" data-src=\"https:\/\/rocketplay-game.com\/wp-content\/uploads\/2023\/01\/best-cricket-betting-apps-300x169.jpg\" data-srcset=\"\" \/><\/p>\n<h2>V\u00e6ddem\u00e5lstyperne<\/h2>\n<p>Den nemmeste m\u00e5de at h\u00e5ndtere Cricket-v\u00e6ddem\u00e5lstips er for nybegyndere, der lige er startet p\u00e5 spillet.\u00a0Spillemarkedet har gennemg\u00e5et en ret lang forvandling, s\u00e5 brugerne kan f\u00f8rst nu foretage forskellige v\u00e6ddem\u00e5l p\u00e5 kampe.\u00a0Blandt de mest popul\u00e6re kan du finde ud af:<\/p>\n<ul>\n<li aria-level=\"1\">individuel total.\u00a0Det mest popul\u00e6re v\u00e6ddem\u00e5l giver dig mulighed for kun at v\u00e6lge \u00e9n atlet eller et hold og satse p\u00e5 de vundne point.\u00a0Takket v\u00e6re dette er det nemmere at analysere hele kampen og straks fra det f\u00f8rste v\u00e6ddem\u00e5l at vinde en stor sum penge.\u00a0V\u00e6r dog opm\u00e6rksom p\u00e5 oddsene, for hvis de er for store, s\u00e5 er der et eller andet problem;<\/li>\n<li aria-level=\"1\">den bedste spiller.\u00a0Enkel og forst\u00e5elig for de fleste spillere at satse, s\u00e5 du kan l\u00e6re om spillets s\u00e6regenheder og begynde at tjene.\u00a0N\u00f8glefunktionen er, at du skal v\u00e6lge \u00e9n atlet.\u00a0Hvis han viser det mest effektive resultat, vil du f\u00e5 succes og tage dine gevinster;<\/li>\n<li aria-level=\"1\">kampens udfald.\u00a0Et klassisk v\u00e6ddem\u00e5l, der altid har appelleret til sin enkelhed.\u00a0Du kan vinde en spiller eller et hold, der vil vinde prisen med deres fremragende spil.\u00a0Den nemmeste ting at g\u00f8re her er at analysere modstanderen og favoritten med det samme.\u00a0L\u00e6r alle ins og outs i spillet, og begynd at beregne det perfekte indsatsbel\u00f8b til dit budget.<\/li>\n<\/ul>\n<p>N\u00e5r du v\u00e6lger det rigtige v\u00e6ddem\u00e5l til dig selv, s\u00e5 glem ikke, at du skal registrere en personlig konto og gennemg\u00e5 verifikationsproceduren.\u00a0Dette vil hj\u00e6lpe med at \u00f8ge de maksimale indsatsgr\u00e6nser og f\u00e5 adgang til en hurtig tilbagetr\u00e6kning af penge fra spilleplatformen uden problemer.\u00a0Du kan ogs\u00e5 v\u00e6lge en passende indbetalingsmetode for at undg\u00e5 yderligere kommission eller ventetid p\u00e5 indbetalingen.<\/p>\n<h2>Oddsene forklaret i Cricket<\/h2>\n<p>Vi giver dig de bedste Cricket-betting-tips gratis, men du b\u00f8r studere betting p\u00e5 egen h\u00e5nd.\u00a0For eksempel afspejler oddsene, hvor sikker bookmakeren er i et bestemt holds sejr.\u00a0Nogle gange er det muligt at lave et v\u00e6ddem\u00e5l udelukkende baseret p\u00e5 odds, men dette g\u00f8res hovedsageligt af begyndere.<\/p>\n<p>Hvis du satser penge p\u00e5 live cricket odds p\u00e5 1,7, vil du vinde din sum og yderligere 70 % oveni.\u00a0Med 100 dollars kan du f\u00e5 70 ekstra, hvilket betyder, at du kommer i sort, og du kan tage dine penge.\u00a0Du kan finde ud af alle detaljerne, n\u00e5r du laver en kupon.<\/p>\n<h2>Tips og strategi<\/h2>\n<p>De fleste odds Cricket-v\u00e6ddem\u00e5l bestemmes automatisk, s\u00e5 du b\u00f8r v\u00e6re omhyggelig med at v\u00e6lge en passende strategi for v\u00e6ddem\u00e5l:<\/p>\n<ul>\n<li aria-level=\"1\">pr\u00f8v at opdele din balance i mange dele og ikke bruge dem alle p\u00e5 \u00e9n gang;<\/li>\n<li aria-level=\"1\">tag dine f\u00f8lelser s\u00e5 ansvarligt som muligt, s\u00e5 du ikke mister en stor sum p\u00e5 \u00e9n gang.\u00a0Pr\u00f8v at stoppe, hvis du ser, at du konstant taber eller vinder;<\/li>\n<li aria-level=\"1\">tage dig tid til at analysere, fordi dette adskiller dig fra en amat\u00f8r i v\u00e6ddem\u00e5l.\u00a0Brug alle tilg\u00e6ngelige data til at forudsige det rigtige resultat.<\/li>\n<\/ul>\n<p>I v\u00e6ddem\u00e5l afh\u00e6nger alt af held og din evne til at lave korrekte forudsigelser.\u00a0Derfor \u00f8nsker vi dig held og lykke og anbefaler, at du pr\u00f8ver demotilstanden f\u00f8rst.<\/p>\n<p><img loading=\"lazy\" decoding=\"async\" class=\"aligncenter wp-image-3416 lazy-loaded\" src=\"https:\/\/rocketplay-game.com\/wp-content\/uploads\/2023\/01\/cricket-betting-guide-300x150.webp\" sizes=\"auto, (max-width: 800px) 100vw, 800px\" srcset=\"https:\/\/rocketplay-game.com\/wp-content\/uploads\/2023\/01\/cricket-betting-guide-300x150.webp 300w, https:\/\/rocketplay-game.com\/wp-content\/uploads\/2023\/01\/cricket-betting-guide-1024x512.webp 1024w, https:\/\/rocketplay-game.com\/wp-content\/uploads\/2023\/01\/cricket-betting-guide-768x384.webp 768w, https:\/\/rocketplay-game.com\/wp-content\/uploads\/2023\/01\/cricket-betting-guide.webp 1200w\" alt=\"\" width=\"800\" height=\"400\" data-lazy-type=\"image\" data-src=\"https:\/\/rocketplay-game.com\/wp-content\/uploads\/2023\/01\/cricket-betting-guide-300x150.webp\" data-srcset=\"\" \/><\/p>\n<h2>Bedste cricketv\u00e6ddem\u00e5lsmarkeder at spille p\u00e5<\/h2>\n<p>Det mest popul\u00e6re cricket-v\u00e6ddem\u00e5l i Danmark er p\u00e5 en bestemt atlets sejr. Du kan se p\u00e5 statistikken p\u00e5 den officielle spilleside og v\u00e6lge en passende indsatsmulighed.\u00a0Vi anbefaler, at du pr\u00f8ver forskellige varianter og finder den bedst egnede.\u00a0Vi r\u00e5der dig ogs\u00e5 til at pr\u00f8ve forskellige regioner, fordi hver region har turneringer.<\/p>\n<h2>FAQ<\/h2>\n<p>Alle brugere har brug for lidt st\u00f8tte, n\u00e5r de lige starter med at spille online.\u00a0Derfor har vi samlet en masse v\u00e6rdifulde sp\u00f8rgsm\u00e5l og svar fra eksperter.\u00a0Pr\u00f8v at studere mere information og begynd at spille aktivt.<\/p>\n<h3>Hvad er fordelene ved at spille p\u00e5 cricket?<\/h3>\n<p>De fleste brugere kan lide at bruge Cricket-v\u00e6ddem\u00e5lsappen for at tjene mere og altid v\u00e6re med i spillet.\u00a0I dette tilf\u00e6lde kan du nemt forst\u00e5 de etablerede regler og bruge indsatsen p\u00e5 favoritten i turneringen.\u00a0Der er ogs\u00e5 et mere avanceret gitter af forskellige resultater, der bruges af professionelle, der \u00f8nsker at tjene flere penge.<\/p>\n<h3>Hvor meget kan jeg tjene p\u00e5 et enkelt cricket-v\u00e6ddem\u00e5l?<\/h3>\n<p>Hvis du kunne tjene en million dollars p\u00e5 et enkelt v\u00e6ddem\u00e5l, har du brug for en betydelig saldo og evnen til at h\u00e6ve dette bel\u00f8b.\u00a0Brugere tjener mellem $50 til $1.500 pr. indsats.\u00a0Mesterskabet, spillertitlerne og kapitalen p\u00e5 siden p\u00e5virkes.\u00a0Pr\u00f8v forskellige spilvarianter og v\u00e6lg den, der passer dig bedst.<\/p>\n<h3>Hvad er begr\u00e6nsningerne for tilbagetr\u00e6kning efter sejr i cricket?<\/h3>\n<p>Efter at have l\u00e6st vores Cricket betting guide, kan du bruge enhver bonus p\u00e5 den officielle side og f\u00e5 pengene p\u00e5 din konto efter at have vundet.\u00a0Enhver spiller kan h\u00e6ve uden begr\u00e6nsninger, men du b\u00f8r overveje det maksimale bel\u00f8b, der modtages.\u00a0Du vil ogs\u00e5 v\u00e6re i stand til at pr\u00f8ve forskellige systemer for at g\u00f8re den mest rentable h\u00e6vning af dine penge.<\/p>\n","protected":false},"excerpt":{"rendered":"<p>I de fleste tilf\u00e6lde tiltr\u00e6kker Cricket-v\u00e6ddem\u00e5l brugere med enkle regler og evnen til hurtigt at tjene en stor sum penge.\u00a0For at g\u00e5 godt, skal du s\u00e6tte dig ind i alle funktionerne i sportsdisciplinen og pr\u00f8ve et par v\u00e6ddem\u00e5lsmuligheder.\u00a0Vi anbefaler nu at l\u00e6se en kort anmeldelse fra vores eksperter og aktivt tjene store pr\u00e6mier. V\u00e6ddem\u00e5lstyperne Den&#8230;<\/p>\n","protected":false},"author":1,"featured_media":0,"parent":0,"menu_order":0,"comment_status":"closed","ping_status":"closed","template":"page-with-bonus.php","meta":{"_acf_changed":false,"_kad_post_transparent":"default","_kad_post_title":"default","_kad_post_layout":"default","_kad_post_sidebar_id":"","_kad_post_content_style":"default","_kad_post_vertical_padding":"default","_kad_post_feature":"","_kad_post_feature_position":"","_kad_post_header":false,"_kad_post_footer":false,"footnotes":""},"class_list":["post-3510","page","type-page","status-publish","hentry"],"acf":[],"rttpg_featured_image_url":null,"rttpg_author":{"display_name":"Tom","author_link":"https:\/\/rocketplay-game.com\/da\/author\/pemvas95n89x\/"},"rttpg_comment":0,"rttpg_category":null,"rttpg_excerpt":"I de fleste tilf\u00e6lde tiltr\u00e6kker Cricket-v\u00e6ddem\u00e5l brugere med enkle regler og evnen til hurtigt at tjene en stor sum penge.\u00a0For at g\u00e5 godt, skal du s\u00e6tte dig ind i alle funktionerne i sportsdisciplinen og pr\u00f8ve et par v\u00e6ddem\u00e5lsmuligheder.\u00a0Vi anbefaler nu at l\u00e6se en kort anmeldelse fra vores eksperter og aktivt tjene store pr\u00e6mier. V\u00e6ddem\u00e5lstyperne Den...","_links":{"self":[{"href":"https:\/\/rocketplay-game.com\/da\/wp-json\/wp\/v2\/pages\/3510","targetHints":{"allow":["GET"]}}],"collection":[{"href":"https:\/\/rocketplay-game.com\/da\/wp-json\/wp\/v2\/pages"}],"about":[{"href":"https:\/\/rocketplay-game.com\/da\/wp-json\/wp\/v2\/types\/page"}],"author":[{"embeddable":true,"href":"https:\/\/rocketplay-game.com\/da\/wp-json\/wp\/v2\/users\/1"}],"replies":[{"embeddable":true,"href":"https:\/\/rocketplay-game.com\/da\/wp-json\/wp\/v2\/comments?post=3510"}],"version-history":[{"count":3,"href":"https:\/\/rocketplay-game.com\/da\/wp-json\/wp\/v2\/pages\/3510\/revisions"}],"predecessor-version":[{"id":3511,"href":"https:\/\/rocketplay-game.com\/da\/wp-json\/wp\/v2\/pages\/3510\/revisions\/3511"}],"wp:attachment":[{"href":"https:\/\/rocketplay-game.com\/da\/wp-json\/wp\/v2\/media?parent=3510"}],"curies":[{"name":"wp","href":"https:\/\/api.w.org\/{rel}","templated":true}]}}