{"id":3514,"date":"2023-01-10T16:21:38","date_gmt":"2023-01-10T13:21:38","guid":{"rendered":"https:\/\/rocketplay-game.com\/sports-betting\/horse-racing\/"},"modified":"2023-01-19T21:47:32","modified_gmt":"2023-01-19T18:47:32","slug":"horse-racing","status":"publish","type":"page","link":"https:\/\/rocketplay-game.com\/da\/horse-racing\/","title":{"rendered":"Gennemgang af v\u00e6ddem\u00e5l p\u00e5 hestev\u00e6ddel\u00f8b"},"content":{"rendered":"<p>Mest af alt er brugere af hestev\u00e6ddel\u00f8b allerede vant til h\u00f8je odds og stejle bonusser.\u00a0Det er et tilbud p\u00e5 siderne i vores anmeldelser fra casinoets administration.\u00a0Du kan v\u00e6lge den rigtige hest og f\u00e5 en stor sum penge takket v\u00e6re den.\u00a0Bare pr\u00f8v det, og du er garanteret at vinde endnu mere p\u00e5 din konto.<\/p>\n<p><img loading=\"lazy\" decoding=\"async\" class=\"aligncenter wp-image-3427 lazy-loaded\" src=\"https:\/\/rocketplay-game.com\/wp-content\/uploads\/2023\/01\/126horsebackriding-2-300x150.jpg\" sizes=\"auto, (max-width: 800px) 100vw, 800px\" srcset=\"https:\/\/rocketplay-game.com\/wp-content\/uploads\/2023\/01\/126horsebackriding-2-300x150.jpg 300w, https:\/\/rocketplay-game.com\/wp-content\/uploads\/2023\/01\/126horsebackriding-2-1024x512.jpg 1024w, https:\/\/rocketplay-game.com\/wp-content\/uploads\/2023\/01\/126horsebackriding-2-768x384.jpg 768w, https:\/\/rocketplay-game.com\/wp-content\/uploads\/2023\/01\/126horsebackriding-2.jpg 1200w\" alt=\"\" width=\"800\" height=\"400\" data-lazy-type=\"image\" data-src=\"https:\/\/rocketplay-game.com\/wp-content\/uploads\/2023\/01\/126horsebackriding-2-300x150.jpg\" data-srcset=\"\" \/><\/p>\n<h2>S\u00e5dan satser du p\u00e5 hestev\u00e6ddel\u00f8b<\/h2>\n<p>F\u00f8rst b\u00f8r du studere hestev\u00e6ddel\u00f8bsv\u00e6ddem\u00e5lsappen fra gamblingfirmaet i detaljer.\u00a0Takket v\u00e6re dette kan du investere dine penge i v\u00e6ddem\u00e5l meget mere rentabelt og g\u00f8re det bedste v\u00e6ddem\u00e5l i dit liv.\u00a0Adgang til gambling vil v\u00e6re passende i din lomme, hvilket betyder, at du til enhver tid kan \u00e5bne hestev\u00e6ddel\u00f8b, se udsendelsen og satse penge p\u00e5 store gevinster.<\/p>\n<p>Derudover b\u00f8r begyndere starte med en simpel registrering p\u00e5 den officielle spilleside:<\/p>\n<ol>\n<li aria-level=\"1\">Opret en personlig profil ved at trykke p\u00e5 registreringsknappen.\u00a0Udfyld oplysninger om dig selv s\u00e5 omhyggeligt som muligt for ikke at lave en fejl og best\u00e5 verifikationsproceduren uden problemer i fremtiden.\u00a0Herefter kan du aktivere din konto via e-mail.<\/li>\n<li aria-level=\"1\">Pr\u00f8v at bruge et af betalingssystemerne til at \u00f8ge din saldo og tjene rigtige penge.\u00a0S\u00f8rg for at bruge forskellige v\u00e6ddem\u00e5lsmuligheder og pr\u00f8v at vinde penge.\u00a0Sl\u00e5 demotilstanden til, hvis den er tilg\u00e6ngelig for dig.<\/li>\n<li aria-level=\"1\">Glem ikke at analysere hestev\u00e6ddel\u00f8bsmarkedet s\u00e5 grundigt som muligt, og v\u00e6lg kun de v\u00e6ddem\u00e5l, der kan tjene dig penge.\u00a0Lad dig ikke distrahere af amat\u00f8rkonkurrencer og fokuser p\u00e5 de ryttere, som der er information om.<\/li>\n<\/ol>\n<p>S\u00f8rg for at bruge verifikationsproceduren for at f\u00e5 hurtigere adgang til alle de finansielle funktioner p\u00e5 onlineplatformen og tjene betydeligt flere penge.\u00a0Dette vil give dig mulighed for at \u00f8ge din fortjeneste og blive bel\u00f8nnet direkte p\u00e5 din konto.\u00a0Du vil ogs\u00e5 kunne drage fordel af yderligere funktioner og f\u00e5 prioriteret hj\u00e6lp fra teknisk support.<\/p>\n<h2>Almindelige vilk\u00e5r i hestev\u00e6ddel\u00f8b<\/h2>\n<p>I de fleste tilf\u00e6lde b\u00f8r nybegynderen om de bedste v\u00e6ddem\u00e5l p\u00e5 hestev\u00e6ddel\u00f8b ikke bekymre sig, fordi gamblingfirmaet ringer til alle v\u00e6ddem\u00e5lsmarkeder.\u00a0V\u00e6lg en passende mulighed og begynd at skrive en kupon til et bestemt bel\u00f8b.\u00a0Du vil se resultatet p\u00e5 online-udsendelsen p\u00e5 f\u00e5 minutter, ogs\u00e5 tilg\u00e6ngeligt direkte i din browser.<\/p>\n<p>I hestev\u00e6ddel\u00f8b b\u00f8r nogle yderligere regler og betingelser ikke overtr\u00e6des under spillet.\u00a0Derfor anbefaler vi, at du omhyggeligt s\u00e6tter dig ind i begreber som:<\/p>\n<ul>\n<li aria-level=\"1\">en rytters sejr;<\/li>\n<li aria-level=\"1\">falsk start;<\/li>\n<li aria-level=\"1\">race kategorier.<\/li>\n<\/ul>\n<p>Dette vil hj\u00e6lpe dig med hurtigt at forst\u00e5 spillet og tjene flere penge p\u00e5 din konto.<\/p>\n<h2>S\u00e5dan v\u00e6lger du en vinderhest<\/h2>\n<p>Dit bedste bud er at bruge det unikke danske hestev\u00e6ddel\u00f8bsv\u00e6ddem\u00e5l evaluerings- og analysesystem. Mange platforme tilbyder spilbrugere en m\u00e5de at v\u00e6lge en passende hest og finde statistik om dens l\u00f8b.\u00a0Nogle heste er bedst, n\u00e5r de kun k\u00f8rer i l\u00f8bet af dagen, mens andre kan vise h\u00f8je resultater med selvsikre ryttere.<\/p>\n<p>L\u00e6r endnu mere om vindende teori i vores anmeldelser.\u00a0F\u00f8r du satser for rigtige penge, s\u00e5 pr\u00f8v at bruge demo-tilstanden for at vinde s\u00e5 \u00e6rligt og sikkert som muligt.\u00a0Du vil ogs\u00e5 v\u00e6re i stand til at drage fordel af forskellige spiltilstande og fors\u00f8ge at f\u00e5 en stor sum til din konto.<\/p>\n<p><img loading=\"lazy\" decoding=\"async\" class=\"aligncenter wp-image-3436 lazy-loaded\" src=\"https:\/\/rocketplay-game.com\/wp-content\/uploads\/2023\/01\/ypes-of-horse-racing-bets-1024x700-1-300x205.jpg\" sizes=\"auto, (max-width: 800px) 100vw, 800px\" srcset=\"https:\/\/rocketplay-game.com\/wp-content\/uploads\/2023\/01\/ypes-of-horse-racing-bets-1024x700-1-300x205.jpg 300w, https:\/\/rocketplay-game.com\/wp-content\/uploads\/2023\/01\/ypes-of-horse-racing-bets-1024x700-1-768x525.jpg 768w, https:\/\/rocketplay-game.com\/wp-content\/uploads\/2023\/01\/ypes-of-horse-racing-bets-1024x700-1.jpg 1024w\" alt=\"\" width=\"800\" height=\"547\" data-lazy-type=\"image\" data-src=\"https:\/\/rocketplay-game.com\/wp-content\/uploads\/2023\/01\/ypes-of-horse-racing-bets-1024x700-1-300x205.jpg\" data-srcset=\"\" \/><\/p>\n<h2>Typer af v\u00e6ddem\u00e5l<\/h2>\n<p>Vi anbefaler at satse p\u00e5 hestev\u00e6ddel\u00f8bstips for at pr\u00f8ve den officielle gamblingside.\u00a0Specielt til dig har vi samlet de bedste platforme med adgang til kasinoer og betting.\u00a0Brug din kapital fornuftigt og pr\u00f8v at vinde det maksimale bel\u00f8b ad gangen.\u00a0Dette vil i h\u00f8j grad hj\u00e6lpe dig med at f\u00e5 pr\u00e6mier og yderligere bonusser fra administrationen af \u200b\u200bspilleplatformen.<\/p>\n<h2>FAQ<\/h2>\n<p>I de fleste tilf\u00e6lde har begyndere brug for lidt hj\u00e6lp, s\u00e5 vi har sammensat et afsnit med svar p\u00e5 de mest popul\u00e6re sp\u00f8rgsm\u00e5l.\u00a0Pr\u00f8v at finde den type indsats, der passer til dig, og begynd at spille med det maksimale bel\u00f8b p\u00e5 din saldo.<\/p>\n<h3>Hvad er fordelene ved at spille p\u00e5 hestev\u00e6ddel\u00f8b?<\/h3>\n<p>Sportsdisciplinen er trendy, og derfor vil du snart kunne f\u00e5 gratis v\u00e6ddem\u00e5l p\u00e5 hestev\u00e6ddel\u00f8b.\u00a0Spilfirmaer motiverer konstant brugere til at spille og vinde for at tjene endnu flere penge.\u00a0S\u00e5 du kan drage fordel af et s\u00e5 lukrativt tilbud nu og f\u00f8le alle fordelene ved aktive spil.<\/p>\n<h3>Hvor meget kan jeg tjene pr. v\u00e6ddem\u00e5l p\u00e5 hestev\u00e6ddel\u00f8b?<\/h3>\n<p>Generelt vil du v\u00e6re i stand til at f\u00e5 en stor sum penge i live-v\u00e6ddel\u00f8b p\u00e5 hestev\u00e6ddel\u00f8b.\u00a0Selv en almindelig indsats vil give dig mulighed for at \u00f8ge din saldo flere gange, men du skal l\u00e6re at forudsige begivenheder korrekt.\u00a0Pr\u00f8v forskellige muligheder, brug ekstra bonusser og tilmeld dig et salgsfremmende nyhedsbrev.\u00a0Alt dette vil hj\u00e6lpe med at reducere risici og begynde at vinde oftere.<\/p>\n<h3>Hvad er begr\u00e6nsningerne for tilbagetr\u00e6kning efter at have vundet et l\u00f8b?<\/h3>\n<p>Generelt er der ingen begr\u00e6nsninger for tilbagetr\u00e6kningen p\u00e5 et typisk websted.\u00a0Vi anbefaler dog kun at bruge de spilselskaber p\u00e5 vores liste.\u00a0Dette vil beskytte mod svindlere og f\u00e5 det h\u00f8jeste serviceniveau.\u00a0Derudover tester vi ogs\u00e5 den tekniske supportservice under gennemgangen;\u00a0derfor kan du til enhver tid hurtigt f\u00e5 de oplysninger, du har brug for.<\/p>\n","protected":false},"excerpt":{"rendered":"<p>Mest af alt er brugere af hestev\u00e6ddel\u00f8b allerede vant til h\u00f8je odds og stejle bonusser.\u00a0Det er et tilbud p\u00e5 siderne i vores anmeldelser fra casinoets administration.\u00a0Du kan v\u00e6lge den rigtige hest og f\u00e5 en stor sum penge takket v\u00e6re den.\u00a0Bare pr\u00f8v det, og du er garanteret at vinde endnu mere p\u00e5 din konto. S\u00e5dan satser&#8230;<\/p>\n","protected":false},"author":1,"featured_media":0,"parent":0,"menu_order":0,"comment_status":"closed","ping_status":"closed","template":"page-with-bonus.php","meta":{"_acf_changed":false,"_kad_post_transparent":"default","_kad_post_title":"default","_kad_post_layout":"default","_kad_post_sidebar_id":"","_kad_post_content_style":"default","_kad_post_vertical_padding":"default","_kad_post_feature":"","_kad_post_feature_position":"","_kad_post_header":false,"_kad_post_footer":false,"footnotes":""},"class_list":["post-3514","page","type-page","status-publish","hentry"],"acf":[],"rttpg_featured_image_url":null,"rttpg_author":{"display_name":"Tom","author_link":"https:\/\/rocketplay-game.com\/da\/author\/pemvas95n89x\/"},"rttpg_comment":0,"rttpg_category":null,"rttpg_excerpt":"Mest af alt er brugere af hestev\u00e6ddel\u00f8b allerede vant til h\u00f8je odds og stejle bonusser.\u00a0Det er et tilbud p\u00e5 siderne i vores anmeldelser fra casinoets administration.\u00a0Du kan v\u00e6lge den rigtige hest og f\u00e5 en stor sum penge takket v\u00e6re den.\u00a0Bare pr\u00f8v det, og du er garanteret at vinde endnu mere p\u00e5 din konto. S\u00e5dan satser...","_links":{"self":[{"href":"https:\/\/rocketplay-game.com\/da\/wp-json\/wp\/v2\/pages\/3514","targetHints":{"allow":["GET"]}}],"collection":[{"href":"https:\/\/rocketplay-game.com\/da\/wp-json\/wp\/v2\/pages"}],"about":[{"href":"https:\/\/rocketplay-game.com\/da\/wp-json\/wp\/v2\/types\/page"}],"author":[{"embeddable":true,"href":"https:\/\/rocketplay-game.com\/da\/wp-json\/wp\/v2\/users\/1"}],"replies":[{"embeddable":true,"href":"https:\/\/rocketplay-game.com\/da\/wp-json\/wp\/v2\/comments?post=3514"}],"version-history":[{"count":3,"href":"https:\/\/rocketplay-game.com\/da\/wp-json\/wp\/v2\/pages\/3514\/revisions"}],"predecessor-version":[{"id":3515,"href":"https:\/\/rocketplay-game.com\/da\/wp-json\/wp\/v2\/pages\/3514\/revisions\/3515"}],"wp:attachment":[{"href":"https:\/\/rocketplay-game.com\/da\/wp-json\/wp\/v2\/media?parent=3514"}],"curies":[{"name":"wp","href":"https:\/\/api.w.org\/{rel}","templated":true}]}}