{"id":3518,"date":"2023-01-10T16:25:10","date_gmt":"2023-01-10T13:25:10","guid":{"rendered":"https:\/\/rocketplay-game.com\/sports-betting\/table-tennis\/"},"modified":"2023-01-19T21:32:07","modified_gmt":"2023-01-19T18:32:07","slug":"table-tennis","status":"publish","type":"page","link":"https:\/\/rocketplay-game.com\/da\/table-tennis\/","title":{"rendered":"Bordtennisv\u00e6ddem\u00e5l anmeldelse"},"content":{"rendered":"<p><span class=\"\">Hoved\u00e5rsagen til bordtennisv\u00e6ddem\u00e5lens popularitet er, at enhver kan tjene titusindvis af dollars p\u00e5 s\u00e5danne v\u00e6ddem\u00e5l.\u00a0<\/span>Reglerne er enkle, og spillerne \u00e6ndrer sig konstant.\u00a0Hvert spil spilles ikke mere end 10-15 minutter, hvilket betyder, at der er mange begivenheder hver dag.\u00a0Vi anbefaler, at du stoler p\u00e5 store turneringer og l\u00e6rer mere om bordtennis fordele ved v\u00e6ddem\u00e5l nu.<\/p>\n<p><img loading=\"lazy\" decoding=\"async\" class=\"aligncenter wp-image-3448 lazy-loaded\" src=\"https:\/\/rocketplay-game.com\/wp-content\/uploads\/2023\/01\/table-tennis-shots-300x169.jpg\" sizes=\"auto, (max-width: 800px) 100vw, 800px\" srcset=\"https:\/\/rocketplay-game.com\/wp-content\/uploads\/2023\/01\/table-tennis-shots-300x169.jpg 300w, https:\/\/rocketplay-game.com\/wp-content\/uploads\/2023\/01\/table-tennis-shots-1024x576.jpg 1024w, https:\/\/rocketplay-game.com\/wp-content\/uploads\/2023\/01\/table-tennis-shots-768x432.jpg 768w, https:\/\/rocketplay-game.com\/wp-content\/uploads\/2023\/01\/table-tennis-shots-1536x864.jpg 1536w, https:\/\/rocketplay-game.com\/wp-content\/uploads\/2023\/01\/table-tennis-shots.jpg 1920w\" alt=\"\" width=\"800\" height=\"450\" data-lazy-type=\"image\" data-src=\"https:\/\/rocketplay-game.com\/wp-content\/uploads\/2023\/01\/table-tennis-shots-300x169.jpg\" data-srcset=\"\" \/><\/p>\n<h2>S\u00e5dan satser du p\u00e5 bordtennis<\/h2>\n<p>For at satse p\u00e5 bordtennistips, skal du bruge en af \u200b\u200bspillesiderne.\u00a0Det er n\u00f8dvendigt at registrere og indbetale din konto for at forts\u00e6tte til udv\u00e6lgelsen af \u200b\u200bpassende kampe:<\/p>\n<ul>\n<li aria-level=\"1\">f\u00f8rst og fremmest v\u00e6rds\u00e6tte de hold, der er repr\u00e6senteret.\u00a0Modstandere har ikke sj\u00e6ldent allerede m\u00f8dt hinanden, hvilket betyder, at du kan samle specifikke statistikker og v\u00e6lge den mest lovende indsatsmulighed p\u00e5 forh\u00e5nd;<\/li>\n<li aria-level=\"1\">du b\u00f8r ikke satse et stort bel\u00f8b p\u00e5 \u00e9n gang p\u00e5 en bestemt spiller.\u00a0Selvom det er denne kamps favorit, og oddset er t\u00e6t p\u00e5 1,1, kan du stadig tabe.\u00a0Det er s\u00e5dan, begyndere mister deres budgetter;<\/li>\n<li aria-level=\"1\">pr\u00f8v at holde dine f\u00f8lelser under kontrol og ikke fors\u00f8ge at satse mere n\u00e6ste gang for at vinde tilbage.\u00a0For det f\u00f8rste er succes med v\u00e6ddem\u00e5l en disciplin og at f\u00f8lge en specifik strategi.<\/li>\n<\/ul>\n<p>Det kan v\u00e6re sv\u00e6rt at v\u00e6lge den rigtige taktik, s\u00e5 det anbefales at studere reglerne for sportsdisciplinen i detaljer.\u00a0I dette tilf\u00e6lde b\u00f8r du ogs\u00e5 tjekke analyserne fra de professionelle og lave din egen baseret p\u00e5 tilg\u00e6ngelige statistikker.\u00a0Dette er det minimum, du skal g\u00f8re for at vinde en stor sum.<\/p>\n<h2>Popul\u00e6re bordtennisv\u00e6ddem\u00e5lsmarkeder<\/h2>\n<p>Den mest kendte variant er bordtennisv\u00e6ddem\u00e5lsstrategien, med valget af en bestemt vinder.\u00a0Pr\u00f8v at analysere dine modstanders tidligere spil og v\u00e6lg det mest sandsynlige resultat.\u00a0I dette tilf\u00e6lde kan du hurtigt f\u00e5 din bel\u00f8nning og forts\u00e6tte til n\u00e6ste fase af spillet.<\/p>\n<p>Glem ikke, at kampe finder sted med nogle f\u00e5 10 minutters mellemrum, s\u00e5 lad v\u00e6re med at satse en stor sum p\u00e5 \u00e9n gang.\u00a0Bare koncentrer dig om spillet og vent p\u00e5 en mulighed for at f\u00e5 dine penge.\u00a0Pr\u00e6miepuljen g\u00e5r ingen vegne fra dig, hvilket betyder, at du kan f\u00e5 gaven n\u00e6sten \u00f8jeblikkeligt.<\/p>\n<h2>Bordtennis arrangementer<\/h2>\n<p>Der er klassiske bordtennis-v\u00e6ddem\u00e5lsregler, s\u00e5 du kan v\u00e6lge en passende v\u00e6ddem\u00e5lsmulighed.\u00a0I dette tilf\u00e6lde afholdes turneringer n\u00e6sten dagligt, men begyndere b\u00f8r v\u00e6re opm\u00e6rksomme p\u00e5 spil p\u00e5 verdensniveau i f\u00f8rste omgang.\u00a0Nogle af disse inkluderer Europa og World Racquet.\u00a0Pr\u00f8v at spille din indsats og f\u00e5 en bel\u00f8nning p\u00e5 din konto.<\/p>\n<h2>Tips og strategi<\/h2>\n<p>De mest kendte muligheder er, at odds p\u00e5 bordtennis er 1,7 eller 1,8.\u00a0Alt sammen fordi kampene er hurtige, og risikoen her er h\u00f8j.\u00a0Men bel\u00f8nningen for at acceptere at deltage i denne risiko er ogs\u00e5 fremragende.\u00a0Du kan pr\u00f8ve forskellige taktikker og strategier for at f\u00e5 bel\u00f8nningen p\u00e5 din konto.<\/p>\n<p>Nogle af de mest ber\u00f8mte tips fra eksperter inkluderer f\u00f8lgende:<\/p>\n<ul>\n<li aria-level=\"1\">pr\u00f8v at opdele dit budget i 30 eller flere dele fra begyndelsen.\u00a0Sats ikke mere end \u00e9n del for at begr\u00e6nse dine tab og gevinster.\u00a0Takket v\u00e6re dette vil det v\u00e6re muligt at rette din prognose og f\u00e5 pengene p\u00e5 lang afstand;<\/li>\n<li aria-level=\"1\">du b\u00f8r h\u00e6ve de tjente penge fra din konto oftere, s\u00e5 du kan se dine resultater.\u00a0Dette vil give dig mulighed for at f\u00f8le v\u00e6gten af \u200b\u200bpenge og forst\u00e5 essensen af \u200b\u200bspillet.\u00a0Ellers er det nemt at miste kontakten til virkeligheden og begynde at bruge alting i tr\u00e6k;<\/li>\n<li aria-level=\"1\">pr\u00f8v at kontrollere dine f\u00f8lelser og skriv straks resultaterne af dine v\u00e6ddem\u00e5l ned.\u00a0I dette tilf\u00e6lde vil det v\u00e6re nemmere for dig at finde den perfekte balance mellem indsatsbel\u00f8bet og oddsene.<\/li>\n<\/ul>\n<p>S\u00f8rg for at pr\u00f8ve forskellige strategier og taktikker for at vinde.\u00a0Glem heller ikke de fremragende bonusser, du hurtigt kan f\u00e5 p\u00e5 hovedsiden.<\/p>\n<p><img loading=\"lazy\" decoding=\"async\" class=\"aligncenter wp-image-3457 lazy-loaded\" src=\"https:\/\/rocketplay-game.com\/wp-content\/uploads\/2023\/01\/table-tennis-300x143.jpg\" sizes=\"auto, (max-width: 800px) 100vw, 800px\" srcset=\"https:\/\/rocketplay-game.com\/wp-content\/uploads\/2023\/01\/table-tennis-300x143.jpg 300w, https:\/\/rocketplay-game.com\/wp-content\/uploads\/2023\/01\/table-tennis-1024x487.jpg 1024w, https:\/\/rocketplay-game.com\/wp-content\/uploads\/2023\/01\/table-tennis-768x365.jpg 768w, https:\/\/rocketplay-game.com\/wp-content\/uploads\/2023\/01\/table-tennis.jpg 1220w\" alt=\"\" width=\"800\" height=\"380\" data-lazy-type=\"image\" data-src=\"https:\/\/rocketplay-game.com\/wp-content\/uploads\/2023\/01\/table-tennis-300x143.jpg\" data-srcset=\"\" \/><\/p>\n<h2>FAQ<\/h2>\n<p>Ud over nyttige tips til bordtennisspil anbefaler vi at l\u00e6se en r\u00e6kke svar p\u00e5 popul\u00e6re sp\u00f8rgsm\u00e5l fra begyndere.\u00a0Pr\u00f8v at forst\u00e5 alle de s\u00e6rlige kendetegn ved sportsdisciplinen og begynd at nyde dine v\u00e6ddem\u00e5l.<\/p>\n<h3>Hvad er fordelene ved at spille p\u00e5 bordtennis?<\/h3>\n<p>Den st\u00f8rste fordel er, at du kan fordybe dig i spillet s\u00e5 hurtigt som muligt, l\u00e6re reglerne og begynde at tjene.\u00a0Alle kampe spilles med et interval p\u00e5 15 minutter, hvilket betyder, at du er sikret en chance for at vinde.\u00a0Mange resultater og ber\u00f8mte atleter vil g\u00f8re spillet mere sp\u00e6ndende og varierende.<\/p>\n<h3>Hvor meget kan jeg tjene pr. v\u00e6ddem\u00e5l p\u00e5 bordtennis?<\/h3>\n<p>Der er ingen begr\u00e6nsning p\u00e5 de maksimale gevinster i sig selv, men du kan se de generelle regler i de prim\u00e6re casinodokumenter.\u00a0Jo mere popul\u00e6r turneringen du v\u00e6lger, jo flere chancer har du for at satse en stor sum penge p\u00e5 \u00e9n gang.\u00a0Pr\u00f8v at udnytte den unikke mulighed for at tjene meget p\u00e5 \u00e9n gang p\u00e5 et enkelt v\u00e6ddem\u00e5l.\u00a0Men da kampene normalt er hurtige, er bel\u00f8bet pr. indsats ikke for betydeligt.<\/p>\n<h3>Hvad er begr\u00e6nsningerne for udbetaling efter sejr ved bordtennis?<\/h3>\n<p>P\u00e5 de bedste bordtennisspilsider vil du ikke have nogen problemer med at h\u00e6ve penge efter at have vundet.\u00a0S\u00e5danne spillevirksomheder kan findes p\u00e5 vores hjemmeside, fordi vi laver anmeldelser af h\u00f8j kvalitet.\u00a0Vi tester omhyggeligt casinoets funktionalitet, n\u00e5r vi skriver materialer og kontakter endda teknisk support.\u00a0Det betyder, at du kan stole p\u00e5 de data, vi modtager fra os, og starte dit sjove spil allerede nu.<\/p>\n","protected":false},"excerpt":{"rendered":"<p>Hoved\u00e5rsagen til bordtennisv\u00e6ddem\u00e5lens popularitet er, at enhver kan tjene titusindvis af dollars p\u00e5 s\u00e5danne v\u00e6ddem\u00e5l.\u00a0Reglerne er enkle, og spillerne \u00e6ndrer sig konstant.\u00a0Hvert spil spilles ikke mere end 10-15 minutter, hvilket betyder, at der er mange begivenheder hver dag.\u00a0Vi anbefaler, at du stoler p\u00e5 store turneringer og l\u00e6rer mere om bordtennis fordele ved v\u00e6ddem\u00e5l nu. S\u00e5dan&#8230;<\/p>\n","protected":false},"author":1,"featured_media":0,"parent":0,"menu_order":0,"comment_status":"closed","ping_status":"closed","template":"page-with-bonus.php","meta":{"_acf_changed":false,"_kad_post_transparent":"default","_kad_post_title":"default","_kad_post_layout":"default","_kad_post_sidebar_id":"","_kad_post_content_style":"default","_kad_post_vertical_padding":"default","_kad_post_feature":"","_kad_post_feature_position":"","_kad_post_header":false,"_kad_post_footer":false,"footnotes":""},"class_list":["post-3518","page","type-page","status-publish","hentry"],"acf":[],"rttpg_featured_image_url":null,"rttpg_author":{"display_name":"Tom","author_link":"https:\/\/rocketplay-game.com\/da\/author\/pemvas95n89x\/"},"rttpg_comment":0,"rttpg_category":null,"rttpg_excerpt":"Hoved\u00e5rsagen til bordtennisv\u00e6ddem\u00e5lens popularitet er, at enhver kan tjene titusindvis af dollars p\u00e5 s\u00e5danne v\u00e6ddem\u00e5l.\u00a0Reglerne er enkle, og spillerne \u00e6ndrer sig konstant.\u00a0Hvert spil spilles ikke mere end 10-15 minutter, hvilket betyder, at der er mange begivenheder hver dag.\u00a0Vi anbefaler, at du stoler p\u00e5 store turneringer og l\u00e6rer mere om bordtennis fordele ved v\u00e6ddem\u00e5l nu. S\u00e5dan...","_links":{"self":[{"href":"https:\/\/rocketplay-game.com\/da\/wp-json\/wp\/v2\/pages\/3518","targetHints":{"allow":["GET"]}}],"collection":[{"href":"https:\/\/rocketplay-game.com\/da\/wp-json\/wp\/v2\/pages"}],"about":[{"href":"https:\/\/rocketplay-game.com\/da\/wp-json\/wp\/v2\/types\/page"}],"author":[{"embeddable":true,"href":"https:\/\/rocketplay-game.com\/da\/wp-json\/wp\/v2\/users\/1"}],"replies":[{"embeddable":true,"href":"https:\/\/rocketplay-game.com\/da\/wp-json\/wp\/v2\/comments?post=3518"}],"version-history":[{"count":3,"href":"https:\/\/rocketplay-game.com\/da\/wp-json\/wp\/v2\/pages\/3518\/revisions"}],"predecessor-version":[{"id":3917,"href":"https:\/\/rocketplay-game.com\/da\/wp-json\/wp\/v2\/pages\/3518\/revisions\/3917"}],"wp:attachment":[{"href":"https:\/\/rocketplay-game.com\/da\/wp-json\/wp\/v2\/media?parent=3518"}],"curies":[{"name":"wp","href":"https:\/\/api.w.org\/{rel}","templated":true}]}}