{"id":3522,"date":"2023-01-10T16:05:13","date_gmt":"2023-01-10T13:05:13","guid":{"rendered":"https:\/\/rocketplay-game.com\/sports-betting\/ufc\/"},"modified":"2026-02-27T23:16:02","modified_gmt":"2026-02-27T20:16:02","slug":"ufc","status":"publish","type":"page","link":"https:\/\/rocketplay-game.com\/da\/ufc\/","title":{"rendered":"UFC Betting anmeldelse"},"content":{"rendered":"<p>Konkurrencer i blandet kampsport kaldes kampe uden regler.\u00a0Der er dog s\u00e6rlige regler.\u00a0De er strenge.\u00a0Derfor er det vigtigt at overveje, at alt dette er at v\u00e6lge UFC-v\u00e6ddem\u00e5l til betting.\u00a0Mange spillere satser p\u00e5 UFC og har det sjovt med at se, hvad der sker.\u00a0Der er mulighed for markant at forbedre deres \u00f8konomiske velbefindende uden at belaste fysisk.<\/p>\n<p><img loading=\"lazy\" decoding=\"async\" class=\"aligncenter wp-image-3377 lazy-loaded\" src=\"https:\/\/rocketplay-game.com\/wp-content\/uploads\/2023\/01\/ecfc44ff4496f67_886x452-300x153.png\" sizes=\"auto, (max-width: 800px) 100vw, 800px\" srcset=\"https:\/\/rocketplay-game.com\/wp-content\/uploads\/2023\/01\/ecfc44ff4496f67_886x452-300x153.png 300w, https:\/\/rocketplay-game.com\/wp-content\/uploads\/2023\/01\/ecfc44ff4496f67_886x452-768x392.png 768w, https:\/\/rocketplay-game.com\/wp-content\/uploads\/2023\/01\/ecfc44ff4496f67_886x452.png 886w\" alt=\"\" width=\"800\" height=\"408\" data-lazy-type=\"image\" data-src=\"https:\/\/rocketplay-game.com\/wp-content\/uploads\/2023\/01\/ecfc44ff4496f67_886x452-300x153.png\" data-srcset=\"\" \/><\/p>\n<h2>Popul\u00e6re og de bedste UFC-v\u00e6ddem\u00e5l forklaret<\/h2>\n<p>Der er en bred vifte af v\u00e6ddem\u00e5l p\u00e5 den bedste UFC bettingside:<\/p>\n<ol>\n<li aria-level=\"1\">N\u00e5r du v\u00e6lger et v\u00e6ddem\u00e5l p\u00e5 det n\u00f8jagtige udfald af kampen, skal spilleren satse p\u00e5 en eller anden modstanders sejr.\u00a0Oftest er de cirka i samme v\u00e6gtklasse.\u00a0Derfor er der ingen klare favoritter.\u00a0Men spilleren venter p\u00e5 attraktive odds.<\/li>\n<li aria-level=\"1\">N\u00e5r du v\u00e6lger et v\u00e6ddem\u00e5l p\u00e5 kampens varighed, er oddsene ikke mindre h\u00f8je.\u00a0Og hvis v\u00e6ddem\u00e5let bliver spillet, vil v\u00e6ddem\u00e5let f\u00e5 en betydelig \u00f8konomisk indt\u00e6gt.<\/li>\n<li aria-level=\"1\">Hvis du v\u00e6lger Live-tilstand, vil det v\u00e6re klogt at satse p\u00e5 dommerens beslutning.\u00a0Det er muligt at observere dommernes reaktioner.<\/li>\n<li aria-level=\"1\">I n\u00e6rv\u00e6relse af en udtalt outsider kan du satse p\u00e5 spillerens sejr med et smertefuldt eller kv\u00e6lende hold.<\/li>\n<\/ol>\n<p>Der er andre v\u00e6ddem\u00e5l p\u00e5 UFC.\u00a0Og enhver kan selv bestemme, hvilken man skal v\u00e6lge.<\/p>\n<h2>S\u00e5dan satser du p\u00e5 UFC<\/h2>\n<p>For et v\u00e6ddem\u00e5l p\u00e5 den bedste UFC betting app.\u00a0Det er vigtigt at analysere h\u00e6ndelsesforl\u00f8bet kompetent og v\u00e6re opm\u00e6rksom p\u00e5 v\u00e6sentlige komponenter:<\/p>\n<ol>\n<li aria-level=\"1\">Fighternes form spiller en rolle.\u00a0For at analysere dette sp\u00f8rgsm\u00e5l er det v\u00e6rd at se p\u00e5 statistikken over de sidste kampe for hver fighter.<\/li>\n<li aria-level=\"1\">Det er n\u00f8dvendigt at studere de seneste nyheder om de atleter, der deltager i kampen, som du skal satse p\u00e5.\u00a0P\u00e5 den m\u00e5de er det muligt at orientere sig om deltagernes tilstand.<\/li>\n<li aria-level=\"1\">K\u00e6mpernes egenskaber b\u00f8r ogs\u00e5 overvejes p\u00e5 en obligatorisk m\u00e5de.\u00a0Hver har sine styrker og svagheder.\u00a0Og ved at kende dem, kan du mere pr\u00e6cist forudsige kampens udfald.<\/li>\n<li aria-level=\"1\">Ingen ekstra vil v\u00e6re udtalelse fra eksperter.\u00a0Det drejer sig om den kommende kamp, \u200b\u200bsamt chancerne for, at konkurrenterne bliver involveret i kampen.<\/li>\n<\/ol>\n<p>Alle kan v\u00e6lge en type UFC-v\u00e6ddem\u00e5lsguide for at have en forn\u00f8jelig og sp\u00e6ndende tid, mens de har alle muligheder for at \u00e6ndre deres liv dramatisk ved at \u00f8ge deres \u00f8konomiske kapital takket v\u00e6re de spillede v\u00e6ddem\u00e5l.<\/p>\n<h2>UFC-v\u00e6ddem\u00e5lstips og -strategier<\/h2>\n<p>For at satse med succes p\u00e5 UFC live betting og ofte vinde, bruger erfarne spillere forskellige spiltilgange:<\/p>\n<ol>\n<li aria-level=\"1\">Oplysninger fra krigerens tr\u00e6ningslejre b\u00f8r studeres.<\/li>\n<li aria-level=\"1\">Udsving i tilbud b\u00f8r tages i betragtning.\u00a0Og hvis der er v\u00e6sentlige skift i linjen, s\u00e5 er det v\u00e6rd at genoverveje prognosen og foretage justeringer.<\/li>\n<\/ol>\n<p>Dette er ikke slutningen p\u00e5 UFC betting tips:<\/p>\n<ol>\n<li aria-level=\"1\">Ved at v\u00e6lge live betting er det muligt at bette under kampen.<\/li>\n<li aria-level=\"1\">Hvis en af \u200b\u200brivalerne lider af skader i begyndelsen af \u200b\u200bkampen, kan tingene blive v\u00e6rre, efterh\u00e5nden som runderne g\u00e5r.\u00a0Og dette er vigtigt at overveje, n\u00e5r du laver et v\u00e6ddem\u00e5l under kampen.<\/li>\n<li aria-level=\"1\">Det er vigtigt, i hvilken tilstand atleterne er. Det er n\u00f8dvendigt at forberede sig p\u00e5 de mest uventede scenarier under kampen.<\/li>\n<\/ol>\n<p>For at vinde, n\u00e5r du spiller p\u00e5 UFC, er det vigtigt at v\u00e6re opm\u00e6rksom, have et roligt sind, ikke stole p\u00e5 f\u00f8lelser og v\u00e6re i stand til at kontrollere dem.<\/p>\n<p><img loading=\"lazy\" decoding=\"async\" class=\"aligncenter wp-image-3387 lazy-loaded\" src=\"https:\/\/rocketplay-game.com\/wp-content\/uploads\/2023\/01\/5858663a830ec-300x176.jpg\" sizes=\"auto, (max-width: 800px) 100vw, 800px\" srcset=\"https:\/\/rocketplay-game.com\/wp-content\/uploads\/2023\/01\/5858663a830ec-300x176.jpg 300w, https:\/\/rocketplay-game.com\/wp-content\/uploads\/2023\/01\/5858663a830ec-1024x602.jpg 1024w, https:\/\/rocketplay-game.com\/wp-content\/uploads\/2023\/01\/5858663a830ec-768x452.jpg 768w, https:\/\/rocketplay-game.com\/wp-content\/uploads\/2023\/01\/5858663a830ec.jpg 1360w\" alt=\"\" width=\"800\" height=\"471\" data-lazy-type=\"image\" data-src=\"https:\/\/rocketplay-game.com\/wp-content\/uploads\/2023\/01\/5858663a830ec-300x176.jpg\" data-srcset=\"\" \/><\/p>\n<h2>De mest almindelige UFC-v\u00e6ddem\u00e5lsfejl<\/h2>\n<p>En af hovedfejlene kan roligt kaldes selvtillid.\u00a0For at spille p\u00e5 UFC betting-appen er det vigtigt at kende sportens regler.\u00a0Herudover er en grundig analyse kritisk her.<\/p>\n<p>Det er essentielt at studere modstandernes styrker og svagheder p\u00e5 forh\u00e5nd, s\u00e5 du kan forudsige kampens udfald mere pr\u00e6cist og foretage de rigtige indsatser.<\/p>\n<h2>FAQ<\/h2>\n<p>For dem, der har besluttet at satse p\u00e5 UFC og elsker sporten, vil det v\u00e6re nyttigt at l\u00e6se svarene p\u00e5 de ofte stillede sp\u00f8rgsm\u00e5l.\u00a0For spillere vil denne information v\u00e6re v\u00e6sentlig.<\/p>\n<h3>Hvorfor v\u00e6lger mange mennesker at spille p\u00e5 UFC?<\/h3>\n<p>Der er en reel mulighed for at se en tilstr\u00e6kkelig dynamisk og h\u00e5rd kamp, \u200b\u200bmens du tjener en anst\u00e6ndig sum penge p\u00e5 denne sport uden at anstrenge dig fysisk.\u00a0I s\u00e5danne dueller er der en attraktion:<\/p>\n<ul>\n<li aria-level=\"1\">skuespil;<\/li>\n<li aria-level=\"1\">dynamik;<\/li>\n<li aria-level=\"1\">konfrontation af professionelle modstandere;<\/li>\n<li aria-level=\"1\">uforudsigeligheden af \u200b\u200bkonkurrencens udfald.<\/li>\n<\/ul>\n<p>V\u00e6ddem\u00e5l p\u00e5 betting odds UFC, kan hver spiller f\u00e5 en betydelig fortjeneste.<\/p>\n<h3>Hvad er den rigtige m\u00e5de at spille p\u00e5 UFC?<\/h3>\n<p>For at spille p\u00e5 UFC-v\u00e6ddem\u00e5lstips er det vigtigt:<\/p>\n<ul>\n<li aria-level=\"1\">at vide, hvordan man navigerer i statistikken;<\/li>\n<li aria-level=\"1\">v\u00e6re forberedt p\u00e5 de mest uventede udfald i de sidste kampe;<\/li>\n<li aria-level=\"1\">at kunne opbygge en strategi;<\/li>\n<li aria-level=\"1\">overveje reglerne i konkurrencer, fordi de kan variere afh\u00e6ngigt af, hvor turneringerne afholdes.<\/li>\n<\/ul>\n<p>Det er vigtigt at kontrollere f\u00f8lelser, n\u00f8je f\u00f8lge begivenheder og udvikle en strategi.<\/p>\n<h3>Hvilken slags UFC-v\u00e6ddem\u00e5l er v\u00e6rd at v\u00e6lge?<\/h3>\n<p>Blandt de mest popul\u00e6re er:<\/p>\n<ul>\n<li aria-level=\"1\">et v\u00e6ddem\u00e5l p\u00e5 det n\u00f8jagtige udfald af kampen;<\/li>\n<li aria-level=\"1\">v\u00e6ddem\u00e5l p\u00e5 kampens varighed;<\/li>\n<li aria-level=\"1\">v\u00e6ddem\u00e5l p\u00e5 dommernes afg\u00f8relse hilses velkommen;<\/li>\n<li aria-level=\"1\">det er muligt at satse p\u00e5 spillerens sejr ved at bruge et smertefuldt eller kv\u00e6lende hold.<\/li>\n<\/ul>\n<p>Der er andre mulige v\u00e6ddem\u00e5l p\u00e5 UFC betting Danmark.Og alle kan v\u00e6lge pr\u00e6cis, hvad de foretr\u00e6kker. Hver mulighed er attraktiv og kan give en anst\u00e6ndig indkomst, hvis indsatsen spiller.<\/p>\n","protected":false},"excerpt":{"rendered":"<p>Konkurrencer i blandet kampsport kaldes kampe uden regler.\u00a0Der er dog s\u00e6rlige regler.\u00a0De er strenge.\u00a0Derfor er det vigtigt at overveje, at alt dette er at v\u00e6lge UFC-v\u00e6ddem\u00e5l til betting.\u00a0Mange spillere satser p\u00e5 UFC og har det sjovt med at se, hvad der sker.\u00a0Der er mulighed for markant at forbedre deres \u00f8konomiske velbefindende uden at belaste fysisk&#8230;.<\/p>\n","protected":false},"author":1,"featured_media":0,"parent":0,"menu_order":0,"comment_status":"closed","ping_status":"closed","template":"page-with-bonus.php","meta":{"_acf_changed":false,"_kad_post_transparent":"default","_kad_post_title":"default","_kad_post_layout":"default","_kad_post_sidebar_id":"","_kad_post_content_style":"default","_kad_post_vertical_padding":"default","_kad_post_feature":"","_kad_post_feature_position":"","_kad_post_header":false,"_kad_post_footer":false,"footnotes":""},"class_list":["post-3522","page","type-page","status-publish","hentry"],"acf":[],"rttpg_featured_image_url":null,"rttpg_author":{"display_name":"Tom","author_link":"https:\/\/rocketplay-game.com\/da\/author\/pemvas95n89x\/"},"rttpg_comment":0,"rttpg_category":null,"rttpg_excerpt":"Konkurrencer i blandet kampsport kaldes kampe uden regler.\u00a0Der er dog s\u00e6rlige regler.\u00a0De er strenge.\u00a0Derfor er det vigtigt at overveje, at alt dette er at v\u00e6lge UFC-v\u00e6ddem\u00e5l til betting.\u00a0Mange spillere satser p\u00e5 UFC og har det sjovt med at se, hvad der sker.\u00a0Der er mulighed for markant at forbedre deres \u00f8konomiske velbefindende uden at belaste fysisk....","_links":{"self":[{"href":"https:\/\/rocketplay-game.com\/da\/wp-json\/wp\/v2\/pages\/3522","targetHints":{"allow":["GET"]}}],"collection":[{"href":"https:\/\/rocketplay-game.com\/da\/wp-json\/wp\/v2\/pages"}],"about":[{"href":"https:\/\/rocketplay-game.com\/da\/wp-json\/wp\/v2\/types\/page"}],"author":[{"embeddable":true,"href":"https:\/\/rocketplay-game.com\/da\/wp-json\/wp\/v2\/users\/1"}],"replies":[{"embeddable":true,"href":"https:\/\/rocketplay-game.com\/da\/wp-json\/wp\/v2\/comments?post=3522"}],"version-history":[{"count":3,"href":"https:\/\/rocketplay-game.com\/da\/wp-json\/wp\/v2\/pages\/3522\/revisions"}],"predecessor-version":[{"id":3523,"href":"https:\/\/rocketplay-game.com\/da\/wp-json\/wp\/v2\/pages\/3522\/revisions\/3523"}],"wp:attachment":[{"href":"https:\/\/rocketplay-game.com\/da\/wp-json\/wp\/v2\/media?parent=3522"}],"curies":[{"name":"wp","href":"https:\/\/api.w.org\/{rel}","templated":true}]}}