{"id":4115,"date":"2023-08-16T22:51:40","date_gmt":"2023-08-16T19:51:40","guid":{"rendered":"https:\/\/rocketplay-game.com\/slots\/9-coins\/"},"modified":"2023-10-07T09:50:52","modified_gmt":"2023-10-07T06:50:52","slug":"9-coins","status":"publish","type":"page","link":"https:\/\/rocketplay-game.com\/da\/slots\/9-coins\/","title":{"rendered":"Afsl\u00f8ring af rigdommen af 9 Coins Slot: En dybdeg\u00e5ende anmeldelse"},"content":{"rendered":"<p>Klar til en sp\u00e6ndende rejse ind i en verden af lykke? Velkommen til 9 Coins spilleautomaten. Det er et sp\u00e6ndende casinospil fyldt med muligheder for store gevinster. Lad os dykke ned i 9 Coins slot anmeldelse.<\/p>\n<h2>Gennemgang af spilleautomaten med 9 m\u00f8nter<\/h2>\n<p>9 Coins spilleautomaten tager spillerne med p\u00e5 en sp\u00e6ndende rejse med skattejagt. Temaet kredser om rigdommen og heldet forbundet med tallet 9, afbildet i levende grafik og fordybende lydeffekter. Spillet byder p\u00e5 standardsymboler, specielle symboler og en r\u00e6kke bonusrunder, der hver tilbyder forskellige niveauer af bel\u00f8nninger. Wilds og Scatters introducerer engagerende gameplay, mens den unikke &#8216;9 Coins-funktion&#8217; er en gateway til betydelige udbetalinger.<\/p>\n<p><img loading=\"lazy\" decoding=\"async\" class=\"aligncenter size-full wp-image-4032\" src=\"https:\/\/rocketplay-game.com\/wp-content\/uploads\/2023\/08\/9coinsgrandgoldeditionslot.png\" alt=\"Unveiling the Wealth of 9 Coins Slot 1\" width=\"995\" height=\"523\" srcset=\"https:\/\/rocketplay-game.com\/wp-content\/uploads\/2023\/08\/9coinsgrandgoldeditionslot.png 995w, https:\/\/rocketplay-game.com\/wp-content\/uploads\/2023\/08\/9coinsgrandgoldeditionslot-300x158.png 300w, https:\/\/rocketplay-game.com\/wp-content\/uploads\/2023\/08\/9coinsgrandgoldeditionslot-768x404.png 768w\" sizes=\"auto, (max-width: 995px) 100vw, 995px\" \/><\/p>\n<h2>Udforsk 9 Coins Slot Demo<\/h2>\n<p>9 Coins slot-demoen giver en fremragende platform for nye spillere. Det giver dem mulighed for at forst\u00e5 spilmekanikken, udforske dens funktioner og udt\u00e6nke potentielle strategier uden at risikere rigtige penge. Demoen gentager selve spillets sp\u00e6nding, men tilf\u00f8jer fordelen ved risikofri tr\u00e6ning.<\/p>\n<h2>Vind stort med 9 m\u00f8nter gratis spins i Australien<\/h2>\n<p>Gratis spins er en v\u00e6sentlig del af de 9 m\u00f8nter gratis spins i Australien, hvilket is\u00e6r appellerer til spillere i Australien. De \u00f8ger ikke kun spillets sp\u00e6nding, men \u00e5bner ogs\u00e5 muligheder for st\u00f8rre gevinster. Udl\u00f8st af specifikke symbolkombinationer kan disse 9 m\u00f8nter gratis spins nogle gange komme med multiplikatorer, hvilket \u00f8ger dine gevinster eksponentielt.<\/p>\n<h2>Optrappe spillet med 9 m\u00f8nter gratis spins i Australien<\/h2>\n<p>Muligheden for at ramme en r\u00e6kke gevinster under de 9 m\u00f8nter gratis spins er sp\u00e6ndende. Spillere afventer disse specielle \u00f8jeblikke med forventning, da de drastisk kan \u00e6ndre spillets gang. Potentialet for at samle flere bel\u00f8nninger uden at satse yderligere penge er en fristende udsigt.<\/p>\n<p>Desuden byder gratis spins ofte p\u00e5 mere komplicerede animationer og lydeffekter, hvilket tilf\u00f8jer den samlede spiloplevelse. Disse funktioner g\u00f8r free spins-sessionen ikke kun potentielt mere profitabel, men ogs\u00e5 mere behagelig.<\/p>\n<p>Det er ogs\u00e5 v\u00e6rd at bem\u00e6rke, at gratis spins giver spillerne en chance for at udforske spillets dynamik og forst\u00e5 dets mekanik bedre uden at risikere deres balance. Denne praksis kan f\u00f8re til mere strategisk og informeret v\u00e6ddem\u00e5l, n\u00e5r du spiller med rigtige penge. I bund og grund tilbyder 9 Coins gratis spins en omfattende blanding af sp\u00e6nding, l\u00e6ring og potentielle gevinster, hvilket g\u00f8r dem til en integreret del af spiloplevelsen i Australien.<\/p>\n<p><img loading=\"lazy\" decoding=\"async\" class=\"aligncenter size-full wp-image-4022\" src=\"https:\/\/rocketplay-game.com\/wp-content\/uploads\/2023\/08\/55.png\" alt=\"Unveiling the Wealth of 9 Coins Slot 2\" width=\"709\" height=\"376\" srcset=\"https:\/\/rocketplay-game.com\/wp-content\/uploads\/2023\/08\/55.png 709w, https:\/\/rocketplay-game.com\/wp-content\/uploads\/2023\/08\/55-300x159.png 300w\" sizes=\"auto, (max-width: 709px) 100vw, 709px\" \/><\/p>\n<h2>Rigtige penge vinder med 9 m\u00f8nter Pokies<\/h2>\n<p>At spille 9 m\u00f8nter for rigtige penge tager sp\u00e6ndingen til n\u00e6ste niveau. V\u00e6ddem\u00e5lsudvalget er bredt og rummer spillere med forskellige budgetter. Med den rigtige strategi og lidt held kan spillere lande betydelige udbetalinger, hvilket g\u00f8r 9 Coins pokies til et lovende valg for dem, der s\u00f8ger kasinounderholdning med rigtige penge.<\/p>\n<p>For at opsummere, tilbyder 9 Coins slot en engagerende spiloplevelse med lovende potentielle bel\u00f8nninger. Uanset om du pr\u00f8ver 9 Coins slot-demoen eller sigter efter 9 Coins rigtige pengesejre, s\u00e5 begynd denne sp\u00e6ndende casinorejse i dag!<\/p>\n","protected":false},"excerpt":{"rendered":"<p>Klar til en sp\u00e6ndende rejse ind i en verden af lykke? Velkommen til 9 Coins spilleautomaten. Det er et sp\u00e6ndende casinospil fyldt med muligheder for store gevinster. Lad os dykke ned i 9 Coins slot anmeldelse. Gennemgang af spilleautomaten med 9 m\u00f8nter 9 Coins spilleautomaten tager spillerne med p\u00e5 en sp\u00e6ndende rejse med skattejagt. Temaet&#8230;<\/p>\n","protected":false},"author":1,"featured_media":0,"parent":2298,"menu_order":0,"comment_status":"closed","ping_status":"closed","template":"page-with-slot.php","meta":{"_acf_changed":false,"_kad_post_transparent":"default","_kad_post_title":"default","_kad_post_layout":"default","_kad_post_sidebar_id":"","_kad_post_content_style":"default","_kad_post_vertical_padding":"default","_kad_post_feature":"","_kad_post_feature_position":"","_kad_post_header":false,"_kad_post_footer":false,"footnotes":""},"class_list":["post-4115","page","type-page","status-publish","hentry"],"acf":[],"rttpg_featured_image_url":null,"rttpg_author":{"display_name":"Tom","author_link":"https:\/\/rocketplay-game.com\/da\/author\/pemvas95n89x\/"},"rttpg_comment":0,"rttpg_category":null,"rttpg_excerpt":"Klar til en sp\u00e6ndende rejse ind i en verden af lykke? Velkommen til 9 Coins spilleautomaten. Det er et sp\u00e6ndende casinospil fyldt med muligheder for store gevinster. Lad os dykke ned i 9 Coins slot anmeldelse. Gennemgang af spilleautomaten med 9 m\u00f8nter 9 Coins spilleautomaten tager spillerne med p\u00e5 en sp\u00e6ndende rejse med skattejagt. Temaet...","_links":{"self":[{"href":"https:\/\/rocketplay-game.com\/da\/wp-json\/wp\/v2\/pages\/4115","targetHints":{"allow":["GET"]}}],"collection":[{"href":"https:\/\/rocketplay-game.com\/da\/wp-json\/wp\/v2\/pages"}],"about":[{"href":"https:\/\/rocketplay-game.com\/da\/wp-json\/wp\/v2\/types\/page"}],"author":[{"embeddable":true,"href":"https:\/\/rocketplay-game.com\/da\/wp-json\/wp\/v2\/users\/1"}],"replies":[{"embeddable":true,"href":"https:\/\/rocketplay-game.com\/da\/wp-json\/wp\/v2\/comments?post=4115"}],"version-history":[{"count":2,"href":"https:\/\/rocketplay-game.com\/da\/wp-json\/wp\/v2\/pages\/4115\/revisions"}],"predecessor-version":[{"id":4117,"href":"https:\/\/rocketplay-game.com\/da\/wp-json\/wp\/v2\/pages\/4115\/revisions\/4117"}],"up":[{"embeddable":true,"href":"https:\/\/rocketplay-game.com\/da\/wp-json\/wp\/v2\/pages\/2298"}],"wp:attachment":[{"href":"https:\/\/rocketplay-game.com\/da\/wp-json\/wp\/v2\/media?parent=4115"}],"curies":[{"name":"wp","href":"https:\/\/api.w.org\/{rel}","templated":true}]}}