{"id":4148,"date":"2023-08-16T22:53:21","date_gmt":"2023-08-16T19:53:21","guid":{"rendered":"https:\/\/rocketplay-game.com\/slots\/gold-express\/"},"modified":"2023-10-07T13:55:25","modified_gmt":"2023-10-07T10:55:25","slug":"gold-express","status":"publish","type":"page","link":"https:\/\/rocketplay-game.com\/da\/slots\/gold-express\/","title":{"rendered":"Gold Express Slot: Din billet til sp\u00e6ndende bel\u00f8nninger"},"content":{"rendered":"<p>Alle ombord p\u00e5 Gold Express slot! Dette sp\u00e6ndende spil tager dig med p\u00e5 en sp\u00e6ndende rejse fyldt med guld, bel\u00f8nninger og sp\u00e6nding. Er du klar til at spille Gold Express slot og begive dig ud p\u00e5 eventyret?<\/p>\n<p><img loading=\"lazy\" decoding=\"async\" class=\"aligncenter wp-image-4043\" src=\"https:\/\/rocketplay-game.com\/wp-content\/uploads\/2023\/08\/ss_ac0a83c944cadc82334d1d686d7159f938da4f90.1920x1080.jpg\" alt=\"Gold Express Slot 1\" width=\"804\" height=\"452\" srcset=\"https:\/\/rocketplay-game.com\/wp-content\/uploads\/2023\/08\/ss_ac0a83c944cadc82334d1d686d7159f938da4f90.1920x1080.jpg 1280w, https:\/\/rocketplay-game.com\/wp-content\/uploads\/2023\/08\/ss_ac0a83c944cadc82334d1d686d7159f938da4f90.1920x1080-300x169.jpg 300w, https:\/\/rocketplay-game.com\/wp-content\/uploads\/2023\/08\/ss_ac0a83c944cadc82334d1d686d7159f938da4f90.1920x1080-1024x576.jpg 1024w, https:\/\/rocketplay-game.com\/wp-content\/uploads\/2023\/08\/ss_ac0a83c944cadc82334d1d686d7159f938da4f90.1920x1080-768x432.jpg 768w\" sizes=\"auto, (max-width: 804px) 100vw, 804px\" \/><\/p>\n<h2>Spiller Gold Express -slot<\/h2>\n<p>For at spille Gold Express -slot skal du forst\u00e5 dens regler. Spillet indeholder flere symboler &#8211; hver med en unik v\u00e6rdi. Tilpasning af disse symboler p\u00e5 tv\u00e6rs af l\u00f8nnelinjer f\u00f8rer til sejre. Med hver spin \u00f8ges sp\u00e6ndingen, n\u00e5r du ser, at hjulene hvirver, hvilket potentielt f\u00f8rer til en stor udbetaling.<\/p>\n<h2>Nyder Free Gold Express<\/h2>\n<p>F\u00f8r du spiller med rigtige penge, kan du overveje at pr\u00f8ve Free Gold Express. Denne demoversion giver den samme sp\u00e6nding uden nogen \u00f8konomisk risiko. Det er en fremragende m\u00e5de at g\u00f8re dig bekendt med spillet og udvikle en vindende strategi. N\u00e5r du har det godt, kan du spille Gold Express -slot igen, denne gang med rigtige penge til rigtige bel\u00f8nninger.<\/p>\n<h2>Forbedring af erfaring med gratis guldudtryk<\/h2>\n<p>Det smukke ved Free Gold Express er dens evne til at give en \u00e6gte fornemmelse af spillet. Ved at replikere det virkelige spilmilj\u00f8 giver det dig en forsmag p\u00e5 det faktiske gameplay, grafik og bonusfunktioner. Sp\u00e6ndingen ved at ramme vindende kombinationer forbliver den samme, selvom du ikke satser p\u00e5 rigtige penge.<\/p>\n<p>Desuden giver den gratis version dig mulighed for at evaluere spillets volatilitet og udbetalingsm\u00f8nstre. Denne indsigt kan v\u00e6re medvirkende, n\u00e5r du skifter til at lege med rigtige penge, hvilket hj\u00e6lper dig med at tage informerede beslutninger om din v\u00e6ddem\u00e5lst\u00f8rrelse og hyppighed.<\/p>\n<p>Endelig fungerer Free Gold Express ogs\u00e5 som en underholdende aktivitet for dem, der simpelthen elsker spillets tema og grafik. Uanset om du \u00f8nsker at \u00f8ve dine strategier, forst\u00e5 spillemekanikken eller bare nyde en risikofri spiloplevelse, er Free Gold Express som et godt udgangspunkt.<\/p>\n<h2>L\u00f8srive Gold Express -bonusen<\/h2>\n<p>Gold Express -slot inkluderer ogs\u00e5 en Gold Express -bonusfunktion. Dette sp\u00e6ndende element udl\u00f8ses af specifikke symbolkombinationer, hvilket giver dig et skud p\u00e5 endnu st\u00f8rre gevinster. Bonusrunden forst\u00e6rker sp\u00e6ndingen, hvilket g\u00f8r Gold Express -rejsen virkelig f\u00e6ngslende<\/p>\n<h2>Gold Express Hold Slot Review<\/h2>\n<p>Gold Express Hold Slot -variant tilf\u00f8jer et andet lag af sp\u00e6nding til spillet. Denne version kan prale af ekstra funktioner og skabe flere m\u00e5der at vinde p\u00e5. Med sit engagerende gameplay, fordybende grafik og sp\u00e6ndende lydeffekter afsl\u00f8rer Gold Express Hold -slot -gennemgangen en sp\u00e6ndende spiloplevelse.<\/p>\n<p><img loading=\"lazy\" decoding=\"async\" class=\"aligncenter wp-image-4052\" src=\"https:\/\/rocketplay-game.com\/wp-content\/uploads\/2023\/08\/image.jpg\" alt=\"Gold Express Slot 2\" width=\"802\" height=\"451\" srcset=\"https:\/\/rocketplay-game.com\/wp-content\/uploads\/2023\/08\/image.jpg 1920w, https:\/\/rocketplay-game.com\/wp-content\/uploads\/2023\/08\/image-300x169.jpg 300w, https:\/\/rocketplay-game.com\/wp-content\/uploads\/2023\/08\/image-1024x576.jpg 1024w, https:\/\/rocketplay-game.com\/wp-content\/uploads\/2023\/08\/image-768x432.jpg 768w, https:\/\/rocketplay-game.com\/wp-content\/uploads\/2023\/08\/image-1536x864.jpg 1536w\" sizes=\"auto, (max-width: 802px) 100vw, 802px\" \/><\/p>\n<h2>S\u00e5dan vinder du p\u00e5 Gold Express -slot<\/h2>\n<p>Hvordan vinder man p\u00e5 Gold Express -slot? At vinde kr\u00e6ver en blanding af strategi og held. At forst\u00e5 spillets symboler, v\u00e6ddem\u00e5l strategisk og drage fordel af bonusfunktionen kan alle \u00f8ge dine chancer for at kr\u00e6ve sejr.<\/p>\n<p>At vinde p\u00e5 Gold Express -slot involverer mere end bare at ramme spin -knappen. For at maksimere dit vindende potentiale skal du v\u00e6re opm\u00e6rksom p\u00e5 spillets symboler og deres v\u00e6rdier. Nogle symboler har h\u00f8jere bel\u00f8nninger end andre, s\u00e5 det kan g\u00f8re en forskel at holde \u00f8je med dem. Derudover spiller strategisk v\u00e6ddem\u00e5l en afg\u00f8rende rolle. Juster din v\u00e6ddem\u00e5l i henhold til dit budget og spillets volatilitet, s\u00e5 du kan f\u00e5 mest muligt ud af hver spin.<\/p>\n<p>Funktionen Gold Express-bonus er en spiludveksler. N\u00e5r det udl\u00f8ser, har du en chance for at samle betydelige gevinster. Udnyt fuldt ud af denne funktion ved at forst\u00e5, hvordan det fungerer, og hvilke symboler der aktiverer det. Jo mere du engagerer dig i den specielle bonusrunde, jo st\u00f8rre er dine chancer for at g\u00e5 v\u00e6k med betydelige fordele.<\/p>\n<p>Desuden er konsistens n\u00f8glen. At forblive t\u00e5lmodig og spille spillet konsekvent kan f\u00f8re til bedre resultater i det lange l\u00f8b. Husk, mens det at vinde p\u00e5 Gold Express er en sp\u00e6ndende oplevelse, at spille ansvarligt og nyde spillet for dets underholdningsv\u00e6rdi skulle v\u00e6re det ultimative m\u00e5l. Omfavne eventyret, hold \u00f8je med dit budget, og lad Gold Express -slot tage dig med p\u00e5 en rejse fyldt med sp\u00e6nding og muligheder for store gevinster.<\/p>\n<p>Den gratis Gold Express -slot lover et eventyr fuld af sp\u00e6nding, sp\u00e6nding og potentielle bel\u00f8nninger. Hop ombord og g\u00e5 i gang med denne sp\u00e6ndende rejse i dag!<\/p>\n","protected":false},"excerpt":{"rendered":"<p>Alle ombord p\u00e5 Gold Express slot! Dette sp\u00e6ndende spil tager dig med p\u00e5 en sp\u00e6ndende rejse fyldt med guld, bel\u00f8nninger og sp\u00e6nding. Er du klar til at spille Gold Express slot og begive dig ud p\u00e5 eventyret? Spiller Gold Express -slot For at spille Gold Express -slot skal du forst\u00e5 dens regler. Spillet indeholder flere&#8230;<\/p>\n","protected":false},"author":1,"featured_media":0,"parent":2298,"menu_order":0,"comment_status":"closed","ping_status":"closed","template":"page-with-slot.php","meta":{"_acf_changed":false,"_kad_post_transparent":"default","_kad_post_title":"default","_kad_post_layout":"default","_kad_post_sidebar_id":"","_kad_post_content_style":"default","_kad_post_vertical_padding":"default","_kad_post_feature":"","_kad_post_feature_position":"","_kad_post_header":false,"_kad_post_footer":false,"footnotes":""},"class_list":["post-4148","page","type-page","status-publish","hentry"],"acf":[],"rttpg_featured_image_url":null,"rttpg_author":{"display_name":"Tom","author_link":"https:\/\/rocketplay-game.com\/da\/author\/pemvas95n89x\/"},"rttpg_comment":0,"rttpg_category":null,"rttpg_excerpt":"Alle ombord p\u00e5 Gold Express slot! Dette sp\u00e6ndende spil tager dig med p\u00e5 en sp\u00e6ndende rejse fyldt med guld, bel\u00f8nninger og sp\u00e6nding. Er du klar til at spille Gold Express slot og begive dig ud p\u00e5 eventyret? Spiller Gold Express -slot For at spille Gold Express -slot skal du forst\u00e5 dens regler. Spillet indeholder flere...","_links":{"self":[{"href":"https:\/\/rocketplay-game.com\/da\/wp-json\/wp\/v2\/pages\/4148","targetHints":{"allow":["GET"]}}],"collection":[{"href":"https:\/\/rocketplay-game.com\/da\/wp-json\/wp\/v2\/pages"}],"about":[{"href":"https:\/\/rocketplay-game.com\/da\/wp-json\/wp\/v2\/types\/page"}],"author":[{"embeddable":true,"href":"https:\/\/rocketplay-game.com\/da\/wp-json\/wp\/v2\/users\/1"}],"replies":[{"embeddable":true,"href":"https:\/\/rocketplay-game.com\/da\/wp-json\/wp\/v2\/comments?post=4148"}],"version-history":[{"count":2,"href":"https:\/\/rocketplay-game.com\/da\/wp-json\/wp\/v2\/pages\/4148\/revisions"}],"predecessor-version":[{"id":4150,"href":"https:\/\/rocketplay-game.com\/da\/wp-json\/wp\/v2\/pages\/4148\/revisions\/4150"}],"up":[{"embeddable":true,"href":"https:\/\/rocketplay-game.com\/da\/wp-json\/wp\/v2\/pages\/2298"}],"wp:attachment":[{"href":"https:\/\/rocketplay-game.com\/da\/wp-json\/wp\/v2\/media?parent=4148"}],"curies":[{"name":"wp","href":"https:\/\/api.w.org\/{rel}","templated":true}]}}