{"id":4214,"date":"2023-08-16T22:59:31","date_gmt":"2023-08-16T19:59:31","guid":{"rendered":"https:\/\/rocketplay-game.com\/slots\/lion-gems-hold-and-win\/"},"modified":"2023-10-07T17:13:45","modified_gmt":"2023-10-07T14:13:45","slug":"lion-gems-hold-and-win","status":"publish","type":"page","link":"https:\/\/rocketplay-game.com\/da\/slots\/lion-gems-hold-and-win\/","title":{"rendered":"Gl\u00e6d dig med Lion Gems: Hold og vind spilleautomat"},"content":{"rendered":"<p>Dyk ned i den glitrende verden af Lion Gems: Hold and Win slot. Dette spil tilbyder spillere en sp\u00e6ndende spilrejse fyldt med store bel\u00f8nninger. Er du nysgerrig efter at spille Lion Gems: Hold and Win? Lad os udforske dette sp\u00e6ndende skue.<\/p>\n<p><img loading=\"lazy\" decoding=\"async\" class=\"aligncenter wp-image-4092\" src=\"https:\/\/rocketplay-game.com\/wp-content\/uploads\/2023\/08\/lion-gameplay.jpg\" alt=\"Shine Bright with Lion Gems 1\" width=\"816\" height=\"455\" srcset=\"https:\/\/rocketplay-game.com\/wp-content\/uploads\/2023\/08\/lion-gameplay.jpg 1378w, https:\/\/rocketplay-game.com\/wp-content\/uploads\/2023\/08\/lion-gameplay-300x167.jpg 300w, https:\/\/rocketplay-game.com\/wp-content\/uploads\/2023\/08\/lion-gameplay-1024x571.jpg 1024w, https:\/\/rocketplay-game.com\/wp-content\/uploads\/2023\/08\/lion-gameplay-768x429.jpg 768w\" sizes=\"auto, (max-width: 816px) 100vw, 816px\" \/><\/p>\n<h2>Forst\u00e5else af l\u00f8veperler: Hold og vind slot<\/h2>\n<p>Lion Gems: Hold and Win er ikke kun et spilleautomat; Det er et eventyr i et univers af rigdom. Lion Gems, der er sat p\u00e5 baggrund af den afrikanske savanne, er b\u00e5de visuelt tiltalende og engagerende. Gameplayet er ligetil, centreret omkring tilpasning af symboler p\u00e5 betalingslinjer for at sikre gevinster.<\/p>\n<h2>S\u00e5dan spiller Lion Gems: Hold og vinder slot<\/h2>\n<p>Hvordan spiller du Lion Gems: Hold and Win Slot? Det er simpelt. Start med at indstille din indsatsst\u00f8rrelse i henhold til dit budget. Tryk derefter p\u00e5 spin -knappen og se, mens hjulene roterer. M\u00e5let er at stille op matchende symboler p\u00e5 tv\u00e6rs af betalingslinjer. S\u00e6rlige symboler udl\u00f8ser sp\u00e6ndende bonusser, der \u00f8ger dine gevinster.<\/p>\n<h2>Lion Gems: Hold and Win Review<\/h2>\n<p>Lad os grave i Lion Gems: Hold og vinde gennemgang. Dette spil er en fantastisk slot, fyldt med unikke funktioner. Dens bonusrunder, s\u00e5som funktionen &#8220;Hold and Win&#8221;, tilf\u00f8jer et ekstra lag af sp\u00e6nding. Denne funktion kombineret med Wilds og spreder giver spillerne rigelige muligheder for betydelige udbetalinger.<\/p>\n<h2>Spiller Lion Gems: Hold og vind for rigtige penge<\/h2>\n<p>Den virkelige sp\u00e6nding udspiller sig, n\u00e5r du spiller for rigtige penge, som Gems holder. Dette bringer potentialet for betydelige bel\u00f8nninger. Lion Gems Hold Game er tilg\u00e6ngeligt p\u00e5 flere velrenommerede online kasinoer, der hver sikrer en sikker og fair spiloplevelse.<\/p>\n<p>N\u00e5r det kommer til at spille Lion Gems: Hold and Win for rigtige penge, n\u00e5r sp\u00e6ndingen nye h\u00f8jder. Spat med rigtige penge tilf\u00f8jer et element af sp\u00e6nding og forventning til enhver spin. Med hver hvirvel af hjulene har du chancen for at kr\u00e6ve betydelige bel\u00f8nninger og opleve den sande essens af Lion Gems -eventyret.<\/p>\n<p>Potentialet for betydelige gevinster er uden tvivl en af de st\u00f8rste attraktioner ved at spille for rigtige penge. N\u00e5r du justerer de f\u00e6ngslende symboler og udl\u00f8ser de s\u00e6rlige funktioner, holder forventningen om at ramme den store sejr dig p\u00e5 kanten af dit s\u00e6de. Det er en hjertebundende oplevelse, der kan f\u00f8re til sp\u00e6ndende \u00f8jeblikke.<\/p>\n<p>For at sikre et sikkert og retf\u00e6rdigt spilmilj\u00f8 er det vigtigt at v\u00e6lge velrenommerede online kasinoer til dine Lion Gems: Hold and Win Journey. Anerkendte kasinoer overholder strenge regler og gennemf\u00f8rer avancerede sikkerhedsforanstaltninger for at beskytte dine \u00f8konomiske transaktioner og personlige oplysninger. P\u00e5 denne m\u00e5de kan du fokusere p\u00e5 sp\u00e6ndingen ved spillet uden at bekymre dig om sikkerheden i dine midler.<\/p>\n<p><img loading=\"lazy\" decoding=\"async\" class=\"aligncenter wp-image-4083\" src=\"https:\/\/rocketplay-game.com\/wp-content\/uploads\/2023\/08\/44.png\" alt=\"Shine Bright with Lion Gems 2\" width=\"806\" height=\"601\" srcset=\"https:\/\/rocketplay-game.com\/wp-content\/uploads\/2023\/08\/44.png 825w, https:\/\/rocketplay-game.com\/wp-content\/uploads\/2023\/08\/44-300x224.png 300w, https:\/\/rocketplay-game.com\/wp-content\/uploads\/2023\/08\/44-768x573.png 768w\" sizes=\"auto, (max-width: 806px) 100vw, 806px\" \/><\/p>\n<p>Mange velrenommerede online kasinoer tilbyder lokkende bonusser og kampagner til spillere, der nyder Lion Gems: Hold and Win with Real Money. Disse bonusser kan forbedre din spiloplevelse og give dig ekstra muligheder for at vinde stort.<\/p>\n<p>Det er dog vigtigt at opretholde en ansvarlig tilgang, mens du spiller for rigtige penge. Indstil et budget, inden du starter din spilsession, og hold dig til det. Husk, at spil altid skal ses som underholdning, og tab er en del af oplevelsen. Gl\u00e6den ved at spille spillet og sp\u00e6ndingen ved forventning b\u00f8r v\u00e6re det prim\u00e6re fokus.<\/p>\n<p>S\u00e5 hvis du er klar til at tr\u00e6de ind i den skinnende verden af Lion Gems: Hold og vinder og udforsk potentialet for betydelige fordele, vove sig ind i velrenommerede online kasinoer og frig\u00f8re sp\u00e6ndingen i dag! M\u00e5 l\u00f8ven perler v\u00e6re p\u00e5 din side, n\u00e5r du drejer hjulene og jager efter glitrende pr\u00e6mier.<\/p>\n<p>Afslutningsvis er Lion Gems: Hold and Win Slot et f\u00e6ngslende spil, der lover en underholdende og potentielt givende spilrejse. Dens blanding af fantastisk grafik, engagerende gameplay og sp\u00e6ndende funktioner g\u00f8r det til et must-try for enhver slotspilentusiast. G\u00e5 ind i den skinnende verden af l\u00f8ve perler og tag din spin i dag!<\/p>\n","protected":false},"excerpt":{"rendered":"<p>Dyk ned i den glitrende verden af Lion Gems: Hold and Win slot. Dette spil tilbyder spillere en sp\u00e6ndende spilrejse fyldt med store bel\u00f8nninger. Er du nysgerrig efter at spille Lion Gems: Hold and Win? Lad os udforske dette sp\u00e6ndende skue. Forst\u00e5else af l\u00f8veperler: Hold og vind slot Lion Gems: Hold and Win er ikke&#8230;<\/p>\n","protected":false},"author":1,"featured_media":0,"parent":2298,"menu_order":0,"comment_status":"closed","ping_status":"closed","template":"page-with-slot.php","meta":{"_acf_changed":false,"_kad_post_transparent":"default","_kad_post_title":"default","_kad_post_layout":"default","_kad_post_sidebar_id":"","_kad_post_content_style":"default","_kad_post_vertical_padding":"default","_kad_post_feature":"","_kad_post_feature_position":"","_kad_post_header":false,"_kad_post_footer":false,"footnotes":""},"class_list":["post-4214","page","type-page","status-publish","hentry"],"acf":[],"rttpg_featured_image_url":null,"rttpg_author":{"display_name":"Tom","author_link":"https:\/\/rocketplay-game.com\/da\/author\/pemvas95n89x\/"},"rttpg_comment":0,"rttpg_category":null,"rttpg_excerpt":"Dyk ned i den glitrende verden af Lion Gems: Hold and Win slot. Dette spil tilbyder spillere en sp\u00e6ndende spilrejse fyldt med store bel\u00f8nninger. Er du nysgerrig efter at spille Lion Gems: Hold and Win? Lad os udforske dette sp\u00e6ndende skue. Forst\u00e5else af l\u00f8veperler: Hold og vind slot Lion Gems: Hold and Win er ikke...","_links":{"self":[{"href":"https:\/\/rocketplay-game.com\/da\/wp-json\/wp\/v2\/pages\/4214","targetHints":{"allow":["GET"]}}],"collection":[{"href":"https:\/\/rocketplay-game.com\/da\/wp-json\/wp\/v2\/pages"}],"about":[{"href":"https:\/\/rocketplay-game.com\/da\/wp-json\/wp\/v2\/types\/page"}],"author":[{"embeddable":true,"href":"https:\/\/rocketplay-game.com\/da\/wp-json\/wp\/v2\/users\/1"}],"replies":[{"embeddable":true,"href":"https:\/\/rocketplay-game.com\/da\/wp-json\/wp\/v2\/comments?post=4214"}],"version-history":[{"count":2,"href":"https:\/\/rocketplay-game.com\/da\/wp-json\/wp\/v2\/pages\/4214\/revisions"}],"predecessor-version":[{"id":4216,"href":"https:\/\/rocketplay-game.com\/da\/wp-json\/wp\/v2\/pages\/4214\/revisions\/4216"}],"up":[{"embeddable":true,"href":"https:\/\/rocketplay-game.com\/da\/wp-json\/wp\/v2\/pages\/2298"}],"wp:attachment":[{"href":"https:\/\/rocketplay-game.com\/da\/wp-json\/wp\/v2\/media?parent=4214"}],"curies":[{"name":"wp","href":"https:\/\/api.w.org\/{rel}","templated":true}]}}