{"id":4283,"date":"2024-01-22T14:49:45","date_gmt":"2024-01-22T11:49:45","guid":{"rendered":"https:\/\/rocketplay-game.com\/about-us\/"},"modified":"2026-03-01T18:30:07","modified_gmt":"2026-03-01T15:30:07","slug":"about-us","status":"publish","type":"page","link":"https:\/\/rocketplay-game.com\/da\/about-us\/","title":{"rendered":"Om os"},"content":{"rendered":"<p>Velkommen til RocketPlay Casino, hvor sp\u00e6ndingen ved spil m\u00f8der sp\u00e6ndingen ved udforskning af rummet. Oplev et univers af underholdning, innovation og fantastiske bel\u00f8nninger, mens vi omdefinerer online casinooplevelsen.<\/p>\n<h2>Vores mission: Igniting the Fun in Gaming<\/h2>\n<p>Hos RocketPlay Casino er vores mission enkel: at t\u00e6nde det sjove i spil. Hver spiller fortjener en oplevelse uden for denne verden, og vi har sat os for at skabe en platform, der g\u00e5r ud over traditionelle online casinoer. Vores forpligtelse er at levere et fordybende og sp\u00e6ndende spilmilj\u00f8, der f\u00e5r dig til at vende tilbage efter mere.<\/p>\n<h2>RocketPlay-forskellen: Hvor innovation m\u00f8der underholdning<\/h2>\n<p>RocketPlay Casino skiller sig ud fra m\u00e6ngden ved problemfrit at blande innovation med underholdning. Vi har kombineret traditionelle casinoers bedste elementer med banebrydende teknologi, hvilket skaber et uovertruffent spilleeventyr. N\u00e5r du starter ind p\u00e5 vores platform, vil du bem\u00e6rke forskellen \u2013 en gr\u00e6nseflade med rumtema, der fanger essensen af \u200b\u200budforskning og opdagelse.<\/p>\n<h2>En galakse af spil: Slip gameren i dig l\u00f8s<\/h2>\n<p>Tag p\u00e5 en rejse gennem vores store Galaxy af spil, hvor hvert spin, rul eller handel er et kosmisk eventyr. Vi har sammensat en omfattende samling af spil for at im\u00f8dekomme enhver smag og pr\u00e6ference. Uanset om du er fan af klassiske slots, poker, blackjack eller de nyeste videoslots med fantastisk grafik, har RocketPlay Casino det. Vores partnerskaber med top-tier spiludviklere sikrer et konstant udviklende spilbibliotek, der holder trit med de nyeste trends.<\/p>\n<h2>Sikkerhed: Dit sikre tilflugtssted i Galaxy<\/h2>\n<p>Din sikkerhed er vores topprioritet hos RocketPlay Casino. Vi forst\u00e5r vigtigheden af \u200b\u200bet sikkert spilmilj\u00f8, og vi har implementeret state-of-the-art foranstaltninger for at beskytte dine data og transaktioner. Vores platform bruger den nyeste krypteringsteknologi, hvilket giver dig et tilflugtssted til at udforske vores spilgalakses vidundere uden bekymringer.<\/p>\n<h2>Ansvarligt spil: Naviger i kosmos ansvarligt<\/h2>\n<p>RocketPlay Casino er forpligtet til at fremme ansvarlig spilpraksis. Vi mener, at underholdning skal nydes ansvarligt, og vi leverer v\u00e6rkt\u00f8jer og ressourcer til at hj\u00e6lpe dig med at bevare kontrollen over din spiloplevelse. S\u00e6t gr\u00e6nser, tag pauser og udforsk vores ansvarlige spilfunktioner for at sikre, at din tid hos RocketPlay forbliver en positiv og forn\u00f8jelig oplevelse.<\/p>\n<h2>Bonusser og kampagner: Skyd efter stjernerne<\/h2>\n<p>Forbered dig p\u00e5 start med vores fantastiske bonusser og kampagner. Hos RocketPlay Casino bel\u00f8nner vi vores spillere, n\u00e5r de slutter sig til vores kosmiske f\u00e6llesskab. Nyd en velkomstbonus, der s\u00e6tter dig i kredsl\u00f8b, og hold \u00f8je med regelm\u00e6ssige kampagner, der tilf\u00f8jer ekstra br\u00e6ndstof til dine spilsessioner. Vores loyalitetsprogram sikrer, at jo mere du spiller, jo flere bel\u00f8nninger optjener du \u2013 at n\u00e5 nye h\u00f8jder har aldrig v\u00e6ret mere givende!<\/p>\n<h2>Kundesupport: Dit Ground Control Team<\/h2>\n<p>RocketPlay Casino er mere end blot en spilleplatform; vi er dit dedikerede jordkontrolteam. Vores kundesupport er tilg\u00e6ngelig 24\/7, klar til at hj\u00e6lpe dig med eventuelle foresp\u00f8rgsler eller bekymringer. Uanset om du er en erfaren rumfartsforsker eller en nybegynder i spilgalaksen, er vores venlige og vidende supportteam her for at sikre, at din RocketPlay-oplevelse er j\u00e6vn og behagelig.<\/p>\n<h2>Mobilspil: Galaxy i din lomme<\/h2>\n<p>Oplev RocketPlay Casino n\u00e5r som helst og hvor som helst med vores mobile spilleplatform. Galaxy er nu i din lomme, s\u00e5 du kan nyde dine yndlingsspil p\u00e5 farten. Uanset om du venter p\u00e5 en raketopsendelse eller blot slapper af derhjemme, sikrer vores mobile platform, at sp\u00e6ndingen ved RocketPlay altid er inden for r\u00e6kkevidde.<\/p>\n<h2>F\u00e6llesskab: Deltag i RocketPlay Galaxy<\/h2>\n<p>RocketPlay Casino er mere end en platform; det er et f\u00e6llesskab af ligesindede spillere, der deler en passion for udforskning og sjov. Kom i kontakt med andre spillere, del dine oplevelser og deltag i f\u00e6llesskabsbegivenheder, der forener Galaxy. Vores fora og sociale mediekanaler giver dig mulighed for at engagere dig med andre spillere, dele strategier og holde dig opdateret om de seneste begivenheder i RocketPlay-universet.<\/p>\n<h2>Lancering ind i fremtidens gaming med RocketPlay Casino<\/h2>\n<p>I det store kosmos af onlinespil er RocketPlay Casino din billet til en fremtid med sp\u00e6nding, innovation og ubegr\u00e6nset underholdning. Fra vores mission om at t\u00e6nde det sjove i spil til vores engagement i sikkerhed, ansvarligt spil og fremragende kundesupport \u2013 RocketPlay er mere end et online casino; det er et eventyr ud i det ukendte.<\/p>\n<p>Tag med os p\u00e5 denne kosmiske rejse, og lad os sammen omdefinere gr\u00e6nserne for onlinespil. RocketPlay Casino \u2013 hvor sjovt univers m\u00f8der sp\u00e6ndingen ved udforskning!<\/p>\n","protected":false},"excerpt":{"rendered":"<p>Velkommen til RocketPlay Casino, hvor sp\u00e6ndingen ved spil m\u00f8der sp\u00e6ndingen ved udforskning af rummet. Oplev et univers af underholdning, innovation og fantastiske bel\u00f8nninger, mens vi omdefinerer online casinooplevelsen. Vores mission: Igniting the Fun in Gaming Hos RocketPlay Casino er vores mission enkel: at t\u00e6nde det sjove i spil. Hver spiller fortjener en oplevelse uden for&#8230;<\/p>\n","protected":false},"author":1,"featured_media":0,"parent":0,"menu_order":0,"comment_status":"closed","ping_status":"closed","template":"page-with-bonus.php","meta":{"_acf_changed":false,"_kad_post_transparent":"default","_kad_post_title":"default","_kad_post_layout":"default","_kad_post_sidebar_id":"","_kad_post_content_style":"default","_kad_post_vertical_padding":"default","_kad_post_feature":"","_kad_post_feature_position":"","_kad_post_header":false,"_kad_post_footer":false,"footnotes":""},"class_list":["post-4283","page","type-page","status-publish","hentry"],"acf":[],"rttpg_featured_image_url":null,"rttpg_author":{"display_name":"Tom","author_link":"https:\/\/rocketplay-game.com\/da\/author\/pemvas95n89x\/"},"rttpg_comment":0,"rttpg_category":null,"rttpg_excerpt":"Velkommen til RocketPlay Casino, hvor sp\u00e6ndingen ved spil m\u00f8der sp\u00e6ndingen ved udforskning af rummet. Oplev et univers af underholdning, innovation og fantastiske bel\u00f8nninger, mens vi omdefinerer online casinooplevelsen. Vores mission: Igniting the Fun in Gaming Hos RocketPlay Casino er vores mission enkel: at t\u00e6nde det sjove i spil. Hver spiller fortjener en oplevelse uden for...","_links":{"self":[{"href":"https:\/\/rocketplay-game.com\/da\/wp-json\/wp\/v2\/pages\/4283","targetHints":{"allow":["GET"]}}],"collection":[{"href":"https:\/\/rocketplay-game.com\/da\/wp-json\/wp\/v2\/pages"}],"about":[{"href":"https:\/\/rocketplay-game.com\/da\/wp-json\/wp\/v2\/types\/page"}],"author":[{"embeddable":true,"href":"https:\/\/rocketplay-game.com\/da\/wp-json\/wp\/v2\/users\/1"}],"replies":[{"embeddable":true,"href":"https:\/\/rocketplay-game.com\/da\/wp-json\/wp\/v2\/comments?post=4283"}],"version-history":[{"count":3,"href":"https:\/\/rocketplay-game.com\/da\/wp-json\/wp\/v2\/pages\/4283\/revisions"}],"predecessor-version":[{"id":10329,"href":"https:\/\/rocketplay-game.com\/da\/wp-json\/wp\/v2\/pages\/4283\/revisions\/10329"}],"wp:attachment":[{"href":"https:\/\/rocketplay-game.com\/da\/wp-json\/wp\/v2\/media?parent=4283"}],"curies":[{"name":"wp","href":"https:\/\/api.w.org\/{rel}","templated":true}]}}