{"id":4308,"date":"2024-01-22T15:56:52","date_gmt":"2024-01-22T12:56:52","guid":{"rendered":"https:\/\/rocketplay-game.com\/aml-policy\/"},"modified":"2024-01-22T17:23:36","modified_gmt":"2024-01-22T14:23:36","slug":"aml-policy","status":"publish","type":"page","link":"https:\/\/rocketplay-game.com\/da\/aml-policy\/","title":{"rendered":"AML politik"},"content":{"rendered":"<p>Hos RocketPlay Casino anerkender vi betydningen af \u200b\u200bat opretholde de h\u00f8jeste standarder for integritet og sikkerhed. Vores AML-politik er en omfattende ramme til at opdage og forhindre potentielle hvidvaskaktiviteter p\u00e5 vores platform. Ved at overholde strenge regulatoriske retningslinjer sikrer vi, at vores casino forbliver et paradis for underholdning, mens vi holder uhyggelige aktiviteter p\u00e5 afstand.<\/p>\n<h2>Identifikations- og verifikationsprocedurer<\/h2>\n<p>For at styrke vores forsvar mod hvidvaskning af penge, anvender RocketPlay Casino robuste identifikations- og verifikationsprocedurer. N\u00e5r en spiller registrerer sig p\u00e5 vores platform, kr\u00e6ver vi, at de giver n\u00f8jagtige og opdaterede oplysninger, herunder personlige oplysninger og \u00f8konomiske oplysninger. Disse data er derefter genstand for omhyggelig kontrol for at bekr\u00e6fte deres gyldighed.<\/p>\n<p>Vores state-of-the-art verifikationsprocesser involverer dokumentgodkendelse og anvender avanceret teknologi til at opdage eventuelle uregelm\u00e6ssigheder eller uoverensstemmelser. Denne mangefacetterede tilgang garanterer, at hver spiller p\u00e5 RocketPlay Casino gennemg\u00e5r en grundig vurderingsproces, hvilket bidrager til et sikkert og trov\u00e6rdigt spilmilj\u00f8.<\/p>\n<h2>Risikovurdering og overv\u00e5gning<\/h2>\n<p>Med forst\u00e5else for, at risici udvikler sig, udf\u00f8rer RocketPlay Casino l\u00f8bende risikovurderinger for at v\u00e6re et skridt foran potentielle hvidvaskstrusler. Ved at anvende banebrydende teknologi og analyser overv\u00e5ger vi spilleradf\u00e6rd i realtid og identificerer us\u00e6dvanlige m\u00f8nstre eller transaktioner, der kan indikere ulovlige aktiviteter.<\/p>\n<p>Vores risikovurderingsprotokoller er dynamiske, tilpasser sig nye tendenser og sikrer, at vores forsvar udvikler sig sammen med potentielle trusler. Denne proaktive tilgang giver os mulighed for omg\u00e5ende at adressere og afb\u00f8de enhver risiko forbundet med hvidvaskning af penge og derved sikre integriteten af \u200b\u200bvores casino.<\/p>\n<h2>Transaktionsoverv\u00e5gning og -rapportering<\/h2>\n<p>RocketPlay Casino anvender et stringent system til overv\u00e5gning af transaktioner for hurtigt at identificere mist\u00e6nkelige finansielle aktiviteter. Store eller almindelige transaktioner udl\u00f8ser automatiske advarsler, hvilket giver anledning til en grundig unders\u00f8gelse af vores dedikerede AML-team. Dette team er uddannet til at genkende m\u00f8nstre og adf\u00e6rd forbundet med hvidvaskning af penge og handler hurtigt for at forhindre enhver potentiel skade.<\/p>\n<p>I overensstemmelse med lovm\u00e6ssige krav opretholder vi ogs\u00e5 \u00e5bne kommunikationslinjer med relevante myndigheder og rapporterer mist\u00e6nkelige aktiviteter som p\u00e5budt. Dette samarbejde sikrer, at RocketPlay Casino aktivt bidrager til den globale indsats mod hvidvaskning af penge, hvilket fremmer et sikrere online spillemilj\u00f8 for alle.<\/p>\n<h2>Customer Due Diligence (CDD)-foranstaltninger<\/h2>\n<p>Customer Due Diligence er en hj\u00f8rnesten i RocketPlay Casinos AML-politik. Ved at udf\u00f8re grundige baggrundstjek p\u00e5 vores spillere forbedrer vi vores evne til at opdage og forhindre hvidvaskaktiviteter effektivt. Dette inkluderer overv\u00e5gning og verificering af kilden til midler, sikring af legitimiteten af \u200b\u200bspillerens finansielle transaktioner og sikring af, at vores casino ikke utilsigtet bruges som et v\u00e6rkt\u00f8j til hvidvaskning af penge.<\/p>\n<p>Vores engagement i CDD r\u00e6kker ud over den indledende kontoops\u00e6tning; vi gennemg\u00e5r og opdaterer regelm\u00e6ssigt kundeprofiler for at afspejle eventuelle \u00e6ndringer i deres \u00f8konomiske adf\u00e6rd. Denne l\u00f8bende omhu g\u00f8r os i stand til at opretholde en \u00e5rv\u00e5gen holdning over for potentielle risici og beskytte vores legitime spilleres interesser.<\/p>\n<h2>Medarbejderuddannelse og -bevidsthed<\/h2>\n<p>For at sikre vores AML-politiks succes kr\u00e6ver hvert teammedlems aktive involvering p\u00e5 RocketPlay Casino. Vi investerer betydeligt i at uddanne vores personale til at genkende og reagere p\u00e5 potentielle hvidvaskaktiviteter. Ved at fremme en kultur af bevidsthed og ansvarlighed giver vi vores medarbejdere mulighed for at spille en aktiv rolle i at opretholde integriteten af \u200b\u200bvores platform.<\/p>\n<p>Regelm\u00e6ssige tr\u00e6ningssessioner holder vores team opm\u00e6rksomme p\u00e5 de seneste hvidvasktaktik, lovgivningsm\u00e6ssige \u00e6ndringer og udviklinger. Denne proaktive tilgang styrker vores forsvar og indgyder tillid til vores spillere og forsikrer dem om, at vi er forpligtet til at levere en sikker og fair spiloplevelse.<\/p>\n<h2>Opretholdelse af Fair Play p\u00e5 RocketPlay Casino<\/h2>\n<p>RocketPlay Casinos AML-politik er mere end blot et s\u00e6t retningslinjer; det er en forpligtelse til fair play, sikkerhed og gennemsigtighed. Ved at implementere strenge identifikations-, overv\u00e5gnings- og rapporteringsprocesser skaber vi et spilmilj\u00f8, der underholder og beskytter vores spilleres og det bredere samfunds interesser. Efterh\u00e5nden som vi udvikler os i takt med det stadigt skiftende landskab inden for onlinespil, forbliver vores AML-politik en hj\u00f8rnesten, der sikrer, at RocketPlay Casino ikke kun er en destination for underholdning, men et oase af tillid og integritet.<\/p>\n","protected":false},"excerpt":{"rendered":"<p>Hos RocketPlay Casino anerkender vi betydningen af \u200b\u200bat opretholde de h\u00f8jeste standarder for integritet og sikkerhed. Vores AML-politik er en omfattende ramme til at opdage og forhindre potentielle hvidvaskaktiviteter p\u00e5 vores platform. Ved at overholde strenge regulatoriske retningslinjer sikrer vi, at vores casino forbliver et paradis for underholdning, mens vi holder uhyggelige aktiviteter p\u00e5 afstand&#8230;.<\/p>\n","protected":false},"author":1,"featured_media":0,"parent":0,"menu_order":0,"comment_status":"closed","ping_status":"closed","template":"page-with-bonus.php","meta":{"_acf_changed":false,"_kad_post_transparent":"default","_kad_post_title":"default","_kad_post_layout":"default","_kad_post_sidebar_id":"","_kad_post_content_style":"default","_kad_post_vertical_padding":"default","_kad_post_feature":"","_kad_post_feature_position":"","_kad_post_header":false,"_kad_post_footer":false,"footnotes":""},"class_list":["post-4308","page","type-page","status-publish","hentry"],"acf":[],"rttpg_featured_image_url":null,"rttpg_author":{"display_name":"Tom","author_link":"https:\/\/rocketplay-game.com\/da\/author\/pemvas95n89x\/"},"rttpg_comment":0,"rttpg_category":null,"rttpg_excerpt":"Hos RocketPlay Casino anerkender vi betydningen af \u200b\u200bat opretholde de h\u00f8jeste standarder for integritet og sikkerhed. Vores AML-politik er en omfattende ramme til at opdage og forhindre potentielle hvidvaskaktiviteter p\u00e5 vores platform. Ved at overholde strenge regulatoriske retningslinjer sikrer vi, at vores casino forbliver et paradis for underholdning, mens vi holder uhyggelige aktiviteter p\u00e5 afstand....","_links":{"self":[{"href":"https:\/\/rocketplay-game.com\/da\/wp-json\/wp\/v2\/pages\/4308","targetHints":{"allow":["GET"]}}],"collection":[{"href":"https:\/\/rocketplay-game.com\/da\/wp-json\/wp\/v2\/pages"}],"about":[{"href":"https:\/\/rocketplay-game.com\/da\/wp-json\/wp\/v2\/types\/page"}],"author":[{"embeddable":true,"href":"https:\/\/rocketplay-game.com\/da\/wp-json\/wp\/v2\/users\/1"}],"replies":[{"embeddable":true,"href":"https:\/\/rocketplay-game.com\/da\/wp-json\/wp\/v2\/comments?post=4308"}],"version-history":[{"count":1,"href":"https:\/\/rocketplay-game.com\/da\/wp-json\/wp\/v2\/pages\/4308\/revisions"}],"predecessor-version":[{"id":4309,"href":"https:\/\/rocketplay-game.com\/da\/wp-json\/wp\/v2\/pages\/4308\/revisions\/4309"}],"wp:attachment":[{"href":"https:\/\/rocketplay-game.com\/da\/wp-json\/wp\/v2\/media?parent=4308"}],"curies":[{"name":"wp","href":"https:\/\/api.w.org\/{rel}","templated":true}]}}