{"id":4333,"date":"2024-01-22T16:01:41","date_gmt":"2024-01-22T13:01:41","guid":{"rendered":"https:\/\/rocketplay-game.com\/bonus-policy\/"},"modified":"2024-01-22T17:44:31","modified_gmt":"2024-01-22T14:44:31","slug":"bonus-policy","status":"publish","type":"page","link":"https:\/\/rocketplay-game.com\/da\/bonus-policy\/","title":{"rendered":"Bonuspolitik"},"content":{"rendered":"<p>Onlinekasinoer er blevet et blomstrende knudepunkt for underholdning og sp\u00e6nding, og tilbyder spillere et virtuelt tilflugtssted for at nyde deres yndlingsspil. RocketPlay Casino, en banebryder i online spilindustrien, giver en fantastisk spiloplevelse og fors\u00f8der aftalen med en lokkende bonuspolitik. Lad os dykke ned i detaljerne i denne politik og udforske de forskellige bonusser, der venter spillere p\u00e5 denne intergalaktiske spilleplatform.<\/p>\n<h3>Velkomstbonus: Lancering af dit eventyr<\/h3>\n<p>At begive sig ud p\u00e5 din RocketPlay-rejse er en sp\u00e6ndende oplevelse, gjort endnu mere sp\u00e6ndende af den gener\u00f8se velkomstbonus. RocketPlay Casino tager g\u00e6stfriheden til nye h\u00f8jder ved at tilbyde en betydelig bonuspakke til nye spillere. N\u00e5r du tilmelder dig og laver den f\u00f8rste indbetaling, bliver spillere m\u00f8dt med et raketdrevet boost til deres spillebankroll. Denne ekstra ammunition giver dem mulighed for at udforske den enorme galakse af spil, der er tilg\u00e6ngelige p\u00e5 platformen, og s\u00e6tter scenen for en episk spilrejse.<\/p>\n<h2>Genindl\u00e6s bonusser: Oprethold momentum<\/h2>\n<p>Sp\u00e6ndingen aftager ikke efter den f\u00f8rste eksplosion. RocketPlay forst\u00e5r vigtigheden af at bevare momentum, og det er her Reload Bonusser kommer i spil. Regelm\u00e6ssige spillere kan nyde periodiske Reload Bonusser, hvilket giver deres konti et forfriskende l\u00f8ft, hver gang de foretager efterf\u00f8lgende indbetalinger. Disse bonusser er designet til at holde sp\u00e6ndingen i live og sikre, at spillere kan forts\u00e6tte med at udforske den mangfoldige r\u00e6kke af spil uden \u00f8konomiske begr\u00e6nsninger.<\/p>\n<h2>Gratis spin: Slip spinning-vanviddet l\u00f8s<\/h2>\n<p>For spilleautomatentusiaster introducerer RocketPlay Casino en elektrificerende gratis spins-bonus. Disse gratis spins giver spillere mulighed for at pr\u00f8ve lykken p\u00e5 de nyeste og mest popul\u00e6re spilleautomater uden at dyppe i deres egne midler. Uanset om man optr\u00e6vler gamle civilisationers mysterier eller begiver sig ud i mytiske v\u00e6seners fantastiske riger, ophidser Free Spins spiloplevelsen.<\/p>\n<h2>VIP-program: Stig op til himmelske h\u00f8jder<\/h2>\n<p>RocketPlay Casino tror p\u00e5 at bel\u00f8nne loyalitet, og dets VIP-program er et vidnesbyrd om dette engagement. Mens spillere forts\u00e6tter deres kosmiske rejse p\u00e5 platformen, samler de loyalitetspoint, der baner vejen til VIP-status. N\u00e5r spillerne er blevet optaget i VIP-r\u00e6kken, l\u00e5ser de op for en skattekiste af eksklusive bonusser, personlige tilbud og endnu hurtigere udbetalingstider. RocketPlay s\u00e6tter en \u00e6re i at behandle sine VIP&#8217;er som himmelske royalty og sikre, at deres loyalitet bliver m\u00f8dt med uovertrufne frynsegoder og privilegier.<\/p>\n<h2>Cashback-bonusser: Et sikkerhedsnet i spilgalaksen<\/h2>\n<p>Universet af onlinespil er uforudsigeligt, og RocketPlay Casino forst\u00e5r, at selv de dygtigste spillere kan st\u00f8de p\u00e5 et kosmisk hikke. For at mildne virkningen af en stribe uheld tilbyder RocketPlay Cashback-bonusser. Disse bonusser giver spillerne en procentdel af deres nettotab tilbage, og fungerer som et sikkerhedsnet i spillegalaksens store udstr\u00e6kning. Det er en tankev\u00e6kkende gestus, der sikrer, at spillere kan hoppe tilbage og forts\u00e6tte deres intergalaktiske eventyr med fornyet entusiasme.<\/p>\n<h2>S\u00e6sonbestemte og s\u00e6rlige kampagner: Himmelske overraskelser<\/h2>\n<p>RocketPlay Casino holder konstant sine spillere p\u00e5 t\u00e6erne med en roterende s\u00e6sonbestemt og speciel kampagneliste. Fra ferie-tema bonusser til overraskende giveaways, tilf\u00f8rer disse kampagner et element af uforudsigelighed i spiloplevelsen. Spillere kan forudse himmelske overraskelser, der tilf\u00f8jer et ekstra lag af sp\u00e6nding til deres RocketPlay-eventyr, hvilket g\u00f8r hvert bes\u00f8g p\u00e5 kasinoet til en unik og mindev\u00e6rdig begivenhed.<\/p>\n<h2>V\u00e6ddem\u00e5lskrav: Navigering i det kosmiske med sm\u00e5t<\/h2>\n<p>Selvom bonusserne p\u00e5 RocketPlay Casino un\u00e6gteligt er lokkende, er det vigtigt at navigere i det kosmiske med sm\u00e5t. Oms\u00e6tningskrav, et almindeligt aspekt af online casino bonusser, bestemmer antallet af gange, spillere skal oms\u00e6tte deres bonusbel\u00f8b, f\u00f8r de er berettiget til at h\u00e6ve eventuelle gevinster. RocketPlay opretholder gennemsigtige og rimelige indsatskrav, hvilket sikrer, at spillere kan nyde deres bonusser med en klar forst\u00e5else af vilk\u00e5rene og betingelserne.<\/p>\n<h2>For\u00f8g din spilleoplevelse med RocketPlay Casino<\/h2>\n<p>RocketPlay Casinos bonuspolitik er et fantastisk eksempel p\u00e5, hvordan en online spilleplatform kan l\u00f8fte spilleroplevelsen. Fra den eksplosive velkomstbonus til de himmelske frynsegoder ved VIP-programmet, RocketPlay g\u00e5r ud over det for at im\u00f8dekomme spillernes forskellige pr\u00e6ferencer. Spiluniverset er enormt, og RocketPlay sikrer, at enhver spiller, uanset om en nybegynder eller en erfaren entusiast, kan navigere i denne kosmiske vidde med en raketdrevet fordel. Mens du begiver dig ud p\u00e5 dit spilleeventyr, s\u00e5 lad RocketPlay Casino v\u00e6re din guide, der driver dig til nye h\u00f8jder af sp\u00e6nding og underholdning i den stadigt voksende galakse af onlinespil.<\/p>\n","protected":false},"excerpt":{"rendered":"<p>Onlinekasinoer er blevet et blomstrende knudepunkt for underholdning og sp\u00e6nding, og tilbyder spillere et virtuelt tilflugtssted for at nyde deres yndlingsspil. RocketPlay Casino, en banebryder i online spilindustrien, giver en fantastisk spiloplevelse og fors\u00f8der aftalen med en lokkende bonuspolitik. Lad os dykke ned i detaljerne i denne politik og udforske de forskellige bonusser, der venter&#8230;<\/p>\n","protected":false},"author":1,"featured_media":0,"parent":0,"menu_order":0,"comment_status":"closed","ping_status":"closed","template":"page-with-bonus.php","meta":{"_acf_changed":false,"_kad_post_transparent":"default","_kad_post_title":"default","_kad_post_layout":"default","_kad_post_sidebar_id":"","_kad_post_content_style":"default","_kad_post_vertical_padding":"default","_kad_post_feature":"","_kad_post_feature_position":"","_kad_post_header":false,"_kad_post_footer":false,"footnotes":""},"class_list":["post-4333","page","type-page","status-publish","hentry"],"acf":[],"rttpg_featured_image_url":null,"rttpg_author":{"display_name":"Tom","author_link":"https:\/\/rocketplay-game.com\/da\/author\/pemvas95n89x\/"},"rttpg_comment":0,"rttpg_category":null,"rttpg_excerpt":"Onlinekasinoer er blevet et blomstrende knudepunkt for underholdning og sp\u00e6nding, og tilbyder spillere et virtuelt tilflugtssted for at nyde deres yndlingsspil. RocketPlay Casino, en banebryder i online spilindustrien, giver en fantastisk spiloplevelse og fors\u00f8der aftalen med en lokkende bonuspolitik. Lad os dykke ned i detaljerne i denne politik og udforske de forskellige bonusser, der venter...","_links":{"self":[{"href":"https:\/\/rocketplay-game.com\/da\/wp-json\/wp\/v2\/pages\/4333","targetHints":{"allow":["GET"]}}],"collection":[{"href":"https:\/\/rocketplay-game.com\/da\/wp-json\/wp\/v2\/pages"}],"about":[{"href":"https:\/\/rocketplay-game.com\/da\/wp-json\/wp\/v2\/types\/page"}],"author":[{"embeddable":true,"href":"https:\/\/rocketplay-game.com\/da\/wp-json\/wp\/v2\/users\/1"}],"replies":[{"embeddable":true,"href":"https:\/\/rocketplay-game.com\/da\/wp-json\/wp\/v2\/comments?post=4333"}],"version-history":[{"count":1,"href":"https:\/\/rocketplay-game.com\/da\/wp-json\/wp\/v2\/pages\/4333\/revisions"}],"predecessor-version":[{"id":4334,"href":"https:\/\/rocketplay-game.com\/da\/wp-json\/wp\/v2\/pages\/4333\/revisions\/4334"}],"wp:attachment":[{"href":"https:\/\/rocketplay-game.com\/da\/wp-json\/wp\/v2\/media?parent=4333"}],"curies":[{"name":"wp","href":"https:\/\/api.w.org\/{rel}","templated":true}]}}