{"id":4357,"date":"2024-01-22T15:02:18","date_gmt":"2024-01-22T12:02:18","guid":{"rendered":"https:\/\/rocketplay-game.com\/contact-us\/"},"modified":"2024-01-22T17:52:31","modified_gmt":"2024-01-22T14:52:31","slug":"contact-us","status":"publish","type":"page","link":"https:\/\/rocketplay-game.com\/da\/contact-us\/","title":{"rendered":"Kontakt os"},"content":{"rendered":"<p>Vi forst\u00e5r, at navigation i spilgalaksen kan rejse sp\u00f8rgsm\u00e5l eller v\u00e6kke nysgerrighed. Det er derfor, RocketPlay Casino tilbyder en effektiv og tilg\u00e6ngelig kontakt os-service, der sikrer, at dine foresp\u00f8rgsler bliver m\u00f8dt med hurtig og hj\u00e6lpsom assistance.<\/p>\n<h2>Kundesupport: Assistance d\u00f8gnet rundt<\/h2>\n<p>Hos RocketPlay Casino er vores kundesupport din kilde til enhver foresp\u00f8rgsel, bekymring eller assistance. Vores team af dedikerede professionelle arbejder 24\/7, klar til at yde support d\u00f8gnet rundt til spillere fra alle hj\u00f8rner af galaksen. Uanset om du st\u00e5r over for tekniske problemer, har sp\u00f8rgsm\u00e5l om kampagner eller har brug for vejledning, sikrer vores kundesupportteam, at din RocketPlay-oplevelse forbliver j\u00e6vn og behagelig.<\/p>\n<h2>Kontaktmuligheder: V\u00e6lg din foretrukne kanal<\/h2>\n<p>RocketPlay Casino forst\u00e5r, at kommunikationspr\u00e6ferencer varierer, s\u00e5 vi tilbyder flere kontaktkanaler, der passer til dine behov. Du kan n\u00e5 vores kundesupportteam via e-mail, live chat eller vores dedikerede hotline. V\u00e6lg venligst den mulighed, der passer bedst til din kommunikationsstil, og v\u00e6r sikker p\u00e5, at vores team er klar til at hj\u00e6lpe dig med det samme.<\/p>\n<h2>E-mail-support: Skriftlige foresp\u00f8rgsler behandlet med omhu<\/h2>\n<p>Vores e-mail-support er den perfekte kanal for spillere, der foretr\u00e6kker en skriftlig oversigt over deres foresp\u00f8rgsler eller har mere detaljerede sp\u00f8rgsm\u00e5l. Send os en e-mail med din foresp\u00f8rgsel, og vores supportteam vil svare med den pr\u00e6cision og omhu, som RocketPlay er kendt for. Forvent et grundigt og hj\u00e6lpsomt svar, der l\u00f8ser dine bekymringer omg\u00e5ende.<\/p>\n<h2>Livechat: \u00d8jeblikkelig hj\u00e6lp lige ved h\u00e5nden<\/h2>\n<p>Vores live chat-funktion er kun et klik v\u00e6k, hvis du leder efter \u00f8jeblikkelig hj\u00e6lp. Kom i kontakt med et medlem af vores kundesupportteam i realtid, hvilket giver mulighed for hurtig og effektiv l\u00f8sning af dine problemer. Live chat-muligheden er perfekt, n\u00e5r du har brug for \u00f8jeblikkelige svar eller vejledning, mens du udforsker RocketPlay-universet.<\/p>\n<h2>Hotline: Direkte forbindelse til presserende sager<\/h2>\n<p>Vores hotline giver en direkte og \u00f8jeblikkelig forbindelse til vores kundesupportteam for presserende sager eller situationer, hvor der er behov for et personligt pr\u00e6g. Vores dedikerede hotline drives af kyndige og venlige fagfolk, der er klar til at hj\u00e6lpe dig med ethvert presserende sp\u00f8rgsm\u00e5l, s\u00e5 du f\u00e5r den support, du har brug for, n\u00e5r det er n\u00f8dvendigt.<\/p>\n<h2>Feedback: Din stemme former RocketPlay-oplevelsen<\/h2>\n<p>RocketPlay Casino v\u00e6rds\u00e6tter din feedback, og vi opfordrer dig til at dele dine tanker, forslag og erfaringer med os. Dit input hj\u00e6lper os med l\u00f8bende at forbedre og forbedre RocketPlay-spiluniverset. Uanset om du har ideer til nye funktioner eller forbedringer eller \u00f8nsker at dele dine positive oplevelser, hilser vi din feedback velkommen som en integreret del af vores forpligtelse til at levere den bedst mulige spiloplevelse.<\/p>\n<h2>Kontakt RocketPlay Casino \u2013 Din gateway til enest\u00e5ende support<\/h2>\n<p>Hos RocketPlay Casino er vi stolte af at give en enest\u00e5ende spilleoplevelse og tilbyde enest\u00e5ende kundesupport. Vores kontakt os-tjeneste er designet til at v\u00e6re din direkte linje til vores fremragende supportteam, der sikrer, at din rejse gennem spilgalaksen er j\u00e6vn, underholdende og problemfri. Kom i kontakt med os i dag, og lad RocketPlay Casino l\u00f8fte din spiloplevelse til nye h\u00f8jder!<\/p>\n","protected":false},"excerpt":{"rendered":"<p>Vi forst\u00e5r, at navigation i spilgalaksen kan rejse sp\u00f8rgsm\u00e5l eller v\u00e6kke nysgerrighed. Det er derfor, RocketPlay Casino tilbyder en effektiv og tilg\u00e6ngelig kontakt os-service, der sikrer, at dine foresp\u00f8rgsler bliver m\u00f8dt med hurtig og hj\u00e6lpsom assistance. Kundesupport: Assistance d\u00f8gnet rundt Hos RocketPlay Casino er vores kundesupport din kilde til enhver foresp\u00f8rgsel, bekymring eller assistance. Vores&#8230;<\/p>\n","protected":false},"author":1,"featured_media":0,"parent":0,"menu_order":0,"comment_status":"closed","ping_status":"closed","template":"page-with-bonus.php","meta":{"_acf_changed":false,"_kad_post_transparent":"default","_kad_post_title":"default","_kad_post_layout":"default","_kad_post_sidebar_id":"","_kad_post_content_style":"default","_kad_post_vertical_padding":"default","_kad_post_feature":"","_kad_post_feature_position":"","_kad_post_header":false,"_kad_post_footer":false,"footnotes":""},"class_list":["post-4357","page","type-page","status-publish","hentry"],"acf":[],"rttpg_featured_image_url":null,"rttpg_author":{"display_name":"Tom","author_link":"https:\/\/rocketplay-game.com\/da\/author\/pemvas95n89x\/"},"rttpg_comment":0,"rttpg_category":null,"rttpg_excerpt":"Vi forst\u00e5r, at navigation i spilgalaksen kan rejse sp\u00f8rgsm\u00e5l eller v\u00e6kke nysgerrighed. Det er derfor, RocketPlay Casino tilbyder en effektiv og tilg\u00e6ngelig kontakt os-service, der sikrer, at dine foresp\u00f8rgsler bliver m\u00f8dt med hurtig og hj\u00e6lpsom assistance. Kundesupport: Assistance d\u00f8gnet rundt Hos RocketPlay Casino er vores kundesupport din kilde til enhver foresp\u00f8rgsel, bekymring eller assistance. Vores...","_links":{"self":[{"href":"https:\/\/rocketplay-game.com\/da\/wp-json\/wp\/v2\/pages\/4357","targetHints":{"allow":["GET"]}}],"collection":[{"href":"https:\/\/rocketplay-game.com\/da\/wp-json\/wp\/v2\/pages"}],"about":[{"href":"https:\/\/rocketplay-game.com\/da\/wp-json\/wp\/v2\/types\/page"}],"author":[{"embeddable":true,"href":"https:\/\/rocketplay-game.com\/da\/wp-json\/wp\/v2\/users\/1"}],"replies":[{"embeddable":true,"href":"https:\/\/rocketplay-game.com\/da\/wp-json\/wp\/v2\/comments?post=4357"}],"version-history":[{"count":1,"href":"https:\/\/rocketplay-game.com\/da\/wp-json\/wp\/v2\/pages\/4357\/revisions"}],"predecessor-version":[{"id":4359,"href":"https:\/\/rocketplay-game.com\/da\/wp-json\/wp\/v2\/pages\/4357\/revisions\/4359"}],"wp:attachment":[{"href":"https:\/\/rocketplay-game.com\/da\/wp-json\/wp\/v2\/media?parent=4357"}],"curies":[{"name":"wp","href":"https:\/\/api.w.org\/{rel}","templated":true}]}}