{"id":4381,"date":"2024-01-22T15:37:01","date_gmt":"2024-01-22T12:37:01","guid":{"rendered":"https:\/\/rocketplay-game.com\/gdpr-policy\/"},"modified":"2024-01-22T18:01:09","modified_gmt":"2024-01-22T15:01:09","slug":"gdpr-policy","status":"publish","type":"page","link":"https:\/\/rocketplay-game.com\/da\/gdpr-policy\/","title":{"rendered":"GDPR politik"},"content":{"rendered":"<p>I den dynamiske verden af onlinespil skiller RocketPlay Casino sig ikke kun ud for sine sp\u00e6ndende spil og fordybende oplevelser, men ogs\u00e5 for dets urokkelige engagement i at beskytte brugerdata. I overensstemmelse med den generelle databeskyttelsesforordning (GDPR) har RocketPlay Casino implementeret en robust privatlivspolitik for at sikre, at spillernes personlige oplysninger h\u00e5ndteres med den st\u00f8rste omhu og gennemsigtighed. Denne GDPR-politik er et vidnesbyrd om vores dedikation til at skabe et sikkert og underholdende spilmilj\u00f8 for vores brugere.<\/p>\n<h2>Gennemsigtighed og ansvarlighed<\/h2>\n<p>Hos RocketPlay Casino er gennemsigtighed kernen i vores GDPR-overholdelsesstrategi. Vi tror p\u00e5 at informere vores spillere om, hvordan deres data indsamles, behandles og bruges. Vores privatlivspolitik er let tilg\u00e6ngelig p\u00e5 vores hjemmeside, og giver brugerne et omfattende overblik over de oplysninger, vi indsamler, og de form\u00e5l, vi bruger dem til.<\/p>\n<p>For at sikre ansvarlighed har vi udpeget en databeskyttelsesansvarlig (DPO), der er ansvarlig for at f\u00f8re tilsyn med overholdelse af databeskyttelseslovgivningen og behandle eventuelle brugerforesp\u00f8rgsler eller bekymringer. DPO&#8217;en fungerer som et kontaktpunkt mellem RocketPlay Casino og databeskyttelsesmyndighederne og fremmer en gennemsigtig og ansvarlig tilgang til databeskyttelse.<\/p>\n<h2>Lovlig og retf\u00e6rdig databehandling<\/h2>\n<p>RocketPlay Casino overholder principperne for lovlig og retf\u00e6rdig databehandling skitseret i GDPR. Vi indsamler og behandler kun personlige oplysninger til specifikke og legitime form\u00e5l, hvilket sikrer, at vores brugere kender \u00e5rsagerne bag dataindsamling. Uanset om det er kontoregistrering, transaktionsbehandling eller personlige spiloplevelser, prioriterer vi gennemsigtighed i vores databehandlingspraksis.<\/p>\n<p>Desuden overholder vi strengt minimeringsprincippet, idet vi kun indsamler de data, der er n\u00f8dvendige til det tilsigtede form\u00e5l. Dette sikrer, at RocketPlay Casino opretholder en slank og fokuseret tilgang til databehandling, hvilket minimerer den potentielle indvirkning p\u00e5 brugernes privatliv.<\/p>\n<h2>Brugers samtykke og kontrol<\/h2>\n<p>At respektere brugerens samtykke er altafg\u00f8rende i RocketPlay Casinos bestr\u00e6belser p\u00e5 at overholde GDPR. Vi s\u00f8ger udtrykkeligt samtykke fra vores brugere, f\u00f8r vi indsamler og behandler deres personlige oplysninger. Under kontoregistreringsprocessen f\u00e5r spillerne klare og pr\u00e6cise oplysninger om de data, vi indsamler, og hvordan de vil blive brugt. Brugere kan frav\u00e6lge visse databehandlingsaktiviteter, hvilket giver dem kontrol over deres personlige oplysninger.<\/p>\n<p>RocketPlay Casino anerkender ogs\u00e5 brugernes ret til at f\u00e5 adgang til, rette eller slette deres data. Vores brugervenlige gr\u00e6nseflade giver spillere mulighed for at administrere deres privatlivsindstillinger og skr\u00e6ddersy deres spiloplevelse i overensstemmelse med deres pr\u00e6ferencer. Denne forpligtelse til brugerkontrol styrker vores spillere og forst\u00e6rker vores dedikation til at respektere individuelle privatlivsrettigheder.<\/p>\n<h2>Sikkerhedsforanstaltninger og dataintegritet<\/h2>\n<p>Beskyttelse af brugerdata er en topprioritet hos RocketPlay Casino. Vi anvender state-of-the-art sikkerhedsforanstaltninger for at beskytte personlige oplysninger mod uautoriseret adgang, offentligg\u00f8relse, \u00e6ndring og \u00f8del\u00e6ggelse. Vores sikre servere, krypteringsprotokoller og regelm\u00e6ssige sikkerhedsaudits sikrer integriteten og fortroligheden af de data, vi h\u00e5ndterer.<\/p>\n<p>I overensstemmelse med GDPR&#8217;s design af databeskyttelse og som standard principper har vi integreret privatlivsforanstaltninger i vores spilleplatform fra starten. Denne proaktive tilgang opfylder regulatoriske krav og afspejler vores forpligtelse til at levere et sikkert og trov\u00e6rdigt spilmilj\u00f8.<\/p>\n<h2>Internationale dataoverf\u00f8rsler og tredjepartskontrakter<\/h2>\n<p>Som en global online spilleplatform kan RocketPlay Casino involvere overf\u00f8rsel af brugerdata p\u00e5 tv\u00e6rs af internationale gr\u00e6nser. For at sikre overholdelse af GDPR har vi implementeret passende sikkerhedsforanstaltninger, s\u00e5som Standard Contractual Clauses (SCC&#8217;er), for at sikre lovlig overf\u00f8rsel af personlige oplysninger. Disse kontraktlige aftaler med tredjeparter garanterer, at data h\u00e5ndteres med samme beskyttelsesniveau som p\u00e5budt af GDPR.<\/p>\n<p>N\u00e5r vi engagerer tredjepartstjenesteudbydere, udv\u00e6lger RocketPlay Casino omhyggeligt partnere, der deler vores forpligtelse til databeskyttelse. Vores kontrakter med disse enheder inkluderer specifikke klausuler, der omhandler databeskyttelse og sikkerhed, hvilket forst\u00e6rker vores dedikation til at opretholde de h\u00f8jeste standarder for brugerbeskyttelse.<\/p>\n<h2>Reaktion og meddelelse om databrud<\/h2>\n<p>P\u00e5 trods af strenge sikkerhedsforanstaltninger anerkender RocketPlay Casino muligheden for databrud. I en sikkerhedsh\u00e6ndelse er vores hurtige reaktionsteam parat til at tr\u00e6ffe \u00f8jeblikkelige foranstaltninger for at afb\u00f8de p\u00e5virkningen. Vi overholder GDPRs underretningskrav og informerer straks ber\u00f8rte brugere og relevante myndigheder om bruddet. Denne gennemsigtige kommunikation sikrer, at vores brugere bliver underrettet og bemyndiget til at tr\u00e6ffe passende foranstaltninger for at beskytte deres oplysninger.<\/p>\n<h2>Kontinuerlig forbedring og overv\u00e5gning af overholdelse<\/h2>\n<p>RocketPlay Casino ser overholdelse af GDPR som en l\u00f8bende forpligtelse snarere end en engangsopgave. Vi overv\u00e5ger l\u00f8bende udviklingen i lovgivningen og opdaterer vores privatlivspraksis for at tilpasse os eventuelle \u00e6ndringer i databeskyttelseslovgivningen. Vores forpligtelse til overholdelse str\u00e6kker sig ud over juridiske forpligtelser; det afspejler vores dedikation til at skabe tillid og gennemsigtighed med vores spillerf\u00e6llesskab.<\/p>\n<p>Der udf\u00f8res regelm\u00e6ssige audits og vurderinger for at evaluere effektiviteten af vores GDPR-overholdelsesforanstaltninger. Feedback fra brugere, regulerende myndigheder og interne evalueringer bidrager til l\u00f8bende at forbedre vores databeskyttelsespraksis. Denne proaktive tilgang forst\u00e6rker RocketPlay Casinos position som en ansvarlig forvalter af brugerdata i online spilindustrien.<\/p>\n","protected":false},"excerpt":{"rendered":"<p>I den dynamiske verden af onlinespil skiller RocketPlay Casino sig ikke kun ud for sine sp\u00e6ndende spil og fordybende oplevelser, men ogs\u00e5 for dets urokkelige engagement i at beskytte brugerdata. I overensstemmelse med den generelle databeskyttelsesforordning (GDPR) har RocketPlay Casino implementeret en robust privatlivspolitik for at sikre, at spillernes personlige oplysninger h\u00e5ndteres med den st\u00f8rste&#8230;<\/p>\n","protected":false},"author":1,"featured_media":0,"parent":0,"menu_order":0,"comment_status":"closed","ping_status":"closed","template":"page-with-bonus.php","meta":{"_acf_changed":false,"_kad_post_transparent":"default","_kad_post_title":"default","_kad_post_layout":"default","_kad_post_sidebar_id":"","_kad_post_content_style":"default","_kad_post_vertical_padding":"default","_kad_post_feature":"","_kad_post_feature_position":"","_kad_post_header":false,"_kad_post_footer":false,"footnotes":""},"class_list":["post-4381","page","type-page","status-publish","hentry"],"acf":[],"rttpg_featured_image_url":null,"rttpg_author":{"display_name":"Tom","author_link":"https:\/\/rocketplay-game.com\/da\/author\/pemvas95n89x\/"},"rttpg_comment":0,"rttpg_category":null,"rttpg_excerpt":"I den dynamiske verden af onlinespil skiller RocketPlay Casino sig ikke kun ud for sine sp\u00e6ndende spil og fordybende oplevelser, men ogs\u00e5 for dets urokkelige engagement i at beskytte brugerdata. I overensstemmelse med den generelle databeskyttelsesforordning (GDPR) har RocketPlay Casino implementeret en robust privatlivspolitik for at sikre, at spillernes personlige oplysninger h\u00e5ndteres med den st\u00f8rste...","_links":{"self":[{"href":"https:\/\/rocketplay-game.com\/da\/wp-json\/wp\/v2\/pages\/4381","targetHints":{"allow":["GET"]}}],"collection":[{"href":"https:\/\/rocketplay-game.com\/da\/wp-json\/wp\/v2\/pages"}],"about":[{"href":"https:\/\/rocketplay-game.com\/da\/wp-json\/wp\/v2\/types\/page"}],"author":[{"embeddable":true,"href":"https:\/\/rocketplay-game.com\/da\/wp-json\/wp\/v2\/users\/1"}],"replies":[{"embeddable":true,"href":"https:\/\/rocketplay-game.com\/da\/wp-json\/wp\/v2\/comments?post=4381"}],"version-history":[{"count":2,"href":"https:\/\/rocketplay-game.com\/da\/wp-json\/wp\/v2\/pages\/4381\/revisions"}],"predecessor-version":[{"id":4384,"href":"https:\/\/rocketplay-game.com\/da\/wp-json\/wp\/v2\/pages\/4381\/revisions\/4384"}],"wp:attachment":[{"href":"https:\/\/rocketplay-game.com\/da\/wp-json\/wp\/v2\/media?parent=4381"}],"curies":[{"name":"wp","href":"https:\/\/api.w.org\/{rel}","templated":true}]}}