{"id":4410,"date":"2024-01-22T15:53:20","date_gmt":"2024-01-22T12:53:20","guid":{"rendered":"https:\/\/rocketplay-game.com\/kyc-policy\/"},"modified":"2024-01-22T18:15:37","modified_gmt":"2024-01-22T15:15:37","slug":"kyc-policy","status":"publish","type":"page","link":"https:\/\/rocketplay-game.com\/da\/kyc-policy\/","title":{"rendered":"KYC politik"},"content":{"rendered":"<p>RocketPlay Casinos KYC-politik er designet til at verificere identiteten af dets spillere og sikre overholdelse af lovm\u00e6ssige krav. Det prim\u00e6re m\u00e5l er at forhindre svigagtige aktiviteter, s\u00e5som identitetstyveri og hvidvaskning af penge, og bevare spilleplatformens integritet. RocketPlay Casino sigter mod at give en trov\u00e6rdig og gennemsigtig spiloplevelse for alle sine brugere ved at overholde strenge KYC-procedurer.<\/p>\n<h2>Brugerregistrerings- og bekr\u00e6ftelsesproces<\/h2>\n<p>Ved registrering hos RocketPlay Casino skal spillere give n\u00f8jagtige og opdaterede personlige oplysninger. Dette inkluderer fulde navn, f\u00f8dselsdato, adresse og kontaktoplysninger. Kasinoet bruger avancerede krypteringsteknologier til at beskytte disse f\u00f8lsomme data, hvilket sikrer, at spillere nyder deres spiloplevelse med ro i sindet.<\/p>\n<p>Bekr\u00e6ftelse begynder med indsendelse af identifikationsdokumenter, herunder et offentligt udstedt id, pas eller k\u00f8rekort. Derudover kan spillere blive bedt om at freml\u00e6gge bevis for adresse, s\u00e5som en forbrugsregning eller kontoudtog. Disse dokumenter bliver omhyggeligt gennemg\u00e5et af kasinoets dedikerede KYC-team, som arbejder ih\u00e6rdigt p\u00e5 at autentificere de angivne oplysninger.<\/p>\n<h2>Beskyttelse mod identitetstyveri<\/h2>\n<p>Identitetstyveri er en udbredt bekymring i den digitale tidsalder, og RocketPlay Casino er forpligtet til at forhindre s\u00e5danne h\u00e6ndelser p\u00e5 deres platform. Den grundige KYC-verifikationsproces er en robust barriere mod uautoriserede personer, der fors\u00f8ger at oprette konti ved hj\u00e6lp af stj\u00e5lne eller falske identiteter. Ved at bekr\u00e6fte legitimiteten af hver spiller, skaber casinoet et sikkert sted, hvor \u00e6gte spilleentusiaster kan nyde deres yndlingsspil uden frygt for identitetstyveri.<\/p>\n<h2>Sikring af fair play og ansvarligt spil<\/h2>\n<p>Ud over at forhindre svigagtige aktiviteter er RocketPlay Casinos KYC-politik afg\u00f8rende for at fremme fair play og ansvarligt spil. Ved at verificere spillernes alder og identitet sikrer kasinoet, at kun personer i den lovlige spillealder f\u00e5r adgang til platformen. Dette stemmer overens med casinoets forpligtelse til ansvarlig spilpraksis og hj\u00e6lper med at skabe et sikrere brugermilj\u00f8.<\/p>\n<h2>Overholdelse af regulatoriske standarder<\/h2>\n<p>RocketPlay Casino er fuldt ud forpligtet til at overholde de regulatoriske standarder, der er fastsat af spillemyndighederne. Implementering af en omfattende KYC-politik er et afg\u00f8rende aspekt af denne forpligtelse. Ved at overholde disse standarder opfylder kasinoet lovkrav og demonstrerer sin dedikation til at opretholde en velrenommeret og trov\u00e6rdig online spilleplatform.<\/p>\n<h2>Str\u00f8mlinet og effektiv verifikationsproces<\/h2>\n<p>For at forst\u00e5 vigtigheden af en problemfri spilleoplevelse, har RocketPlay Casino investeret i at skabe en str\u00f8mlinet og effektiv KYC-verifikationsproces. Kasinoets brugervenlige gr\u00e6nseflade og klare instruktioner g\u00f8r det nemt for spillere at indsende de n\u00f8dvendige dokumenter og gennemf\u00f8re verifikationsprocessen uden un\u00f8dvendige forsinkelser. Denne forpligtelse til effektivitet sikrer, at spillere hurtigt kan nyde deres yndlingsspil, mens de opretholder de h\u00f8jeste sikkerhedsstandarder.<\/p>\n<h2>Databeskyttelse og privatliv<\/h2>\n<p>RocketPlay Casino prioriterer beskyttelse af spillerdata og privatliv h\u00f8jt. Alle oplysninger, der indsamles under KYC-processen, h\u00e5ndteres med den st\u00f8rste omhu og opbevares sikkert ved hj\u00e6lp af avancerede krypteringsprotokoller. Kasinoet overholder strengt databeskyttelsesreglerne og sikrer, at spilleroplysninger ikke deles med uautoriserede tredjeparter. Denne dedikation til privatlivets fred styrker den tillid, som spillere har til RocketPlay Casino.<\/p>\n<h2>Kontinuerlig overv\u00e5gning og opdatering<\/h2>\n<p>Verden af onlinespil er dynamisk, og RocketPlay Casino erkender behovet for kontinuerlig overv\u00e5gning og opdatering af dets KYC-procedurer. Kasinoet holder sig ajour med teknologiske fremskridt og lovgivningsm\u00e6ssige \u00e6ndringer for at sikre, at dets KYC-politik forbliver effektiv og overholder industristandarder. Denne proaktive tilgang afspejler casinoets forpligtelse til at levere et sikkert spilmilj\u00f8, der udvikler sig med det stadigt skiftende onlinespillandskab.<\/p>\n<p>RocketPlay Casinos KYC-politik st\u00e5r som et vidnesbyrd om dets urokkelige engagement i spillersikkerhed, fair play og ansvarligt spil. Ved at implementere en stringent verifikationsproces skaber casinoet en trov\u00e6rdig platform, hvor spillere trygt kan deltage i deres yndlingsspil. Kombinationen af banebrydende teknologi, lovgivningsoverholdelse og en brugervenlig gr\u00e6nseflade positionerer RocketPlay Casino som f\u00f8rende i online spilindustrien, dedikeret til at levere en sikker og forn\u00f8jelig oplevelse for spillere over hele verden.<\/p>\n","protected":false},"excerpt":{"rendered":"<p>RocketPlay Casinos KYC-politik er designet til at verificere identiteten af dets spillere og sikre overholdelse af lovm\u00e6ssige krav. Det prim\u00e6re m\u00e5l er at forhindre svigagtige aktiviteter, s\u00e5som identitetstyveri og hvidvaskning af penge, og bevare spilleplatformens integritet. RocketPlay Casino sigter mod at give en trov\u00e6rdig og gennemsigtig spiloplevelse for alle sine brugere ved at overholde strenge&#8230;<\/p>\n","protected":false},"author":1,"featured_media":0,"parent":0,"menu_order":0,"comment_status":"closed","ping_status":"closed","template":"page-with-bonus.php","meta":{"_acf_changed":false,"_kad_post_transparent":"default","_kad_post_title":"default","_kad_post_layout":"default","_kad_post_sidebar_id":"","_kad_post_content_style":"default","_kad_post_vertical_padding":"default","_kad_post_feature":"","_kad_post_feature_position":"","_kad_post_header":false,"_kad_post_footer":false,"footnotes":""},"class_list":["post-4410","page","type-page","status-publish","hentry"],"acf":[],"rttpg_featured_image_url":null,"rttpg_author":{"display_name":"Tom","author_link":"https:\/\/rocketplay-game.com\/da\/author\/pemvas95n89x\/"},"rttpg_comment":0,"rttpg_category":null,"rttpg_excerpt":"RocketPlay Casinos KYC-politik er designet til at verificere identiteten af dets spillere og sikre overholdelse af lovm\u00e6ssige krav. Det prim\u00e6re m\u00e5l er at forhindre svigagtige aktiviteter, s\u00e5som identitetstyveri og hvidvaskning af penge, og bevare spilleplatformens integritet. RocketPlay Casino sigter mod at give en trov\u00e6rdig og gennemsigtig spiloplevelse for alle sine brugere ved at overholde strenge...","_links":{"self":[{"href":"https:\/\/rocketplay-game.com\/da\/wp-json\/wp\/v2\/pages\/4410","targetHints":{"allow":["GET"]}}],"collection":[{"href":"https:\/\/rocketplay-game.com\/da\/wp-json\/wp\/v2\/pages"}],"about":[{"href":"https:\/\/rocketplay-game.com\/da\/wp-json\/wp\/v2\/types\/page"}],"author":[{"embeddable":true,"href":"https:\/\/rocketplay-game.com\/da\/wp-json\/wp\/v2\/users\/1"}],"replies":[{"embeddable":true,"href":"https:\/\/rocketplay-game.com\/da\/wp-json\/wp\/v2\/comments?post=4410"}],"version-history":[{"count":1,"href":"https:\/\/rocketplay-game.com\/da\/wp-json\/wp\/v2\/pages\/4410\/revisions"}],"predecessor-version":[{"id":4411,"href":"https:\/\/rocketplay-game.com\/da\/wp-json\/wp\/v2\/pages\/4410\/revisions\/4411"}],"wp:attachment":[{"href":"https:\/\/rocketplay-game.com\/da\/wp-json\/wp\/v2\/media?parent=4410"}],"curies":[{"name":"wp","href":"https:\/\/api.w.org\/{rel}","templated":true}]}}