{"id":4435,"date":"2024-01-22T15:23:25","date_gmt":"2024-01-22T12:23:25","guid":{"rendered":"https:\/\/rocketplay-game.com\/privacy-policy\/"},"modified":"2024-01-22T18:32:58","modified_gmt":"2024-01-22T15:32:58","slug":"privacy-policy","status":"publish","type":"page","link":"https:\/\/rocketplay-game.com\/da\/privacy-policy\/","title":{"rendered":"Fortrolighedspolitik"},"content":{"rendered":"<p>Hos RocketPlay Casino v\u00e6rds\u00e6tter vi din tillid og prioriterer fortroligheden af dine data. Denne privatlivspolitik afgr\u00e6nser de typer oplysninger, vi indsamler, de form\u00e5l, vi bruger dem til, og de foranstaltninger, vi implementerer for at holde dine data sikre. Ved at engagere dig i vores platform, accepterer du de vilk\u00e5r, der er beskrevet heri.<\/p>\n<h2>Informationsindsamling og -brug<\/h2>\n<h3>Personlige oplysninger<\/h3>\n<p>RocketPlay Casino indsamler personlige oplysninger, n\u00e5r du registrerer dig for en konto, foretager transaktioner eller interagerer med vores tjenester. Dette kan omfatte, men er ikke begr\u00e6nset til, dit navn, e-mailadresse, f\u00f8dselsdato og betalingsoplysninger. Vi bruger disse oplysninger til at oprette og administrere din konto, behandle transaktioner og tilpasse din spiloplevelse.<\/p>\n<h3>Ikke-personlige oplysninger<\/h3>\n<p>Ud over personlige oplysninger kan vi indsamle ikke-personlige data, s\u00e5som enhedsoplysninger, IP-adresser og browseroplysninger. Disse oplysninger er afg\u00f8rende for at optimere vores platforms ydeevne, forbedre sikkerheden og analysere brugertendenser for at forbedre vores tjenester.<\/p>\n<h2>Cookies og sporingsteknologier<\/h2>\n<p>RocketPlay Casino anvender cookies og lignende sporingsteknologier for at forbedre brugeroplevelsen og indsamle v\u00e6rdifuld information om brugen af webstedet. Disse teknologier hj\u00e6lper os med at skr\u00e6ddersy vores tjenester til dine pr\u00e6ferencer, spore brugerengagement og levere m\u00e5lrettede annoncer. Du har mulighed for at administrere cookie-pr\u00e6ferencer gennem dine browserindstillinger.<\/p>\n<h2>S\u00e5dan bruger vi dine oplysninger<\/h2>\n<h3>Kontostyring<\/h3>\n<p>Dine personlige oplysninger er medvirkende til at oprette og administrere din RocketPlay Casino-konto. Dette inkluderer godkendelse, kontobekr\u00e6ftelse og kommunikation relateret til din kontostatus.<\/p>\n<h3>Transaktionsbehandling<\/h3>\n<p>N\u00e5r du deltager i finansielle transaktioner p\u00e5 vores platform, s\u00e5som indbetalinger eller udbetalinger, bruger vi dine betalingsoplysninger til at lette disse processer sikkert og effektivt.<\/p>\n<h3>Tilpasning<\/h3>\n<p>At forst\u00e5 dine pr\u00e6ferencer giver os mulighed for at tilpasse din spiloplevelse. Fra spilanbefalinger til kampagnetilbud, vi str\u00e6ber efter at g\u00f8re din tid p\u00e5 RocketPlay Casino s\u00e5 behagelig og skr\u00e6ddersyet til dine interesser som muligt.<\/p>\n<h3>Sikkerhed og forebyggelse af bedrageri<\/h3>\n<p>Vi anvender strenge sikkerhedsforanstaltninger for at beskytte dine oplysninger mod uautoriseret adgang, hvilket sikrer integriteten af vores platform. Dataanalyse bruges ogs\u00e5 til at opdage og forhindre svigagtige aktiviteter.<\/p>\n<h3>Analyse og forbedring<\/h3>\n<p>Ikke-personlige oplysninger bruges til analyser for at f\u00e5 indsigt i brugeradf\u00e6rd, optimere vores platform og l\u00f8bende forbedre kvaliteten af vores tjenester.<\/p>\n<h2>Datadeling og offentligg\u00f8relse<\/h2>\n<p>RocketPlay Casino er forpligtet til at begr\u00e6nse deling af dine personlige oplysninger. Vi s\u00e6lger eller udlejer ikke dine data til tredjeparter. Visse omst\u00e6ndigheder kan dog n\u00f8dvendigg\u00f8re videregivelse af oplysninger, s\u00e5som juridiske forpligtelser, h\u00e5ndh\u00e6velse af vores vilk\u00e5r og politikker eller beskyttelse af vores rettigheder og andres rettigheder.<\/p>\n<h2>Tredjepartstjenester<\/h2>\n<p>Mens du bruger RocketPlay Casino, kan du st\u00f8de p\u00e5 links til tredjeparts websteder eller tjenester. Vores privatlivspolitik g\u00e6lder udelukkende for oplysninger indsamlet af os, og vi opfordrer dig til at gennemg\u00e5 privatlivspolitikkerne for alle tredjepartstjenester, du kan f\u00e5 adgang til via vores platform.<\/p>\n<h2>Dataopbevaring<\/h2>\n<p>Vi opbevarer kun dine personlige oplysninger, s\u00e5 l\u00e6nge det er n\u00f8dvendigt for at opfylde de form\u00e5l, der er beskrevet i denne privatlivspolitik. N\u00e5r oplysningerne ikke l\u00e6ngere er n\u00f8dvendige, bortskaffes de p\u00e5 sikker vis eller anonymiseres.<\/p>\n<h2>Dine rettigheder<\/h2>\n<p>RocketPlay Casino respekterer dine rettigheder vedr\u00f8rende dine personlige oplysninger. Du har ret til at f\u00e5 adgang til, rette eller slette dine data. Hvis du har sp\u00f8rgsm\u00e5l eller \u00f8nsker vedr\u00f8rende dine oplysninger, bedes du kontakte vores kundesupportteam.<\/p>\n<h2>Sikkerhedsforanstaltninger<\/h2>\n<p>RocketPlay Casino implementerer branchestandard sikkerhedsforanstaltninger for at beskytte dine personlige oplysninger. Dette inkluderer krypteringsprotokoller, SSL-teknologi (Secure Socket Layer) og regelm\u00e6ssige sikkerhedsaudits for at identificere og adressere potentielle s\u00e5rbarheder.<\/p>\n<h2>Opdateringer til privatlivspolitikken<\/h2>\n<p>RocketPlay Casino forbeholder sig retten til at opdatere denne fortrolighedspolitik med j\u00e6vne mellemrum for at tilpasse sig udviklende privatlivsstandarder og teknologiske fremskridt. Brugere vil blive underrettet om eventuelle v\u00e6sentlige \u00e6ndringer, og det er tilr\u00e5deligt at gennemg\u00e5 denne politik regelm\u00e6ssigt.<\/p>\n<h2>Samtykke<\/h2>\n<p>Ved at bruge RocketPlay Casino, anerkender du dit samtykke til vilk\u00e5rene i denne privatlivspolitik. Hvis du ikke er enig i noget som helst aspekt af politikken, bedes du undlade at bruge vores tjenester.<\/p>\n<p>Mens du begiver dig ud p\u00e5 en sp\u00e6ndende spilrejse med RocketPlay Casino, kan du v\u00e6re sikker p\u00e5, at dit privatliv er vores topprioritet. Vi er urokkelige i vores forpligtelse til at opretholde de h\u00f8jeste databeskyttelsesstandarder og sikre, at din oplevelse med os er sp\u00e6ndende, sikker og fortrolig. Du er velkommen til at udforske vores omfattende spil, kampagner og funktioner, vel vidende at dit privatliv er beskyttet ved hver tur. Velkommen til RocketPlay Casino, hvor underholdning og privatliv smelter sammen.<\/p>\n","protected":false},"excerpt":{"rendered":"<p>Hos RocketPlay Casino v\u00e6rds\u00e6tter vi din tillid og prioriterer fortroligheden af dine data. Denne privatlivspolitik afgr\u00e6nser de typer oplysninger, vi indsamler, de form\u00e5l, vi bruger dem til, og de foranstaltninger, vi implementerer for at holde dine data sikre. Ved at engagere dig i vores platform, accepterer du de vilk\u00e5r, der er beskrevet heri. Informationsindsamling og&#8230;<\/p>\n","protected":false},"author":1,"featured_media":0,"parent":0,"menu_order":0,"comment_status":"closed","ping_status":"closed","template":"page-with-bonus.php","meta":{"_acf_changed":false,"_kad_post_transparent":"default","_kad_post_title":"default","_kad_post_layout":"default","_kad_post_sidebar_id":"","_kad_post_content_style":"default","_kad_post_vertical_padding":"default","_kad_post_feature":"","_kad_post_feature_position":"","_kad_post_header":false,"_kad_post_footer":false,"footnotes":""},"class_list":["post-4435","page","type-page","status-publish","hentry"],"acf":[],"rttpg_featured_image_url":null,"rttpg_author":{"display_name":"Tom","author_link":"https:\/\/rocketplay-game.com\/da\/author\/pemvas95n89x\/"},"rttpg_comment":0,"rttpg_category":null,"rttpg_excerpt":"Hos RocketPlay Casino v\u00e6rds\u00e6tter vi din tillid og prioriterer fortroligheden af dine data. Denne privatlivspolitik afgr\u00e6nser de typer oplysninger, vi indsamler, de form\u00e5l, vi bruger dem til, og de foranstaltninger, vi implementerer for at holde dine data sikre. Ved at engagere dig i vores platform, accepterer du de vilk\u00e5r, der er beskrevet heri. Informationsindsamling og...","_links":{"self":[{"href":"https:\/\/rocketplay-game.com\/da\/wp-json\/wp\/v2\/pages\/4435","targetHints":{"allow":["GET"]}}],"collection":[{"href":"https:\/\/rocketplay-game.com\/da\/wp-json\/wp\/v2\/pages"}],"about":[{"href":"https:\/\/rocketplay-game.com\/da\/wp-json\/wp\/v2\/types\/page"}],"author":[{"embeddable":true,"href":"https:\/\/rocketplay-game.com\/da\/wp-json\/wp\/v2\/users\/1"}],"replies":[{"embeddable":true,"href":"https:\/\/rocketplay-game.com\/da\/wp-json\/wp\/v2\/comments?post=4435"}],"version-history":[{"count":1,"href":"https:\/\/rocketplay-game.com\/da\/wp-json\/wp\/v2\/pages\/4435\/revisions"}],"predecessor-version":[{"id":4437,"href":"https:\/\/rocketplay-game.com\/da\/wp-json\/wp\/v2\/pages\/4435\/revisions\/4437"}],"wp:attachment":[{"href":"https:\/\/rocketplay-game.com\/da\/wp-json\/wp\/v2\/media?parent=4435"}],"curies":[{"name":"wp","href":"https:\/\/api.w.org\/{rel}","templated":true}]}}