{"id":4513,"date":"2024-01-22T15:28:18","date_gmt":"2024-01-22T12:28:18","guid":{"rendered":"https:\/\/rocketplay-game.com\/underage-gaming-policy\/"},"modified":"2024-01-22T19:09:54","modified_gmt":"2024-01-22T16:09:54","slug":"underage-gaming-policy","status":"publish","type":"page","link":"https:\/\/rocketplay-game.com\/da\/underage-gaming-policy\/","title":{"rendered":"Spilpolitik for mindre\u00e5rige"},"content":{"rendered":"<p>I det dynamiske landskab af onlinespil skiller RocketPlay Casino sig ikke kun ud for sine sp\u00e6ndende spil og lokkende bel\u00f8nninger, men ogs\u00e5 for dets urokkelige engagement i ansvarligt spil. Hos RocketPlay er spillernes velbefindende altafg\u00f8rende, og denne forpligtelse str\u00e6kker sig til at sikre, at spil forbliver en forn\u00f8jelig og alderssvarende aktivitet. Dette afspejles i RocketPlay Casinos omfattende mindre\u00e5rige spillepolitik.<\/p>\n<h2>Hvorfor mindre\u00e5rige spil betyder noget<\/h2>\n<p>Sp\u00f8rgsm\u00e5let om mindre\u00e5rige spil er et v\u00e6sentligt problem i spilindustrien. At tillade personer under den lovlige alder at deltage i gamblingaktiviteter er ikke kun i modstrid med lovbestemmelser, men udg\u00f8r ogs\u00e5 en alvorlig risiko for mindre\u00e5rige spilleres velbefindende. RocketPlay Casino erkender alvoren af dette problem og har implementeret robuste foranstaltninger for at forhindre og im\u00f8deg\u00e5 mindre\u00e5riges spil.<\/p>\n<h2>Strenge procedurer for aldersbekr\u00e6ftelse<\/h2>\n<p>RocketPlay Casino anvender strenge procedurer for aldersbekr\u00e6ftelse for at opretholde integriteten af sin spilleplatform. Under registreringsprocessen skal spillere give n\u00f8jagtige og verificerbare oplysninger, herunder deres f\u00f8dselsdato. RocketPlay bruger avancerede verifikationsteknologier til at krydsreference disse oplysninger med p\u00e5lidelige databaser, hvilket sikrer, at kun personer i den lovlige spillealder f\u00e5r adgang til platformen.<\/p>\n<h2>Samarbejde med Age Verification Services<\/h2>\n<p>RocketPlay Casino g\u00e5r et skridt videre ved at samarbejde med velrenommerede aldersbekr\u00e6ftelsestjenester. Disse tjenester bruger en kombination af offentlige databaser og andre p\u00e5lidelige kilder til uafh\u00e6ngigt at verificere spillernes alder. Dette ekstra lag af verifikation \u00f8ger effektiviteten af RocketPlays aldersbekr\u00e6ftelsesproces, hvilket skaber et mere sikkert milj\u00f8 for alle spillere.<\/p>\n<h2>Uddannelsesinitiativer<\/h2>\n<p>Forebyggelse er et afg\u00f8rende aspekt af RocketPlay Casinos tilgang til spil for mindre\u00e5rige. Platformen er forpligtet til at uddanne b\u00e5de spillere og deres for\u00e6ldre om de potentielle risici forbundet med mindre\u00e5rige spil. RocketPlay leverer informative ressourcer, herunder artikler og guider, for at hj\u00e6lpe brugere med at forst\u00e5 vigtigheden af ansvarligt spil og de mulige konsekvenser af mindre\u00e5riges spil.<\/p>\n<h2>For\u00e6ldrekontrol og kontooverv\u00e5gning<\/h2>\n<p>RocketPlay Casino giver for\u00e6ldre mulighed for at tage en aktiv rolle i at overv\u00e5ge og kontrollere deres b\u00f8rns spilaktiviteter. Platformen tilbyder robuste for\u00e6ldrekontrolfunktioner, der giver for\u00e6ldre mulighed for at begr\u00e6nse kontoudgifter, spiladgang og andre parametre. Derudover anvender RocketPlay sofistikerede overv\u00e5gningsv\u00e6rkt\u00f8jer til at opdage eventuelle us\u00e6dvanlige aktivitetsm\u00f8nstre, der kan indikere mindre\u00e5riges spil. Der tages omg\u00e5ende foranstaltninger for at l\u00f8se s\u00e5danne situationer og forhindre yderligere uautoriseret adgang.<\/p>\n<h2>\u00d8jeblikkelig kontosuspendering<\/h2>\n<p>Hvis RocketPlay Casino identificerer en spiller, der er mindre\u00e5rig eller har givet falsk aldersinformation, tager platformen \u00f8jeblikkelig og afg\u00f8rende handling. Spillerens konto er suspenderet, og al adgang til spilaktiviteter tilbagekaldes, indtil der er foretaget en grundig unders\u00f8gelse. Denne hurtige reaktion opretholder ikke kun kasinoets forpligtelse til ansvarligt spil, men fungerer ogs\u00e5 som en afskr\u00e6kkelse for andre, der fors\u00f8ger at omg\u00e5 aldersbegr\u00e6nsninger.<\/p>\n<h2>Samarbejde med ansvarlige spilorganisationer<\/h2>\n<p>RocketPlay Casino samarbejder aktivt med velrenommerede, ansvarlige spilorganisationer for at forblive p\u00e5 forkant med bedste praksis og industristandarder. Ved at deltage i disse partnerskaber f\u00e5r casinoet v\u00e6rdifuld indsigt i den seneste udvikling inden for ansvarligt spil og inkorporerer dem i sine politikker og procedurer.<\/p>\n<h2>Kontinuerlig forbedring og tilpasning<\/h2>\n<p>RocketPlay Casino forst\u00e5r, at spillelandskabet konstant udvikler sig, og som s\u00e5dan er casinoet forpligtet til l\u00f8bende forbedring og tilpasning af sine mindre\u00e5riges spillepolitikker. Der gennemf\u00f8res regelm\u00e6ssige evalueringer for at vurdere effektiviteten af eksisterende foranstaltninger, og der foretages justeringer for at im\u00f8deg\u00e5 nye udfordringer. Denne proaktive tilgang sikrer, at RocketPlay forbliver f\u00f8rende med hensyn til at fremme ansvarlig spilpraksis.<\/p>\n<p>RocketPlay Casinos mindre\u00e5rige spillepolitik understreger platformens dedikation til at skabe et sikkert og underholdende spillemilj\u00f8. Gennem strenge procedurer for aldersbekr\u00e6ftelse, p\u00e6dagogiske initiativer, for\u00e6ldrekontrol og samarbejde med ansvarlige spilorganisationer str\u00e6ber RocketPlay efter at s\u00e6tte standarden for ansvarligt spil i online casinoindustrien. N\u00e5r spillere engagerer sig i sp\u00e6ndingen ved RocketPlays spil, kan de g\u00f8re det med tillid til, at deres velv\u00e6re og integriteten af spiloplevelsen er topprioriteter for casinoet.<\/p>\n","protected":false},"excerpt":{"rendered":"<p>I det dynamiske landskab af onlinespil skiller RocketPlay Casino sig ikke kun ud for sine sp\u00e6ndende spil og lokkende bel\u00f8nninger, men ogs\u00e5 for dets urokkelige engagement i ansvarligt spil. Hos RocketPlay er spillernes velbefindende altafg\u00f8rende, og denne forpligtelse str\u00e6kker sig til at sikre, at spil forbliver en forn\u00f8jelig og alderssvarende aktivitet. Dette afspejles i RocketPlay&#8230;<\/p>\n","protected":false},"author":1,"featured_media":0,"parent":0,"menu_order":0,"comment_status":"closed","ping_status":"closed","template":"page-with-bonus.php","meta":{"_acf_changed":false,"_kad_post_transparent":"default","_kad_post_title":"default","_kad_post_layout":"default","_kad_post_sidebar_id":"","_kad_post_content_style":"default","_kad_post_vertical_padding":"default","_kad_post_feature":"","_kad_post_feature_position":"","_kad_post_header":false,"_kad_post_footer":false,"footnotes":""},"class_list":["post-4513","page","type-page","status-publish","hentry"],"acf":[],"rttpg_featured_image_url":null,"rttpg_author":{"display_name":"Tom","author_link":"https:\/\/rocketplay-game.com\/da\/author\/pemvas95n89x\/"},"rttpg_comment":0,"rttpg_category":null,"rttpg_excerpt":"I det dynamiske landskab af onlinespil skiller RocketPlay Casino sig ikke kun ud for sine sp\u00e6ndende spil og lokkende bel\u00f8nninger, men ogs\u00e5 for dets urokkelige engagement i ansvarligt spil. Hos RocketPlay er spillernes velbefindende altafg\u00f8rende, og denne forpligtelse str\u00e6kker sig til at sikre, at spil forbliver en forn\u00f8jelig og alderssvarende aktivitet. Dette afspejles i RocketPlay...","_links":{"self":[{"href":"https:\/\/rocketplay-game.com\/da\/wp-json\/wp\/v2\/pages\/4513","targetHints":{"allow":["GET"]}}],"collection":[{"href":"https:\/\/rocketplay-game.com\/da\/wp-json\/wp\/v2\/pages"}],"about":[{"href":"https:\/\/rocketplay-game.com\/da\/wp-json\/wp\/v2\/types\/page"}],"author":[{"embeddable":true,"href":"https:\/\/rocketplay-game.com\/da\/wp-json\/wp\/v2\/users\/1"}],"replies":[{"embeddable":true,"href":"https:\/\/rocketplay-game.com\/da\/wp-json\/wp\/v2\/comments?post=4513"}],"version-history":[{"count":1,"href":"https:\/\/rocketplay-game.com\/da\/wp-json\/wp\/v2\/pages\/4513\/revisions"}],"predecessor-version":[{"id":4514,"href":"https:\/\/rocketplay-game.com\/da\/wp-json\/wp\/v2\/pages\/4513\/revisions\/4514"}],"wp:attachment":[{"href":"https:\/\/rocketplay-game.com\/da\/wp-json\/wp\/v2\/media?parent=4513"}],"curies":[{"name":"wp","href":"https:\/\/api.w.org\/{rel}","templated":true}]}}