{"id":1825,"date":"2022-10-03T12:15:51","date_gmt":"2022-10-03T09:15:51","guid":{"rendered":"https:\/\/rocketplay-game.com\/bonus\/loyalty-program\/"},"modified":"2026-02-28T00:21:55","modified_gmt":"2026-02-27T21:21:55","slug":"loyalty-program","status":"publish","type":"page","link":"https:\/\/rocketplay-game.com\/de\/bonus\/loyalty-program\/","title":{"rendered":"Treueprogramm bei RocketPlay"},"content":{"rendered":"<p>Spieler sind die Grundlage f\u00fcr jedes Gl\u00fccksspielunternehmen. Damit Casino-Kunden regelm\u00e4\u00dfig zur Online-Plattform zur\u00fcckkehren, m\u00fcssen Einrichtungen ihr Publikum verstehen und untersuchen, was Spieler dazu motiviert, immer wieder zu kommen und zu spielen. Zu diesem Zweck erstellen fast alle Casinos Treueprogramme f\u00fcr Spieler, bei denen die Benutzer auf regelm\u00e4\u00dfige Werbeaktionen, Sonderangebote f\u00fcr Veranstaltungen und Lotterien z\u00e4hlen k\u00f6nnen, bei denen echte Preise gezogen werden.<\/p>\n<p>Es ist erw\u00e4hnenswert, dass alle profitablen Angebote \u00fcber den Treueprogrammdienst verf\u00fcgbar sind. Daher wird empfohlen, sich solchen Programmen zum Zeitpunkt der <a href=\"https:\/\/rocketplay-game.com\/de\/registration\/\">Registrierung<\/a> eines neuen Kontos anzuschlie\u00dfen, um alle Bonuscremes zu entfernen. Es gibt ein Treueprogramm Rocket Play f\u00fcr Sie.<\/p>\n<p>Um das Interesse der Benutzer aufrechtzuerhalten und Spieler zu stimulieren, aktualisieren und verbessern Casinos regelm\u00e4\u00dfig ihre Treueprogramme, w\u00e4hrend Gl\u00fccksspieleinrichtungen auch regelm\u00e4\u00dfig Umfragen unter ihren Kunden durchf\u00fchren, um die Wirksamkeit einer bestimmten Aktion oder eines Bonus zu bewerten, der aktuell oder bereits beendet ist. Dies deutet darauf hin, dass das Casino die Meinung seines Publikums ber\u00fccksichtigt und sicherstellt, dass sich kein Spieler ausgeschlossen f\u00fchlt. Es ist erw\u00e4hnenswert, dass die profitabelsten Casino-Boni in Treueprogrammen enthalten sind.<\/p>\n<p style=\"text-align: center;\"><img loading=\"lazy\" decoding=\"async\" class=\"aligncenter wp-image-4672 size-full\" src=\"https:\/\/rocketplay-game.com\/wp-content\/uploads\/2024\/02\/lp1.png\" alt=\"Treueprogramm bei RocketPlay\" width=\"1307\" height=\"437\" srcset=\"https:\/\/rocketplay-game.com\/wp-content\/uploads\/2024\/02\/lp1.png 1307w, https:\/\/rocketplay-game.com\/wp-content\/uploads\/2024\/02\/lp1-300x100.png 300w, https:\/\/rocketplay-game.com\/wp-content\/uploads\/2024\/02\/lp1-1024x342.png 1024w, https:\/\/rocketplay-game.com\/wp-content\/uploads\/2024\/02\/lp1-768x257.png 768w\" sizes=\"auto, (max-width: 1307px) 100vw, 1307px\" \/><\/p>\n<h2>Was bekommen Sie mit dem Treueprogramm?<\/h2>\n<p>Das Treueprogramm des Online-Casinos Rocket Play ist ein Reverse-Programm ohne Einzahlung eines Kontos bei Online-Spielen. Das Gegenteil sind f\u00fcnfzehn Prozent bei Spielautomaten. Dieses Geschenk erhalten Kunden montags. Regeln f\u00fcr den Erhalt von Incentives:<\/p>\n<ul>\n<li>Sie werden belohnt, indem Sie Geldeins\u00e4tze in den Spielen t\u00e4tigen.<\/li>\n<li>Die H\u00f6he der erstatteten Mittel entspricht dem Grad des Spielers.<\/li>\n<li>Das Treueprogramm Casino Rocket Play Australia schreibt den Gegenwert automatisch gut.<\/li>\n<li>Die gr\u00f6\u00dftm\u00f6gliche Umkehrung betr\u00e4gt 8.000 $.<\/li>\n<li>Der kleinste entspricht einem Euro.<\/li>\n<li>Deal: 5X.<\/li>\n<li>Die Aktion gilt f\u00fcr drei Tage.<\/li>\n<\/ul>\n<p>Damit das Programm funktioniert, m\u00fcssen Sie Ihr Konto nicht aufladen.<\/p>\n<p>Donnerstags ist im Live-Modus auch eine zehnprozentige R\u00fcckw\u00e4rtsfahrt m\u00f6glich. Die Bedingungen daf\u00fcr sind die gleichen wie im vorherigen Satz. Das beste Casino-Treueprogramm <a href=\"https:\/\/rocketplay-game.com\/de\/registration\/\">Rocket Play<\/a> beinhaltet auch die Erf\u00fcllung spezieller Aufgaben. Geben Sie dazu Ihre E-Mail-Adresse ein und machen Sie Gesch\u00e4fte. Daf\u00fcr haben Sie Anspruch auf Preise.<\/p>\n<h2>H\u00e4ufig gestellte Fragen<\/h2>\n<h3>Was ist RTP?<\/h3>\n<p>RTP steht in Online-Casinos f\u00fcr Return to Player. Dies ist ein Prozentsatz, der theoretisch angibt, wie viel Geld Sie am Ende der Spielsitzung zur\u00fcckgeben k\u00f6nnen. Es wird allgemein angenommen, dass der Durchschnitt bei 95 % liegt. 91 % gelten als niedrig, 98 % und dar\u00fcber als hoch. Je h\u00f6her der RTP-Wert, desto h\u00e4ufiger und gr\u00f6\u00dfer die Gewinne, obwohl ein anderer Indikator daf\u00fcr verantwortlich ist \u2013 die Volatilit\u00e4t.<\/p>\n<h3>Was ist die Verbindung zwischen RTP und Boni?<\/h3>\n<p>Der R\u00fcckgabewert in einigen Spielen wirkt sich direkt auf die Boni aus. Das hei\u00dft, je h\u00f6her der RTP in Online-Slots, desto h\u00e4ufiger und gr\u00f6\u00dfer die Gewinne aus Bonusspielen; Dies funktioniert jedoch nicht mit allen Spielautomaten. In einigen Spielen ist der R\u00fccksto\u00dfbonus h\u00f6her eingestellt als der R\u00fccksto\u00df f\u00fcr das Basisspiel. Detaillierte Informationen finden Sie in den Regeln des jeweiligen Spiels.<\/p>\n<h3>Wie bekomme ich einen Casino-Bonus?<\/h3>\n<p>Um einen Casino-Bonus zu erhalten, m\u00fcssen Sie sich registrieren, und nur f\u00fcr diese abgeschlossene Aktion erhalten Sie einen Bonus. Au\u00dferdem gibt es im pers\u00f6nlichen Konto jedes Gl\u00fccksspielunternehmens einen Abschnitt \u201eMeine Boni\u201c, in dem Sie detaillierte Informationen zu allen f\u00fcr Sie verf\u00fcgbaren Angeboten erhalten und den \u00fcber die Mailingliste oder einen anderen erhaltenen Promo-Code eingeben k\u00f6nnen legaler Weg.<\/p>\n","protected":false},"excerpt":{"rendered":"<p>Spieler sind die Grundlage f\u00fcr jedes Gl\u00fccksspielunternehmen. Damit Casino-Kunden regelm\u00e4\u00dfig zur Online-Plattform zur\u00fcckkehren, m\u00fcssen Einrichtungen ihr Publikum verstehen und untersuchen, was Spieler dazu motiviert, immer wieder zu kommen und zu spielen. Zu diesem Zweck erstellen fast alle Casinos Treueprogramme f\u00fcr Spieler, bei denen die Benutzer auf regelm\u00e4\u00dfige Werbeaktionen, Sonderangebote f\u00fcr Veranstaltungen und Lotterien z\u00e4hlen k\u00f6nnen,&#8230;<\/p>\n","protected":false},"author":1,"featured_media":0,"parent":1808,"menu_order":0,"comment_status":"closed","ping_status":"closed","template":"page-with-bonus.php","meta":{"_acf_changed":false,"_kad_post_transparent":"default","_kad_post_title":"default","_kad_post_layout":"default","_kad_post_sidebar_id":"","_kad_post_content_style":"default","_kad_post_vertical_padding":"default","_kad_post_feature":"","_kad_post_feature_position":"","_kad_post_header":false,"_kad_post_footer":false,"footnotes":""},"class_list":["post-1825","page","type-page","status-publish","hentry"],"acf":[],"rttpg_featured_image_url":null,"rttpg_author":{"display_name":"Tom","author_link":"https:\/\/rocketplay-game.com\/de\/author\/pemvas95n89x\/"},"rttpg_comment":0,"rttpg_category":null,"rttpg_excerpt":"Spieler sind die Grundlage f\u00fcr jedes Gl\u00fccksspielunternehmen. Damit Casino-Kunden regelm\u00e4\u00dfig zur Online-Plattform zur\u00fcckkehren, m\u00fcssen Einrichtungen ihr Publikum verstehen und untersuchen, was Spieler dazu motiviert, immer wieder zu kommen und zu spielen. Zu diesem Zweck erstellen fast alle Casinos Treueprogramme f\u00fcr Spieler, bei denen die Benutzer auf regelm\u00e4\u00dfige Werbeaktionen, Sonderangebote f\u00fcr Veranstaltungen und Lotterien z\u00e4hlen k\u00f6nnen,...","_links":{"self":[{"href":"https:\/\/rocketplay-game.com\/de\/wp-json\/wp\/v2\/pages\/1825","targetHints":{"allow":["GET"]}}],"collection":[{"href":"https:\/\/rocketplay-game.com\/de\/wp-json\/wp\/v2\/pages"}],"about":[{"href":"https:\/\/rocketplay-game.com\/de\/wp-json\/wp\/v2\/types\/page"}],"author":[{"embeddable":true,"href":"https:\/\/rocketplay-game.com\/de\/wp-json\/wp\/v2\/users\/1"}],"replies":[{"embeddable":true,"href":"https:\/\/rocketplay-game.com\/de\/wp-json\/wp\/v2\/comments?post=1825"}],"version-history":[{"count":4,"href":"https:\/\/rocketplay-game.com\/de\/wp-json\/wp\/v2\/pages\/1825\/revisions"}],"predecessor-version":[{"id":10297,"href":"https:\/\/rocketplay-game.com\/de\/wp-json\/wp\/v2\/pages\/1825\/revisions\/10297"}],"up":[{"embeddable":true,"href":"https:\/\/rocketplay-game.com\/de\/wp-json\/wp\/v2\/pages\/1808"}],"wp:attachment":[{"href":"https:\/\/rocketplay-game.com\/de\/wp-json\/wp\/v2\/media?parent=1825"}],"curies":[{"name":"wp","href":"https:\/\/api.w.org\/{rel}","templated":true}]}}