{"id":1843,"date":"2022-09-30T17:30:34","date_gmt":"2022-09-30T14:30:34","guid":{"rendered":"https:\/\/rocketplay-game.com\/bonus\/regular-bonuses\/"},"modified":"2025-11-25T23:07:56","modified_gmt":"2025-11-25T20:07:56","slug":"regular-bonuses","status":"publish","type":"page","link":"https:\/\/rocketplay-game.com\/de\/bonus\/regular-bonuses\/","title":{"rendered":"Regelm\u00e4\u00dfige Boni bei RocketPlay"},"content":{"rendered":"<p>Web-Casinos machen einen Marketing-Trick, um potenzielle Spieler anzuziehen, indem sie Belohnungen hervorheben. Die Teilnehmer des Rocket Play Casino-Bonusspiels helfen dabei, die Strategie des Gameplays zu verstehen und erhalten zus\u00e4tzliche Runden vor ihrer ersten Einzahlung.<\/p>\n<p>Diese Belohnungen sind auf jeder Spielplattform v\u00f6llig unterschiedlich. Nachdem Sie die Regeln f\u00fcr den Erhalt jeder Belohnung zusammen mit den Wettregeln gelesen haben, werden Sie verstehen k\u00f6nnen, dass Sie in Wirklichkeit von diesem Geschenk profitieren k\u00f6nnen. M\u00f6glicherweise ben\u00f6tigen Sie Rocket Play-Bonuscodes, um es zu erhalten.<\/p>\n<p style=\"text-align: center;\"><img loading=\"lazy\" decoding=\"async\" class=\"aligncenter wp-image-4682\" src=\"https:\/\/rocketplay-game.com\/wp-content\/uploads\/2024\/02\/4362480_2302613-scaled-e1707309644661.jpg\" alt=\"Regelm\u00e4\u00dfige Boni bei RocketPlay\" width=\"800\" height=\"448\" srcset=\"https:\/\/rocketplay-game.com\/wp-content\/uploads\/2024\/02\/4362480_2302613-scaled-e1707309644661.jpg 2560w, https:\/\/rocketplay-game.com\/wp-content\/uploads\/2024\/02\/4362480_2302613-scaled-e1707309644661-300x168.jpg 300w, https:\/\/rocketplay-game.com\/wp-content\/uploads\/2024\/02\/4362480_2302613-scaled-e1707309644661-1024x573.jpg 1024w, https:\/\/rocketplay-game.com\/wp-content\/uploads\/2024\/02\/4362480_2302613-scaled-e1707309644661-768x430.jpg 768w, https:\/\/rocketplay-game.com\/wp-content\/uploads\/2024\/02\/4362480_2302613-scaled-e1707309644661-1536x860.jpg 1536w, https:\/\/rocketplay-game.com\/wp-content\/uploads\/2024\/02\/4362480_2302613-scaled-e1707309644661-2048x1146.jpg 2048w\" sizes=\"auto, (max-width: 800px) 100vw, 800px\" \/><\/p>\n<h2>Arten von regul\u00e4ren Boni bei Rocket Play<\/h2>\n<p>Regelm\u00e4\u00dfige Boni:<\/p>\n<ul>\n<li>Am Freitag Aktion ohne Tarife.<\/li>\n<li>Neustart der Bonusangebote am Freitag.<\/li>\n<li>Geben Sie am Freitag 30 AUD ein und die zus\u00e4tzlichen Stunden geh\u00f6ren Ihnen.<\/li>\n<\/ul>\n<p>Regeln f\u00fcr den Erhalt von Incentives:<\/p>\n<ul>\n<li>Die Belohnung kann nach 2 Raten im Spiel verwendet werden.<\/li>\n<li>Pr\u00e4mien sind freitags von 00:00 bis 23:59 Uhr g\u00fcltig.<\/li>\n<li>Die H\u00f6he des Vorzugsumsatzes: 20\/50\/100.<\/li>\n<li>Der einfachste Beitrag betr\u00e4gt drei\u00dfig bis hundertf\u00fcnfzig Dollar.<\/li>\n<li>Der maximale Aktionseintrag betr\u00e4gt sieben Dollar und f\u00fcnfzig Cent.<\/li>\n<li>Geb\u00fchr: 40X.<\/li>\n<\/ul>\n<p>Am Ende des Spiels, wenn der Gewinn dreitausend Dollar erreicht. Das Aktionsergebnis ist 24 Stunden g\u00fcltig. Pr\u00e4sentation am Ende der Woche.<\/p>\n<p>50% der Eingabe von Geldern in das Spiel. Wenn Sie am Ende der Woche drei\u00dfig AUD einzahlen, haben Sie Anspruch auf eine 50-prozentige Aktion! Rocket Play-Gutscheincodes belohnen Sie mit einem gro\u00dfen Einzahlungsrabatt. Geben Sie den Code HIGHROLLER an der Stelle ein, an der Sie Dividenden erhalten, und verdienen Sie sich Ihre 50% -Belohnung. Regeln f\u00fcr den Erhalt von Incentives:<\/p>\n<ul>\n<li>Sie k\u00f6nnen das Belohnungssystem nach 2 Einzahlungen nutzen.<\/li>\n<li>Der Rocket Play Casino Bonus Australien ist mit einem Rabattcode m\u00f6glich.<\/li>\n<li>Der Rabattcode kann nur einmal alle sieben Tage angewendet werden.<\/li>\n<li>50 % Zuschlag auf Eingaben ab dreihundert Australischen Dollar.<\/li>\n<li>Ultimative Promotion: zweieinhalbtausend AUD.<\/li>\n<li>Der maximale Aktionseinsatz betr\u00e4gt f\u00fcnf Euro, siebeneinhalb \u00f6sterreichische und kanadische Dollar.<\/li>\n<li>Eingang: 40X<\/li>\n<\/ul>\n<p>Das Spiel wird bis zu einem Gewinn von 16.000 EUR oder 25.000 australischen und kanadischen Dollar fortgesetzt. Die Aktion arbeitet 24 Stunden a.<\/p>\n<h2>Wie beanspruchen?<\/h2>\n<p>Das Portal jedes Web-Casinos verf\u00fcgt \u00fcber eine Registerkarte \u201eMeine Boni\u201c, auf der Sie sich mit den aktuellen Werbemomenten vertraut machen oder den von der Spielplattform erhaltenen Code eingeben k\u00f6nnen. Sie k\u00f6nnen diese Informationen \u00fcber die Online-Mailingliste abrufen. Es gibt viele dieser Belohnungssysteme: 100% Bonus f\u00fcr die Eintrittsgeb\u00fchr, Rocket Play-<a href=\"https:\/\/rocketplay-game.com\/de\/free-spins\/\">Freispiele<\/a> ohne Investitionen usw. Ihre Vorteile m\u00fcssen im Detail untersucht werden.<\/p>\n<h2>FAQ<\/h2>\n<h3>Wie bekomme ich Boni?<\/h3>\n<p>Ein potenzieller Spieler muss eine kleine Registrierung auf seiner bevorzugten Spielplattform durchlaufen. Dies ist notwendig, um Anreize zu erhalten und Dividenden zu erhalten. Sie m\u00fcssen sich auch einer Identit\u00e4tspr\u00fcfung unterziehen, da Ihnen sonst der Zugang zum Belohnungssystem und vor allem zur Auszahlung der gewonnenen Gelder verweigert wird.<\/p>\n<h3>Was sind Geschenke auf der Internetplattform?<\/h3>\n<p>Stellen Sie f\u00fcr sich selbst fest, dass Gl\u00fccksspieleinrichtungen nicht nur eine Unterhaltungsfunktion haben, sondern auch eine M\u00f6glichkeit, Gewinne zu erzielen. Indem Sie Ihre Spielstrategie finden und die richtige Richtung identifizieren, k\u00f6nnen Sie gewinnen. Incentives von der Gaming-Plattform k\u00f6nnen nur von registrierten Abonnenten empfangen werden. Anreize von der Gl\u00fccksspielbasis: Werbegeldbetr\u00e4ge, Runden ohne Investitionen, Wetten ohne Investitionen in Wettb\u00fcros oder andere Belohnungen, die Ihnen nach der ersten Einzahlung von Geldern in der Gl\u00fccksspielszene und nach Aktivierung auf dem Online-Casino-Portal offen stehen .<\/p>\n<h3>Sollte ich Belohnungen verwenden?<\/h3>\n<p>In Wirklichkeit h\u00e4ngt es nur von Ihrem Wunsch ab, ob Sie die Belohnung von der Spieleseite verwenden. Jede Aktion enth\u00e4lt viele Vorschl\u00e4ge, und Sie haben die Wahl, diese herauszufinden und ihnen zuzustimmen oder nicht zuzustimmen.<\/p>\n<p><strong>Lesen Sie auch \u00fcber:<\/strong><\/p>\n<ul>\n<li><a href=\"https:\/\/rocketplay-game.com\/de\/bonus\/loyalty-program\/\">Treueprogramm<\/a><\/li>\n<\/ul>\n","protected":false},"excerpt":{"rendered":"<p>Web-Casinos machen einen Marketing-Trick, um potenzielle Spieler anzuziehen, indem sie Belohnungen hervorheben. Die Teilnehmer des Rocket Play Casino-Bonusspiels helfen dabei, die Strategie des Gameplays zu verstehen und erhalten zus\u00e4tzliche Runden vor ihrer ersten Einzahlung. Diese Belohnungen sind auf jeder Spielplattform v\u00f6llig unterschiedlich. Nachdem Sie die Regeln f\u00fcr den Erhalt jeder Belohnung zusammen mit den Wettregeln&#8230;<\/p>\n","protected":false},"author":1,"featured_media":0,"parent":1808,"menu_order":0,"comment_status":"closed","ping_status":"closed","template":"page-with-bonus.php","meta":{"_acf_changed":false,"_kad_post_transparent":"default","_kad_post_title":"default","_kad_post_layout":"default","_kad_post_sidebar_id":"","_kad_post_content_style":"default","_kad_post_vertical_padding":"default","_kad_post_feature":"","_kad_post_feature_position":"","_kad_post_header":false,"_kad_post_footer":false,"footnotes":""},"class_list":["post-1843","page","type-page","status-publish","hentry"],"acf":[],"rttpg_featured_image_url":null,"rttpg_author":{"display_name":"Tom","author_link":"https:\/\/rocketplay-game.com\/de\/author\/pemvas95n89x\/"},"rttpg_comment":0,"rttpg_category":null,"rttpg_excerpt":"Web-Casinos machen einen Marketing-Trick, um potenzielle Spieler anzuziehen, indem sie Belohnungen hervorheben. Die Teilnehmer des Rocket Play Casino-Bonusspiels helfen dabei, die Strategie des Gameplays zu verstehen und erhalten zus\u00e4tzliche Runden vor ihrer ersten Einzahlung. Diese Belohnungen sind auf jeder Spielplattform v\u00f6llig unterschiedlich. Nachdem Sie die Regeln f\u00fcr den Erhalt jeder Belohnung zusammen mit den Wettregeln...","_links":{"self":[{"href":"https:\/\/rocketplay-game.com\/de\/wp-json\/wp\/v2\/pages\/1843","targetHints":{"allow":["GET"]}}],"collection":[{"href":"https:\/\/rocketplay-game.com\/de\/wp-json\/wp\/v2\/pages"}],"about":[{"href":"https:\/\/rocketplay-game.com\/de\/wp-json\/wp\/v2\/types\/page"}],"author":[{"embeddable":true,"href":"https:\/\/rocketplay-game.com\/de\/wp-json\/wp\/v2\/users\/1"}],"replies":[{"embeddable":true,"href":"https:\/\/rocketplay-game.com\/de\/wp-json\/wp\/v2\/comments?post=1843"}],"version-history":[{"count":4,"href":"https:\/\/rocketplay-game.com\/de\/wp-json\/wp\/v2\/pages\/1843\/revisions"}],"predecessor-version":[{"id":5300,"href":"https:\/\/rocketplay-game.com\/de\/wp-json\/wp\/v2\/pages\/1843\/revisions\/5300"}],"up":[{"embeddable":true,"href":"https:\/\/rocketplay-game.com\/de\/wp-json\/wp\/v2\/pages\/1808"}],"wp:attachment":[{"href":"https:\/\/rocketplay-game.com\/de\/wp-json\/wp\/v2\/media?parent=1843"}],"curies":[{"name":"wp","href":"https:\/\/api.w.org\/{rel}","templated":true}]}}